{"id":70788,"date":"2026-04-01T12:28:21","date_gmt":"2026-04-01T12:28:21","guid":{"rendered":"https:\/\/www.overit.ai\/?page_id=70788"},"modified":"2026-04-08T07:21:57","modified_gmt":"2026-04-08T07:21:57","slug":"neuigkeiten","status":"publish","type":"page","link":"https:\/\/www.overit.ai\/de\/neuigkeiten\/","title":{"rendered":"News"},"content":{"rendered":"<div\n  class=\"overit-block overit-block--white overit-radius-full overit-no-margin overit-padding-small-bottom \n  overit-block-category\"\n        >\n  \n  <div class=\"overit-block-wrapper\">\n\n\n<div class=\"category-content\">\n  <div class=\"category__header\">\n    <div class=\"category__header_bg category__header_bg--no-image\">\n      <div class=\"category__header_content category__header_content--dark\">\n        <div class=\"category__header_content_caption\">\n          News\n        <\/div>\n        <div class=\"category__header_content_title\">\n          <h1 class=\"block-fwtb__subtitle aos-init aos-animate\">Leading Insights in Field Service Management for Mission-Critical Operations<\/h1>\n        <\/div>\n      <\/div>\n\n          <\/div>\n  <\/div>\n\n  <div class=\"post-cards-category\">\n        <div class=\"post-cards-category-box post-cards-category-box--news \">\n                       <div class=\"post-card post-card--news \" data-categories=\"\">\n  \n      <a class=\"post-card__image\" style=\"--aspect-ratio:18\/10;--aspect-ratio-desktop:18\/10;\" href=\"https:\/\/www.overit.ai\/de\/news\/cadent-entscheidet-sich-fuer-die-fsm-plattform-von-overit-um-seine-aussendiensttaetigkeiten-fuer-3-600-benutzer-in-ganz-grossbritannien-zu-modernisieren\/\">\n    <img decoding=\"async\" src=\"https:\/\/www.overit.ai\/app\/uploads\/2025\/05\/Cadent-gas-chooses-OverIT-768x257.jpg\" alt=\"Cadent entscheidet sich f\u00fcr die FSM-Plattform von OverIT, um seine Au\u00dfendienstt\u00e4tigkeiten f\u00fcr 3.600 Benutzer in ganz Gro\u00dfbritannien zu modernisieren\" width=\"768\" height=\"257\">\n  <\/a>\n    <div class=\"post-card__body\">\n    <a class=\"post-card__body-cont\" href=\"https:\/\/www.overit.ai\/de\/news\/cadent-entscheidet-sich-fuer-die-fsm-plattform-von-overit-um-seine-aussendiensttaetigkeiten-fuer-3-600-benutzer-in-ganz-grossbritannien-zu-modernisieren\/\" title=\"Cadent entscheidet sich f\u00fcr die FSM-Plattform von OverIT, um seine Au\u00dfendienstt\u00e4tigkeiten f\u00fcr 3.600 Benutzer in ganz Gro\u00dfbritannien zu modernisieren\">\n      <h2 class=\"post-card__title\">Cadent entscheidet sich f\u00fcr die FSM-Plattform von OverIT, um seine Au\u00dfendienstt\u00e4tigkeiten f\u00fcr 3.600 Benutzer in ganz Gro\u00dfbritannien zu modernisieren<\/h2>\n                        <\/a>\n    <div class=\"post-card__link-cont\">\n      \n      <a href=\"https:\/\/www.overit.ai\/de\/news\/cadent-entscheidet-sich-fuer-die-fsm-plattform-von-overit-um-seine-aussendiensttaetigkeiten-fuer-3-600-benutzer-in-ganz-grossbritannien-zu-modernisieren\/\" class=\"post-card__link post-card__link--post\">Jetzt lesen<\/a>\n    <\/div>\n  <\/div>\n<\/div>\n                       <div class=\"post-card post-card--news \" data-categories=\"\">\n  \n      <a class=\"post-card__image\" style=\"--aspect-ratio:18\/10;--aspect-ratio-desktop:18\/10;\" href=\"https:\/\/www.overit.ai\/de\/news\/die-ewe-netz-gmbh-hat-sich-fuer-overit-entschieden-um-ihre-prozesse-zur-personaleinsatzplanung-zu-erneuern\/\">\n    <img decoding=\"async\" src=\"https:\/\/www.overit.ai\/app\/uploads\/2025\/01\/EWE-NETZ-has-chosen-OverIT-768x430.webp\" alt=\"Die EWE NETZ GmbH hat sich f\u00fcr OverIT entschieden, um ihre Prozesse zur Personaleinsatzplanung zu erneuern\" width=\"768\" height=\"430\">\n  <\/a>\n    <div class=\"post-card__body\">\n    <a class=\"post-card__body-cont\" href=\"https:\/\/www.overit.ai\/de\/news\/die-ewe-netz-gmbh-hat-sich-fuer-overit-entschieden-um-ihre-prozesse-zur-personaleinsatzplanung-zu-erneuern\/\" title=\"Die EWE NETZ GmbH hat sich f\u00fcr OverIT entschieden, um ihre Prozesse zur Personaleinsatzplanung zu erneuern\">\n      <h2 class=\"post-card__title\">Die EWE NETZ GmbH hat sich f\u00fcr OverIT entschieden, um ihre Prozesse zur Personaleinsatzplanung zu erneuern<\/h2>\n                        <\/a>\n    <div class=\"post-card__link-cont\">\n      \n      <a href=\"https:\/\/www.overit.ai\/de\/news\/die-ewe-netz-gmbh-hat-sich-fuer-overit-entschieden-um-ihre-prozesse-zur-personaleinsatzplanung-zu-erneuern\/\" class=\"post-card__link post-card__link--post\">Jetzt lesen<\/a>\n    <\/div>\n  <\/div>\n<\/div>\n                       <div class=\"post-card post-card--news \" data-categories=\"\">\n  \n      <a class=\"post-card__image\" style=\"--aspect-ratio:18\/10;--aspect-ratio-desktop:18\/10;\" href=\"https:\/\/www.overit.ai\/de\/news\/italgas-hands-free-wartung-wearables\/\">\n    <img decoding=\"async\" src=\"https:\/\/www.overit.ai\/app\/uploads\/2020\/01\/Italgas-realwear-768x299.jpg\" alt=\"ITALGAS setzt auf die Field-Service-Management-L\u00f6sung von OverIT und die tragbaren Ger\u00e4te HMT-1Z1 von RealWear\" width=\"768\" height=\"299\">\n  <\/a>\n    <div class=\"post-card__body\">\n    <a class=\"post-card__body-cont\" href=\"https:\/\/www.overit.ai\/de\/news\/italgas-hands-free-wartung-wearables\/\" title=\"ITALGAS setzt auf die Field-Service-Management-L\u00f6sung von OverIT und die tragbaren Ger\u00e4te HMT-1Z1 von RealWear\">\n      <h2 class=\"post-card__title\">ITALGAS setzt auf die Field-Service-Management-L\u00f6sung von OverIT und die tragbaren Ger\u00e4te HMT-1Z1 von RealWear<\/h2>\n                        <\/a>\n    <div class=\"post-card__link-cont\">\n      \n      <a href=\"https:\/\/www.overit.ai\/de\/news\/italgas-hands-free-wartung-wearables\/\" class=\"post-card__link post-card__link--post\">Jetzt lesen<\/a>\n    <\/div>\n  <\/div>\n<\/div>\n                       <div class=\"post-card post-card--news \" data-categories=\"\">\n  \n      <a class=\"post-card__image\" style=\"--aspect-ratio:18\/10;--aspect-ratio-desktop:18\/10;\" href=\"https:\/\/www.overit.ai\/de\/news\/overit-treibt-epm-aussendienst-transformation-voran\/\">\n    <img decoding=\"async\" src=\"https:\/\/www.overit.ai\/app\/uploads\/2026\/03\/OverIT-EPM-Aussendienst-Transformation-768x431.webp\" alt=\"OverIT wurde von der EPM Group ausgew\u00e4hlt, um die Transformation des Au\u00dfendienstes der n\u00e4chsten Generation voranzutreiben\" width=\"768\" height=\"431\">\n  <\/a>\n    <div class=\"post-card__body\">\n    <a class=\"post-card__body-cont\" href=\"https:\/\/www.overit.ai\/de\/news\/overit-treibt-epm-aussendienst-transformation-voran\/\" title=\"OverIT wurde von der EPM Group ausgew\u00e4hlt, um die Transformation des Au\u00dfendienstes der n\u00e4chsten Generation voranzutreiben\">\n      <h2 class=\"post-card__title\">OverIT wurde von der EPM Group ausgew\u00e4hlt, um die Transformation des Au\u00dfendienstes der n\u00e4chsten Generation voranzutreiben<\/h2>\n                        <\/a>\n    <div class=\"post-card__link-cont\">\n      \n      <a href=\"https:\/\/www.overit.ai\/de\/news\/overit-treibt-epm-aussendienst-transformation-voran\/\" class=\"post-card__link post-card__link--post\">Jetzt lesen<\/a>\n    <\/div>\n  <\/div>\n<\/div>\n                       <div class=\"post-card post-card--news \" data-categories=\"\">\n  \n      <a class=\"post-card__image\" style=\"--aspect-ratio:18\/10;--aspect-ratio-desktop:18\/10;\" href=\"https:\/\/www.overit.ai\/de\/news\/overit-erhaelt-die-platinmedaille-von-ecovadis-zum-zweiten-mal\/\">\n    <img decoding=\"async\" src=\"https:\/\/www.overit.ai\/app\/uploads\/2026\/03\/OverIT-ecovadis-platinum-2026-1-768x432.webp\" alt=\"OverIT erh\u00e4lt die Platinmedaille von EcoVadis zum zweiten Mal\" width=\"768\" height=\"432\">\n  <\/a>\n    <div class=\"post-card__body\">\n    <a class=\"post-card__body-cont\" href=\"https:\/\/www.overit.ai\/de\/news\/overit-erhaelt-die-platinmedaille-von-ecovadis-zum-zweiten-mal\/\" title=\"OverIT erh\u00e4lt die Platinmedaille von EcoVadis zum zweiten Mal\">\n      <h2 class=\"post-card__title\">OverIT erh\u00e4lt die Platinmedaille von EcoVadis zum zweiten Mal<\/h2>\n                        <\/a>\n    <div class=\"post-card__link-cont\">\n      \n      <a href=\"https:\/\/www.overit.ai\/de\/news\/overit-erhaelt-die-platinmedaille-von-ecovadis-zum-zweiten-mal\/\" class=\"post-card__link post-card__link--post\">Jetzt lesen<\/a>\n    <\/div>\n  <\/div>\n<\/div>\n                       <div class=\"post-card post-card--news \" data-categories=\"\">\n  \n      <a class=\"post-card__image\" style=\"--aspect-ratio:18\/10;--aspect-ratio-desktop:18\/10;\" href=\"https:\/\/www.overit.ai\/de\/news\/partnerschaft-arcos-overit-field-service-management\/\">\n    <img decoding=\"async\" src=\"https:\/\/www.overit.ai\/app\/uploads\/2026\/01\/partnership-arcos-overit-768x492.webp\" alt=\"Arcos und OverIT k\u00fcndigen Integrations- und Vertriebspartnerschaft an, um den Au\u00dfendienst von Versorgungsunternehmen zu optimieren\" width=\"768\" height=\"492\">\n  <\/a>\n    <div class=\"post-card__body\">\n    <a class=\"post-card__body-cont\" href=\"https:\/\/www.overit.ai\/de\/news\/partnerschaft-arcos-overit-field-service-management\/\" title=\"Arcos und OverIT k\u00fcndigen Integrations- und Vertriebspartnerschaft an, um den Au\u00dfendienst von Versorgungsunternehmen zu optimieren\">\n      <h2 class=\"post-card__title\">Arcos und OverIT k\u00fcndigen Integrations- und Vertriebspartnerschaft an, um den Au\u00dfendienst von Versorgungsunternehmen zu optimieren<\/h2>\n                        <\/a>\n    <div class=\"post-card__link-cont\">\n      \n      <a href=\"https:\/\/www.overit.ai\/de\/news\/partnerschaft-arcos-overit-field-service-management\/\" class=\"post-card__link post-card__link--post\">Jetzt lesen<\/a>\n    <\/div>\n  <\/div>\n<\/div>\n          <\/div>\n\n    \n  <div id=\"more_posts\" data-maxpages=\"1\" data-category=\"news\">\n      Load More\n      <span>\u203a<\/span>\n    <\/div>\n  <\/div>\n<\/div>\n\n<\/div><!-- .overit-block-wrapper -->\n<\/div><!-- .overit-block -->\n","protected":false},"excerpt":{"rendered":"","protected":false},"author":28,"featured_media":0,"parent":0,"menu_order":0,"comment_status":"closed","ping_status":"closed","template":"","meta":{"_acf_changed":false,"footnotes":""},"case_study_category":[],"class_list":["post-70788","page","type-page","status-publish","hentry"],"acf":[],"yoast_head":"<!-- This site is optimized with the Yoast SEO Premium plugin v25.6 (Yoast SEO v25.6) - https:\/\/yoast.com\/wordpress\/plugins\/seo\/ -->\n<title>Einblicke im Field Service Management f\u00fcr gesch\u00e4ftskritische Prozesse<\/title>\n<meta name=\"description\" content=\"Einblicke im Field Service Management f\u00fcr gesch\u00e4ftskritische Prozesse\" \/>\n<meta name=\"robots\" content=\"index, follow, max-snippet:-1, max-image-preview:large, max-video-preview:-1\" \/>\n<link rel=\"canonical\" href=\"https:\/\/www.overit.ai\/de\/neuigkeiten\/\" \/>\n<meta property=\"og:locale\" content=\"de_DE\" \/>\n<meta property=\"og:type\" content=\"article\" \/>\n<meta property=\"og:title\" content=\"Einblicke im Field Service Management f\u00fcr gesch\u00e4ftskritische Prozesse\" \/>\n<meta property=\"og:description\" content=\"Einblicke im Field Service Management f\u00fcr gesch\u00e4ftskritische Prozesse\" \/>\n<meta property=\"og:url\" content=\"https:\/\/www.overit.ai\/de\/neuigkeiten\/\" \/>\n<meta property=\"og:site_name\" content=\"OverIT\" \/>\n<meta property=\"article:modified_time\" content=\"2026-04-08T07:21:57+00:00\" \/>\n<meta name=\"twitter:card\" content=\"summary_large_image\" \/>\n<meta name=\"twitter:title\" content=\"Einblicke im Field Service Management f\u00fcr gesch\u00e4ftskritische Prozesse\" \/>\n<meta name=\"twitter:description\" content=\"Einblicke im Field Service Management f\u00fcr gesch\u00e4ftskritische Prozesse\" \/>\n<meta name=\"twitter:label1\" content=\"Est. reading time\" \/>\n\t<meta name=\"twitter:data1\" content=\"1 minute\" \/>\n<script type=\"application\/ld+json\" class=\"yoast-schema-graph\">{\"@context\":\"https:\/\/schema.org\",\"@graph\":[{\"@type\":\"WebPage\",\"@id\":\"https:\/\/www.overit.ai\/de\/neuigkeiten\/\",\"url\":\"https:\/\/www.overit.ai\/de\/neuigkeiten\/\",\"name\":\"Einblicke im Field Service Management f\u00fcr gesch\u00e4ftskritische Prozesse\",\"isPartOf\":{\"@id\":\"https:\/\/www.overit.ai\/de\/#website\"},\"datePublished\":\"2026-04-01T12:28:21+00:00\",\"dateModified\":\"2026-04-08T07:21:57+00:00\",\"description\":\"Einblicke im Field Service Management f\u00fcr gesch\u00e4ftskritische Prozesse\",\"breadcrumb\":{\"@id\":\"https:\/\/www.overit.ai\/de\/neuigkeiten\/#breadcrumb\"},\"inLanguage\":\"de-DE\",\"potentialAction\":[{\"@type\":\"ReadAction\",\"target\":[\"https:\/\/www.overit.ai\/de\/neuigkeiten\/\"]}]},{\"@type\":\"BreadcrumbList\",\"@id\":\"https:\/\/www.overit.ai\/de\/neuigkeiten\/#breadcrumb\",\"itemListElement\":[{\"@type\":\"ListItem\",\"position\":1,\"name\":\"Home\",\"item\":\"https:\/\/www.overit.ai\/de\/\"},{\"@type\":\"ListItem\",\"position\":2,\"name\":\"News\"}]},{\"@type\":\"WebSite\",\"@id\":\"https:\/\/www.overit.ai\/de\/#website\",\"url\":\"https:\/\/www.overit.ai\/de\/\",\"name\":\"OverIT\",\"description\":\"Innovation in Field Service Management\",\"publisher\":{\"@id\":\"https:\/\/www.overit.ai\/de\/#organization\"},\"potentialAction\":[{\"@type\":\"SearchAction\",\"target\":{\"@type\":\"EntryPoint\",\"urlTemplate\":\"https:\/\/www.overit.ai\/de\/?s={search_term_string}\"},\"query-input\":{\"@type\":\"PropertyValueSpecification\",\"valueRequired\":true,\"valueName\":\"search_term_string\"}}],\"inLanguage\":\"de-DE\"},{\"@type\":\"Organization\",\"@id\":\"https:\/\/www.overit.ai\/de\/#organization\",\"name\":\"OverIT\",\"url\":\"https:\/\/www.overit.ai\/de\/\",\"logo\":{\"@type\":\"ImageObject\",\"inLanguage\":\"de-DE\",\"@id\":\"https:\/\/www.overit.ai\/de\/#\/schema\/logo\/image\/\",\"url\":\"https:\/\/www.overit.ai\/app\/uploads\/2021\/10\/OverIT-logo-400.png\",\"contentUrl\":\"https:\/\/www.overit.ai\/app\/uploads\/2021\/10\/OverIT-logo-400.png\",\"width\":400,\"height\":250,\"caption\":\"OverIT\"},\"image\":{\"@id\":\"https:\/\/www.overit.ai\/de\/#\/schema\/logo\/image\/\"}}]}<\/script>\n<!-- \/ Yoast SEO Premium plugin. -->","yoast_head_json":{"title":"Einblicke im Field Service Management f\u00fcr gesch\u00e4ftskritische Prozesse","description":"Einblicke im Field Service Management f\u00fcr gesch\u00e4ftskritische Prozesse","robots":{"index":"index","follow":"follow","max-snippet":"max-snippet:-1","max-image-preview":"max-image-preview:large","max-video-preview":"max-video-preview:-1"},"canonical":"https:\/\/www.overit.ai\/de\/neuigkeiten\/","og_locale":"de_DE","og_type":"article","og_title":"Einblicke im Field Service Management f\u00fcr gesch\u00e4ftskritische Prozesse","og_description":"Einblicke im Field Service Management f\u00fcr gesch\u00e4ftskritische Prozesse","og_url":"https:\/\/www.overit.ai\/de\/neuigkeiten\/","og_site_name":"OverIT","article_modified_time":"2026-04-08T07:21:57+00:00","twitter_card":"summary_large_image","twitter_title":"Einblicke im Field Service Management f\u00fcr gesch\u00e4ftskritische Prozesse","twitter_description":"Einblicke im Field Service Management f\u00fcr gesch\u00e4ftskritische Prozesse","twitter_misc":{"Est. reading time":"1 minute"},"schema":{"@context":"https:\/\/schema.org","@graph":[{"@type":"WebPage","@id":"https:\/\/www.overit.ai\/de\/neuigkeiten\/","url":"https:\/\/www.overit.ai\/de\/neuigkeiten\/","name":"Einblicke im Field Service Management f\u00fcr gesch\u00e4ftskritische Prozesse","isPartOf":{"@id":"https:\/\/www.overit.ai\/de\/#website"},"datePublished":"2026-04-01T12:28:21+00:00","dateModified":"2026-04-08T07:21:57+00:00","description":"Einblicke im Field Service Management f\u00fcr gesch\u00e4ftskritische Prozesse","breadcrumb":{"@id":"https:\/\/www.overit.ai\/de\/neuigkeiten\/#breadcrumb"},"inLanguage":"de-DE","potentialAction":[{"@type":"ReadAction","target":["https:\/\/www.overit.ai\/de\/neuigkeiten\/"]}]},{"@type":"BreadcrumbList","@id":"https:\/\/www.overit.ai\/de\/neuigkeiten\/#breadcrumb","itemListElement":[{"@type":"ListItem","position":1,"name":"Home","item":"https:\/\/www.overit.ai\/de\/"},{"@type":"ListItem","position":2,"name":"News"}]},{"@type":"WebSite","@id":"https:\/\/www.overit.ai\/de\/#website","url":"https:\/\/www.overit.ai\/de\/","name":"OverIT","description":"Innovation in Field Service Management","publisher":{"@id":"https:\/\/www.overit.ai\/de\/#organization"},"potentialAction":[{"@type":"SearchAction","target":{"@type":"EntryPoint","urlTemplate":"https:\/\/www.overit.ai\/de\/?s={search_term_string}"},"query-input":{"@type":"PropertyValueSpecification","valueRequired":true,"valueName":"search_term_string"}}],"inLanguage":"de-DE"},{"@type":"Organization","@id":"https:\/\/www.overit.ai\/de\/#organization","name":"OverIT","url":"https:\/\/www.overit.ai\/de\/","logo":{"@type":"ImageObject","inLanguage":"de-DE","@id":"https:\/\/www.overit.ai\/de\/#\/schema\/logo\/image\/","url":"https:\/\/www.overit.ai\/app\/uploads\/2021\/10\/OverIT-logo-400.png","contentUrl":"https:\/\/www.overit.ai\/app\/uploads\/2021\/10\/OverIT-logo-400.png","width":400,"height":250,"caption":"OverIT"},"image":{"@id":"https:\/\/www.overit.ai\/de\/#\/schema\/logo\/image\/"}}]}},"_links":{"self":[{"href":"https:\/\/www.overit.ai\/de\/wp-json\/wp\/v2\/pages\/70788","targetHints":{"allow":["GET"]}}],"collection":[{"href":"https:\/\/www.overit.ai\/de\/wp-json\/wp\/v2\/pages"}],"about":[{"href":"https:\/\/www.overit.ai\/de\/wp-json\/wp\/v2\/types\/page"}],"author":[{"embeddable":true,"href":"https:\/\/www.overit.ai\/de\/wp-json\/wp\/v2\/users\/28"}],"replies":[{"embeddable":true,"href":"https:\/\/www.overit.ai\/de\/wp-json\/wp\/v2\/comments?post=70788"}],"version-history":[{"count":2,"href":"https:\/\/www.overit.ai\/de\/wp-json\/wp\/v2\/pages\/70788\/revisions"}],"predecessor-version":[{"id":71017,"href":"https:\/\/www.overit.ai\/de\/wp-json\/wp\/v2\/pages\/70788\/revisions\/71017"}],"wp:attachment":[{"href":"https:\/\/www.overit.ai\/de\/wp-json\/wp\/v2\/media?parent=70788"}],"wp:term":[{"taxonomy":"case_study_category","embeddable":true,"href":"https:\/\/www.overit.ai\/de\/wp-json\/wp\/v2\/case_study_category?post=70788"}],"curies":[{"name":"wp","href":"https:\/\/api.w.org\/{rel}","templated":true}]}}