{"id":68037,"date":"2026-04-01T13:25:47","date_gmt":"2026-04-01T13:25:47","guid":{"rendered":"https:\/\/www.overit.ai\/?page_id=68037"},"modified":"2026-04-01T13:27:40","modified_gmt":"2026-04-01T13:27:40","slug":"szenarioplanung-fuer-infrastruktur","status":"publish","type":"page","link":"https:\/\/www.overit.ai\/de\/plattform\/nextgen-geo\/szenarioplanung-fuer-infrastruktur\/","title":{"rendered":"Scenario planning for infrastructure"},"content":{"rendered":"<div\n  class=\"overit-block overit-block--light-gray overit-radius-full overit-no-margin overit-padding-small-top \n  overit-block-wide-info-image\"\n        >\n  \n  <div class=\"overit-block-wrapper\">\n\n\n\n\n<div class=\"wii right  \" id=\"\">\n        <div class=\"wii__content\" >\n                  <h1 class=\"wii__section-title\" style=\"\">Szenarioplanung f\u00fcr Infrastruktur<\/h1>\n          \n                      <h2 id=\"wii-title-69f6fd5236a2e\" class=\"wii__title\" style=\"  font-size: 27px;\">Ein einheitlicher GIS-Arbeitsbereich, um Zukunftsszenarien zu entwerfen, planen und simulieren und so Investitionsentscheidungen f\u00fcr eine nachhaltige und zuverl\u00e4ssige Infrastruktur zu treffen<\/h2>\n          \n          <div class=\"wii__description\" style=\" \">\n        <p>F\u00fcr Unternehmen, die lineare Assets verwalten, erfordert der Aufbau einer neuen Infrastruktur Pr\u00e4zision. Jede Entscheidung h\u00e4ngt von einer sorgf\u00e4ltigen Planung ab, bei der eine Vielzahl von Faktoren ber\u00fccksichtigt werden muss, von der Komplexit\u00e4t des Gel\u00e4ndes und den Auswirkungen auf die Umwelt bis hin zu den Baukosten, beh\u00f6rdlichen Auflagen und der langfristigen Zuverl\u00e4ssigkeit. Die Suche nach dem optimalen Szenario ist entscheidend, um kostspielige \u00dcberschreitungen, Projektverz\u00f6gerungen und unhaltbare Ergebnisse zu vermeiden.<\/p>\n\n      <\/div>\n    \n        \n    \n    \n    \n      <\/div>\n  \n      <div class=\"wii__image\" >\n          <div class=\"overit-video\">\n                <div class=\"overit-video__iframe\" >\n          <iframe title=\"OverIT NextGen Platform 2026 Wave One - Scenario planning for infrastructure Video\" src=\"https:\/\/fast.wistia.net\/embed\/iframe\/sgdt3saml1?dnt=1\" allow=\"autoplay; fullscreen\" allowtransparency=\"true\" frameborder=\"0\" scrolling=\"no\" class=\"wistia_embed\" name=\"wistia_embed\" msallowfullscreen width=\"640\" height=\"360\"><\/iframe><script src=\"https:\/\/fast.wistia.net\/assets\/external\/E-v1.js\" async><\/script>        <\/div>\n      <\/div>\n      <\/div>\n  \n  <\/div>\n\n<\/div><!-- .overit-block-wrapper -->\n<\/div><!-- .overit-block -->\n\n\n<div\n  class=\"overit-block overit-block--white overit-radius-full overit-no-margin overit-padding-small overit-block--fullwidth\n  overit-block-configurable-jumbotron\"\n        >\n  \n  <div class=\"overit-block-wrapper\">\n\n<section class=\"configurable-jumbotron left\" >\n                  <div class=\"cj-section-title\">Die Herausforderung<\/div>\n          \n                  <h2  class=\"cj-title small\">Wie Komplexit\u00e4t und Restriktionen Netzentscheidungen l\u00e4hmen<\/h2 >\n          \n                  <div class=\"cj-subtitle small\"><p>Mit der zunehmenden Verst\u00e4dterung der Welt leben immer mehr Menschen in St\u00e4dten und dicht besiedelten Gebieten &#8211; ein Trend, der sich in den kommenden Jahren noch verst\u00e4rken wird. Dieser Wandel \u00fcbt einen immensen Druck auf Versorgungsunternehmen, Infrastrukturanbieter und \u00f6ffentliche Dienste aus, ihre Netze nachhaltig zu modernisieren und auszubauen.<br \/>\nVon der Planung neuer Stromnetze, Wasser- und Gasleitungen und Telekommunikationsnetze bis hin zur Gestaltung von Verkehrskorridoren muss jede Entscheidung ein Gleichgewicht zwischen Pr\u00e4zision, Kosteneffizienz und minimalen Auswirkungen auf Umwelt und Geologie finden und gleichzeitig eine zuverl\u00e4ssige Versorgung von Millionen von Menschen gew\u00e4hrleisten.<\/p>\n<p>In diesem Zusammenhang gibt es einfach keinen Raum f\u00fcr Fehler. Eine zu lange Pipeline-Trasse wird unerschwinglich teuer. Ein Weg, der durch eine instabile Geologie f\u00fchrt, birgt das Risiko eines Strukturbruchs. Eine Trasse, die \u00f6kologische Korridore oder empfindliche Lebensr\u00e4ume unterbricht, kann von den Beh\u00f6rden abgelehnt werden oder auf den Widerstand der Bev\u00f6lkerung sto\u00dfen.<\/p>\n<p>Die Planung dieser Netze ist jedoch alles andere als eine einfache Aufgabe.<\/p>\n<p>Viele Unternehmen verlassen sich immer noch auf fragmentierte Datenquellen, unzusammenh\u00e4ngende Systeme und dezentrale Planungstools. \u00d6kologische, geologische und soziale Zw\u00e4nge befinden sich oft in getrennten Datenbanken, was es schwierig macht, das Gesamtbild zu visualisieren, Kompromisse zu bewerten oder die effektivste L\u00f6sung zu finden. Infolgedessen haben Planer und Ingenieure Schwierigkeiten, grundlegende Fragen zu beantworten:<br \/>\nWelches Szenario bietet die gr\u00f6\u00dfte Abdeckung mit den geringsten \u00f6kologischen und geologischen Auswirkungen?<br \/>\nWelche Auswirkungen h\u00e4tten die einzelnen Optionen auf die Kosten und den Dienst?<br \/>\nWie bringen wir Expansion und Nachhaltigkeit in Einklang?<\/p>\n<\/div>\n          \n        <\/section>\n\n<\/div><!-- .overit-block-wrapper -->\n<\/div><!-- .overit-block -->\n\n\n<div\n  class=\"overit-block overit-block--white overit-radius-full overit-no-margin overit-padding-small-bottom overit-block--fullwidth\n  overit-block-configurable-jumbotron\"\n        >\n  \n  <div class=\"overit-block-wrapper\">\n\n<section class=\"configurable-jumbotron left\" >\n                  <div class=\"cj-section-title\">Die L\u00f6sung<\/div>\n          \n                  <h2  class=\"cj-title small\">Entwurf, Vergleich und Optimierung von Infrastrukturszenarien<\/h2 >\n          \n                  <div class=\"cj-subtitle small\"><p>Die Funktion Scenario Planning for Infrastructure erm\u00f6glicht es GIS-Planern und Infrastrukturdesignern, mehrere Entwicklungs- und Ausbauszenarien zu simulieren, zu visualisieren und zu vergleichen &#8211; und das alles in einer einzigen, zentralisierten Umgebung. Mit einer intuitiven GIS-basierten Visualisierung und Tools zur Folgenabsch\u00e4tzung k\u00f6nnen Planer alternative Infrastrukturlayouts entwerfen, Erweiterungsoptionen und Kosten analysieren und die Auswirkungen jeder Entscheidung sofort verstehen, bevor sie Ressourcen einsetzen. Benutzer haben folgende M\u00f6glichkeiten:<\/p>\n<ul>\n<li>Entwerfen und Bearbeiten verschiedener Netzwerkkonfigurationen mit benutzerfreundlichen Modellierungswerkzeugen<\/li>\n<li>Visualisierung und Vergleich jedes Szenarios direkt auf der Karte, mit beigef\u00fcgten Risikobewertungen<\/li>\n<li>Simulation und Bewertung von Alternativen nebeneinander, basierend auf Kosten-, Abdeckungs-, Umwelt- oder Betriebskriterien<\/li>\n<li>F\u00f6rderung des kosteneffizientesten und nachhaltigsten Szenarios, wobei der \u201ebeste\u201c Entwurf genehmigt und weniger effektive Entw\u00fcrfe verworfen werden, w\u00e4hrend gleichzeitig die Einhaltung von Vorschriften und Umweltstandards gew\u00e4hrleistet wird<\/li>\n<\/ul>\n<p>Durch die Konsolidierung aller Geo- und Bestandsdaten an einem Ort beseitigt die L\u00f6sung Silos, beschleunigt die Analyse und erm\u00f6glicht eine datengesteuerte Planung.<\/p>\n<\/div>\n          \n        <\/section>\n\n<\/div><!-- .overit-block-wrapper -->\n<\/div><!-- .overit-block -->\n\n\n<div\n  class=\"overit-block overit-block--white overit-radius-full overit-no-margin overit-no-padding \n  overit-block-configurable-jumbotron\"\n        >\n  \n  <div class=\"overit-block-wrapper\">\n\n<section class=\"configurable-jumbotron left\" >\n                  <div class=\"cj-section-title\">Vorteile<\/div>\n          \n                  <h2  class=\"cj-title medium\">Vorteile der szenariobasierten Netzplanung<\/h2 >\n          \n    \n        <\/section>\n\n<\/div><!-- .overit-block-wrapper -->\n<\/div><!-- .overit-block -->\n\n\n<div\n  class=\"overit-block overit-block--white overit-radius-full overit-margin-small-top overit-padding-medium-bottom \n  overit-block-multi-info-cards\"\n        >\n  \n  <div class=\"overit-block-wrapper\">\n\n<div class=\"info-cards info-cards--4 info-cards--align-left\">\n        <div class=\"info-cards__sections \">\n                  <div class=\"info-card info-card--4\n           info-card--bg-gray           \n          \n          info-card--top-line\n        \">\n        <div class=\"info-card-inner\">\n                                  <div class=\"info-card__icon\">\n                            <i aria-hidden=\"true\" style=\"color: #FF8200;font-size: 48px;\" class=\"fa-classic fa-light fa-check-double\" aria-hidden=\"true\"><\/i>\n            <\/div>\n                                            <div class=\"info-card__title \" >\n              Sicherstellung der Einhaltung der rechtlichen Anforderungen\n            <\/div>\n                            <\/div>\n      <\/div>\n                  <div class=\"info-card info-card--4\n           info-card--bg-gray           \n          \n          info-card--top-line\n        \">\n        <div class=\"info-card-inner\">\n                                  <div class=\"info-card__icon\">\n                            <i aria-hidden=\"true\" style=\"color: #FF8200;font-size: 48px;\" class=\"fa-classic fa-light fa-chart-mixed\" aria-hidden=\"true\"><\/i>\n            <\/div>\n                                            <div class=\"info-card__title \" >\n              Verbesserte datengesteuerte Entscheidungsfindung\n            <\/div>\n                            <\/div>\n      <\/div>\n                  <div class=\"info-card info-card--4\n           info-card--bg-gray           \n          \n          info-card--top-line\n        \">\n        <div class=\"info-card-inner\">\n                                  <div class=\"info-card__icon\">\n                            <i aria-hidden=\"true\" style=\"color: #FF8200;font-size: 48px;\" class=\"fa-classic fa-light fa-chart-mixed-up-circle-dollar\" aria-hidden=\"true\"><\/i>\n            <\/div>\n                                            <div class=\"info-card__title \" >\n              Optimierte Kosten und Investitionsm\u00f6glichkeiten\n            <\/div>\n                            <\/div>\n      <\/div>\n                  <div class=\"info-card info-card--4\n           info-card--bg-gray           \n          \n          info-card--top-line\n        \">\n        <div class=\"info-card-inner\">\n                                  <div class=\"info-card__icon\">\n                            <i aria-hidden=\"true\" style=\"color: #FF8200;font-size: 32px;\" class=\"fa-classic fa-light fa-users\" aria-hidden=\"true\"><\/i>\n            <\/div>\n                                            <div class=\"info-card__title \" >\n              Verbesserte Zusammenarbeit zwischen allen Beteiligten durch eine einheitliche L\u00f6sung\n            <\/div>\n                            <\/div>\n      <\/div>\n          <\/div>\n  <\/div>\n\n<\/div><!-- .overit-block-wrapper -->\n<\/div><!-- .overit-block -->\n","protected":false},"excerpt":{"rendered":"","protected":false},"author":3,"featured_media":0,"parent":66817,"menu_order":0,"comment_status":"closed","ping_status":"closed","template":"","meta":{"_acf_changed":false,"footnotes":""},"case_study_category":[],"class_list":["post-68037","page","type-page","status-publish","hentry"],"acf":[],"yoast_head":"<!-- This site is optimized with the Yoast SEO Premium plugin v25.6 (Yoast SEO v25.6) - https:\/\/yoast.com\/wordpress\/plugins\/seo\/ -->\n<title>Szenarioplanung f\u00fcr Infrastruktur: GIS-basierte Planung optimieren<\/title>\n<meta name=\"description\" content=\"Optimieren Sie Ihre Infrastrukturplanung mit GIS-gest\u00fctzter Szenarioplanung. Simulieren, vergleichen und treffen Sie fundierte Investitionsentscheidungen.\" \/>\n<meta name=\"robots\" content=\"index, follow, max-snippet:-1, max-image-preview:large, max-video-preview:-1\" \/>\n<link rel=\"canonical\" href=\"https:\/\/www.overit.ai\/de\/plattform\/nextgen-geo\/szenarioplanung-fuer-infrastruktur\/\" \/>\n<meta property=\"og:locale\" content=\"de_DE\" \/>\n<meta property=\"og:type\" content=\"article\" \/>\n<meta property=\"og:title\" content=\"Szenarioplanung f\u00fcr Infrastruktur: GIS-basierte Planung optimieren\" \/>\n<meta property=\"og:description\" content=\"Optimieren Sie Ihre Infrastrukturplanung mit GIS-gest\u00fctzter Szenarioplanung. Simulieren, vergleichen und treffen Sie fundierte Investitionsentscheidungen.\" \/>\n<meta property=\"og:url\" content=\"https:\/\/www.overit.ai\/de\/plattform\/nextgen-geo\/szenarioplanung-fuer-infrastruktur\/\" \/>\n<meta property=\"og:site_name\" content=\"OverIT\" \/>\n<meta property=\"article:modified_time\" content=\"2026-04-01T13:27:40+00:00\" \/>\n<meta name=\"twitter:card\" content=\"summary_large_image\" \/>\n<meta name=\"twitter:title\" content=\"Szenarioplanung f\u00fcr Infrastruktur: GIS-basierte Planung optimieren\" \/>\n<meta name=\"twitter:description\" content=\"Optimieren Sie Ihre Infrastrukturplanung mit GIS-gest\u00fctzter Szenarioplanung. Simulieren, vergleichen und treffen Sie fundierte Investitionsentscheidungen.\" \/>\n<meta name=\"twitter:label1\" content=\"Est. reading time\" \/>\n\t<meta name=\"twitter:data1\" content=\"3 minutes\" \/>\n<script type=\"application\/ld+json\" class=\"yoast-schema-graph\">{\"@context\":\"https:\/\/schema.org\",\"@graph\":[{\"@type\":\"WebPage\",\"@id\":\"https:\/\/www.overit.ai\/de\/plattform\/nextgen-geo\/szenarioplanung-fuer-infrastruktur\/\",\"url\":\"https:\/\/www.overit.ai\/de\/plattform\/nextgen-geo\/szenarioplanung-fuer-infrastruktur\/\",\"name\":\"Szenarioplanung f\u00fcr Infrastruktur: GIS-basierte Planung optimieren\",\"isPartOf\":{\"@id\":\"https:\/\/www.overit.ai\/de\/#website\"},\"datePublished\":\"2026-04-01T13:25:47+00:00\",\"dateModified\":\"2026-04-01T13:27:40+00:00\",\"description\":\"Optimieren Sie Ihre Infrastrukturplanung mit GIS-gest\u00fctzter Szenarioplanung. Simulieren, vergleichen und treffen Sie fundierte Investitionsentscheidungen.\",\"breadcrumb\":{\"@id\":\"https:\/\/www.overit.ai\/de\/plattform\/nextgen-geo\/szenarioplanung-fuer-infrastruktur\/#breadcrumb\"},\"inLanguage\":\"de-DE\",\"potentialAction\":[{\"@type\":\"ReadAction\",\"target\":[\"https:\/\/www.overit.ai\/de\/plattform\/nextgen-geo\/szenarioplanung-fuer-infrastruktur\/\"]}]},{\"@type\":\"BreadcrumbList\",\"@id\":\"https:\/\/www.overit.ai\/de\/plattform\/nextgen-geo\/szenarioplanung-fuer-infrastruktur\/#breadcrumb\",\"itemListElement\":[{\"@type\":\"ListItem\",\"position\":1,\"name\":\"Home\",\"item\":\"https:\/\/www.overit.ai\/de\/\"},{\"@type\":\"ListItem\",\"position\":2,\"name\":\"Plattform\",\"item\":\"https:\/\/www.overit.ai\/de\/plattform\/\"},{\"@type\":\"ListItem\",\"position\":3,\"name\":\"NextGen Geo\",\"item\":\"https:\/\/www.overit.ai\/de\/plattform\/nextgen-geo\/\"},{\"@type\":\"ListItem\",\"position\":4,\"name\":\"Scenario planning for infrastructure\"}]},{\"@type\":\"WebSite\",\"@id\":\"https:\/\/www.overit.ai\/de\/#website\",\"url\":\"https:\/\/www.overit.ai\/de\/\",\"name\":\"OverIT\",\"description\":\"Innovation in Field Service Management\",\"publisher\":{\"@id\":\"https:\/\/www.overit.ai\/de\/#organization\"},\"potentialAction\":[{\"@type\":\"SearchAction\",\"target\":{\"@type\":\"EntryPoint\",\"urlTemplate\":\"https:\/\/www.overit.ai\/de\/?s={search_term_string}\"},\"query-input\":{\"@type\":\"PropertyValueSpecification\",\"valueRequired\":true,\"valueName\":\"search_term_string\"}}],\"inLanguage\":\"de-DE\"},{\"@type\":\"Organization\",\"@id\":\"https:\/\/www.overit.ai\/de\/#organization\",\"name\":\"OverIT\",\"url\":\"https:\/\/www.overit.ai\/de\/\",\"logo\":{\"@type\":\"ImageObject\",\"inLanguage\":\"de-DE\",\"@id\":\"https:\/\/www.overit.ai\/de\/#\/schema\/logo\/image\/\",\"url\":\"https:\/\/www.overit.ai\/app\/uploads\/2021\/10\/OverIT-logo-400.png\",\"contentUrl\":\"https:\/\/www.overit.ai\/app\/uploads\/2021\/10\/OverIT-logo-400.png\",\"width\":400,\"height\":250,\"caption\":\"OverIT\"},\"image\":{\"@id\":\"https:\/\/www.overit.ai\/de\/#\/schema\/logo\/image\/\"}}]}<\/script>\n<!-- \/ Yoast SEO Premium plugin. -->","yoast_head_json":{"title":"Szenarioplanung f\u00fcr Infrastruktur: GIS-basierte Planung optimieren","description":"Optimieren Sie Ihre Infrastrukturplanung mit GIS-gest\u00fctzter Szenarioplanung. Simulieren, vergleichen und treffen Sie fundierte Investitionsentscheidungen.","robots":{"index":"index","follow":"follow","max-snippet":"max-snippet:-1","max-image-preview":"max-image-preview:large","max-video-preview":"max-video-preview:-1"},"canonical":"https:\/\/www.overit.ai\/de\/plattform\/nextgen-geo\/szenarioplanung-fuer-infrastruktur\/","og_locale":"de_DE","og_type":"article","og_title":"Szenarioplanung f\u00fcr Infrastruktur: GIS-basierte Planung optimieren","og_description":"Optimieren Sie Ihre Infrastrukturplanung mit GIS-gest\u00fctzter Szenarioplanung. Simulieren, vergleichen und treffen Sie fundierte Investitionsentscheidungen.","og_url":"https:\/\/www.overit.ai\/de\/plattform\/nextgen-geo\/szenarioplanung-fuer-infrastruktur\/","og_site_name":"OverIT","article_modified_time":"2026-04-01T13:27:40+00:00","twitter_card":"summary_large_image","twitter_title":"Szenarioplanung f\u00fcr Infrastruktur: GIS-basierte Planung optimieren","twitter_description":"Optimieren Sie Ihre Infrastrukturplanung mit GIS-gest\u00fctzter Szenarioplanung. Simulieren, vergleichen und treffen Sie fundierte Investitionsentscheidungen.","twitter_misc":{"Est. reading time":"3 minutes"},"schema":{"@context":"https:\/\/schema.org","@graph":[{"@type":"WebPage","@id":"https:\/\/www.overit.ai\/de\/plattform\/nextgen-geo\/szenarioplanung-fuer-infrastruktur\/","url":"https:\/\/www.overit.ai\/de\/plattform\/nextgen-geo\/szenarioplanung-fuer-infrastruktur\/","name":"Szenarioplanung f\u00fcr Infrastruktur: GIS-basierte Planung optimieren","isPartOf":{"@id":"https:\/\/www.overit.ai\/de\/#website"},"datePublished":"2026-04-01T13:25:47+00:00","dateModified":"2026-04-01T13:27:40+00:00","description":"Optimieren Sie Ihre Infrastrukturplanung mit GIS-gest\u00fctzter Szenarioplanung. Simulieren, vergleichen und treffen Sie fundierte Investitionsentscheidungen.","breadcrumb":{"@id":"https:\/\/www.overit.ai\/de\/plattform\/nextgen-geo\/szenarioplanung-fuer-infrastruktur\/#breadcrumb"},"inLanguage":"de-DE","potentialAction":[{"@type":"ReadAction","target":["https:\/\/www.overit.ai\/de\/plattform\/nextgen-geo\/szenarioplanung-fuer-infrastruktur\/"]}]},{"@type":"BreadcrumbList","@id":"https:\/\/www.overit.ai\/de\/plattform\/nextgen-geo\/szenarioplanung-fuer-infrastruktur\/#breadcrumb","itemListElement":[{"@type":"ListItem","position":1,"name":"Home","item":"https:\/\/www.overit.ai\/de\/"},{"@type":"ListItem","position":2,"name":"Plattform","item":"https:\/\/www.overit.ai\/de\/plattform\/"},{"@type":"ListItem","position":3,"name":"NextGen Geo","item":"https:\/\/www.overit.ai\/de\/plattform\/nextgen-geo\/"},{"@type":"ListItem","position":4,"name":"Scenario planning for infrastructure"}]},{"@type":"WebSite","@id":"https:\/\/www.overit.ai\/de\/#website","url":"https:\/\/www.overit.ai\/de\/","name":"OverIT","description":"Innovation in Field Service Management","publisher":{"@id":"https:\/\/www.overit.ai\/de\/#organization"},"potentialAction":[{"@type":"SearchAction","target":{"@type":"EntryPoint","urlTemplate":"https:\/\/www.overit.ai\/de\/?s={search_term_string}"},"query-input":{"@type":"PropertyValueSpecification","valueRequired":true,"valueName":"search_term_string"}}],"inLanguage":"de-DE"},{"@type":"Organization","@id":"https:\/\/www.overit.ai\/de\/#organization","name":"OverIT","url":"https:\/\/www.overit.ai\/de\/","logo":{"@type":"ImageObject","inLanguage":"de-DE","@id":"https:\/\/www.overit.ai\/de\/#\/schema\/logo\/image\/","url":"https:\/\/www.overit.ai\/app\/uploads\/2021\/10\/OverIT-logo-400.png","contentUrl":"https:\/\/www.overit.ai\/app\/uploads\/2021\/10\/OverIT-logo-400.png","width":400,"height":250,"caption":"OverIT"},"image":{"@id":"https:\/\/www.overit.ai\/de\/#\/schema\/logo\/image\/"}}]}},"_links":{"self":[{"href":"https:\/\/www.overit.ai\/de\/wp-json\/wp\/v2\/pages\/68037","targetHints":{"allow":["GET"]}}],"collection":[{"href":"https:\/\/www.overit.ai\/de\/wp-json\/wp\/v2\/pages"}],"about":[{"href":"https:\/\/www.overit.ai\/de\/wp-json\/wp\/v2\/types\/page"}],"author":[{"embeddable":true,"href":"https:\/\/www.overit.ai\/de\/wp-json\/wp\/v2\/users\/3"}],"replies":[{"embeddable":true,"href":"https:\/\/www.overit.ai\/de\/wp-json\/wp\/v2\/comments?post=68037"}],"version-history":[{"count":8,"href":"https:\/\/www.overit.ai\/de\/wp-json\/wp\/v2\/pages\/68037\/revisions"}],"predecessor-version":[{"id":70904,"href":"https:\/\/www.overit.ai\/de\/wp-json\/wp\/v2\/pages\/68037\/revisions\/70904"}],"up":[{"embeddable":true,"href":"https:\/\/www.overit.ai\/de\/wp-json\/wp\/v2\/pages\/66817"}],"wp:attachment":[{"href":"https:\/\/www.overit.ai\/de\/wp-json\/wp\/v2\/media?parent=68037"}],"wp:term":[{"taxonomy":"case_study_category","embeddable":true,"href":"https:\/\/www.overit.ai\/de\/wp-json\/wp\/v2\/case_study_category?post=68037"}],"curies":[{"name":"wp","href":"https:\/\/api.w.org\/{rel}","templated":true}]}}