{"id":68036,"date":"2026-04-08T09:48:36","date_gmt":"2026-04-08T09:48:36","guid":{"rendered":"https:\/\/www.overit.ai\/?page_id=68036"},"modified":"2026-04-08T09:48:37","modified_gmt":"2026-04-08T09:48:37","slug":"notfallmanagement-im-aussendienst-mit-echtzeit-verkehrsdaten","status":"publish","type":"page","link":"https:\/\/www.overit.ai\/de\/plattform\/field-service-management-software\/field-service-planungssoftware\/notfallmanagement-im-aussendienst-mit-echtzeit-verkehrsdaten\/","title":{"rendered":"Notfallmanagement im Au\u00dfendienst mit Echtzeit-Verkehrsdaten"},"content":{"rendered":"<div\n  class=\"overit-block overit-block--light-gray overit-radius-none overit-no-margin overit-padding-small-top \n  overit-block-wide-info-image\"\n        >\n  \n  <div class=\"overit-block-wrapper\">\n\n\n\n\n<div class=\"wii right  \" id=\"\">\n        <div class=\"wii__content\" >\n                  <h1 class=\"wii__section-title\" style=\"\">Notfallmanagement im Au\u00dfendienst mit Echtzeit-Verkehrsdaten<\/h1>\n          \n                      <h2 id=\"wii-title-69f6fd59815f9\" class=\"wii__title\" style=\"  font-size: 32px;\">Schnelle Notfallreaktion ist entscheidend. Bef\u00e4higen Sie Disponenten und Techniker, Verz\u00f6gerungen zu minimieren und die Grundversorgung der Gemeinschaft sofort wiederherzustellen.<\/h2>\n          \n    \n        \n    \n    \n    \n      <\/div>\n  \n      <div class=\"wii__image\" >\n          <div class=\"overit-video\">\n                <div class=\"overit-video__iframe\" >\n          <iframe title=\"OverIT NextGen Platform 2026 Wave One - Emergency Response with Live Traffic Video\" src=\"https:\/\/fast.wistia.net\/embed\/iframe\/3dl5d07qip?dnt=1\" allow=\"autoplay; fullscreen\" allowtransparency=\"true\" frameborder=\"0\" scrolling=\"no\" class=\"wistia_embed\" name=\"wistia_embed\" msallowfullscreen width=\"640\" height=\"360\"><\/iframe><script src=\"https:\/\/fast.wistia.net\/assets\/external\/E-v1.js\" async><\/script>        <\/div>\n      <\/div>\n      <\/div>\n  \n  <\/div>\n\n<\/div><!-- .overit-block-wrapper -->\n<\/div><!-- .overit-block -->\n\n\n<div\n  class=\"overit-block overit-block--light-gray overit-radius-none overit-no-margin overit-padding-medium-bottom overit-block--fullwidth\n  overit-block-configurable-jumbotron\"\n        >\n  \n  <div class=\"overit-block-wrapper\">\n\n<section class=\"configurable-jumbotron left\" >\n    \n    \n                  <div class=\"cj-subtitle small\"><p>In linearen Asset-Unternehmen sind Schnelligkeit und Pr\u00e4zision gefragt, um wichtige Dienste aufrechtzuerhalten. Bei Notf\u00e4llen m\u00fcssen die Techniker vor Ort sofort reagieren. Aber was passiert, wenn sie im Verkehr stecken bleiben? Leider passiert das nur allzu oft, vor allem auf verkehrsreichen und komplexen Stra\u00dfen in der Stadt. Und das k\u00f6nnen wir uns einfach nicht leisten!<\/p>\n<\/div>\n          \n        <\/section>\n\n<\/div><!-- .overit-block-wrapper -->\n<\/div><!-- .overit-block -->\n\n\n<div\n  class=\"overit-block overit-block--white overit-radius-full overit-no-margin overit-padding-small overit-block--fullwidth\n  overit-block-configurable-jumbotron\"\n        >\n  \n  <div class=\"overit-block-wrapper\">\n\n<section class=\"configurable-jumbotron left\" >\n                  <div class=\"cj-section-title\">Die Herausforderung<\/div>\n          \n                  <h2  class=\"cj-title small\">St\u00e4dtische Verkehrs\u00fcberlastung verz\u00f6gert Notfalleins\u00e4tze im Au\u00dfendienst<\/h2 >\n          \n                  <div class=\"cj-subtitle small\"><p>Stellen Sie sich eine gro\u00dfe und gesch\u00e4ftige Stadt vor, Millionen von Menschen und Tausende von wichtigen Versorgungsdiensten, die pl\u00f6tzlich im Dunkeln sitzen, weil ein massiver Stromausfall einen stadtweiten Blackout verursacht. Die U-Bahn bleibt stehen. Die Ampeln gehen aus. Schulen, Krankenh\u00e4user und Flugh\u00e4fen liegen still, wodurch Tausende Menschen gestrandet sind. Gesch\u00e4fte, Aufz\u00fcge, Arztpraxen, Rechenzentren&#8230; alles kommt zum Stillstand. In diesem Moment setzt die Stadt ihre einzige Hoffnung auf ein Versorgungsunternehmen und dessen Techniker, die unerm\u00fcdlich daran arbeiten, die Stromversorgung von Krankenh\u00e4usern, Schulen, Unternehmen und Stadtteilen wiederherzustellen, die es sich nicht leisten k\u00f6nnen, im Dunkeln zu sitzen. Aber selbst f\u00fcr diese Alltagshelden ist der Weg \u00fcberhaupt nicht einfach! Staus in den St\u00e4dten k\u00f6nnen Minuten in Stunden verwandeln, was die Reaktion auf Notf\u00e4lle verlangsamt, wichtige Reparaturen verz\u00f6gert und die Einhaltung vertraglicher SLAs gef\u00e4hrdet. W\u00e4hrend sich die Techniker vor Ort durch den Verkehr k\u00e4mpfen, um die St\u00f6rung zu beheben, wartet eine ganze Gemeinde darauf, dass das Licht wieder angeht und der Strom wieder da ist, damit das Leben zur Normalit\u00e4t zur\u00fcckkehrt.<\/p>\n<\/div>\n          \n        <\/section>\n\n<\/div><!-- .overit-block-wrapper -->\n<\/div><!-- .overit-block -->\n\n\n<div\n  class=\"overit-block overit-block--white overit-radius-full overit-no-margin overit-padding-small-bottom overit-block--fullwidth\n  overit-block-configurable-jumbotron\"\n        >\n  \n  <div class=\"overit-block-wrapper\">\n\n<section class=\"configurable-jumbotron left\" >\n                  <div class=\"cj-section-title\">Die L\u00f6sung<\/div>\n          \n                  <h2  class=\"cj-title small\">Immer der schnellste Weg zur L\u00f6sung<\/h2 >\n          \n                  <div class=\"cj-subtitle small\"><p>Die Funktion zum Notfallmanagement im Au\u00dfendienst mit Echtzeit-Verkehrsdaten erm\u00f6glicht es den Planern, Notf\u00e4lle unter Ber\u00fccksichtigung der aktuellen Verkehrslage und -daten sowie der N\u00e4he, F\u00e4higkeiten und Verf\u00fcgbarkeit der Techniker zu planen. Jede Aufgabe wird automatisch dem am besten geeigneten Techniker zugewiesen, zusammen mit der schnellsten und effizientesten Route, um den Einsatzort p\u00fcnktlich zu erreichen, frei von Unterbrechungen oder Verz\u00f6gerungen durch Verkehr, Stra\u00dfensperren oder Bauarbeiten.<br \/>\nBei zeitkritischen Aktivit\u00e4ten, wie z. B. in Notf\u00e4llen, k\u00f6nnen Unternehmen mit dieser Funktion die Reaktionszeiten verk\u00fcrzen, die Einhaltung von SLAs verbessern und Ausfallzeiten erheblich reduzieren.<\/p>\n<p>Da sich die Verkehrs- und Einsatzbedingungen im Laufe des Tages \u00e4ndern, optimiert die Plattform die Zuweisungen kontinuierlich in Echtzeit, so dass die Route jedes Technikers immer genau, effizient und aktuell ist, egal was auf der Stra\u00dfe passiert.<\/p>\n<\/div>\n          \n        <\/section>\n\n<\/div><!-- .overit-block-wrapper -->\n<\/div><!-- .overit-block -->\n\n\n<div\n  class=\"overit-block overit-block--white overit-radius-full overit-no-margin overit-no-padding \n  overit-block-configurable-jumbotron\"\n        >\n  \n  <div class=\"overit-block-wrapper\">\n\n<section class=\"configurable-jumbotron left\" >\n                  <div class=\"cj-section-title\">Vorteile<\/div>\n          \n                  <h2  class=\"cj-title medium\">Kernnutzen der Notfallreaktion mit Notfallmanagement im Au\u00dfendienst mit Echtzeit-Verkehrsdaten<\/h2 >\n          \n    \n        <\/section>\n\n<\/div><!-- .overit-block-wrapper -->\n<\/div><!-- .overit-block -->\n\n\n<div\n  class=\"overit-block overit-block--white overit-radius-full overit-margin-small-top overit-padding-medium-bottom \n  overit-block-multi-info-cards\"\n        >\n  \n  <div class=\"overit-block-wrapper\">\n\n<div class=\"info-cards info-cards--4 info-cards--align-left\">\n        <div class=\"info-cards__sections \">\n                  <div class=\"info-card info-card--4\n           info-card--bg-gray           \n          \n          info-card--top-line\n        \">\n        <div class=\"info-card-inner\">\n                                  <div class=\"info-card__icon\">\n                            <i aria-hidden=\"true\" style=\"color: #FF8200;font-size: 48px;\" class=\"fa-classic fa-light fa-chart-line-up\" aria-hidden=\"true\"><\/i>\n            <\/div>\n                                            <div class=\"info-card__title \" >\n              Verbesserte Produktivit\u00e4t im Au\u00dfendienst\n            <\/div>\n                            <\/div>\n      <\/div>\n                  <div class=\"info-card info-card--4\n           info-card--bg-gray           \n          \n          info-card--top-line\n        \">\n        <div class=\"info-card-inner\">\n                                  <div class=\"info-card__icon\">\n                            <i aria-hidden=\"true\" style=\"color: #FF8200;font-size: 48px;\" class=\"fa-classic fa-light fa-memo-circle-check\" aria-hidden=\"true\"><\/i>\n            <\/div>\n                                            <div class=\"info-card__title \" >\n              Erh\u00f6hte Einhaltung vertraglicher SLAs\n            <\/div>\n                            <\/div>\n      <\/div>\n                  <div class=\"info-card info-card--4\n           info-card--bg-gray           \n          \n          info-card--top-line\n        \">\n        <div class=\"info-card-inner\">\n                                  <div class=\"info-card__icon\">\n                            <i aria-hidden=\"true\" style=\"color: #FF8200;font-size: 48px;\" class=\"fa-classic fa-light fa-calendar-week\" aria-hidden=\"true\"><\/i>\n            <\/div>\n                                            <div class=\"info-card__title \" >\n              Sicherstellung eines kontinuierlichen Dienstes\n            <\/div>\n                            <\/div>\n      <\/div>\n                  <div class=\"info-card info-card--4\n           info-card--bg-gray           \n          \n          info-card--top-line\n        \">\n        <div class=\"info-card-inner\">\n                                  <div class=\"info-card__icon\">\n                            <i aria-hidden=\"true\" style=\"color: #FF8200;font-size: 32px;\" class=\"fa-classic fa-light fa-shield-plus\" aria-hidden=\"true\"><\/i>\n            <\/div>\n                                            <div class=\"info-card__title \" >\n              Gestiegene Sicherheit der Gemeinschaft\n            <\/div>\n                            <\/div>\n      <\/div>\n          <\/div>\n  <\/div>\n\n<\/div><!-- .overit-block-wrapper -->\n<\/div><!-- .overit-block -->\n","protected":false},"excerpt":{"rendered":"","protected":false},"author":3,"featured_media":0,"parent":66810,"menu_order":0,"comment_status":"closed","ping_status":"closed","template":"","meta":{"_acf_changed":false,"footnotes":""},"case_study_category":[],"class_list":["post-68036","page","type-page","status-publish","hentry"],"acf":[],"yoast_head":"<!-- This site is optimized with the Yoast SEO Premium plugin v25.6 (Yoast SEO v25.6) - https:\/\/yoast.com\/wordpress\/plugins\/seo\/ -->\n<title>Notfallmanagement im Au\u00dfendienst mit Echtzeit-Verkehrsdaten<\/title>\n<meta name=\"description\" content=\"Optimieren Sie die Notfallreaktion im Au\u00dfendienst mit Echtzeit-Verkehrsdaten. Reduzieren Sie Verz\u00f6gerungen und verbessern Sie SLA-Einhaltung.\" \/>\n<meta name=\"robots\" content=\"index, follow, max-snippet:-1, max-image-preview:large, max-video-preview:-1\" \/>\n<link rel=\"canonical\" href=\"https:\/\/www.overit.ai\/de\/plattform\/field-service-management-software\/field-service-planungssoftware\/notfallmanagement-im-aussendienst-mit-echtzeit-verkehrsdaten\/\" \/>\n<meta property=\"og:locale\" content=\"de_DE\" \/>\n<meta property=\"og:type\" content=\"article\" \/>\n<meta property=\"og:title\" content=\"Notfallmanagement im Au\u00dfendienst mit Echtzeit-Verkehrsdaten\" \/>\n<meta property=\"og:description\" content=\"Optimieren Sie die Notfallreaktion im Au\u00dfendienst mit Echtzeit-Verkehrsdaten. Reduzieren Sie Verz\u00f6gerungen und verbessern Sie SLA-Einhaltung.\" \/>\n<meta property=\"og:url\" content=\"https:\/\/www.overit.ai\/de\/plattform\/field-service-management-software\/field-service-planungssoftware\/notfallmanagement-im-aussendienst-mit-echtzeit-verkehrsdaten\/\" \/>\n<meta property=\"og:site_name\" content=\"OverIT\" \/>\n<meta property=\"article:modified_time\" content=\"2026-04-08T09:48:37+00:00\" \/>\n<meta name=\"twitter:card\" content=\"summary_large_image\" \/>\n<meta name=\"twitter:title\" content=\"Notfallmanagement im Au\u00dfendienst mit Echtzeit-Verkehrsdaten\" \/>\n<meta name=\"twitter:description\" content=\"Optimieren Sie die Notfallreaktion im Au\u00dfendienst mit Echtzeit-Verkehrsdaten. Reduzieren Sie Verz\u00f6gerungen und verbessern Sie SLA-Einhaltung.\" \/>\n<meta name=\"twitter:label1\" content=\"Est. reading time\" \/>\n\t<meta name=\"twitter:data1\" content=\"3 minutes\" \/>\n<script type=\"application\/ld+json\" class=\"yoast-schema-graph\">{\"@context\":\"https:\/\/schema.org\",\"@graph\":[{\"@type\":\"WebPage\",\"@id\":\"https:\/\/www.overit.ai\/de\/plattform\/field-service-management-software\/field-service-planungssoftware\/notfallmanagement-im-aussendienst-mit-echtzeit-verkehrsdaten\/\",\"url\":\"https:\/\/www.overit.ai\/de\/plattform\/field-service-management-software\/field-service-planungssoftware\/notfallmanagement-im-aussendienst-mit-echtzeit-verkehrsdaten\/\",\"name\":\"Notfallmanagement im Au\u00dfendienst mit Echtzeit-Verkehrsdaten\",\"isPartOf\":{\"@id\":\"https:\/\/www.overit.ai\/de\/#website\"},\"datePublished\":\"2026-04-08T09:48:36+00:00\",\"dateModified\":\"2026-04-08T09:48:37+00:00\",\"description\":\"Optimieren Sie die Notfallreaktion im Au\u00dfendienst mit Echtzeit-Verkehrsdaten. Reduzieren Sie Verz\u00f6gerungen und verbessern Sie SLA-Einhaltung.\",\"breadcrumb\":{\"@id\":\"https:\/\/www.overit.ai\/de\/plattform\/field-service-management-software\/field-service-planungssoftware\/notfallmanagement-im-aussendienst-mit-echtzeit-verkehrsdaten\/#breadcrumb\"},\"inLanguage\":\"de-DE\",\"potentialAction\":[{\"@type\":\"ReadAction\",\"target\":[\"https:\/\/www.overit.ai\/de\/plattform\/field-service-management-software\/field-service-planungssoftware\/notfallmanagement-im-aussendienst-mit-echtzeit-verkehrsdaten\/\"]}]},{\"@type\":\"BreadcrumbList\",\"@id\":\"https:\/\/www.overit.ai\/de\/plattform\/field-service-management-software\/field-service-planungssoftware\/notfallmanagement-im-aussendienst-mit-echtzeit-verkehrsdaten\/#breadcrumb\",\"itemListElement\":[{\"@type\":\"ListItem\",\"position\":1,\"name\":\"Home\",\"item\":\"https:\/\/www.overit.ai\/de\/\"},{\"@type\":\"ListItem\",\"position\":2,\"name\":\"Plattform\",\"item\":\"https:\/\/www.overit.ai\/de\/plattform\/\"},{\"@type\":\"ListItem\",\"position\":3,\"name\":\"NextGen FSM\",\"item\":\"https:\/\/www.overit.ai\/de\/plattform\/field-service-management-software\/\"},{\"@type\":\"ListItem\",\"position\":4,\"name\":\"Field Service-Planungssoftware\",\"item\":\"https:\/\/www.overit.ai\/de\/plattform\/field-service-management-software\/field-service-planungssoftware\/\"},{\"@type\":\"ListItem\",\"position\":5,\"name\":\"Notfallmanagement im Au\u00dfendienst mit Echtzeit-Verkehrsdaten\"}]},{\"@type\":\"WebSite\",\"@id\":\"https:\/\/www.overit.ai\/de\/#website\",\"url\":\"https:\/\/www.overit.ai\/de\/\",\"name\":\"OverIT\",\"description\":\"Innovation in Field Service Management\",\"publisher\":{\"@id\":\"https:\/\/www.overit.ai\/de\/#organization\"},\"potentialAction\":[{\"@type\":\"SearchAction\",\"target\":{\"@type\":\"EntryPoint\",\"urlTemplate\":\"https:\/\/www.overit.ai\/de\/?s={search_term_string}\"},\"query-input\":{\"@type\":\"PropertyValueSpecification\",\"valueRequired\":true,\"valueName\":\"search_term_string\"}}],\"inLanguage\":\"de-DE\"},{\"@type\":\"Organization\",\"@id\":\"https:\/\/www.overit.ai\/de\/#organization\",\"name\":\"OverIT\",\"url\":\"https:\/\/www.overit.ai\/de\/\",\"logo\":{\"@type\":\"ImageObject\",\"inLanguage\":\"de-DE\",\"@id\":\"https:\/\/www.overit.ai\/de\/#\/schema\/logo\/image\/\",\"url\":\"https:\/\/www.overit.ai\/app\/uploads\/2021\/10\/OverIT-logo-400.png\",\"contentUrl\":\"https:\/\/www.overit.ai\/app\/uploads\/2021\/10\/OverIT-logo-400.png\",\"width\":400,\"height\":250,\"caption\":\"OverIT\"},\"image\":{\"@id\":\"https:\/\/www.overit.ai\/de\/#\/schema\/logo\/image\/\"}}]}<\/script>\n<!-- \/ Yoast SEO Premium plugin. -->","yoast_head_json":{"title":"Notfallmanagement im Au\u00dfendienst mit Echtzeit-Verkehrsdaten","description":"Optimieren Sie die Notfallreaktion im Au\u00dfendienst mit Echtzeit-Verkehrsdaten. Reduzieren Sie Verz\u00f6gerungen und verbessern Sie SLA-Einhaltung.","robots":{"index":"index","follow":"follow","max-snippet":"max-snippet:-1","max-image-preview":"max-image-preview:large","max-video-preview":"max-video-preview:-1"},"canonical":"https:\/\/www.overit.ai\/de\/plattform\/field-service-management-software\/field-service-planungssoftware\/notfallmanagement-im-aussendienst-mit-echtzeit-verkehrsdaten\/","og_locale":"de_DE","og_type":"article","og_title":"Notfallmanagement im Au\u00dfendienst mit Echtzeit-Verkehrsdaten","og_description":"Optimieren Sie die Notfallreaktion im Au\u00dfendienst mit Echtzeit-Verkehrsdaten. Reduzieren Sie Verz\u00f6gerungen und verbessern Sie SLA-Einhaltung.","og_url":"https:\/\/www.overit.ai\/de\/plattform\/field-service-management-software\/field-service-planungssoftware\/notfallmanagement-im-aussendienst-mit-echtzeit-verkehrsdaten\/","og_site_name":"OverIT","article_modified_time":"2026-04-08T09:48:37+00:00","twitter_card":"summary_large_image","twitter_title":"Notfallmanagement im Au\u00dfendienst mit Echtzeit-Verkehrsdaten","twitter_description":"Optimieren Sie die Notfallreaktion im Au\u00dfendienst mit Echtzeit-Verkehrsdaten. Reduzieren Sie Verz\u00f6gerungen und verbessern Sie SLA-Einhaltung.","twitter_misc":{"Est. reading time":"3 minutes"},"schema":{"@context":"https:\/\/schema.org","@graph":[{"@type":"WebPage","@id":"https:\/\/www.overit.ai\/de\/plattform\/field-service-management-software\/field-service-planungssoftware\/notfallmanagement-im-aussendienst-mit-echtzeit-verkehrsdaten\/","url":"https:\/\/www.overit.ai\/de\/plattform\/field-service-management-software\/field-service-planungssoftware\/notfallmanagement-im-aussendienst-mit-echtzeit-verkehrsdaten\/","name":"Notfallmanagement im Au\u00dfendienst mit Echtzeit-Verkehrsdaten","isPartOf":{"@id":"https:\/\/www.overit.ai\/de\/#website"},"datePublished":"2026-04-08T09:48:36+00:00","dateModified":"2026-04-08T09:48:37+00:00","description":"Optimieren Sie die Notfallreaktion im Au\u00dfendienst mit Echtzeit-Verkehrsdaten. Reduzieren Sie Verz\u00f6gerungen und verbessern Sie SLA-Einhaltung.","breadcrumb":{"@id":"https:\/\/www.overit.ai\/de\/plattform\/field-service-management-software\/field-service-planungssoftware\/notfallmanagement-im-aussendienst-mit-echtzeit-verkehrsdaten\/#breadcrumb"},"inLanguage":"de-DE","potentialAction":[{"@type":"ReadAction","target":["https:\/\/www.overit.ai\/de\/plattform\/field-service-management-software\/field-service-planungssoftware\/notfallmanagement-im-aussendienst-mit-echtzeit-verkehrsdaten\/"]}]},{"@type":"BreadcrumbList","@id":"https:\/\/www.overit.ai\/de\/plattform\/field-service-management-software\/field-service-planungssoftware\/notfallmanagement-im-aussendienst-mit-echtzeit-verkehrsdaten\/#breadcrumb","itemListElement":[{"@type":"ListItem","position":1,"name":"Home","item":"https:\/\/www.overit.ai\/de\/"},{"@type":"ListItem","position":2,"name":"Plattform","item":"https:\/\/www.overit.ai\/de\/plattform\/"},{"@type":"ListItem","position":3,"name":"NextGen FSM","item":"https:\/\/www.overit.ai\/de\/plattform\/field-service-management-software\/"},{"@type":"ListItem","position":4,"name":"Field Service-Planungssoftware","item":"https:\/\/www.overit.ai\/de\/plattform\/field-service-management-software\/field-service-planungssoftware\/"},{"@type":"ListItem","position":5,"name":"Notfallmanagement im Au\u00dfendienst mit Echtzeit-Verkehrsdaten"}]},{"@type":"WebSite","@id":"https:\/\/www.overit.ai\/de\/#website","url":"https:\/\/www.overit.ai\/de\/","name":"OverIT","description":"Innovation in Field Service Management","publisher":{"@id":"https:\/\/www.overit.ai\/de\/#organization"},"potentialAction":[{"@type":"SearchAction","target":{"@type":"EntryPoint","urlTemplate":"https:\/\/www.overit.ai\/de\/?s={search_term_string}"},"query-input":{"@type":"PropertyValueSpecification","valueRequired":true,"valueName":"search_term_string"}}],"inLanguage":"de-DE"},{"@type":"Organization","@id":"https:\/\/www.overit.ai\/de\/#organization","name":"OverIT","url":"https:\/\/www.overit.ai\/de\/","logo":{"@type":"ImageObject","inLanguage":"de-DE","@id":"https:\/\/www.overit.ai\/de\/#\/schema\/logo\/image\/","url":"https:\/\/www.overit.ai\/app\/uploads\/2021\/10\/OverIT-logo-400.png","contentUrl":"https:\/\/www.overit.ai\/app\/uploads\/2021\/10\/OverIT-logo-400.png","width":400,"height":250,"caption":"OverIT"},"image":{"@id":"https:\/\/www.overit.ai\/de\/#\/schema\/logo\/image\/"}}]}},"_links":{"self":[{"href":"https:\/\/www.overit.ai\/de\/wp-json\/wp\/v2\/pages\/68036","targetHints":{"allow":["GET"]}}],"collection":[{"href":"https:\/\/www.overit.ai\/de\/wp-json\/wp\/v2\/pages"}],"about":[{"href":"https:\/\/www.overit.ai\/de\/wp-json\/wp\/v2\/types\/page"}],"author":[{"embeddable":true,"href":"https:\/\/www.overit.ai\/de\/wp-json\/wp\/v2\/users\/3"}],"replies":[{"embeddable":true,"href":"https:\/\/www.overit.ai\/de\/wp-json\/wp\/v2\/comments?post=68036"}],"version-history":[{"count":10,"href":"https:\/\/www.overit.ai\/de\/wp-json\/wp\/v2\/pages\/68036\/revisions"}],"predecessor-version":[{"id":70912,"href":"https:\/\/www.overit.ai\/de\/wp-json\/wp\/v2\/pages\/68036\/revisions\/70912"}],"up":[{"embeddable":true,"href":"https:\/\/www.overit.ai\/de\/wp-json\/wp\/v2\/pages\/66810"}],"wp:attachment":[{"href":"https:\/\/www.overit.ai\/de\/wp-json\/wp\/v2\/media?parent=68036"}],"wp:term":[{"taxonomy":"case_study_category","embeddable":true,"href":"https:\/\/www.overit.ai\/de\/wp-json\/wp\/v2\/case_study_category?post=68036"}],"curies":[{"name":"wp","href":"https:\/\/api.w.org\/{rel}","templated":true}]}}