{"id":67879,"date":"2026-03-09T14:32:08","date_gmt":"2026-03-09T14:32:08","guid":{"rendered":"https:\/\/www.overit.ai\/?page_id=67879"},"modified":"2026-03-10T14:37:32","modified_gmt":"2026-03-10T14:37:32","slug":"critical-jobs-scheduling","status":"publish","type":"page","link":"https:\/\/www.overit.ai\/de\/plattform\/field-service-management-software\/field-service-planungssoftware\/critical-jobs-scheduling\/","title":{"rendered":"Critical Jobs Scheduling"},"content":{"rendered":"<div\n  class=\"overit-block overit-block--light-gray overit-radius-none overit-no-margin overit-padding-small-top \n  overit-block-wide-info-image\"\n        >\n  \n  <div class=\"overit-block-wrapper\">\n\n\n\n\n<div class=\"wii right  \" id=\"\">\n        <div class=\"wii__content\" >\n                  <h1 class=\"wii__section-title\" style=\"\">Critical Jobs Scheduling<\/h1>\n          \n                      <h2 id=\"wii-title-69e6036c306e9\" class=\"wii__title\" style=\"  \">Optimieren Sie In-Jeopardy Tasks mit Echtzeit-Unterst\u00fctzung zur Planung<\/h2>\n          \n    \n        \n    \n    \n    \n      <\/div>\n  \n      <div class=\"wii__image\" >\n          <div class=\"overit-video\">\n                <div class=\"overit-video__iframe\" >\n          <iframe title=\"Critical jobs scheduling assistant Video\" src=\"https:\/\/fast.wistia.net\/embed\/iframe\/xvfw8dz4qu?dnt=1\" allow=\"autoplay; fullscreen\" allowtransparency=\"true\" frameborder=\"0\" scrolling=\"no\" class=\"wistia_embed\" name=\"wistia_embed\" msallowfullscreen width=\"640\" height=\"360\"><\/iframe><script src=\"https:\/\/fast.wistia.net\/assets\/external\/E-v1.js\" async><\/script>        <\/div>\n      <\/div>\n      <\/div>\n  \n  <\/div>\n\n<\/div><!-- .overit-block-wrapper -->\n<\/div><!-- .overit-block -->\n\n\n<div\n  class=\"overit-block overit-block--white overit-radius-full overit-no-margin overit-padding-small overit-block--fullwidth\n  overit-block-configurable-jumbotron\"\n        >\n  \n  <div class=\"overit-block-wrapper\">\n\n<section class=\"configurable-jumbotron left\" >\n                  <div class=\"cj-section-title\">Die Herausforderung<\/div>\n          \n                  <h3  class=\"cj-title small\">Planungskomplexit\u00e4t in einer Welt des st\u00e4ndigen Wandels<\/h3 >\n          \n                  <div class=\"cj-subtitle small\"><p>Aus der Sicht eines Disponenten bedeutet ein neuer Tag ein neuer Arbeitsplan. Er versucht, die T\u00e4tigkeiten der Au\u00dfendienstmitarbeiter zu planen und den entsprechenden Technikern die richtige Arbeit zuzuweisen, w\u00e4hrend er gleichzeitig den Arbeitsfortschritt und die vor Ort auftretenden Probleme \u00fcberwacht. Vorbeugende und korrigierende <a href=\"https:\/\/www.overit.ai\/de\/plattform\/nextgen-fsm\/betriebliche-anlagenwartung\/\">Instandhaltung von Anlagen<\/a>, Inspektionen, Kundendienst, Schadensbeurteilungen, komplexe Auftr\u00e4ge, terminorientierte Anwendungsf\u00e4lle sind nur einige der T\u00e4tigkeiten, mit denen Disponenten in ihrem Alltag konfrontiert sind. Meistens erstellen sie den gesamten <a href=\"https:\/\/www.overit.ai\/de\/plattform\/nextgen-fsm\/field-service-planungssoftware\/\">Zeitplan und disponieren ein hohes Volumen an Arbeitsauftr\u00e4gen pro Tag und Techniker<\/a>, wobei sie F\u00e4higkeiten und Verf\u00fcgbarkeit, SLAs und die besten Routen ber\u00fccksichtigen. Manchmal kommt es jedoch zu unerwarteten Ereignissen, die den geplanten Zeitplan dramatisch ver\u00e4ndern (Annullierungen, Notf\u00e4lle, Reiseprobleme, Verkehr und \u00dcberschreitungen). Unerwartete Ereignisse f\u00fchren zu Fehlern bei der Planung von Arbeitsauftr\u00e4gen, dringenden Aufgaben, die noch nicht geplant sind, und Aufgaben, die nicht geplant oder nicht ordnungsgem\u00e4\u00df abgeschlossen wurden.<\/p>\n<ul>\n<li>Nehmen wir uns John als Beispiel. Heute muss er eine Stromz\u00e4hlerinspektion f\u00fcr einen Endkunden durchf\u00fchren. Auf dem Weg dorthin ger\u00e4t er in einen Stau und kann den Termin nicht einhalten. Der Disponent hat vergessen, den Termin umzubuchen, weil er die Versp\u00e4tung nicht bemerkt hat, so konnte der Techniker die Zeit nicht mehr aufholen und der Endkunde ist nicht zufrieden<\/li>\n<li>Oder stellen wir uns Caroline vor. Heute hat sie ihre T\u00e4tigkeit so organisiert, dass sie den letzten Termin in der N\u00e4he ihres Arztes wahrnehmen kann. Leider f\u00e4llt dem Disponenten pl\u00f6tzlich eine dringende Aufgabe ein, die noch am selben Tag erledigt werden muss. Die einzige Technikerin, die \u00fcber die entsprechenden F\u00e4higkeiten verf\u00fcgt, ist Caroline, und die Zeit, in der sie verf\u00fcgbar ist, ist die letzte Stunde ihres Arbeitstages. Der Standort ist am anderen Ende der Stadt, so dass Caroline es nicht rechtzeitig zum Arzt schaffen w\u00fcrde.<\/li>\n<\/ul>\n<p>Wie k\u00f6nnen Unternehmen die Disponenten dabei unterst\u00fctzen, den gesamten Zeitplan einzuhalten, Echtzeitdaten \u00fcber den Status von Arbeitsauftr\u00e4gen und potenziell ausfallende Aufgaben zu erhalten und alle Informationen zu \u00fcberwachen, um sicherzustellen, dass die erforderlichen T\u00e4tigkeiten ausgef\u00fchrt werden?<\/p>\n<\/div>\n          \n        <\/section>\n\n<\/div><!-- .overit-block-wrapper -->\n<\/div><!-- .overit-block -->\n\n\n<div\n  class=\"overit-block overit-block--white overit-radius-full overit-no-margin overit-padding-small-bottom overit-block--fullwidth\n  overit-block-configurable-jumbotron\"\n        >\n  \n  <div class=\"overit-block-wrapper\">\n\n<section class=\"configurable-jumbotron left\" >\n                  <div class=\"cj-section-title\">Die L\u00f6sung<\/div>\n          \n                  <h3  class=\"cj-title small\">Wie der Assistent f\u00fcr die Planung kritischer Auftr\u00e4ge \u201eCritical jobs scheduling assistant\u201c Aufgaben auf Kurs h\u00e4lt<\/h3 >\n          \n                  <div class=\"cj-subtitle small\"><p>Mit dem Critical jobs scheduling assistant k\u00f6nnen Disponenten schnell Probleme durch nicht erledigte oder nicht geplante Aufgaben erkennen (z.B. ungeplante Arbeiten, die kurz vor dem Ablauf stehen, geplante Arbeiten, die noch nicht von Technikern \u00fcbernommen wurden, oder Aufgaben, die von Technikern \u00fcbernommen, aber noch nicht begonnen wurden, <a href=\"https:\/\/www.overit.ai\/de\/plattform\/nextgen-fsm\/field-service-planungssoftware\/\">terminbezogene Arbeitsauftr\u00e4ge<\/a>, die nicht geplant sind usw.). Mit dieser Funktion werden alle kritischen Auftr\u00e4ge optisch angezeigt, so dass der Zeitplan schnell und pr\u00e4zise angeglichen werden kann. Die Disponenten haben den vollst\u00e4ndigen \u00dcberblick \u00fcber Echtzeit- und Vollinformationen \u00fcber Probleme und nicht erledigte Auftr\u00e4ge, deren Grund und Dringlichkeit, um umgehend auf \u00c4nderungen zu reagieren. Auf diese Weise unterst\u00fctzen Unternehmen Disponenten und Planer bei der <a href=\"https:\/\/www.overit.ai\/de\/plattform\/nextgen-fsm\/field-service-planungssoftware\/\">tagesaktuellen Planung<\/a> von Aktivit\u00e4ten, um einfach auf \u00c4nderungen reagieren zu k\u00f6nnen, indem sie Probleme proaktiv beheben und Aktivit\u00e4ten an Techniker disponieren, statt dies sp\u00e4t oder reaktiv zu tun, um sicherzustellen, dass der Auftrag erledigt wird.<\/p>\n<\/div>\n          \n        <\/section>\n\n<\/div><!-- .overit-block-wrapper -->\n<\/div><!-- .overit-block -->\n\n\n<div\n  class=\"overit-block overit-block--white overit-radius-full overit-no-margin overit-padding-small-bottom overit-block--fullwidth\n  overit-block-configurable-jumbotron\"\n        >\n  \n  <div class=\"overit-block-wrapper\">\n\n<section class=\"configurable-jumbotron left\" >\n    \n                  <h3  class=\"cj-title small\">Auswirkungen und KPIs<\/h3 >\n          \n    \n        <\/section>\n\n<\/div><!-- .overit-block-wrapper -->\n<\/div><!-- .overit-block -->\n\n\n<div\n  class=\"overit-block overit-block--white overit-radius-full overit-no-margin overit-padding-medium-bottom \n  overit-block-multi-info-cards\"\n        >\n  \n  <div class=\"overit-block-wrapper\">\n\n<div class=\"info-cards info-cards--4 info-cards--align-left\">\n        <div class=\"info-cards__sections \">\n                  <div class=\"info-card info-card--4\n           info-card--bg-gray           \n          \n          info-card--top-line\n        \">\n        <div class=\"info-card-inner\">\n                                  <div class=\"info-card__icon\">\n                            <i aria-hidden=\"true\" style=\"color: #FF8200;font-size: 32px;\" class=\"fa-classic fa-light fa-calendar-star\" aria-hidden=\"true\"><\/i>\n            <\/div>\n                                            <div class=\"info-card__title \" >\n              Bessere Zeitplanoptimierung\n            <\/div>\n                            <\/div>\n      <\/div>\n                  <div class=\"info-card info-card--4\n           info-card--bg-gray           \n          \n          info-card--top-line\n        \">\n        <div class=\"info-card-inner\">\n                                  <div class=\"info-card__icon\">\n                            <i aria-hidden=\"true\" style=\"color: #FF8200;font-size: 32px;\" class=\"fa-classic fa-light fa-calendar-week\" aria-hidden=\"true\"><\/i>\n            <\/div>\n                                            <div class=\"info-card__title \" >\n              Vereinfachung der tagesaktuellen T\u00e4tigkeit des Planers\n            <\/div>\n                            <\/div>\n      <\/div>\n                  <div class=\"info-card info-card--4\n           info-card--bg-gray           \n          \n          info-card--top-line\n        \">\n        <div class=\"info-card-inner\">\n                                  <div class=\"info-card__icon\">\n                            <i aria-hidden=\"true\" style=\"color: #FF8200;font-size: 32px;\" class=\"fa-classic fa-light fa-person-circle-check\" aria-hidden=\"true\"><\/i>\n            <\/div>\n                                            <div class=\"info-card__title \" >\n              Mehr geplante und ausgef\u00fchrte Arbeitsauftr\u00e4ge pro Tag\n            <\/div>\n                            <\/div>\n      <\/div>\n                  <div class=\"info-card info-card--4\n           info-card--bg-gray           \n          \n          info-card--top-line\n        \">\n        <div class=\"info-card-inner\">\n                                  <div class=\"info-card__icon\">\n                            <i aria-hidden=\"true\" style=\"color: #FF8200;font-size: 32px;\" class=\"fa-classic fa-light fa-piggy-bank\" aria-hidden=\"true\"><\/i>\n            <\/div>\n                                            <div class=\"info-card__title \" >\n              Kosten- und Zeitersparnis\n            <\/div>\n                            <\/div>\n      <\/div>\n          <\/div>\n  <\/div>\n\n<\/div><!-- .overit-block-wrapper -->\n<\/div><!-- .overit-block -->\n\n\n\n<p><\/p>\n","protected":false},"excerpt":{"rendered":"","protected":false},"author":3,"featured_media":0,"parent":66810,"menu_order":0,"comment_status":"closed","ping_status":"closed","template":"","meta":{"_acf_changed":false,"footnotes":""},"case_study_category":[],"class_list":["post-67879","page","type-page","status-publish","hentry"],"acf":[],"yoast_head":"<!-- This site is optimized with the Yoast SEO Premium plugin v25.6 (Yoast SEO v25.6) - https:\/\/yoast.com\/wordpress\/plugins\/seo\/ -->\n<title>Critical Jobs Scheduling Assistant f\u00fcr Field Service | OverIT<\/title>\n<meta name=\"description\" content=\"Der Critical Jobs Scheduling Assistant erkennt In-Jeopardy Tasks in Echtzeit und hilft Disponenten, Au\u00dfendiensteins\u00e4tze schneller neu zu planen.\" \/>\n<meta name=\"robots\" content=\"index, follow, max-snippet:-1, max-image-preview:large, max-video-preview:-1\" \/>\n<link rel=\"canonical\" href=\"https:\/\/www.overit.ai\/de\/plattform\/field-service-management-software\/field-service-planungssoftware\/critical-jobs-scheduling\/\" \/>\n<meta property=\"og:locale\" content=\"de_DE\" \/>\n<meta property=\"og:type\" content=\"article\" \/>\n<meta property=\"og:title\" content=\"Critical Jobs Scheduling Assistant f\u00fcr Field Service | OverIT\" \/>\n<meta property=\"og:description\" content=\"Der Critical Jobs Scheduling Assistant erkennt In-Jeopardy Tasks in Echtzeit und hilft Disponenten, Au\u00dfendiensteins\u00e4tze schneller neu zu planen.\" \/>\n<meta property=\"og:url\" content=\"https:\/\/www.overit.ai\/de\/plattform\/field-service-management-software\/field-service-planungssoftware\/critical-jobs-scheduling\/\" \/>\n<meta property=\"og:site_name\" content=\"OverIT\" \/>\n<meta property=\"article:modified_time\" content=\"2026-03-10T14:37:32+00:00\" \/>\n<meta name=\"twitter:card\" content=\"summary_large_image\" \/>\n<meta name=\"twitter:title\" content=\"Critical Jobs Scheduling Assistant f\u00fcr Field Service | OverIT\" \/>\n<meta name=\"twitter:description\" content=\"Der Critical Jobs Scheduling Assistant erkennt In-Jeopardy Tasks in Echtzeit und hilft Disponenten, Au\u00dfendiensteins\u00e4tze schneller neu zu planen.\" \/>\n<meta name=\"twitter:label1\" content=\"Est. reading time\" \/>\n\t<meta name=\"twitter:data1\" content=\"3 minutes\" \/>\n<script type=\"application\/ld+json\" class=\"yoast-schema-graph\">{\"@context\":\"https:\/\/schema.org\",\"@graph\":[{\"@type\":\"WebPage\",\"@id\":\"https:\/\/www.overit.ai\/de\/plattform\/field-service-management-software\/field-service-planungssoftware\/critical-jobs-scheduling\/\",\"url\":\"https:\/\/www.overit.ai\/de\/plattform\/field-service-management-software\/field-service-planungssoftware\/critical-jobs-scheduling\/\",\"name\":\"Critical Jobs Scheduling Assistant f\u00fcr Field Service | OverIT\",\"isPartOf\":{\"@id\":\"https:\/\/www.overit.ai\/de\/#website\"},\"datePublished\":\"2026-03-09T14:32:08+00:00\",\"dateModified\":\"2026-03-10T14:37:32+00:00\",\"description\":\"Der Critical Jobs Scheduling Assistant erkennt In-Jeopardy Tasks in Echtzeit und hilft Disponenten, Au\u00dfendiensteins\u00e4tze schneller neu zu planen.\",\"breadcrumb\":{\"@id\":\"https:\/\/www.overit.ai\/de\/plattform\/field-service-management-software\/field-service-planungssoftware\/critical-jobs-scheduling\/#breadcrumb\"},\"inLanguage\":\"de-DE\",\"potentialAction\":[{\"@type\":\"ReadAction\",\"target\":[\"https:\/\/www.overit.ai\/de\/plattform\/field-service-management-software\/field-service-planungssoftware\/critical-jobs-scheduling\/\"]}]},{\"@type\":\"BreadcrumbList\",\"@id\":\"https:\/\/www.overit.ai\/de\/plattform\/field-service-management-software\/field-service-planungssoftware\/critical-jobs-scheduling\/#breadcrumb\",\"itemListElement\":[{\"@type\":\"ListItem\",\"position\":1,\"name\":\"Home\",\"item\":\"https:\/\/www.overit.ai\/de\/\"},{\"@type\":\"ListItem\",\"position\":2,\"name\":\"Plattform\",\"item\":\"https:\/\/www.overit.ai\/de\/plattform\/\"},{\"@type\":\"ListItem\",\"position\":3,\"name\":\"NextGen FSM\",\"item\":\"https:\/\/www.overit.ai\/de\/plattform\/field-service-management-software\/\"},{\"@type\":\"ListItem\",\"position\":4,\"name\":\"Field Service-Planungssoftware\",\"item\":\"https:\/\/www.overit.ai\/de\/plattform\/field-service-management-software\/field-service-planungssoftware\/\"},{\"@type\":\"ListItem\",\"position\":5,\"name\":\"Critical Jobs Scheduling\"}]},{\"@type\":\"WebSite\",\"@id\":\"https:\/\/www.overit.ai\/de\/#website\",\"url\":\"https:\/\/www.overit.ai\/de\/\",\"name\":\"OverIT\",\"description\":\"Innovation in Field Service Management\",\"publisher\":{\"@id\":\"https:\/\/www.overit.ai\/de\/#organization\"},\"potentialAction\":[{\"@type\":\"SearchAction\",\"target\":{\"@type\":\"EntryPoint\",\"urlTemplate\":\"https:\/\/www.overit.ai\/de\/?s={search_term_string}\"},\"query-input\":{\"@type\":\"PropertyValueSpecification\",\"valueRequired\":true,\"valueName\":\"search_term_string\"}}],\"inLanguage\":\"de-DE\"},{\"@type\":\"Organization\",\"@id\":\"https:\/\/www.overit.ai\/de\/#organization\",\"name\":\"OverIT\",\"url\":\"https:\/\/www.overit.ai\/de\/\",\"logo\":{\"@type\":\"ImageObject\",\"inLanguage\":\"de-DE\",\"@id\":\"https:\/\/www.overit.ai\/de\/#\/schema\/logo\/image\/\",\"url\":\"https:\/\/www.overit.ai\/app\/uploads\/2021\/10\/OverIT-logo-400.png\",\"contentUrl\":\"https:\/\/www.overit.ai\/app\/uploads\/2021\/10\/OverIT-logo-400.png\",\"width\":400,\"height\":250,\"caption\":\"OverIT\"},\"image\":{\"@id\":\"https:\/\/www.overit.ai\/de\/#\/schema\/logo\/image\/\"}}]}<\/script>\n<!-- \/ Yoast SEO Premium plugin. -->","yoast_head_json":{"title":"Critical Jobs Scheduling Assistant f\u00fcr Field Service | OverIT","description":"Der Critical Jobs Scheduling Assistant erkennt In-Jeopardy Tasks in Echtzeit und hilft Disponenten, Au\u00dfendiensteins\u00e4tze schneller neu zu planen.","robots":{"index":"index","follow":"follow","max-snippet":"max-snippet:-1","max-image-preview":"max-image-preview:large","max-video-preview":"max-video-preview:-1"},"canonical":"https:\/\/www.overit.ai\/de\/plattform\/field-service-management-software\/field-service-planungssoftware\/critical-jobs-scheduling\/","og_locale":"de_DE","og_type":"article","og_title":"Critical Jobs Scheduling Assistant f\u00fcr Field Service | OverIT","og_description":"Der Critical Jobs Scheduling Assistant erkennt In-Jeopardy Tasks in Echtzeit und hilft Disponenten, Au\u00dfendiensteins\u00e4tze schneller neu zu planen.","og_url":"https:\/\/www.overit.ai\/de\/plattform\/field-service-management-software\/field-service-planungssoftware\/critical-jobs-scheduling\/","og_site_name":"OverIT","article_modified_time":"2026-03-10T14:37:32+00:00","twitter_card":"summary_large_image","twitter_title":"Critical Jobs Scheduling Assistant f\u00fcr Field Service | OverIT","twitter_description":"Der Critical Jobs Scheduling Assistant erkennt In-Jeopardy Tasks in Echtzeit und hilft Disponenten, Au\u00dfendiensteins\u00e4tze schneller neu zu planen.","twitter_misc":{"Est. reading time":"3 minutes"},"schema":{"@context":"https:\/\/schema.org","@graph":[{"@type":"WebPage","@id":"https:\/\/www.overit.ai\/de\/plattform\/field-service-management-software\/field-service-planungssoftware\/critical-jobs-scheduling\/","url":"https:\/\/www.overit.ai\/de\/plattform\/field-service-management-software\/field-service-planungssoftware\/critical-jobs-scheduling\/","name":"Critical Jobs Scheduling Assistant f\u00fcr Field Service | OverIT","isPartOf":{"@id":"https:\/\/www.overit.ai\/de\/#website"},"datePublished":"2026-03-09T14:32:08+00:00","dateModified":"2026-03-10T14:37:32+00:00","description":"Der Critical Jobs Scheduling Assistant erkennt In-Jeopardy Tasks in Echtzeit und hilft Disponenten, Au\u00dfendiensteins\u00e4tze schneller neu zu planen.","breadcrumb":{"@id":"https:\/\/www.overit.ai\/de\/plattform\/field-service-management-software\/field-service-planungssoftware\/critical-jobs-scheduling\/#breadcrumb"},"inLanguage":"de-DE","potentialAction":[{"@type":"ReadAction","target":["https:\/\/www.overit.ai\/de\/plattform\/field-service-management-software\/field-service-planungssoftware\/critical-jobs-scheduling\/"]}]},{"@type":"BreadcrumbList","@id":"https:\/\/www.overit.ai\/de\/plattform\/field-service-management-software\/field-service-planungssoftware\/critical-jobs-scheduling\/#breadcrumb","itemListElement":[{"@type":"ListItem","position":1,"name":"Home","item":"https:\/\/www.overit.ai\/de\/"},{"@type":"ListItem","position":2,"name":"Plattform","item":"https:\/\/www.overit.ai\/de\/plattform\/"},{"@type":"ListItem","position":3,"name":"NextGen FSM","item":"https:\/\/www.overit.ai\/de\/plattform\/field-service-management-software\/"},{"@type":"ListItem","position":4,"name":"Field Service-Planungssoftware","item":"https:\/\/www.overit.ai\/de\/plattform\/field-service-management-software\/field-service-planungssoftware\/"},{"@type":"ListItem","position":5,"name":"Critical Jobs Scheduling"}]},{"@type":"WebSite","@id":"https:\/\/www.overit.ai\/de\/#website","url":"https:\/\/www.overit.ai\/de\/","name":"OverIT","description":"Innovation in Field Service Management","publisher":{"@id":"https:\/\/www.overit.ai\/de\/#organization"},"potentialAction":[{"@type":"SearchAction","target":{"@type":"EntryPoint","urlTemplate":"https:\/\/www.overit.ai\/de\/?s={search_term_string}"},"query-input":{"@type":"PropertyValueSpecification","valueRequired":true,"valueName":"search_term_string"}}],"inLanguage":"de-DE"},{"@type":"Organization","@id":"https:\/\/www.overit.ai\/de\/#organization","name":"OverIT","url":"https:\/\/www.overit.ai\/de\/","logo":{"@type":"ImageObject","inLanguage":"de-DE","@id":"https:\/\/www.overit.ai\/de\/#\/schema\/logo\/image\/","url":"https:\/\/www.overit.ai\/app\/uploads\/2021\/10\/OverIT-logo-400.png","contentUrl":"https:\/\/www.overit.ai\/app\/uploads\/2021\/10\/OverIT-logo-400.png","width":400,"height":250,"caption":"OverIT"},"image":{"@id":"https:\/\/www.overit.ai\/de\/#\/schema\/logo\/image\/"}}]}},"_links":{"self":[{"href":"https:\/\/www.overit.ai\/de\/wp-json\/wp\/v2\/pages\/67879","targetHints":{"allow":["GET"]}}],"collection":[{"href":"https:\/\/www.overit.ai\/de\/wp-json\/wp\/v2\/pages"}],"about":[{"href":"https:\/\/www.overit.ai\/de\/wp-json\/wp\/v2\/types\/page"}],"author":[{"embeddable":true,"href":"https:\/\/www.overit.ai\/de\/wp-json\/wp\/v2\/users\/3"}],"replies":[{"embeddable":true,"href":"https:\/\/www.overit.ai\/de\/wp-json\/wp\/v2\/comments?post=67879"}],"version-history":[{"count":4,"href":"https:\/\/www.overit.ai\/de\/wp-json\/wp\/v2\/pages\/67879\/revisions"}],"predecessor-version":[{"id":70020,"href":"https:\/\/www.overit.ai\/de\/wp-json\/wp\/v2\/pages\/67879\/revisions\/70020"}],"up":[{"embeddable":true,"href":"https:\/\/www.overit.ai\/de\/wp-json\/wp\/v2\/pages\/66810"}],"wp:attachment":[{"href":"https:\/\/www.overit.ai\/de\/wp-json\/wp\/v2\/media?parent=67879"}],"wp:term":[{"taxonomy":"case_study_category","embeddable":true,"href":"https:\/\/www.overit.ai\/de\/wp-json\/wp\/v2\/case_study_category?post=67879"}],"curies":[{"name":"wp","href":"https:\/\/api.w.org\/{rel}","templated":true}]}}