{"id":67558,"date":"2026-03-25T10:59:44","date_gmt":"2026-03-25T10:59:44","guid":{"rendered":"https:\/\/www.overit.ai\/?page_id=67558"},"modified":"2026-03-25T10:59:46","modified_gmt":"2026-03-25T10:59:46","slug":"mobile-gis-redlining","status":"publish","type":"page","link":"https:\/\/www.overit.ai\/de\/plattform\/field-service-management-software\/mobile-workforce-management\/mobile-gis-redlining\/","title":{"rendered":"Mobile GIS redlining"},"content":{"rendered":"<div\n  class=\"overit-block overit-block--light-gray overit-radius-none overit-no-margin overit-padding-small-top \n  overit-block-wide-info-image\"\n        >\n  \n  <div class=\"overit-block-wrapper\">\n\n\n\n\n<div class=\"wii right  \" id=\"\">\n        <div class=\"wii__content\" >\n                  <h1 class=\"wii__section-title\" style=\"\">Mobile GIS redlining<\/h1>\n          \n                      <h2 id=\"wii-title-69df48db943cc\" class=\"wii__title\" style=\"  \">Mobile GIS Redlining: Echtzeitgenauigkeit f\u00fcr Au\u00dfendiensttechniker<\/h2>\n          \n    \n        \n    \n    \n    \n      <\/div>\n  \n      <div class=\"wii__image\" >\n          <div class=\"overit-video\">\n                <div class=\"overit-video__iframe\" >\n          <iframe title=\"OverIT NextGen Platform 2023 Wave Three - Mobile GIS redlining Video\" src=\"https:\/\/fast.wistia.net\/embed\/iframe\/4yi0aqgtrt?dnt=1\" allow=\"autoplay; fullscreen\" allowtransparency=\"true\" frameborder=\"0\" scrolling=\"no\" class=\"wistia_embed\" name=\"wistia_embed\" msallowfullscreen width=\"640\" height=\"360\"><\/iframe><script src=\"https:\/\/fast.wistia.net\/assets\/external\/E-v1.js\" async><\/script>        <\/div>\n      <\/div>\n      <\/div>\n  \n  <\/div>\n\n<\/div><!-- .overit-block-wrapper -->\n<\/div><!-- .overit-block -->\n\n\n<div\n  class=\"overit-block overit-block--white overit-radius-full overit-no-margin overit-padding-small overit-block--fullwidth\n  overit-block-configurable-jumbotron\"\n        >\n  \n  <div class=\"overit-block-wrapper\">\n\n<section class=\"configurable-jumbotron left\" >\n                  <div class=\"cj-section-title\">Die Herausforderung<\/div>\n          \n                  <h3  class=\"cj-title small\">Veraltete GIS-Daten im Au\u00dfendienst<\/h3 >\n          \n                  <div class=\"cj-subtitle small\"><p>Techniker st\u00fctzen sich bei ihrer Au\u00dfendienstt\u00e4tigkeit h\u00e4ufig auf Karten und verschiedene <a href=\"https:\/\/www.overit.ai\/de\/plattform\/nextgen-fsm\/geografisches-informationssystem-gis\/\">GIS-Daten (Geografisches Informationssystem)<\/a>. Diese Karten stellen wichtige Informationen \u00fcber den Standort der Anlagen, die Infrastruktur, das Grundst\u00fcck und andere relevante r\u00e4umliche Daten bereit. Allerdings ist die reale Welt dynamisch, denn es werden st\u00e4ndig neue Infrastrukturen gebaut, Grundst\u00fccke umgewandelt und die Landschaft entwickelt sich weiter, so dass viele GIS-Daten veraltet, sein k\u00f6nnen.<\/p>\n<ul>\n<li>Wenn die Kartendaten ungenau sind, verschwendet ein Techniker m\u00f6glicherweise Zeit mit der Suche nach einem Objekt an einem Ort, der nicht mit dem auf der Karte \u00fcbereinstimmt, was wiederum zu Fehlern bei Au\u00dfendiensteins\u00e4tzen f\u00fchrt.<\/li>\n<li>Der eingeschr\u00e4nkte Zugriff auf die neuesten Aktualisierungen und \u00c4nderungen der Karte kann dazu f\u00fchren, dass Techniker auf veraltete Informationen zur\u00fcckgreifen, was wiederum Fehler oder Ineffizienzen zur Folge haben kann.<\/li>\n<li>Ungenaue oder veraltete Karten k\u00f6nnen effektive Kommunikations- und Entscheidungsprozesse behindern.<\/li>\n<li>Die Suche nach Anlagen am falschen Ort oder die Notwendigkeit, Informationen aufgrund veralteter Karten doppelt zu \u00fcberpr\u00fcfen, kann zeit- und ressourcenaufwendig sein.<\/li>\n<\/ul>\n<p>Nehmen wir an, ein <a href=\"https:\/\/www.overit.ai\/de\/branchen\/energie-versorgung\/\">Versorgungsunternehmen<\/a> verwaltet ein riesiges Netz von Pipelines und \u00dcberlandleitungen, um Wasser, Gas und Strom in verschiedenen Regionen bereitzustellen. Au\u00dfendienstmitarbeiter verlassen sich in hohem Ma\u00dfe auf GIS-Karten, um den Standort und die Eigenschaften dieser Objekte zu ermitteln. Aber was passiert, wenn neue Gaspipelines in das Netz integriert werden? Wenn die Techniker ankommen, entdecken sie Diskrepanzen zwischen der Karte und der tats\u00e4chlichen Infrastruktur vor Ort. Diese Unstimmigkeiten k\u00f6nnen Verwirrung, Ineffizienz und potenzielle Sicherheitsbedenken zur Folge haben.<\/p>\n<p>Dasselbe passiert, wenn Techniker vor Ort Windkraftanlagen inspizieren und feststellen, dass sich die Landschaft aufgrund der j\u00fcngsten Wetterereignisse ver\u00e4ndert hat, was Ver\u00e4nderungen des Gel\u00e4ndes und der Vegetationsmuster sowie potenzielle Gefahren zur Folge hat.<\/p>\n<p>Bisher mussten die Techniker, wenn sie ungenaue GIS-Daten entdeckten, die \u00c4nderungen auf Papier, per E-Mail oder auf andere ineffiziente Weise dokumentieren und zur Aktualisierung an das Back Office weiterleiten. Das Back-Office m\u00fcsste dann den genauen Standort ermitteln und herausfinden, wie die Daten aktualisiert werden m\u00fcssen, damit sie der tats\u00e4chlichen Situation vor Ort entsprechen. Es kann Wochen oder l\u00e4nger dauern, bis die GIS-Daten aktualisiert, \u00fcberpr\u00fcft und an die Techniker weitergegeben werden.<\/p>\n<\/div>\n          \n        <\/section>\n\n<\/div><!-- .overit-block-wrapper -->\n<\/div><!-- .overit-block -->\n\n\n<div\n  class=\"overit-block overit-block--white overit-radius-full overit-no-margin overit-padding-small-bottom overit-block--fullwidth\n  overit-block-configurable-jumbotron\"\n        >\n  \n  <div class=\"overit-block-wrapper\">\n\n<section class=\"configurable-jumbotron left\" >\n                  <div class=\"cj-section-title\">Die L\u00f6sung<\/div>\n          \n                  <h3  class=\"cj-title small\">Mobile GIS Redlining in Echtzeit<\/h3 >\n          \n                  <div class=\"cj-subtitle small\"><p>Mit der mobilen GIS-Redlining-Funktion k\u00f6nnen Techniker Ungenauigkeiten oder notwendige \u00c4nderungen, die dem tats\u00e4chlichen Zustand vor Ort entsprechen, direkt auf der Karte markieren. Sie k\u00f6nnen auf die GIS-Karte auf ihren mobilen Ger\u00e4ten zugreifen und sie mit der tats\u00e4chlich vorgefundenen Infrastruktur vergleichen. Wenn sie Unstimmigkeiten oder \u00c4nderungen feststellen, k\u00f6nnen sie die Redlining-Funktion verwenden, um die aktualisierten Informationen direkt auf der Karte zu markieren. Wenn also eine neue Gasleitung verlegt wurde, k\u00f6nnen die Techniker den Verlauf der Leitung auf der Karte einzeichnen und relevante Informationen wie das Installationsdatum und das verwendete Material anh\u00e4ngen. Die aktualisierten Daten werden dann zur \u00dcberpr\u00fcfung an das Back-Office weitergeleitet, dadurch verk\u00fcrzt sich die f\u00fcr die Aktualisierung der GIS-Daten ben\u00f6tigte Zeit erheblich, so dass die Au\u00dfendiensttechniker sie wieder abrufen k\u00f6nnen.<\/p>\n<p>Benutzer erfassen in Echtzeit ihre Beobachtungen, vermerken \u00c4nderungen, Aktualisierungen, Korrekturen und Notizen direkt auf einer Karte, die sie mit anderen teilen k\u00f6nnen. Diese Live-Updates erh\u00f6hen die Genauigkeit, steigern die betriebliche Effizienz und verbessern die Sicherheitsma\u00dfnahmen.<\/p>\n<ul>\n<li>Hinzuf\u00fcgen von Anmerkungen, Notizen und Bildern auf der Karte, um die von den Technikern beobachteten Ver\u00e4nderungen anzuzeigen. Dadurch wird sichergestellt, dass die Karte immer genauer wird und neue Informationen zeitnah integriert werden.<\/li>\n<li>Eingabe von Informationen auf der Karte direkt am Ort der Beobachtung. Dies verringert die Wahrscheinlichkeit von Fehlern und gew\u00e4hrleistet genaue und aktuelle Aufzeichnungen.<\/li>\n<li>Sofortiger Austausch von kommentierten Karten mit Kollegen und dem Backoffice-Team. Dies erleichtert die Kommunikation, da alle Beteiligten auf die neuesten Vor-Ort-Beobachtungen und Aktualisierungen zugreifen k\u00f6nnen, so dass sich alle Beteiligten bei ihrer Arbeit auf die neuesten Informationen verlassen k\u00f6nnen<\/li>\n<li>Verbesserte Zusammenarbeit zwischen Au\u00dfenteams, Technikern und Back-Office-Mitarbeitern. Die Anmerkungen auf der Karte bieten einen deutlich sichtbaren Kontext, um Missverst\u00e4ndnisse zu vermeiden und die reibungslose Teamarbeit zu f\u00f6rdern.<\/li>\n<\/ul>\n<p>Mit dieser Funktion k\u00f6nnen Techniker zur Genauigkeit der Karte beitragen, die Verwaltung und Aktualisierung von Informationen auf der Karte revolutionieren und Unternehmen in eine neue Phase der Effizienz und Zusammenarbeit f\u00fchren &#8211; und das alles mit der mobilen <a href=\"https:\/\/www.overit.ai\/de\/plattform\/nextgen-fsm\/\">OverIT FSM-App<\/a>.<\/p>\n<\/div>\n          \n        <\/section>\n\n<\/div><!-- .overit-block-wrapper -->\n<\/div><!-- .overit-block -->\n\n\n<div\n  class=\"overit-block overit-block--white overit-radius-full overit-no-margin overit-padding-small-bottom overit-block--fullwidth\n  overit-block-configurable-jumbotron\"\n        >\n  \n  <div class=\"overit-block-wrapper\">\n\n<section class=\"configurable-jumbotron left\" >\n                  <div class=\"cj-section-title\">Auswirkungen und KPIs<\/div>\n          \n                  <h3  class=\"cj-title small\">Genauigkeit, Zusammenarbeit und Effizienz<\/h3 >\n          \n    \n        <\/section>\n\n<\/div><!-- .overit-block-wrapper -->\n<\/div><!-- .overit-block -->\n\n\n<div\n  class=\"overit-block overit-block--white overit-radius-full overit-no-margin overit-padding-medium-bottom \n  overit-block-multi-info-cards\"\n        >\n  \n  <div class=\"overit-block-wrapper\">\n\n<div class=\"info-cards info-cards--4 info-cards--align-left\">\n        <div class=\"info-cards__sections \">\n                  <div class=\"info-card info-card--4\n           info-card--bg-gray           \n          \n          info-card--top-line\n        \">\n        <div class=\"info-card-inner\">\n                                  <div class=\"info-card__icon\">\n                            <i aria-hidden=\"true\" style=\"color: #FF8200;font-size: 32px;\" class=\"fa-classic fa-light fa-user-helmet-safety\" aria-hidden=\"true\"><\/i>\n            <\/div>\n                                            <div class=\"info-card__title \" >\n              Rationalisierte Arbeitsabl\u00e4ufe vor Ort\n            <\/div>\n                            <\/div>\n      <\/div>\n                  <div class=\"info-card info-card--4\n           info-card--bg-gray           \n          \n          info-card--top-line\n        \">\n        <div class=\"info-card-inner\">\n                                  <div class=\"info-card__icon\">\n                            <i aria-hidden=\"true\" style=\"color: #FF8200;font-size: 32px;\" class=\"fa-kit fa-custom fa-overit-helmet-remote-support\" aria-hidden=\"true\"><\/i>\n            <\/div>\n                                            <div class=\"info-card__title \" >\n              F\u00f6rderung der Zusammenarbeit innerhalb der Organisation\n            <\/div>\n                            <\/div>\n      <\/div>\n                  <div class=\"info-card info-card--4\n           info-card--bg-gray           \n          \n          info-card--top-line\n        \">\n        <div class=\"info-card-inner\">\n                                  <div class=\"info-card__icon\">\n                            <i aria-hidden=\"true\" style=\"color: #FF8200;font-size: 32px;\" class=\"fa-classic fa-light fa-person-circle-check\" aria-hidden=\"true\"><\/i>\n            <\/div>\n                                            <div class=\"info-card__title \" >\n              Schnellere Datenerfassung vor Ort\n            <\/div>\n                            <\/div>\n      <\/div>\n                  <div class=\"info-card info-card--4\n           info-card--bg-gray           \n          \n          info-card--top-line\n        \">\n        <div class=\"info-card-inner\">\n                                  <div class=\"info-card__icon\">\n                            <i aria-hidden=\"true\" style=\"color: #FF8200;font-size: 32px;\" class=\"fa-classic fa-light fa-piggy-bank\" aria-hidden=\"true\"><\/i>\n            <\/div>\n                                            <div class=\"info-card__title \" >\n              Zeit- und Kostenersparnis\n            <\/div>\n                            <\/div>\n      <\/div>\n          <\/div>\n  <\/div>\n\n<\/div><!-- .overit-block-wrapper -->\n<\/div><!-- .overit-block -->\n","protected":false},"excerpt":{"rendered":"","protected":false},"author":3,"featured_media":0,"parent":68499,"menu_order":0,"comment_status":"closed","ping_status":"closed","template":"","meta":{"_acf_changed":false,"footnotes":""},"case_study_category":[],"class_list":["post-67558","page","type-page","status-publish","hentry"],"acf":[],"yoast_head":"<!-- This site is optimized with the Yoast SEO Premium plugin v25.6 (Yoast SEO v25.6) - https:\/\/yoast.com\/wordpress\/plugins\/seo\/ -->\n<title>Mobile GIS Redlining f\u00fcr Au\u00dfendiensttechniker | OverIT<\/title>\n<meta name=\"description\" content=\"Mobile GIS Redlining verbessert die Genauigkeit von Kartendaten im Au\u00dfendienst durch Echtzeit-Updates, Anmerkungen und nahtlose Zusammenarbeit.\" \/>\n<meta name=\"robots\" content=\"index, follow, max-snippet:-1, max-image-preview:large, max-video-preview:-1\" \/>\n<link rel=\"canonical\" href=\"https:\/\/www.overit.ai\/de\/plattform\/field-service-management-software\/mobile-workforce-management\/mobile-gis-redlining\/\" \/>\n<meta property=\"og:locale\" content=\"de_DE\" \/>\n<meta property=\"og:type\" content=\"article\" \/>\n<meta property=\"og:title\" content=\"Mobile GIS Redlining f\u00fcr Au\u00dfendiensttechniker | OverIT\" \/>\n<meta property=\"og:description\" content=\"Mobile GIS Redlining verbessert die Genauigkeit von Kartendaten im Au\u00dfendienst durch Echtzeit-Updates, Anmerkungen und nahtlose Zusammenarbeit.\" \/>\n<meta property=\"og:url\" content=\"https:\/\/www.overit.ai\/de\/plattform\/field-service-management-software\/mobile-workforce-management\/mobile-gis-redlining\/\" \/>\n<meta property=\"og:site_name\" content=\"OverIT\" \/>\n<meta property=\"article:modified_time\" content=\"2026-03-25T10:59:46+00:00\" \/>\n<meta property=\"og:image\" content=\"https:\/\/www.overit.ai\/app\/uploads\/2026\/03\/mobile-gis-redlining.webp\" \/>\n\t<meta property=\"og:image:width\" content=\"800\" \/>\n\t<meta property=\"og:image:height\" content=\"480\" \/>\n\t<meta property=\"og:image:type\" content=\"image\/webp\" \/>\n<meta name=\"twitter:card\" content=\"summary_large_image\" \/>\n<meta name=\"twitter:title\" content=\"Mobile GIS Redlining f\u00fcr Au\u00dfendiensttechniker | OverIT\" \/>\n<meta name=\"twitter:description\" content=\"Mobile GIS Redlining verbessert die Genauigkeit von Kartendaten im Au\u00dfendienst durch Echtzeit-Updates, Anmerkungen und nahtlose Zusammenarbeit.\" \/>\n<meta name=\"twitter:label1\" content=\"Est. reading time\" \/>\n\t<meta name=\"twitter:data1\" content=\"4 minutes\" \/>\n<script type=\"application\/ld+json\" class=\"yoast-schema-graph\">{\"@context\":\"https:\/\/schema.org\",\"@graph\":[{\"@type\":\"WebPage\",\"@id\":\"https:\/\/www.overit.ai\/de\/plattform\/field-service-management-software\/mobile-workforce-management\/mobile-gis-redlining\/\",\"url\":\"https:\/\/www.overit.ai\/de\/plattform\/field-service-management-software\/mobile-workforce-management\/mobile-gis-redlining\/\",\"name\":\"Mobile GIS Redlining f\u00fcr Au\u00dfendiensttechniker | OverIT\",\"isPartOf\":{\"@id\":\"https:\/\/www.overit.ai\/de\/#website\"},\"datePublished\":\"2026-03-25T10:59:44+00:00\",\"dateModified\":\"2026-03-25T10:59:46+00:00\",\"description\":\"Mobile GIS Redlining verbessert die Genauigkeit von Kartendaten im Au\u00dfendienst durch Echtzeit-Updates, Anmerkungen und nahtlose Zusammenarbeit.\",\"breadcrumb\":{\"@id\":\"https:\/\/www.overit.ai\/de\/plattform\/field-service-management-software\/mobile-workforce-management\/mobile-gis-redlining\/#breadcrumb\"},\"inLanguage\":\"de-DE\",\"potentialAction\":[{\"@type\":\"ReadAction\",\"target\":[\"https:\/\/www.overit.ai\/de\/plattform\/field-service-management-software\/mobile-workforce-management\/mobile-gis-redlining\/\"]}]},{\"@type\":\"BreadcrumbList\",\"@id\":\"https:\/\/www.overit.ai\/de\/plattform\/field-service-management-software\/mobile-workforce-management\/mobile-gis-redlining\/#breadcrumb\",\"itemListElement\":[{\"@type\":\"ListItem\",\"position\":1,\"name\":\"Home\",\"item\":\"https:\/\/www.overit.ai\/de\/\"},{\"@type\":\"ListItem\",\"position\":2,\"name\":\"Plattform\",\"item\":\"https:\/\/www.overit.ai\/de\/plattform\/\"},{\"@type\":\"ListItem\",\"position\":3,\"name\":\"NextGen FSM\",\"item\":\"https:\/\/www.overit.ai\/de\/plattform\/field-service-management-software\/\"},{\"@type\":\"ListItem\",\"position\":4,\"name\":\"Mobile Workforce Management\",\"item\":\"https:\/\/www.overit.ai\/de\/plattform\/field-service-management-software\/mobile-workforce-management\/\"},{\"@type\":\"ListItem\",\"position\":5,\"name\":\"Mobile GIS redlining\"}]},{\"@type\":\"WebSite\",\"@id\":\"https:\/\/www.overit.ai\/de\/#website\",\"url\":\"https:\/\/www.overit.ai\/de\/\",\"name\":\"OverIT\",\"description\":\"Innovation in Field Service Management\",\"publisher\":{\"@id\":\"https:\/\/www.overit.ai\/de\/#organization\"},\"potentialAction\":[{\"@type\":\"SearchAction\",\"target\":{\"@type\":\"EntryPoint\",\"urlTemplate\":\"https:\/\/www.overit.ai\/de\/?s={search_term_string}\"},\"query-input\":{\"@type\":\"PropertyValueSpecification\",\"valueRequired\":true,\"valueName\":\"search_term_string\"}}],\"inLanguage\":\"de-DE\"},{\"@type\":\"Organization\",\"@id\":\"https:\/\/www.overit.ai\/de\/#organization\",\"name\":\"OverIT\",\"url\":\"https:\/\/www.overit.ai\/de\/\",\"logo\":{\"@type\":\"ImageObject\",\"inLanguage\":\"de-DE\",\"@id\":\"https:\/\/www.overit.ai\/de\/#\/schema\/logo\/image\/\",\"url\":\"https:\/\/www.overit.ai\/app\/uploads\/2021\/10\/OverIT-logo-400.png\",\"contentUrl\":\"https:\/\/www.overit.ai\/app\/uploads\/2021\/10\/OverIT-logo-400.png\",\"width\":400,\"height\":250,\"caption\":\"OverIT\"},\"image\":{\"@id\":\"https:\/\/www.overit.ai\/de\/#\/schema\/logo\/image\/\"}}]}<\/script>\n<!-- \/ Yoast SEO Premium plugin. -->","yoast_head_json":{"title":"Mobile GIS Redlining f\u00fcr Au\u00dfendiensttechniker | OverIT","description":"Mobile GIS Redlining verbessert die Genauigkeit von Kartendaten im Au\u00dfendienst durch Echtzeit-Updates, Anmerkungen und nahtlose Zusammenarbeit.","robots":{"index":"index","follow":"follow","max-snippet":"max-snippet:-1","max-image-preview":"max-image-preview:large","max-video-preview":"max-video-preview:-1"},"canonical":"https:\/\/www.overit.ai\/de\/plattform\/field-service-management-software\/mobile-workforce-management\/mobile-gis-redlining\/","og_locale":"de_DE","og_type":"article","og_title":"Mobile GIS Redlining f\u00fcr Au\u00dfendiensttechniker | OverIT","og_description":"Mobile GIS Redlining verbessert die Genauigkeit von Kartendaten im Au\u00dfendienst durch Echtzeit-Updates, Anmerkungen und nahtlose Zusammenarbeit.","og_url":"https:\/\/www.overit.ai\/de\/plattform\/field-service-management-software\/mobile-workforce-management\/mobile-gis-redlining\/","og_site_name":"OverIT","article_modified_time":"2026-03-25T10:59:46+00:00","og_image":[{"width":800,"height":480,"url":"https:\/\/www.overit.ai\/app\/uploads\/2026\/03\/mobile-gis-redlining.webp","type":"image\/webp"}],"twitter_card":"summary_large_image","twitter_title":"Mobile GIS Redlining f\u00fcr Au\u00dfendiensttechniker | OverIT","twitter_description":"Mobile GIS Redlining verbessert die Genauigkeit von Kartendaten im Au\u00dfendienst durch Echtzeit-Updates, Anmerkungen und nahtlose Zusammenarbeit.","twitter_misc":{"Est. reading time":"4 minutes"},"schema":{"@context":"https:\/\/schema.org","@graph":[{"@type":"WebPage","@id":"https:\/\/www.overit.ai\/de\/plattform\/field-service-management-software\/mobile-workforce-management\/mobile-gis-redlining\/","url":"https:\/\/www.overit.ai\/de\/plattform\/field-service-management-software\/mobile-workforce-management\/mobile-gis-redlining\/","name":"Mobile GIS Redlining f\u00fcr Au\u00dfendiensttechniker | OverIT","isPartOf":{"@id":"https:\/\/www.overit.ai\/de\/#website"},"datePublished":"2026-03-25T10:59:44+00:00","dateModified":"2026-03-25T10:59:46+00:00","description":"Mobile GIS Redlining verbessert die Genauigkeit von Kartendaten im Au\u00dfendienst durch Echtzeit-Updates, Anmerkungen und nahtlose Zusammenarbeit.","breadcrumb":{"@id":"https:\/\/www.overit.ai\/de\/plattform\/field-service-management-software\/mobile-workforce-management\/mobile-gis-redlining\/#breadcrumb"},"inLanguage":"de-DE","potentialAction":[{"@type":"ReadAction","target":["https:\/\/www.overit.ai\/de\/plattform\/field-service-management-software\/mobile-workforce-management\/mobile-gis-redlining\/"]}]},{"@type":"BreadcrumbList","@id":"https:\/\/www.overit.ai\/de\/plattform\/field-service-management-software\/mobile-workforce-management\/mobile-gis-redlining\/#breadcrumb","itemListElement":[{"@type":"ListItem","position":1,"name":"Home","item":"https:\/\/www.overit.ai\/de\/"},{"@type":"ListItem","position":2,"name":"Plattform","item":"https:\/\/www.overit.ai\/de\/plattform\/"},{"@type":"ListItem","position":3,"name":"NextGen FSM","item":"https:\/\/www.overit.ai\/de\/plattform\/field-service-management-software\/"},{"@type":"ListItem","position":4,"name":"Mobile Workforce Management","item":"https:\/\/www.overit.ai\/de\/plattform\/field-service-management-software\/mobile-workforce-management\/"},{"@type":"ListItem","position":5,"name":"Mobile GIS redlining"}]},{"@type":"WebSite","@id":"https:\/\/www.overit.ai\/de\/#website","url":"https:\/\/www.overit.ai\/de\/","name":"OverIT","description":"Innovation in Field Service Management","publisher":{"@id":"https:\/\/www.overit.ai\/de\/#organization"},"potentialAction":[{"@type":"SearchAction","target":{"@type":"EntryPoint","urlTemplate":"https:\/\/www.overit.ai\/de\/?s={search_term_string}"},"query-input":{"@type":"PropertyValueSpecification","valueRequired":true,"valueName":"search_term_string"}}],"inLanguage":"de-DE"},{"@type":"Organization","@id":"https:\/\/www.overit.ai\/de\/#organization","name":"OverIT","url":"https:\/\/www.overit.ai\/de\/","logo":{"@type":"ImageObject","inLanguage":"de-DE","@id":"https:\/\/www.overit.ai\/de\/#\/schema\/logo\/image\/","url":"https:\/\/www.overit.ai\/app\/uploads\/2021\/10\/OverIT-logo-400.png","contentUrl":"https:\/\/www.overit.ai\/app\/uploads\/2021\/10\/OverIT-logo-400.png","width":400,"height":250,"caption":"OverIT"},"image":{"@id":"https:\/\/www.overit.ai\/de\/#\/schema\/logo\/image\/"}}]}},"_links":{"self":[{"href":"https:\/\/www.overit.ai\/de\/wp-json\/wp\/v2\/pages\/67558","targetHints":{"allow":["GET"]}}],"collection":[{"href":"https:\/\/www.overit.ai\/de\/wp-json\/wp\/v2\/pages"}],"about":[{"href":"https:\/\/www.overit.ai\/de\/wp-json\/wp\/v2\/types\/page"}],"author":[{"embeddable":true,"href":"https:\/\/www.overit.ai\/de\/wp-json\/wp\/v2\/users\/3"}],"replies":[{"embeddable":true,"href":"https:\/\/www.overit.ai\/de\/wp-json\/wp\/v2\/comments?post=67558"}],"version-history":[{"count":5,"href":"https:\/\/www.overit.ai\/de\/wp-json\/wp\/v2\/pages\/67558\/revisions"}],"predecessor-version":[{"id":70514,"href":"https:\/\/www.overit.ai\/de\/wp-json\/wp\/v2\/pages\/67558\/revisions\/70514"}],"up":[{"embeddable":true,"href":"https:\/\/www.overit.ai\/de\/wp-json\/wp\/v2\/pages\/68499"}],"wp:attachment":[{"href":"https:\/\/www.overit.ai\/de\/wp-json\/wp\/v2\/media?parent=67558"}],"wp:term":[{"taxonomy":"case_study_category","embeddable":true,"href":"https:\/\/www.overit.ai\/de\/wp-json\/wp\/v2\/case_study_category?post=67558"}],"curies":[{"name":"wp","href":"https:\/\/api.w.org\/{rel}","templated":true}]}}