{"id":67556,"date":"2026-04-09T07:36:18","date_gmt":"2026-04-09T07:36:18","guid":{"rendered":"https:\/\/www.overit.ai\/?page_id=67556"},"modified":"2026-04-09T07:36:20","modified_gmt":"2026-04-09T07:36:20","slug":"mobile-gis-offline","status":"publish","type":"page","link":"https:\/\/www.overit.ai\/de\/plattform\/field-service-management-software\/mobile-workforce-management\/mobile-gis-offline\/","title":{"rendered":"Mobile GIS offline"},"content":{"rendered":"<div\n  class=\"overit-block overit-block--light-gray overit-radius-full overit-no-margin overit-padding-small-top \n  overit-block-wide-info-image\"\n        >\n  \n  <div class=\"overit-block-wrapper\">\n\n\n\n\n<div class=\"wii right  \" id=\"\">\n        <div class=\"wii__content\" >\n                  <h1 class=\"wii__section-title\" style=\"\">Mobile GIS offline extension<\/h1>\n          \n                      <h2 id=\"wii-title-69ded535d759a\" class=\"wii__title\" style=\"  \">Erweiterung der Offline-Funktionen von GIS, um die Au\u00dfendienstaktivit\u00e4ten bestm\u00f6glich zu unterst\u00fctzen<\/h2>\n          \n    \n        \n    \n    \n    \n      <\/div>\n  \n      <div class=\"wii__image\" >\n          <div class=\"overit-video\">\n                <div class=\"overit-video__iframe\" >\n          <iframe title=\"OverIT NextGen Platform 2023 Wave One - Mobile GIS offline extension Video\" src=\"https:\/\/fast.wistia.net\/embed\/iframe\/1y1rkzlrya?dnt=1\" allow=\"autoplay; fullscreen\" allowtransparency=\"true\" frameborder=\"0\" scrolling=\"no\" class=\"wistia_embed\" name=\"wistia_embed\" msallowfullscreen width=\"640\" height=\"360\"><\/iframe><script src=\"https:\/\/fast.wistia.net\/assets\/external\/E-v1.js\" async><\/script>        <\/div>\n      <\/div>\n      <\/div>\n  \n  <\/div>\n\n<\/div><!-- .overit-block-wrapper -->\n<\/div><!-- .overit-block -->\n\n\n<div\n  class=\"overit-block overit-block--white overit-radius-full overit-no-margin overit-padding-small overit-block--fullwidth\n  overit-block-configurable-jumbotron\"\n        >\n  \n  <div class=\"overit-block-wrapper\">\n\n<section class=\"configurable-jumbotron left\" >\n                  <div class=\"cj-section-title\">Die Herausforderung<\/div>\n          \n                  <h3  class=\"cj-title small\">Au\u00dfendiensttechniker k\u00e4mpfen ohne mobile GIS-Offline-Unterst\u00fctzung<\/h3 >\n          \n                  <div class=\"cj-subtitle small\"><p>Energie &amp; Versorgungsunternehmen, \u00d6l- &amp; Gas-, Telekommunikations- und Transportunternehmen erweitern ihren GIS-Fu\u00dfabdruck und setzen im gesamten Unternehmen ein. <a href=\"https:\/\/www.overit.ai\/de\/plattform\/nextgen-fsm\/geografisches-informationssystem-gis\/\">GIS in Kombination mit FSM<\/a> wird zu einer einzigen Wissensquelle f\u00fcr die Verwaltung der Bed\u00fcrfnisse von Anlagen, Kunden, Mitarbeitern und der Umgebung. Insbesondere <a href=\"https:\/\/www.overit.ai\/linear-asset-management\/\">lineare Anlagenverwaltungsunternehmen<\/a> entscheiden sich bei der <a href=\"https:\/\/www.overit.ai\/platform\/field-service-management-software\/mobile-workforce-management\/network-tracing\/\">Verwaltung dynamischer Netzwerkmodelle f\u00fcr GIS-Funktionen<\/a>.<\/p>\n<p>Ein gro\u00dfer Problembereich ist hier die Verwaltung von gesch\u00e4ftskritischen Operationen in Gas- oder Stromnetzen, die sich an abgelegenen Orten befinden (z.B. mitten in der W\u00fcste oder unter der Erde). Dies bedeutet, dass die Verbindung schlecht oder gar nicht vorhanden ist. So ist es f\u00fcr Techniker eine Herausforderung, in einer Umgebung mit eingeschr\u00e4nktem GIS-Potenzial auf Daten, Dokumente oder Karteninformationen zuzugreifen und die n\u00f6tige Unterst\u00fctzung f\u00fcr die bestm\u00f6gliche Abwicklung von T\u00e4tigkeiten zu erhalten.<\/p>\n<\/div>\n          \n        <\/section>\n\n<\/div><!-- .overit-block-wrapper -->\n<\/div><!-- .overit-block -->\n\n\n<div\n  class=\"overit-block overit-block--white overit-radius-full overit-no-margin overit-padding-small-bottom overit-block--fullwidth\n  overit-block-configurable-jumbotron\"\n        >\n  \n  <div class=\"overit-block-wrapper\">\n\n<section class=\"configurable-jumbotron left\" >\n                  <div class=\"cj-section-title\">Die L\u00f6sung<\/div>\n          \n                  <h3  class=\"cj-title small\">Erweiterung von GIS um erweiterte Offline-Funktionen<\/h3 >\n          \n                  <div class=\"cj-subtitle small\"><p>OverIT hat erkannt, dass es sich hierbei um einen entscheidenden Faktor handelt, und hat auch durch die Einrichtung eines eigenen <a href=\"https:\/\/www.overit.ai\/de\/?page_id=67544\">GIS Center of Excellence<\/a> stark in GIS investiert. OverIT best\u00e4tigt sich als einziger Anbieter mit <a href=\"https:\/\/www.overit.ai\/de\/plattform\/nextgen-fsm\/geografisches-informationssystem-gis\/\">fortschrittlichen mobilen GIS-Funktionen<\/a> und erweitert nun seine Offline-Funktionen, um die Au\u00dfendienstaktivit\u00e4ten bestm\u00f6glich zu unterst\u00fctzen.<\/p>\n<p>Techniker k\u00f6nnen sich auf ein umfangreiches Arbeitspaket mit <a href=\"https:\/\/www.overit.ai\/platform\/field-service-management-software\/mobile-workforce-management\/offline-mobile-gis-redlining\/\">GIS-Visualisierungsfunktionen<\/a> verlassen, die sie auch offline nutzen k\u00f6nnen. Sie k\u00f6nnen die detaillierte Struktur von Anlagen (einschlie\u00dflich spezifischer Informationen und multimedialer Anh\u00e4nge \u00fcber das zu wartende Objekt) einsehen und geografische Daten und Karten im Offline-Modus mit einem hohen Ma\u00df an Konfigurierbarkeit konsultieren. Die Techniker w\u00e4hlen abh\u00e4ngig von der jeweiligen Ebene oder Arbeit die beste Ansicht. Au\u00dferdem unterst\u00fctzt das System mehrere Dateiformate, so dass Techniker auf verschiedene Daten und Karten zur\u00fcckgreifen k\u00f6nnen, die \u00fcber die REST API automatisch aktualisiert werden.<\/p>\n<p>Wenn neue Daten im System vorhanden sind, erhalten Techniker sofort eine Push-Benachrichtigung und k\u00f6nnen die Inhalte problemlos vom Handy herunterladen, sodass sie auch dann von den Vorteilen profitieren, wenn keine Verbindung verf\u00fcgbar ist. In einer Welt, in der die Sicherheit ein Hauptschwerpunkt in Unternehmen ist, sind diese hochinnovativen Dateien in der Lage, die wachsenden Anforderungen an die Cybersicherheit zu erf\u00fcllen und die gesamte Unternehmensumgebung der Kunden zu sch\u00fctzen.<\/p>\n<\/div>\n          \n        <\/section>\n\n<\/div><!-- .overit-block-wrapper -->\n<\/div><!-- .overit-block -->\n\n\n<div\n  class=\"overit-block overit-block--white overit-radius-full overit-no-margin overit-padding-small-bottom overit-block--fullwidth\n  overit-block-configurable-jumbotron\"\n        >\n  \n  <div class=\"overit-block-wrapper\">\n\n<section class=\"configurable-jumbotron left\" >\n    \n                  <h3  class=\"cj-title small\">Auswirkungen und KPIs<\/h3 >\n          \n    \n        <\/section>\n\n<\/div><!-- .overit-block-wrapper -->\n<\/div><!-- .overit-block -->\n\n\n<div\n  class=\"overit-block overit-block--white overit-radius-full overit-no-margin overit-padding-medium-bottom \n  overit-block-multi-info-cards\"\n        >\n  \n  <div class=\"overit-block-wrapper\">\n\n<div class=\"info-cards info-cards--4 info-cards--align-left\">\n        <div class=\"info-cards__sections \">\n                  <div class=\"info-card info-card--4\n           info-card--bg-gray           \n          \n          info-card--top-line\n        \">\n        <div class=\"info-card-inner\">\n                                  <div class=\"info-card__icon\">\n                            <i aria-hidden=\"true\" style=\"color: #FF8200;font-size: 32px;\" class=\"fa-classic fa-light fa-shield-check\" aria-hidden=\"true\"><\/i>\n            <\/div>\n                                            <div class=\"info-card__title \" >\n              H\u00f6here Unternehmenssicherheit\n            <\/div>\n                            <\/div>\n      <\/div>\n                  <div class=\"info-card info-card--4\n           info-card--bg-gray           \n          \n          info-card--top-line\n        \">\n        <div class=\"info-card-inner\">\n                                  <div class=\"info-card__icon\">\n                            <i aria-hidden=\"true\" style=\"color: #FF8200;font-size: 32px;\" class=\"fa-classic fa-light fa-chart-network\" aria-hidden=\"true\"><\/i>\n            <\/div>\n                                            <div class=\"info-card__title \" >\n              Erweiterte GIS-Funktionen\n            <\/div>\n                            <\/div>\n      <\/div>\n                  <div class=\"info-card info-card--4\n           info-card--bg-gray           \n          \n          info-card--top-line\n        \">\n        <div class=\"info-card-inner\">\n                                  <div class=\"info-card__icon\">\n                            <i aria-hidden=\"true\" style=\"color: #FF8200;font-size: 32px;\" class=\"fa-classic fa-light fa-circle-star\" aria-hidden=\"true\"><\/i>\n            <\/div>\n                                            <div class=\"info-card__title \" >\n              Bessere Qualit\u00e4t der Au\u00dfendienstt\u00e4tigkeiten\n            <\/div>\n                            <\/div>\n      <\/div>\n                  <div class=\"info-card info-card--4\n           info-card--bg-gray           \n          \n          info-card--top-line\n        \">\n        <div class=\"info-card-inner\">\n                                  <div class=\"info-card__icon\">\n                            <i aria-hidden=\"true\" style=\"color: #FF8200;font-size: 32px;\" class=\"fa-classic fa-light fa-user-plus\" aria-hidden=\"true\"><\/i>\n            <\/div>\n                                            <div class=\"info-card__title \" >\n              Optimierte Benutzererfahrung\n            <\/div>\n                            <\/div>\n      <\/div>\n          <\/div>\n  <\/div>\n\n<\/div><!-- .overit-block-wrapper -->\n<\/div><!-- .overit-block -->\n","protected":false},"excerpt":{"rendered":"","protected":false},"author":3,"featured_media":0,"parent":68499,"menu_order":0,"comment_status":"closed","ping_status":"closed","template":"","meta":{"_acf_changed":false,"footnotes":""},"case_study_category":[],"class_list":["post-67556","page","type-page","status-publish","hentry"],"acf":[],"yoast_head":"<!-- This site is optimized with the Yoast SEO Premium plugin v25.6 (Yoast SEO v25.6) - https:\/\/yoast.com\/wordpress\/plugins\/seo\/ -->\n<title>Mobile GIS Offline | GIS ohne Verbindung f\u00fcr Au\u00dfendienst<\/title>\n<meta name=\"description\" content=\"Mobile GIS Offline erm\u00f6glicht Au\u00dfendienstteams den Zugriff auf Karten, Daten und Assets ohne Verbindung \u2013 f\u00fcr effiziente und sichere Eins\u00e4tze.\" \/>\n<meta name=\"robots\" content=\"index, follow, max-snippet:-1, max-image-preview:large, max-video-preview:-1\" \/>\n<link rel=\"canonical\" href=\"https:\/\/www.overit.ai\/de\/plattform\/field-service-management-software\/mobile-workforce-management\/mobile-gis-offline\/\" \/>\n<meta property=\"og:locale\" content=\"de_DE\" \/>\n<meta property=\"og:type\" content=\"article\" \/>\n<meta property=\"og:title\" content=\"Mobile GIS Offline | GIS ohne Verbindung f\u00fcr Au\u00dfendienst\" \/>\n<meta property=\"og:description\" content=\"Mobile GIS Offline erm\u00f6glicht Au\u00dfendienstteams den Zugriff auf Karten, Daten und Assets ohne Verbindung \u2013 f\u00fcr effiziente und sichere Eins\u00e4tze.\" \/>\n<meta property=\"og:url\" content=\"https:\/\/www.overit.ai\/de\/plattform\/field-service-management-software\/mobile-workforce-management\/mobile-gis-offline\/\" \/>\n<meta property=\"og:site_name\" content=\"OverIT\" \/>\n<meta property=\"article:modified_time\" content=\"2026-04-09T07:36:20+00:00\" \/>\n<meta name=\"twitter:card\" content=\"summary_large_image\" \/>\n<meta name=\"twitter:title\" content=\"Mobile GIS Offline | GIS ohne Verbindung f\u00fcr Au\u00dfendienst\" \/>\n<meta name=\"twitter:description\" content=\"Mobile GIS Offline erm\u00f6glicht Au\u00dfendienstteams den Zugriff auf Karten, Daten und Assets ohne Verbindung \u2013 f\u00fcr effiziente und sichere Eins\u00e4tze.\" \/>\n<meta name=\"twitter:label1\" content=\"Est. reading time\" \/>\n\t<meta name=\"twitter:data1\" content=\"3 minutes\" \/>\n<script type=\"application\/ld+json\" class=\"yoast-schema-graph\">{\"@context\":\"https:\/\/schema.org\",\"@graph\":[{\"@type\":\"WebPage\",\"@id\":\"https:\/\/www.overit.ai\/de\/plattform\/field-service-management-software\/mobile-workforce-management\/mobile-gis-offline\/\",\"url\":\"https:\/\/www.overit.ai\/de\/plattform\/field-service-management-software\/mobile-workforce-management\/mobile-gis-offline\/\",\"name\":\"Mobile GIS Offline | GIS ohne Verbindung f\u00fcr Au\u00dfendienst\",\"isPartOf\":{\"@id\":\"https:\/\/www.overit.ai\/de\/#website\"},\"datePublished\":\"2026-04-09T07:36:18+00:00\",\"dateModified\":\"2026-04-09T07:36:20+00:00\",\"description\":\"Mobile GIS Offline erm\u00f6glicht Au\u00dfendienstteams den Zugriff auf Karten, Daten und Assets ohne Verbindung \u2013 f\u00fcr effiziente und sichere Eins\u00e4tze.\",\"breadcrumb\":{\"@id\":\"https:\/\/www.overit.ai\/de\/plattform\/field-service-management-software\/mobile-workforce-management\/mobile-gis-offline\/#breadcrumb\"},\"inLanguage\":\"de-DE\",\"potentialAction\":[{\"@type\":\"ReadAction\",\"target\":[\"https:\/\/www.overit.ai\/de\/plattform\/field-service-management-software\/mobile-workforce-management\/mobile-gis-offline\/\"]}]},{\"@type\":\"BreadcrumbList\",\"@id\":\"https:\/\/www.overit.ai\/de\/plattform\/field-service-management-software\/mobile-workforce-management\/mobile-gis-offline\/#breadcrumb\",\"itemListElement\":[{\"@type\":\"ListItem\",\"position\":1,\"name\":\"Home\",\"item\":\"https:\/\/www.overit.ai\/de\/\"},{\"@type\":\"ListItem\",\"position\":2,\"name\":\"Plattform\",\"item\":\"https:\/\/www.overit.ai\/de\/plattform\/\"},{\"@type\":\"ListItem\",\"position\":3,\"name\":\"NextGen FSM\",\"item\":\"https:\/\/www.overit.ai\/de\/plattform\/field-service-management-software\/\"},{\"@type\":\"ListItem\",\"position\":4,\"name\":\"Mobile Workforce Management\",\"item\":\"https:\/\/www.overit.ai\/de\/plattform\/field-service-management-software\/mobile-workforce-management\/\"},{\"@type\":\"ListItem\",\"position\":5,\"name\":\"Mobile GIS offline\"}]},{\"@type\":\"WebSite\",\"@id\":\"https:\/\/www.overit.ai\/de\/#website\",\"url\":\"https:\/\/www.overit.ai\/de\/\",\"name\":\"OverIT\",\"description\":\"Innovation in Field Service Management\",\"publisher\":{\"@id\":\"https:\/\/www.overit.ai\/de\/#organization\"},\"potentialAction\":[{\"@type\":\"SearchAction\",\"target\":{\"@type\":\"EntryPoint\",\"urlTemplate\":\"https:\/\/www.overit.ai\/de\/?s={search_term_string}\"},\"query-input\":{\"@type\":\"PropertyValueSpecification\",\"valueRequired\":true,\"valueName\":\"search_term_string\"}}],\"inLanguage\":\"de-DE\"},{\"@type\":\"Organization\",\"@id\":\"https:\/\/www.overit.ai\/de\/#organization\",\"name\":\"OverIT\",\"url\":\"https:\/\/www.overit.ai\/de\/\",\"logo\":{\"@type\":\"ImageObject\",\"inLanguage\":\"de-DE\",\"@id\":\"https:\/\/www.overit.ai\/de\/#\/schema\/logo\/image\/\",\"url\":\"https:\/\/www.overit.ai\/app\/uploads\/2021\/10\/OverIT-logo-400.png\",\"contentUrl\":\"https:\/\/www.overit.ai\/app\/uploads\/2021\/10\/OverIT-logo-400.png\",\"width\":400,\"height\":250,\"caption\":\"OverIT\"},\"image\":{\"@id\":\"https:\/\/www.overit.ai\/de\/#\/schema\/logo\/image\/\"}}]}<\/script>\n<!-- \/ Yoast SEO Premium plugin. -->","yoast_head_json":{"title":"Mobile GIS Offline | GIS ohne Verbindung f\u00fcr Au\u00dfendienst","description":"Mobile GIS Offline erm\u00f6glicht Au\u00dfendienstteams den Zugriff auf Karten, Daten und Assets ohne Verbindung \u2013 f\u00fcr effiziente und sichere Eins\u00e4tze.","robots":{"index":"index","follow":"follow","max-snippet":"max-snippet:-1","max-image-preview":"max-image-preview:large","max-video-preview":"max-video-preview:-1"},"canonical":"https:\/\/www.overit.ai\/de\/plattform\/field-service-management-software\/mobile-workforce-management\/mobile-gis-offline\/","og_locale":"de_DE","og_type":"article","og_title":"Mobile GIS Offline | GIS ohne Verbindung f\u00fcr Au\u00dfendienst","og_description":"Mobile GIS Offline erm\u00f6glicht Au\u00dfendienstteams den Zugriff auf Karten, Daten und Assets ohne Verbindung \u2013 f\u00fcr effiziente und sichere Eins\u00e4tze.","og_url":"https:\/\/www.overit.ai\/de\/plattform\/field-service-management-software\/mobile-workforce-management\/mobile-gis-offline\/","og_site_name":"OverIT","article_modified_time":"2026-04-09T07:36:20+00:00","twitter_card":"summary_large_image","twitter_title":"Mobile GIS Offline | GIS ohne Verbindung f\u00fcr Au\u00dfendienst","twitter_description":"Mobile GIS Offline erm\u00f6glicht Au\u00dfendienstteams den Zugriff auf Karten, Daten und Assets ohne Verbindung \u2013 f\u00fcr effiziente und sichere Eins\u00e4tze.","twitter_misc":{"Est. reading time":"3 minutes"},"schema":{"@context":"https:\/\/schema.org","@graph":[{"@type":"WebPage","@id":"https:\/\/www.overit.ai\/de\/plattform\/field-service-management-software\/mobile-workforce-management\/mobile-gis-offline\/","url":"https:\/\/www.overit.ai\/de\/plattform\/field-service-management-software\/mobile-workforce-management\/mobile-gis-offline\/","name":"Mobile GIS Offline | GIS ohne Verbindung f\u00fcr Au\u00dfendienst","isPartOf":{"@id":"https:\/\/www.overit.ai\/de\/#website"},"datePublished":"2026-04-09T07:36:18+00:00","dateModified":"2026-04-09T07:36:20+00:00","description":"Mobile GIS Offline erm\u00f6glicht Au\u00dfendienstteams den Zugriff auf Karten, Daten und Assets ohne Verbindung \u2013 f\u00fcr effiziente und sichere Eins\u00e4tze.","breadcrumb":{"@id":"https:\/\/www.overit.ai\/de\/plattform\/field-service-management-software\/mobile-workforce-management\/mobile-gis-offline\/#breadcrumb"},"inLanguage":"de-DE","potentialAction":[{"@type":"ReadAction","target":["https:\/\/www.overit.ai\/de\/plattform\/field-service-management-software\/mobile-workforce-management\/mobile-gis-offline\/"]}]},{"@type":"BreadcrumbList","@id":"https:\/\/www.overit.ai\/de\/plattform\/field-service-management-software\/mobile-workforce-management\/mobile-gis-offline\/#breadcrumb","itemListElement":[{"@type":"ListItem","position":1,"name":"Home","item":"https:\/\/www.overit.ai\/de\/"},{"@type":"ListItem","position":2,"name":"Plattform","item":"https:\/\/www.overit.ai\/de\/plattform\/"},{"@type":"ListItem","position":3,"name":"NextGen FSM","item":"https:\/\/www.overit.ai\/de\/plattform\/field-service-management-software\/"},{"@type":"ListItem","position":4,"name":"Mobile Workforce Management","item":"https:\/\/www.overit.ai\/de\/plattform\/field-service-management-software\/mobile-workforce-management\/"},{"@type":"ListItem","position":5,"name":"Mobile GIS offline"}]},{"@type":"WebSite","@id":"https:\/\/www.overit.ai\/de\/#website","url":"https:\/\/www.overit.ai\/de\/","name":"OverIT","description":"Innovation in Field Service Management","publisher":{"@id":"https:\/\/www.overit.ai\/de\/#organization"},"potentialAction":[{"@type":"SearchAction","target":{"@type":"EntryPoint","urlTemplate":"https:\/\/www.overit.ai\/de\/?s={search_term_string}"},"query-input":{"@type":"PropertyValueSpecification","valueRequired":true,"valueName":"search_term_string"}}],"inLanguage":"de-DE"},{"@type":"Organization","@id":"https:\/\/www.overit.ai\/de\/#organization","name":"OverIT","url":"https:\/\/www.overit.ai\/de\/","logo":{"@type":"ImageObject","inLanguage":"de-DE","@id":"https:\/\/www.overit.ai\/de\/#\/schema\/logo\/image\/","url":"https:\/\/www.overit.ai\/app\/uploads\/2021\/10\/OverIT-logo-400.png","contentUrl":"https:\/\/www.overit.ai\/app\/uploads\/2021\/10\/OverIT-logo-400.png","width":400,"height":250,"caption":"OverIT"},"image":{"@id":"https:\/\/www.overit.ai\/de\/#\/schema\/logo\/image\/"}}]}},"_links":{"self":[{"href":"https:\/\/www.overit.ai\/de\/wp-json\/wp\/v2\/pages\/67556","targetHints":{"allow":["GET"]}}],"collection":[{"href":"https:\/\/www.overit.ai\/de\/wp-json\/wp\/v2\/pages"}],"about":[{"href":"https:\/\/www.overit.ai\/de\/wp-json\/wp\/v2\/types\/page"}],"author":[{"embeddable":true,"href":"https:\/\/www.overit.ai\/de\/wp-json\/wp\/v2\/users\/3"}],"replies":[{"embeddable":true,"href":"https:\/\/www.overit.ai\/de\/wp-json\/wp\/v2\/comments?post=67556"}],"version-history":[{"count":3,"href":"https:\/\/www.overit.ai\/de\/wp-json\/wp\/v2\/pages\/67556\/revisions"}],"predecessor-version":[{"id":71921,"href":"https:\/\/www.overit.ai\/de\/wp-json\/wp\/v2\/pages\/67556\/revisions\/71921"}],"up":[{"embeddable":true,"href":"https:\/\/www.overit.ai\/de\/wp-json\/wp\/v2\/pages\/68499"}],"wp:attachment":[{"href":"https:\/\/www.overit.ai\/de\/wp-json\/wp\/v2\/media?parent=67556"}],"wp:term":[{"taxonomy":"case_study_category","embeddable":true,"href":"https:\/\/www.overit.ai\/de\/wp-json\/wp\/v2\/case_study_category?post=67556"}],"curies":[{"name":"wp","href":"https:\/\/api.w.org\/{rel}","templated":true}]}}