{"id":67542,"date":"2026-04-08T14:16:20","date_gmt":"2026-04-08T14:16:20","guid":{"rendered":"https:\/\/www.overit.ai\/?page_id=67542"},"modified":"2026-04-08T14:16:22","modified_gmt":"2026-04-08T14:16:22","slug":"sprachgesteuerter-virtueller-assistent","status":"publish","type":"page","link":"https:\/\/www.overit.ai\/de\/plattform\/nextgen-field-collaboration\/sprachgesteuerter-virtueller-assistent\/","title":{"rendered":"Sprachgesteuerter virtueller Assistent"},"content":{"rendered":"<div\n  class=\"overit-block overit-block--light-gray overit-radius-none overit-no-margin overit-padding-small-top \n  overit-block-wide-info-image\"\n        >\n  \n  <div class=\"overit-block-wrapper\">\n\n\n\n\n<div class=\"wii right  \" id=\"\">\n        <div class=\"wii__content\" >\n                  <h1 class=\"wii__section-title\" style=\"\">Sprachgesteuerter virtueller Assistent<\/h1>\n          \n                      <h2 id=\"wii-title-69ded535ef427\" class=\"wii__title\" style=\"  \">Sprachgesteuerter virtueller Assistent \u201eVoice-powered virtual assistant\u201c f\u00fcr Mitarbeiter mit Kundenkontakt<\/h2>\n          \n    \n        \n    \n    \n    \n      <\/div>\n  \n      <div class=\"wii__image\" >\n          <div class=\"overit-video\">\n                <div class=\"overit-video__iframe\" >\n          <iframe title=\"Critical jobs scheduling assistant Video\" src=\"https:\/\/fast.wistia.net\/embed\/iframe\/xvfw8dz4qu?dnt=1\" allow=\"autoplay; fullscreen\" allowtransparency=\"true\" frameborder=\"0\" scrolling=\"no\" class=\"wistia_embed\" name=\"wistia_embed\" msallowfullscreen width=\"640\" height=\"360\"><\/iframe><script src=\"https:\/\/fast.wistia.net\/assets\/external\/E-v1.js\" async><\/script>        <\/div>\n      <\/div>\n      <\/div>\n  \n  <\/div>\n\n<\/div><!-- .overit-block-wrapper -->\n<\/div><!-- .overit-block -->\n\n\n<div\n  class=\"overit-block overit-block--white overit-radius-full overit-no-margin overit-padding-small overit-block--fullwidth\n  overit-block-configurable-jumbotron\"\n        >\n  \n  <div class=\"overit-block-wrapper\">\n\n<section class=\"configurable-jumbotron left\" >\n                  <div class=\"cj-section-title\">Die Herausforderung<\/div>\n          \n                  <h3  class=\"cj-title small\">Unterst\u00fctzung von Au\u00dfendiensttechnikern<\/h3 >\n          \n                  <div class=\"cj-subtitle small\"><p>Das t\u00e4gliche Leben der meisten von uns ist vollgepackt mit verschiedenen pers\u00f6nlichen und gesch\u00e4ftlichen Aktivit\u00e4ten, sei es ein Hobby, ein Beruf, Hausarbeit oder einfach eine einfache T\u00e4tigkeit. Musik h\u00f6ren, das beste Rezept f\u00fcr ein wichtiges Abendessen finden, ein Telefonat f\u00fchren, sich \u00fcber das Wetter oder die Verkehrslage informieren. Die rasante Welt, in der wir leben, hat uns daran gew\u00f6hnt, dass wir immer schneller Informationen und Antworten erhalten und Aktualisierungen in Echtzeit, jetzt und sofort sehen k\u00f6nnen.<\/p>\n<p>Virtuelle Assistenten gewinnen daher heute mehr denn je einen Wettbewerbsvorteil, da sie in der Lage sind, Kundenw\u00fcnsche zu erf\u00fcllen und alles f\u00fcr uns zu tun, was wir wollen &#8211; angefangen beim Stellen des Weckers \u00fcber das Verfassen einer Nachricht bis hin zur Abfrage von Informationen zur geopolitischen Lage. Das gilt nat\u00fcrlich nicht nur f\u00fcr unseren Alltag, sondern auch f\u00fcr die Arbeit. Wenn Au\u00dfendiensttechniker unterwegs sind, sollten sie stets darauf vorbereitet sein, sowohl mit gew\u00f6hnlichen als auch mit unerwarteten Ereignissen umzugehen, um die Effizienz und Produktivit\u00e4t zu gew\u00e4hrleisten. Wenn Sie eine gro\u00dfe Anzahl von Arbeitsauftr\u00e4gen pro Tag verwalten m\u00fcssen, kann selbst der erfahrenste Mitarbeiter Zweifel an der Ausf\u00fchrung einer T\u00e4tigkeit oder der Verwendung einer Softwareplattform haben. Das passiert doch jedem, nicht wahr? Oder denken Sie an junge Techniker und die Unterst\u00fctzung, die sie m\u00f6glicherweise ben\u00f6tigen.<\/p>\n<p>Nehmen wir an, dass mehrere Techniker in einem Unternehmen heute Probleme haben:<\/p>\n<ul>\n<li>John muss auf einer laufenden Baustelle Daten sammeln, aber er wei\u00df nicht mehr, wie er die Daten abfragen soll.<\/li>\n<li>Donna muss ihren Vorgesetzten anrufen, um sich zu erkundigen, wie man ein Problem an einem Schaltkasten beheben kann. Sie wei\u00df jedoch nicht mehr, wie sie in die Collaboration-App navigieren kann.<\/li>\n<li>W\u00e4hrend Emma ein Messger\u00e4t inspiziert, sieht sie eine Fehlermeldung auf dem Display. Sie wei\u00df, dass sie sich auf IoT-Daten verlassen kann, aber sie wei\u00df nicht, wo in der App.<\/li>\n<\/ul>\n<p>Was w\u00e4re, wenn sich die Au\u00dfendienstmitarbeiter jederzeit auf einen pers\u00f6nlichen und digitalen Assistenten verlassen k\u00f6nnten, der immer an ihrer Seite ist und ihre Fragen beantworten kann?<\/p>\n<\/div>\n          \n        <\/section>\n\n<\/div><!-- .overit-block-wrapper -->\n<\/div><!-- .overit-block -->\n\n\n<div\n  class=\"overit-block overit-block--white overit-radius-full overit-no-margin overit-padding-small-bottom overit-block--fullwidth\n  overit-block-configurable-jumbotron\"\n        >\n  \n  <div class=\"overit-block-wrapper\">\n\n<section class=\"configurable-jumbotron left\" >\n                  <div class=\"cj-section-title\">Die L\u00f6sung<\/div>\n          \n                  <h3  class=\"cj-title small\">Der intelligente sprachgesteuerte Assistent<\/h3 >\n          \n                  <div class=\"cj-subtitle small\"><p>OverIT stellt den Au\u00dfendienstmitarbeitern einen intelligenten, sprachgesteuerten virtuellen Assistenten zur Verf\u00fcgung, der die notwendige pers\u00f6nliche Unterst\u00fctzung und Anleitung bei der Diagnose und der Erledigung von Aufgaben allein durch Sprachbefehle \u00fcber ein kopfgetragenes Tablet bietet.<\/p>\n<p>Wenn Au\u00dfendiensttechniker nicht sicher sind, wie sie die Plattform verwenden sollen, k\u00f6nnen sie das System mittels Sprachkommunikation mit dem virtuellen Assistenten befragen. Durch die in die <a href=\"https:\/\/www.overit.ai\/de\/plattform\/\">NextGen Platform<\/a> eingebettete dialogorientierte AI-Technologie analysiert und interpretiert das System alle Unterlagen, um sofort die richtige Antwort zu geben. Durch die Optimierung der Interaktionen zwischen ihnen und den digitalen Diensten werden die Techniker nie allein gelassen. Selbst Mitarbeiter, die zum ersten Mal im Au\u00dfendienst arbeiten, k\u00f6nnen in Echtzeit Antworten auf ihre Fragen erhalten, um stets bestens vorbereitet zu sein und die T\u00e4tigkeiten schnell und pr\u00e4zise auszuf\u00fchren.<\/p>\n<\/div>\n          \n        <\/section>\n\n<\/div><!-- .overit-block-wrapper -->\n<\/div><!-- .overit-block -->\n\n\n<div\n  class=\"overit-block overit-block--white overit-radius-full overit-no-margin overit-padding-small-bottom overit-block--fullwidth\n  overit-block-configurable-jumbotron\"\n        >\n  \n  <div class=\"overit-block-wrapper\">\n\n<section class=\"configurable-jumbotron left\" >\n                  <div class=\"cj-section-title\">Auswirkungen und KPIs<\/div>\n          \n                  <h3  class=\"cj-title small\">Geschwindigkeit, Effizienz und Kosteneinsparungen<\/h3 >\n          \n    \n        <\/section>\n\n<\/div><!-- .overit-block-wrapper -->\n<\/div><!-- .overit-block -->\n\n\n<div\n  class=\"overit-block overit-block--white overit-radius-full overit-margin-medium-bottom overit-padding-medium-bottom \n  overit-block-multi-info-cards\"\n        >\n  \n  <div class=\"overit-block-wrapper\">\n\n<div class=\"info-cards info-cards--4 info-cards--align-left\">\n        <div class=\"info-cards__sections \">\n                  <div class=\"info-card info-card--4\n           info-card--bg-gray           \n          \n          info-card--top-line\n        \">\n        <div class=\"info-card-inner\">\n                                  <div class=\"info-card__icon\">\n                            <i aria-hidden=\"true\" style=\"color: #FF8200;font-size: 32px;\" class=\"fa-classic fa-light fa-calendar-star\" aria-hidden=\"true\"><\/i>\n            <\/div>\n                                            <div class=\"info-card__title \" >\n              Beschleunigung der Ausf\u00fchrung von Aufgaben\n            <\/div>\n                            <\/div>\n      <\/div>\n                  <div class=\"info-card info-card--4\n           info-card--bg-gray           \n          \n          info-card--top-line\n        \">\n        <div class=\"info-card-inner\">\n                                  <div class=\"info-card__icon\">\n                            <i aria-hidden=\"true\" style=\"color: #FF8200;font-size: 32px;\" class=\"fa-classic fa-light fa-calendar-week\" aria-hidden=\"true\"><\/i>\n            <\/div>\n                                            <div class=\"info-card__title \" >\n              Verbesserung der Kundenerfahrung vor Ort\n            <\/div>\n                            <\/div>\n      <\/div>\n                  <div class=\"info-card info-card--4\n           info-card--bg-gray           \n          \n          info-card--top-line\n        \">\n        <div class=\"info-card-inner\">\n                                  <div class=\"info-card__icon\">\n                            <i aria-hidden=\"true\" style=\"color: #FF8200;font-size: 32px;\" class=\"fa-classic fa-light fa-person-circle-check\" aria-hidden=\"true\"><\/i>\n            <\/div>\n                                            <div class=\"info-card__title \" >\n              Steigerung der Gesch\u00e4ftseffizienz\n            <\/div>\n                            <\/div>\n      <\/div>\n                  <div class=\"info-card info-card--4\n           info-card--bg-gray           \n          \n          info-card--top-line\n        \">\n        <div class=\"info-card-inner\">\n                                  <div class=\"info-card__icon\">\n                            <i aria-hidden=\"true\" style=\"color: #FF8200;font-size: 32px;\" class=\"fa-classic fa-light fa-piggy-bank\" aria-hidden=\"true\"><\/i>\n            <\/div>\n                                            <div class=\"info-card__title \" >\n              Kosten- und Zeitersparnis\n            <\/div>\n                            <\/div>\n      <\/div>\n          <\/div>\n  <\/div>\n\n<\/div><!-- .overit-block-wrapper -->\n<\/div><!-- .overit-block -->\n","protected":false},"excerpt":{"rendered":"","protected":false},"author":3,"featured_media":0,"parent":68150,"menu_order":0,"comment_status":"closed","ping_status":"closed","template":"","meta":{"_acf_changed":false,"footnotes":""},"case_study_category":[],"class_list":["post-67542","page","type-page","status-publish","hentry"],"acf":[],"yoast_head":"<!-- This site is optimized with the Yoast SEO Premium plugin v25.6 (Yoast SEO v25.6) - https:\/\/yoast.com\/wordpress\/plugins\/seo\/ -->\n<title>Sprachgesteuerter virtueller Assistent f\u00fcr Field Service | OverIT<\/title>\n<meta name=\"description\" content=\"Der sprachgesteuerte virtuelle Assistent unterst\u00fctzt Au\u00dfendiensttechniker in Echtzeit bei Diagnose, Aufgaben und Nutzung der Field Service App.\" \/>\n<meta name=\"robots\" content=\"index, follow, max-snippet:-1, max-image-preview:large, max-video-preview:-1\" \/>\n<link rel=\"canonical\" href=\"https:\/\/www.overit.ai\/de\/plattform\/nextgen-field-collaboration\/sprachgesteuerter-virtueller-assistent\/\" \/>\n<meta property=\"og:locale\" content=\"de_DE\" \/>\n<meta property=\"og:type\" content=\"article\" \/>\n<meta property=\"og:title\" content=\"Sprachgesteuerter virtueller Assistent\" \/>\n<meta property=\"og:description\" content=\"Der sprachgesteuerte virtuelle Assistent unterst\u00fctzt Au\u00dfendiensttechniker in Echtzeit bei Diagnose, Aufgaben und Nutzung der Field Service App.\" \/>\n<meta property=\"og:url\" content=\"https:\/\/www.overit.ai\/de\/plattform\/nextgen-field-collaboration\/sprachgesteuerter-virtueller-assistent\/\" \/>\n<meta property=\"og:site_name\" content=\"OverIT\" \/>\n<meta property=\"article:modified_time\" content=\"2026-04-08T14:16:22+00:00\" \/>\n<meta name=\"twitter:card\" content=\"summary_large_image\" \/>\n<meta name=\"twitter:label1\" content=\"Est. reading time\" \/>\n\t<meta name=\"twitter:data1\" content=\"3 minutes\" \/>\n<script type=\"application\/ld+json\" class=\"yoast-schema-graph\">{\"@context\":\"https:\/\/schema.org\",\"@graph\":[{\"@type\":\"WebPage\",\"@id\":\"https:\/\/www.overit.ai\/de\/plattform\/nextgen-field-collaboration\/sprachgesteuerter-virtueller-assistent\/\",\"url\":\"https:\/\/www.overit.ai\/de\/plattform\/nextgen-field-collaboration\/sprachgesteuerter-virtueller-assistent\/\",\"name\":\"Sprachgesteuerter virtueller Assistent f\u00fcr Field Service | OverIT\",\"isPartOf\":{\"@id\":\"https:\/\/www.overit.ai\/de\/#website\"},\"datePublished\":\"2026-04-08T14:16:20+00:00\",\"dateModified\":\"2026-04-08T14:16:22+00:00\",\"description\":\"Der sprachgesteuerte virtuelle Assistent unterst\u00fctzt Au\u00dfendiensttechniker in Echtzeit bei Diagnose, Aufgaben und Nutzung der Field Service App.\",\"breadcrumb\":{\"@id\":\"https:\/\/www.overit.ai\/de\/plattform\/nextgen-field-collaboration\/sprachgesteuerter-virtueller-assistent\/#breadcrumb\"},\"inLanguage\":\"de-DE\",\"potentialAction\":[{\"@type\":\"ReadAction\",\"target\":[\"https:\/\/www.overit.ai\/de\/plattform\/nextgen-field-collaboration\/sprachgesteuerter-virtueller-assistent\/\"]}]},{\"@type\":\"BreadcrumbList\",\"@id\":\"https:\/\/www.overit.ai\/de\/plattform\/nextgen-field-collaboration\/sprachgesteuerter-virtueller-assistent\/#breadcrumb\",\"itemListElement\":[{\"@type\":\"ListItem\",\"position\":1,\"name\":\"Home\",\"item\":\"https:\/\/www.overit.ai\/de\/\"},{\"@type\":\"ListItem\",\"position\":2,\"name\":\"Plattform\",\"item\":\"https:\/\/www.overit.ai\/de\/plattform\/\"},{\"@type\":\"ListItem\",\"position\":3,\"name\":\"NextGen Field Collaboration\",\"item\":\"https:\/\/www.overit.ai\/de\/plattform\/nextgen-field-collaboration\/\"},{\"@type\":\"ListItem\",\"position\":4,\"name\":\"Sprachgesteuerter virtueller Assistent\"}]},{\"@type\":\"WebSite\",\"@id\":\"https:\/\/www.overit.ai\/de\/#website\",\"url\":\"https:\/\/www.overit.ai\/de\/\",\"name\":\"OverIT\",\"description\":\"Innovation in Field Service Management\",\"publisher\":{\"@id\":\"https:\/\/www.overit.ai\/de\/#organization\"},\"potentialAction\":[{\"@type\":\"SearchAction\",\"target\":{\"@type\":\"EntryPoint\",\"urlTemplate\":\"https:\/\/www.overit.ai\/de\/?s={search_term_string}\"},\"query-input\":{\"@type\":\"PropertyValueSpecification\",\"valueRequired\":true,\"valueName\":\"search_term_string\"}}],\"inLanguage\":\"de-DE\"},{\"@type\":\"Organization\",\"@id\":\"https:\/\/www.overit.ai\/de\/#organization\",\"name\":\"OverIT\",\"url\":\"https:\/\/www.overit.ai\/de\/\",\"logo\":{\"@type\":\"ImageObject\",\"inLanguage\":\"de-DE\",\"@id\":\"https:\/\/www.overit.ai\/de\/#\/schema\/logo\/image\/\",\"url\":\"https:\/\/www.overit.ai\/app\/uploads\/2021\/10\/OverIT-logo-400.png\",\"contentUrl\":\"https:\/\/www.overit.ai\/app\/uploads\/2021\/10\/OverIT-logo-400.png\",\"width\":400,\"height\":250,\"caption\":\"OverIT\"},\"image\":{\"@id\":\"https:\/\/www.overit.ai\/de\/#\/schema\/logo\/image\/\"}}]}<\/script>\n<!-- \/ Yoast SEO Premium plugin. -->","yoast_head_json":{"title":"Sprachgesteuerter virtueller Assistent f\u00fcr Field Service | OverIT","description":"Der sprachgesteuerte virtuelle Assistent unterst\u00fctzt Au\u00dfendiensttechniker in Echtzeit bei Diagnose, Aufgaben und Nutzung der Field Service App.","robots":{"index":"index","follow":"follow","max-snippet":"max-snippet:-1","max-image-preview":"max-image-preview:large","max-video-preview":"max-video-preview:-1"},"canonical":"https:\/\/www.overit.ai\/de\/plattform\/nextgen-field-collaboration\/sprachgesteuerter-virtueller-assistent\/","og_locale":"de_DE","og_type":"article","og_title":"Sprachgesteuerter virtueller Assistent","og_description":"Der sprachgesteuerte virtuelle Assistent unterst\u00fctzt Au\u00dfendiensttechniker in Echtzeit bei Diagnose, Aufgaben und Nutzung der Field Service App.","og_url":"https:\/\/www.overit.ai\/de\/plattform\/nextgen-field-collaboration\/sprachgesteuerter-virtueller-assistent\/","og_site_name":"OverIT","article_modified_time":"2026-04-08T14:16:22+00:00","twitter_card":"summary_large_image","twitter_misc":{"Est. reading time":"3 minutes"},"schema":{"@context":"https:\/\/schema.org","@graph":[{"@type":"WebPage","@id":"https:\/\/www.overit.ai\/de\/plattform\/nextgen-field-collaboration\/sprachgesteuerter-virtueller-assistent\/","url":"https:\/\/www.overit.ai\/de\/plattform\/nextgen-field-collaboration\/sprachgesteuerter-virtueller-assistent\/","name":"Sprachgesteuerter virtueller Assistent f\u00fcr Field Service | OverIT","isPartOf":{"@id":"https:\/\/www.overit.ai\/de\/#website"},"datePublished":"2026-04-08T14:16:20+00:00","dateModified":"2026-04-08T14:16:22+00:00","description":"Der sprachgesteuerte virtuelle Assistent unterst\u00fctzt Au\u00dfendiensttechniker in Echtzeit bei Diagnose, Aufgaben und Nutzung der Field Service App.","breadcrumb":{"@id":"https:\/\/www.overit.ai\/de\/plattform\/nextgen-field-collaboration\/sprachgesteuerter-virtueller-assistent\/#breadcrumb"},"inLanguage":"de-DE","potentialAction":[{"@type":"ReadAction","target":["https:\/\/www.overit.ai\/de\/plattform\/nextgen-field-collaboration\/sprachgesteuerter-virtueller-assistent\/"]}]},{"@type":"BreadcrumbList","@id":"https:\/\/www.overit.ai\/de\/plattform\/nextgen-field-collaboration\/sprachgesteuerter-virtueller-assistent\/#breadcrumb","itemListElement":[{"@type":"ListItem","position":1,"name":"Home","item":"https:\/\/www.overit.ai\/de\/"},{"@type":"ListItem","position":2,"name":"Plattform","item":"https:\/\/www.overit.ai\/de\/plattform\/"},{"@type":"ListItem","position":3,"name":"NextGen Field Collaboration","item":"https:\/\/www.overit.ai\/de\/plattform\/nextgen-field-collaboration\/"},{"@type":"ListItem","position":4,"name":"Sprachgesteuerter virtueller Assistent"}]},{"@type":"WebSite","@id":"https:\/\/www.overit.ai\/de\/#website","url":"https:\/\/www.overit.ai\/de\/","name":"OverIT","description":"Innovation in Field Service Management","publisher":{"@id":"https:\/\/www.overit.ai\/de\/#organization"},"potentialAction":[{"@type":"SearchAction","target":{"@type":"EntryPoint","urlTemplate":"https:\/\/www.overit.ai\/de\/?s={search_term_string}"},"query-input":{"@type":"PropertyValueSpecification","valueRequired":true,"valueName":"search_term_string"}}],"inLanguage":"de-DE"},{"@type":"Organization","@id":"https:\/\/www.overit.ai\/de\/#organization","name":"OverIT","url":"https:\/\/www.overit.ai\/de\/","logo":{"@type":"ImageObject","inLanguage":"de-DE","@id":"https:\/\/www.overit.ai\/de\/#\/schema\/logo\/image\/","url":"https:\/\/www.overit.ai\/app\/uploads\/2021\/10\/OverIT-logo-400.png","contentUrl":"https:\/\/www.overit.ai\/app\/uploads\/2021\/10\/OverIT-logo-400.png","width":400,"height":250,"caption":"OverIT"},"image":{"@id":"https:\/\/www.overit.ai\/de\/#\/schema\/logo\/image\/"}}]}},"_links":{"self":[{"href":"https:\/\/www.overit.ai\/de\/wp-json\/wp\/v2\/pages\/67542","targetHints":{"allow":["GET"]}}],"collection":[{"href":"https:\/\/www.overit.ai\/de\/wp-json\/wp\/v2\/pages"}],"about":[{"href":"https:\/\/www.overit.ai\/de\/wp-json\/wp\/v2\/types\/page"}],"author":[{"embeddable":true,"href":"https:\/\/www.overit.ai\/de\/wp-json\/wp\/v2\/users\/3"}],"replies":[{"embeddable":true,"href":"https:\/\/www.overit.ai\/de\/wp-json\/wp\/v2\/comments?post=67542"}],"version-history":[{"count":4,"href":"https:\/\/www.overit.ai\/de\/wp-json\/wp\/v2\/pages\/67542\/revisions"}],"predecessor-version":[{"id":69839,"href":"https:\/\/www.overit.ai\/de\/wp-json\/wp\/v2\/pages\/67542\/revisions\/69839"}],"up":[{"embeddable":true,"href":"https:\/\/www.overit.ai\/de\/wp-json\/wp\/v2\/pages\/68150"}],"wp:attachment":[{"href":"https:\/\/www.overit.ai\/de\/wp-json\/wp\/v2\/media?parent=67542"}],"wp:term":[{"taxonomy":"case_study_category","embeddable":true,"href":"https:\/\/www.overit.ai\/de\/wp-json\/wp\/v2\/case_study_category?post=67542"}],"curies":[{"name":"wp","href":"https:\/\/api.w.org\/{rel}","templated":true}]}}