{"id":67394,"date":"2026-02-26T14:55:20","date_gmt":"2026-02-26T14:55:20","guid":{"rendered":"https:\/\/www.overit.ai\/?page_id=67394"},"modified":"2026-03-12T10:01:30","modified_gmt":"2026-03-12T10:01:30","slug":"wassernetz-management","status":"publish","type":"page","link":"https:\/\/www.overit.ai\/de\/kunden\/kundenerfolgsgeschichten\/wassernetz-management\/","title":{"rendered":"Activity planning, scheduling, and dispatching on water networks"},"content":{"rendered":"<div\n  class=\"overit-block overit-block--white overit-radius-none overit-margin-small-bottom overit-no-padding \n  overit-block-customer-page-header\"\n        >\n  \n  <div class=\"overit-block-wrapper\">\n\n<div class=\"cph\">\n  \n    <div class=\"cph_slogan-cont\" style=\"background: linear-gradient(0deg, rgba(0, 0, 0, 0.55), rgba(0, 0, 0, 0.55)), url('https:\/\/www.overit.ai\/app\/uploads\/2018\/12\/e-world-energy-water.jpg') center center\">\n                  <div class=\"cph__section-title\">VERITAS<\/div>\n                                    <h1 class=\"cph__slogan\">Planung, Disposition und Einsatzverteilung von Aktivit\u00e4ten in Wassernetzen<\/h1>\n            <\/div>\n  <div class=\"cph__customer-section\" data-aos=\"fade-up\">\n    <div class=\"cph__customer-desc-cont\">\n                    <img decoding=\"async\" class=\"cph__customer-logo\" src=\"https:\/\/www.overit.ai\/app\/uploads\/2021\/10\/Veritas_logo.png\" alt=\"Veritas_logo\" width=\"146\" height=\"79\" \/>\n            <div class=\"cph__customer-desc\">\n        <p>Veritas ist gemessen an Gr\u00f6\u00dfe und Umsatz eines der gr\u00f6\u00dften \u00f6ffentlichen Versorgungsunternehmen Italiens, das f\u00fcr 51 Gemeinden st\u00e4dtische Hygiene- und integrierte Wasserdienstleistungen erbringt und Energie aus erneuerbaren Quellen erzeugt.<\/p>\n\n      <\/div>\n    <\/div>\n    <div class=\"cph__customer-facts\">\n              <div class=\"cph__facts-title\">SCHL\u00dcSSELINFORMATIONEN<\/div>\n        <div class=\"cph__facts\">\n                     <div class=\"cph__fact-cont\">\n            <div class=\"cph__fact-label\">\n              Industrie\n            <\/div>\n            <div class=\"cph__fact\">\n              Energie und Versorgung\n            <\/div>\n          <\/div>\n                     <div class=\"cph__fact-cont\">\n            <div class=\"cph__fact-label\">\n              Region\n            <\/div>\n            <div class=\"cph__fact\">\n              EMEA &amp; LATAM\n            <\/div>\n          <\/div>\n                     <div class=\"cph__fact-cont\">\n            <div class=\"cph__fact-label\">\n              Beteiligte Techniker\n            <\/div>\n            <div class=\"cph__fact\">\n              \u00dcber 300\n            <\/div>\n          <\/div>\n                     <div class=\"cph__fact-cont\">\n            <div class=\"cph__fact-label\">\n              Kunden\n            <\/div>\n            <div class=\"cph__fact\">\n              930.000\n            <\/div>\n          <\/div>\n                  <\/div>\n          <\/div>\n  <\/div>\n<\/div>\n\n<\/div><!-- .overit-block-wrapper -->\n<\/div><!-- .overit-block -->\n\n\n<div\n  class=\"overit-block overit-block--white overit-radius-full overit-no-margin overit-padding-small overit-block--fullwidth\n  overit-block-configurable-jumbotron\"\n        >\n  \n  <div class=\"overit-block-wrapper\">\n\n<section class=\"configurable-jumbotron left\" >\n    \n    \n                  <div class=\"cj-subtitle small\"><p>Das Klima der Erde hat sich zwar im Laufe der Geschichte immer wieder ver\u00e4ndert, aber die globale Erw\u00e4rmung, die wir heute erleben, verl\u00e4uft schneller und birgt Risiken. Das zeigt sich bereits an der steigenden Zahl extremer klimatischer Bedingungen, die vor allem das Wasser betreffen. Starke Hitzewellen, die zu einer unzuverl\u00e4ssigen Wasserverf\u00fcgbarkeit f\u00fchren, oder im Gegenteil, verheerende \u00dcberschwemmungen sind nur einige Beispiele f\u00fcr Ereignisse, die die Menge und Qualit\u00e4t des von uns ben\u00f6tigten Wassers erheblich beeintr\u00e4chtigen k\u00f6nnen. Ein solches Bild unterstreicht die Bedeutung des Engagements von Veritas f\u00fcr eine gesunde und integrative Umwelt, indem es allen Menschen Zugang zu sauberem Wasser verschafft und in innovative Technologien und Energieerzeugung aus erneuerbaren Ressourcen investiert.<\/p>\n<\/div>\n          \n        <\/section>\n\n<\/div><!-- .overit-block-wrapper -->\n<\/div><!-- .overit-block -->\n\n\n<div\n  class=\"overit-block overit-block--white overit-radius-full overit-no-margin overit-padding-small overit-block--fullwidth\n  overit-block-configurable-jumbotron\"\n        >\n  \n  <div class=\"overit-block-wrapper\">\n\n<section class=\"configurable-jumbotron left\" >\n                  <div class=\"cj-section-title\">UNTERNEHMERISCHE HERAUSFORDERUNG<\/div>\n          \n                  <h2  class=\"cj-title medium\">Optimierung der Verwaltung und Unterst\u00fctzung von Wartungs- und Notfallma\u00dfnahmen in Wasserversorgungsnetzen <\/h2 >\n          \n                  <div class=\"cj-subtitle small\"><p>Veritas musste seine Verpflichtungen in Bezug auf die F\u00f6rderung und Einf\u00fchrung fortschrittlicher Technologien erf\u00fcllen, um den Zugang zu einer so grundlegenden Ressource wie Wasser f\u00fcr alle zu gew\u00e4hrleisten und den CO2-Fu\u00dfabdruck zu verringern. Daher suchte das Unternehmen nach einer L\u00f6sung, um ein gro\u00dfes Volumen an Aktivit\u00e4ten zu optimieren, die t\u00e4glich von mehr als 300 Au\u00dfendiensttechnikern durchgef\u00fchrt werden, ohne dabei seine Effizienz-, Qualit\u00e4ts- und Sicherheitsstandards aus den Augen zu verlieren. Das Field Service Management-System, nach dem Veritas suchte, musste das Verfahren zur Planung, Disposition und Einsatzverteilung aller Arbeiten sowie der Wartungs- und Notfalleins\u00e4tze an Pegeln, Wasserz\u00e4hlern und in einem \u00fcber 5.340 km langen Wassernetz effizient unterst\u00fctzen.<\/p>\n<\/div>\n          \n        <\/section>\n\n<\/div><!-- .overit-block-wrapper -->\n<\/div><!-- .overit-block -->\n\n\n<div\n  class=\"overit-block overit-block--white overit-radius-full  overit-no-padding \n  overit-block-separator\"\n        >\n  \n  <div class=\"overit-block-wrapper\">\n\n<div class=\"overit-separator overit-separator--boxed\">\n  <hr\/>\n<\/div>\n\n<\/div><!-- .overit-block-wrapper -->\n<\/div><!-- .overit-block -->\n\n\n<div\n  class=\"overit-block overit-block--white overit-radius-full overit-no-margin overit-padding-medium overit-block--fullwidth\n  overit-block-configurable-jumbotron\"\n        >\n  \n  <div class=\"overit-block-wrapper\">\n\n<section class=\"configurable-jumbotron left\" >\n                  <div class=\"cj-section-title\">L\u00d6SUNG<\/div>\n          \n                  <h2  class=\"cj-title medium\">Effiziente Planung, Disposition und Einsatzverteilung von Aktivit\u00e4ten in Wasserversorgungsnetzen<\/h2 >\n          \n                  <div class=\"cj-subtitle small\"><p>Die OverIT NextGen Platform bietet dem Kunden spezielle Funktionen zur Modernisierung der Betriebsprozesse:<\/p>\n<ul>\n<li><strong>Planung der Arbeitsauftr\u00e4ge<\/strong><br \/>\nEffiziente Verwaltung und optimale Einsatzsteuerung eines gro\u00dfen Volumens an Arbeitsauftr\u00e4gen f\u00fcr Au\u00dfendiensttechniker<\/li>\n<li><strong>Integration von Drittanbieter-L\u00f6sungen<\/strong><br \/>\nVerwaltung und Zuweisung an Au\u00dfendiensttechniker von Arbeitsauftr\u00e4gen, die \u00fcber die Integration mit SAP in das System importiert werden<\/li>\n<li><strong>Agenda<\/strong><br \/>\nTages- und Wochenplan f\u00fcr die Planung von Aktivit\u00e4ten und die Anzeige, Analyse und Bearbeitung des Arbeitsaufkommens des Technikers, auch \u00fcber mehrere Zeitrahmen hinweg<\/li>\n<li><strong>Mobile App<\/strong><br \/>\nMobile App f\u00fcr Field Service-Mitarbeiter zur Verwaltung von Arbeitsauftr\u00e4gen auf der Grundlage mobiler Formulare, zur Anzeige zugeh\u00f6riger Informationen auch offline, zur Verwaltung der Datenerfassung und zur Nachbesprechung und Auswertung von Aktivit\u00e4ten<\/li>\n<\/ul>\n<\/div>\n          \n        <\/section>\n\n<\/div><!-- .overit-block-wrapper -->\n<\/div><!-- .overit-block -->\n\n\n<div\n  class=\"overit-block overit-block--white overit-radius-full overit-no-margin overit-padding-medium-bottom \n  overit-block-separator\"\n        >\n  \n  <div class=\"overit-block-wrapper\">\n\n<div class=\"overit-separator overit-separator--boxed\">\n  <hr\/>\n<\/div>\n\n<\/div><!-- .overit-block-wrapper -->\n<\/div><!-- .overit-block -->\n\n\n<div\n  class=\"overit-block overit-block--white overit-radius-full overit-no-margin overit-no-padding overit-block--fullwidth\n  overit-block-configurable-jumbotron\"\n        >\n  \n  <div class=\"overit-block-wrapper\">\n\n<section class=\"configurable-jumbotron left\" >\n                  <div class=\"cj-section-title\">ERGEBNISSE<\/div>\n          \n                  <h2  class=\"cj-title medium\">Veritas hat durch die Partnerschaft mit OverIT hervorragende Ergebnisse erzielt<\/h2 >\n          \n    \n        <\/section>\n\n<\/div><!-- .overit-block-wrapper -->\n<\/div><!-- .overit-block -->\n\n\n<div\n  class=\"overit-block overit-block--white overit-radius-full overit-no-margin overit-padding-medium \n  overit-block-multi-info-cards\"\n        >\n  \n  <div class=\"overit-block-wrapper\">\n\n<div class=\"info-cards info-cards--4 info-cards--align-left\">\n        <div class=\"info-cards__sections \">\n                  <div class=\"info-card info-card--4\n                    info-card--without-icon\n          \n          info-card--top-line\n        \">\n        <div class=\"info-card-inner\">\n                                                      <div class=\"info-card__description\" >\n              <p>Digitalisierte Prozesse im Zusammenhang mit der Verwaltung der Aktivit\u00e4ten und Ressourcen\/Mitarbeitern <\/p>\n\n            <\/div>\n                  <\/div>\n      <\/div>\n                  <div class=\"info-card info-card--4\n                    info-card--without-icon\n          \n          info-card--top-line\n        \">\n        <div class=\"info-card-inner\">\n                                                      <div class=\"info-card__description\" >\n              <p>Verbesserte Ausf\u00fchrung der Au\u00dfendienstaktivit\u00e4ten <\/p>\n\n            <\/div>\n                  <\/div>\n      <\/div>\n                  <div class=\"info-card info-card--4\n                    info-card--without-icon\n          \n          info-card--top-line\n        \">\n        <div class=\"info-card-inner\">\n                                                      <div class=\"info-card__description\" >\n              <p>Standardisierte Informationen und Daten, die vor Ort gesammelt wurden <\/p>\n\n            <\/div>\n                  <\/div>\n      <\/div>\n                  <div class=\"info-card info-card--4\n                    info-card--without-icon\n          \n          info-card--top-line\n        \">\n        <div class=\"info-card-inner\">\n                                                      <div class=\"info-card__description\" >\n              <p>Straffung und Beschleunigung des Prozesses zur Nachbesprechung und Auswertung von Arbeitsauftr\u00e4gen <\/p>\n\n            <\/div>\n                  <\/div>\n      <\/div>\n          <\/div>\n  <\/div>\n\n<\/div><!-- .overit-block-wrapper -->\n<\/div><!-- .overit-block -->\n\n\n<div\n  class=\"overit-block overit-block--white overit-radius-full overit-margin-medium overit-padding-medium \n  overit-block-sustainable-development-goals\"\n        >\n  \n  <div class=\"overit-block-wrapper\">\n\n\n<div class=\"sdg\" id=\"\">\n  <div class=\"sdg__container\">\n    <div class=\"sdg__logo\">\n      <img decoding=\"async\" src=\"https:\/\/www.overit.ai\/app\/themes\/overit-theme\/resources\/assets\/images\/sdg\/DE\/logo.png\" width=\"96\" height=\"82\" alt=\"Symbol f\u00fcr die Ziele f\u00fcr nachhaltige Entwicklung\" \/>\n    <\/div>\n          <div class=\"sdg__description\">\n        <p><p>In einer sich st\u00e4ndig ver\u00e4ndernden Welt werden die Herausforderungen immer komplexer und erfordern geeignete Ma\u00dfnahmen zur Bew\u00e4ltigung neuer und sich abzeichnender Probleme, wobei eine kontinuierliche Verbesserung anzustreben und zu ber\u00fccksichtigen ist, dass Nachhaltigkeit nie das Ende der Fahnenstange ist. Veritas setzt sich f\u00fcr den Schutz der Umwelt und der Menschen ein, f\u00f6rdert Innovationen und sch\u00fctzt gleichzeitig die Gesundheit und das Wohlbefinden von Mitarbeitern und Gemeinden. Die OverIT NextGen Platform erm\u00f6glicht es dem Kunden, die Verf\u00fcgbarkeit und das nachhaltige Management von Wasser- und Sanit\u00e4reinrichtungen zu gew\u00e4hrleisten, eine widerstandsf\u00e4hige Infrastruktur aufzubauen und Innovationen zu f\u00f6rdern, mit dem Ziel, integrative, sichere und nachhaltige St\u00e4dte zu schaffen.<\/p>\n<\/p>\n      <\/div>\n              <div class=\"sdg__title\">\n        <p>OverIT <strong>NextGen Platform<\/strong> hat zur Erreichung der <strong>Ziele f\u00fcr nachhaltige Entwicklung<\/strong> beigetragen<\/p>\n      <\/div>\n      <div class=\"sdg__icons\">\n                                        <div class=\"sdg__icon\">\n              <img decoding=\"async\" src=\"https:\/\/www.overit.ai\/app\/themes\/overit-theme\/resources\/assets\/images\/sdg\/DE\/4.png\" alt=\"Symbol f\u00fcr Ziel f\u00fcr nachhaltige Entwicklung 4: Hochwertige Bildung\" width=\"76\" height=\"76\" \/>\n            <\/div>\n                                                  <div class=\"sdg__icon\">\n              <img decoding=\"async\" src=\"https:\/\/www.overit.ai\/app\/themes\/overit-theme\/resources\/assets\/images\/sdg\/DE\/7.png\" alt=\"Symbol f\u00fcr Ziel f\u00fcr nachhaltige Entwicklung 7: Bezahlbare und saubere Energie\" width=\"76\" height=\"76\" \/>\n            <\/div>\n                                                  <div class=\"sdg__icon\">\n              <img decoding=\"async\" src=\"https:\/\/www.overit.ai\/app\/themes\/overit-theme\/resources\/assets\/images\/sdg\/DE\/9.png\" alt=\"Symbol f\u00fcr Ziel f\u00fcr nachhaltige Entwicklung 9: Industrie, Innovation und Infrastruktur\" width=\"76\" height=\"76\" \/>\n            <\/div>\n                                                  <div class=\"sdg__icon\">\n              <img decoding=\"async\" src=\"https:\/\/www.overit.ai\/app\/themes\/overit-theme\/resources\/assets\/images\/sdg\/DE\/11.png\" alt=\"Symbol f\u00fcr Ziel f\u00fcr nachhaltige Entwicklung 11: Nachhaltige St\u00e4dte und Gemeinden\" width=\"76\" height=\"76\" \/>\n            <\/div>\n                                                  <div class=\"sdg__icon\">\n              <img decoding=\"async\" src=\"https:\/\/www.overit.ai\/app\/themes\/overit-theme\/resources\/assets\/images\/sdg\/DE\/13.png\" alt=\"Symbol f\u00fcr Ziel f\u00fcr nachhaltige Entwicklung 13: Ma\u00dfnahmen zum Klimaschutz\" width=\"76\" height=\"76\" \/>\n            <\/div>\n                        <\/div>\n      <\/div>\n<\/div>\n\n<\/div><!-- .overit-block-wrapper -->\n<\/div><!-- .overit-block -->\n","protected":false},"excerpt":{"rendered":"","protected":false},"author":3,"featured_media":0,"parent":67043,"menu_order":0,"comment_status":"closed","ping_status":"closed","template":"","meta":{"_acf_changed":false,"footnotes":""},"case_study_category":[215],"class_list":["post-67394","page","type-page","status-publish","hentry","case_study_category-energy-utility"],"acf":[],"yoast_head":"<!-- This site is optimized with the Yoast SEO Premium plugin v25.6 (Yoast SEO v25.6) - https:\/\/yoast.com\/wordpress\/plugins\/seo\/ -->\n<title>Veritas Wassernetz-Management | OverIT<\/title>\n<meta name=\"description\" content=\"Veritas optimiert Wassernetz-Management mit Planung, Disposition und mobiler Einsatzsteuerung f\u00fcr 5.340 km Infrastruktur.\" \/>\n<meta name=\"robots\" content=\"index, follow, max-snippet:-1, max-image-preview:large, max-video-preview:-1\" \/>\n<link rel=\"canonical\" href=\"https:\/\/www.overit.ai\/de\/kunden\/kundenerfolgsgeschichten\/wassernetz-management\/\" \/>\n<meta property=\"og:locale\" content=\"de_DE\" \/>\n<meta property=\"og:type\" content=\"article\" \/>\n<meta property=\"og:title\" content=\"Veritas Wassernetz-Management | OverIT\" \/>\n<meta property=\"og:description\" content=\"Veritas optimiert Wassernetz-Management mit Planung, Disposition und mobiler Einsatzsteuerung f\u00fcr 5.340 km Infrastruktur.\" \/>\n<meta property=\"og:url\" content=\"https:\/\/www.overit.ai\/de\/kunden\/kundenerfolgsgeschichten\/wassernetz-management\/\" \/>\n<meta property=\"og:site_name\" content=\"OverIT\" \/>\n<meta property=\"article:modified_time\" content=\"2026-03-12T10:01:30+00:00\" \/>\n<meta name=\"twitter:card\" content=\"summary_large_image\" \/>\n<meta name=\"twitter:title\" content=\"Veritas Wassernetz-Management | OverIT\" \/>\n<meta name=\"twitter:description\" content=\"Veritas optimiert Wassernetz-Management mit Planung, Disposition und mobiler Einsatzsteuerung f\u00fcr 5.340 km Infrastruktur.\" \/>\n<meta name=\"twitter:label1\" content=\"Est. reading time\" \/>\n\t<meta name=\"twitter:data1\" content=\"4 minutes\" \/>\n<script type=\"application\/ld+json\" class=\"yoast-schema-graph\">{\"@context\":\"https:\/\/schema.org\",\"@graph\":[{\"@type\":\"WebPage\",\"@id\":\"https:\/\/www.overit.ai\/de\/kunden\/kundenerfolgsgeschichten\/wassernetz-management\/\",\"url\":\"https:\/\/www.overit.ai\/de\/kunden\/kundenerfolgsgeschichten\/wassernetz-management\/\",\"name\":\"Veritas Wassernetz-Management | OverIT\",\"isPartOf\":{\"@id\":\"https:\/\/www.overit.ai\/de\/#website\"},\"datePublished\":\"2026-02-26T14:55:20+00:00\",\"dateModified\":\"2026-03-12T10:01:30+00:00\",\"description\":\"Veritas optimiert Wassernetz-Management mit Planung, Disposition und mobiler Einsatzsteuerung f\u00fcr 5.340 km Infrastruktur.\",\"breadcrumb\":{\"@id\":\"https:\/\/www.overit.ai\/de\/kunden\/kundenerfolgsgeschichten\/wassernetz-management\/#breadcrumb\"},\"inLanguage\":\"de-DE\",\"potentialAction\":[{\"@type\":\"ReadAction\",\"target\":[\"https:\/\/www.overit.ai\/de\/kunden\/kundenerfolgsgeschichten\/wassernetz-management\/\"]}]},{\"@type\":\"BreadcrumbList\",\"@id\":\"https:\/\/www.overit.ai\/de\/kunden\/kundenerfolgsgeschichten\/wassernetz-management\/#breadcrumb\",\"itemListElement\":[{\"@type\":\"ListItem\",\"position\":1,\"name\":\"Home\",\"item\":\"https:\/\/www.overit.ai\/de\/\"},{\"@type\":\"ListItem\",\"position\":2,\"name\":\"Kunden\",\"item\":\"https:\/\/www.overit.ai\/de\/kunden\/\"},{\"@type\":\"ListItem\",\"position\":3,\"name\":\"Kundenerfolgsgeschichten\",\"item\":\"https:\/\/www.overit.ai\/de\/kunden\/kundenerfolgsgeschichten\/\"},{\"@type\":\"ListItem\",\"position\":4,\"name\":\"Activity planning, scheduling, and dispatching on water networks\"}]},{\"@type\":\"WebSite\",\"@id\":\"https:\/\/www.overit.ai\/de\/#website\",\"url\":\"https:\/\/www.overit.ai\/de\/\",\"name\":\"OverIT\",\"description\":\"Innovation in Field Service Management\",\"publisher\":{\"@id\":\"https:\/\/www.overit.ai\/de\/#organization\"},\"potentialAction\":[{\"@type\":\"SearchAction\",\"target\":{\"@type\":\"EntryPoint\",\"urlTemplate\":\"https:\/\/www.overit.ai\/de\/?s={search_term_string}\"},\"query-input\":{\"@type\":\"PropertyValueSpecification\",\"valueRequired\":true,\"valueName\":\"search_term_string\"}}],\"inLanguage\":\"de-DE\"},{\"@type\":\"Organization\",\"@id\":\"https:\/\/www.overit.ai\/de\/#organization\",\"name\":\"OverIT\",\"url\":\"https:\/\/www.overit.ai\/de\/\",\"logo\":{\"@type\":\"ImageObject\",\"inLanguage\":\"de-DE\",\"@id\":\"https:\/\/www.overit.ai\/de\/#\/schema\/logo\/image\/\",\"url\":\"https:\/\/www.overit.ai\/app\/uploads\/2021\/10\/OverIT-logo-400.png\",\"contentUrl\":\"https:\/\/www.overit.ai\/app\/uploads\/2021\/10\/OverIT-logo-400.png\",\"width\":400,\"height\":250,\"caption\":\"OverIT\"},\"image\":{\"@id\":\"https:\/\/www.overit.ai\/de\/#\/schema\/logo\/image\/\"}}]}<\/script>\n<!-- \/ Yoast SEO Premium plugin. -->","yoast_head_json":{"title":"Veritas Wassernetz-Management | OverIT","description":"Veritas optimiert Wassernetz-Management mit Planung, Disposition und mobiler Einsatzsteuerung f\u00fcr 5.340 km Infrastruktur.","robots":{"index":"index","follow":"follow","max-snippet":"max-snippet:-1","max-image-preview":"max-image-preview:large","max-video-preview":"max-video-preview:-1"},"canonical":"https:\/\/www.overit.ai\/de\/kunden\/kundenerfolgsgeschichten\/wassernetz-management\/","og_locale":"de_DE","og_type":"article","og_title":"Veritas Wassernetz-Management | OverIT","og_description":"Veritas optimiert Wassernetz-Management mit Planung, Disposition und mobiler Einsatzsteuerung f\u00fcr 5.340 km Infrastruktur.","og_url":"https:\/\/www.overit.ai\/de\/kunden\/kundenerfolgsgeschichten\/wassernetz-management\/","og_site_name":"OverIT","article_modified_time":"2026-03-12T10:01:30+00:00","twitter_card":"summary_large_image","twitter_title":"Veritas Wassernetz-Management | OverIT","twitter_description":"Veritas optimiert Wassernetz-Management mit Planung, Disposition und mobiler Einsatzsteuerung f\u00fcr 5.340 km Infrastruktur.","twitter_misc":{"Est. reading time":"4 minutes"},"schema":{"@context":"https:\/\/schema.org","@graph":[{"@type":"WebPage","@id":"https:\/\/www.overit.ai\/de\/kunden\/kundenerfolgsgeschichten\/wassernetz-management\/","url":"https:\/\/www.overit.ai\/de\/kunden\/kundenerfolgsgeschichten\/wassernetz-management\/","name":"Veritas Wassernetz-Management | OverIT","isPartOf":{"@id":"https:\/\/www.overit.ai\/de\/#website"},"datePublished":"2026-02-26T14:55:20+00:00","dateModified":"2026-03-12T10:01:30+00:00","description":"Veritas optimiert Wassernetz-Management mit Planung, Disposition und mobiler Einsatzsteuerung f\u00fcr 5.340 km Infrastruktur.","breadcrumb":{"@id":"https:\/\/www.overit.ai\/de\/kunden\/kundenerfolgsgeschichten\/wassernetz-management\/#breadcrumb"},"inLanguage":"de-DE","potentialAction":[{"@type":"ReadAction","target":["https:\/\/www.overit.ai\/de\/kunden\/kundenerfolgsgeschichten\/wassernetz-management\/"]}]},{"@type":"BreadcrumbList","@id":"https:\/\/www.overit.ai\/de\/kunden\/kundenerfolgsgeschichten\/wassernetz-management\/#breadcrumb","itemListElement":[{"@type":"ListItem","position":1,"name":"Home","item":"https:\/\/www.overit.ai\/de\/"},{"@type":"ListItem","position":2,"name":"Kunden","item":"https:\/\/www.overit.ai\/de\/kunden\/"},{"@type":"ListItem","position":3,"name":"Kundenerfolgsgeschichten","item":"https:\/\/www.overit.ai\/de\/kunden\/kundenerfolgsgeschichten\/"},{"@type":"ListItem","position":4,"name":"Activity planning, scheduling, and dispatching on water networks"}]},{"@type":"WebSite","@id":"https:\/\/www.overit.ai\/de\/#website","url":"https:\/\/www.overit.ai\/de\/","name":"OverIT","description":"Innovation in Field Service Management","publisher":{"@id":"https:\/\/www.overit.ai\/de\/#organization"},"potentialAction":[{"@type":"SearchAction","target":{"@type":"EntryPoint","urlTemplate":"https:\/\/www.overit.ai\/de\/?s={search_term_string}"},"query-input":{"@type":"PropertyValueSpecification","valueRequired":true,"valueName":"search_term_string"}}],"inLanguage":"de-DE"},{"@type":"Organization","@id":"https:\/\/www.overit.ai\/de\/#organization","name":"OverIT","url":"https:\/\/www.overit.ai\/de\/","logo":{"@type":"ImageObject","inLanguage":"de-DE","@id":"https:\/\/www.overit.ai\/de\/#\/schema\/logo\/image\/","url":"https:\/\/www.overit.ai\/app\/uploads\/2021\/10\/OverIT-logo-400.png","contentUrl":"https:\/\/www.overit.ai\/app\/uploads\/2021\/10\/OverIT-logo-400.png","width":400,"height":250,"caption":"OverIT"},"image":{"@id":"https:\/\/www.overit.ai\/de\/#\/schema\/logo\/image\/"}}]}},"_links":{"self":[{"href":"https:\/\/www.overit.ai\/de\/wp-json\/wp\/v2\/pages\/67394","targetHints":{"allow":["GET"]}}],"collection":[{"href":"https:\/\/www.overit.ai\/de\/wp-json\/wp\/v2\/pages"}],"about":[{"href":"https:\/\/www.overit.ai\/de\/wp-json\/wp\/v2\/types\/page"}],"author":[{"embeddable":true,"href":"https:\/\/www.overit.ai\/de\/wp-json\/wp\/v2\/users\/3"}],"replies":[{"embeddable":true,"href":"https:\/\/www.overit.ai\/de\/wp-json\/wp\/v2\/comments?post=67394"}],"version-history":[{"count":4,"href":"https:\/\/www.overit.ai\/de\/wp-json\/wp\/v2\/pages\/67394\/revisions"}],"predecessor-version":[{"id":70263,"href":"https:\/\/www.overit.ai\/de\/wp-json\/wp\/v2\/pages\/67394\/revisions\/70263"}],"up":[{"embeddable":true,"href":"https:\/\/www.overit.ai\/de\/wp-json\/wp\/v2\/pages\/67043"}],"wp:attachment":[{"href":"https:\/\/www.overit.ai\/de\/wp-json\/wp\/v2\/media?parent=67394"}],"wp:term":[{"taxonomy":"case_study_category","embeddable":true,"href":"https:\/\/www.overit.ai\/de\/wp-json\/wp\/v2\/case_study_category?post=67394"}],"curies":[{"name":"wp","href":"https:\/\/api.w.org\/{rel}","templated":true}]}}