{"id":67390,"date":"2026-02-26T14:47:42","date_gmt":"2026-02-26T14:47:42","guid":{"rendered":"https:\/\/www.overit.ai\/?page_id=67390"},"modified":"2026-03-31T10:22:35","modified_gmt":"2026-03-31T10:22:35","slug":"wartungsmanagement-eisenbahninfrastruktur","status":"publish","type":"page","link":"https:\/\/www.overit.ai\/de\/kunden\/kundenerfolgsgeschichten\/wartungsmanagement-eisenbahninfrastruktur\/","title":{"rendered":"RFI &#8211; I-MAN"},"content":{"rendered":"<div\n  class=\"overit-block overit-block--white overit-radius-none overit-margin-small-bottom overit-no-padding \n  overit-block-customer-page-header\"\n        >\n  \n  <div class=\"overit-block-wrapper\">\n\n<div class=\"cph\">\n  \n    <div class=\"cph_slogan-cont\" style=\"background: linear-gradient(0deg, rgba(0, 0, 0, 0.35), rgba(0, 0, 0, 0.35)), url('https:\/\/www.overit.ai\/app\/uploads\/2020\/12\/rfi-i-man.jpg') center center\">\n                  <div class=\"cph__section-title\">RFI<\/div>\n                                    <h1 class=\"cph__slogan\">Verwaltung von Wartungseingriffen<\/h1>\n            <\/div>\n  <div class=\"cph__customer-section\" data-aos=\"fade-up\">\n    <div class=\"cph__customer-desc-cont\">\n                    <img decoding=\"async\" class=\"cph__customer-logo\" src=\"https:\/\/www.overit.ai\/app\/uploads\/2020\/12\/rfi-logo.png\" alt=\"rfi-logo\" width=\"400\" height=\"100\" \/>\n            <div class=\"cph__customer-desc\">\n        <p>RFI ist das Unternehmen der Gruppo Ferrovie dello Stato, die f\u00fcr die Verwaltung der italienischen Eisenbahninfrastruktur zust\u00e4ndig ist.<\/p>\n\n      <\/div>\n    <\/div>\n    <div class=\"cph__customer-facts\">\n              <div class=\"cph__facts-title\">SCHL\u00dcSSELINFORMATIONEN<\/div>\n        <div class=\"cph__facts\">\n                     <div class=\"cph__fact-cont\">\n            <div class=\"cph__fact-label\">\n              Industrie\n            <\/div>\n            <div class=\"cph__fact\">\n              Transport\n            <\/div>\n          <\/div>\n                     <div class=\"cph__fact-cont\">\n            <div class=\"cph__fact-label\">\n              Region\n            <\/div>\n            <div class=\"cph__fact\">\n              Italien\n            <\/div>\n          <\/div>\n                     <div class=\"cph__fact-cont\">\n            <div class=\"cph__fact-label\">\n              Website\n            <\/div>\n            <div class=\"cph__fact\">\n              rfi.it\n            <\/div>\n          <\/div>\n                     <div class=\"cph__fact-cont\">\n            <div class=\"cph__fact-label\">\n              Beteiligte Techniker\n            <\/div>\n            <div class=\"cph__fact\">\n              10.000\n            <\/div>\n          <\/div>\n                  <\/div>\n          <\/div>\n  <\/div>\n<\/div>\n\n<\/div><!-- .overit-block-wrapper -->\n<\/div><!-- .overit-block -->\n\n\n<div\n  class=\"overit-block overit-block--white overit-radius-full overit-no-margin overit-padding-small overit-block--fullwidth\n  overit-block-configurable-jumbotron\"\n        >\n  \n  <div class=\"overit-block-wrapper\">\n\n<section class=\"configurable-jumbotron left\" >\n                  <h3 class=\"cj-section-title\">KUNDENBED\u00dcRFNISSE<\/h3>\n          \n                  <div class=\"cj-title small\">Verwaltung von Field Service-Aktivit\u00e4ten<\/div>\n          \n                  <div class=\"cj-subtitle medium\"><p>Der Kunde w\u00fcnschte eine L\u00f6sung f\u00fcr die Verwaltung der Wartungst\u00e4tigkeit der Eisenbahninfrastruktur, die darauf abzielte, die Verfahren f\u00fcr die Zuweisung von Instandhaltungsaktivit\u00e4ten an das Personal und den entsprechenden Bericht zu \u00fcberarbeiten, den Informationsaustausch zwischen dem Leiter des Arbeitszentrums und den Instandhaltungsmitarbeitern zu verbessern und die Aktivit\u00e4ten der Teams bei der Durchf\u00fchrung der Instandhaltungsarbeiten zu rationalisieren.<\/p>\n<\/div>\n          \n        <\/section>\n\n<\/div><!-- .overit-block-wrapper -->\n<\/div><!-- .overit-block -->\n\n\n<div\n  class=\"overit-block overit-block--white overit-radius-full  overit-no-padding \n  overit-block-separator\"\n        >\n  \n  <div class=\"overit-block-wrapper\">\n\n<div class=\"overit-separator overit-separator--boxed\">\n  <hr\/>\n<\/div>\n\n<\/div><!-- .overit-block-wrapper -->\n<\/div><!-- .overit-block -->\n\n\n<div\n  class=\"overit-block overit-block--white overit-radius-full overit-no-margin overit-padding-medium overit-block--fullwidth\n  overit-block-configurable-jumbotron\"\n        >\n  \n  <div class=\"overit-block-wrapper\">\n\n<section class=\"configurable-jumbotron left\" >\n                  <h3 class=\"cj-section-title\">UNSERE L\u00d6SUNG<\/h3>\n          \n                  <div class=\"cj-title medium\">Die L\u00f6sung von OverIT erm\u00f6glicht die Verwaltung von Field Service-Aktivit\u00e4ten an linearen Assets<\/div>\n          \n                  <div class=\"cj-subtitle small\"><p>Das I-MAN-System wurde entwickelt, um die folgenden erwarteten Mengen zu verwalten: 16.787 km Eisenbahnstrecken, 350 Wartungseinheiten in ganz Italien, 700 f\u00fcr die Aufgabenzuweisung\/-genehmigung zust\u00e4ndige Mitarbeiter und 10.000 Wartungsmitarbeiter.<\/p>\n<p>Die L\u00f6sung von OverIT erm\u00f6glicht die Verwaltung der Verfahren zur Zuweisung von Arbeitsauftr\u00e4gen an die Teams unter Angabe der gesch\u00e4tzten Ausf\u00fchrungszeiten und der jedem Mitglied zugewiesenen Aufgaben sowie die Durchf\u00fchrung von T\u00e4tigkeiten \u00fcber eine von den Au\u00dfendienstmitarbeitern verwendete mobile App. Sie erhalten den Arbeitsplan, die erforderlichen Unterlagen und die technischen Standorte, an denen der Einsatz durchgef\u00fchrt werden muss, und werden bei der Ausf\u00fchrung der Aufgabe unterst\u00fctzt. Die L\u00f6sung erm\u00f6glicht auch die Nachbesprechung der durchgef\u00fchrten Aktivit\u00e4ten \u00fcber ein spezielles Dashboard, die Genehmigung von Arbeitskr\u00e4ften, Eingriffen und technischen Modulen, die auf mobilen Ger\u00e4ten ausgef\u00fcllt werden, sowie die Meldung ungeplanter Aktivit\u00e4ten, die nicht \u00fcber mobile Ger\u00e4te verwaltet werden.<\/p>\n<\/div>\n          \n        <\/section>\n\n<\/div><!-- .overit-block-wrapper -->\n<\/div><!-- .overit-block -->\n\n\n<div\n  class=\"overit-block overit-block--white overit-radius-full  overit-no-padding \n  overit-block-separator\"\n        >\n  \n  <div class=\"overit-block-wrapper\">\n\n<div class=\"overit-separator overit-separator--boxed\">\n  <hr\/>\n<\/div>\n\n<\/div><!-- .overit-block-wrapper -->\n<\/div><!-- .overit-block -->\n\n\n<div\n  class=\"overit-block overit-block--white overit-radius-full overit-no-margin overit-padding-small overit-block--fullwidth\n  overit-block-configurable-jumbotron\"\n        >\n  \n  <div class=\"overit-block-wrapper\">\n\n<section class=\"configurable-jumbotron left\" >\n                  <h3 class=\"cj-section-title\">VORTEILE<\/h3>\n          \n                  <div class=\"cj-title medium\">Umfassende Unterst\u00fctzung bei der Wartung der Eisenbahninfrastruktur<\/div>\n          \n    \n        <\/section>\n\n<\/div><!-- .overit-block-wrapper -->\n<\/div><!-- .overit-block -->\n\n\n<div\n  class=\"overit-block overit-block--white overit-radius-full overit-margin-medium-bottom overit-no-padding \n  overit-block-multi-info-cards\"\n        >\n  \n  <div class=\"overit-block-wrapper\">\n\n<div class=\"info-cards info-cards--3 info-cards--align-left\">\n        <div class=\"info-cards__sections \">\n                  <div class=\"info-card info-card--3\n                    info-card--without-icon\n          \n          info-card--top-line\n        \">\n        <div class=\"info-card-inner\">\n                                                      <div class=\"info-card__description\" >\n              <p>Bessere Verwaltung des Prozesses der Aufgabenverteilung<\/p>\n\n            <\/div>\n                  <\/div>\n      <\/div>\n                  <div class=\"info-card info-card--3\n                    info-card--without-icon\n          \n          info-card--top-line\n        \">\n        <div class=\"info-card-inner\">\n                                                      <div class=\"info-card__description\" >\n              <p>Verbesserte Effizienz der Au\u00dfendienstaktivit\u00e4ten<\/p>\n\n            <\/div>\n                  <\/div>\n      <\/div>\n                  <div class=\"info-card info-card--3\n                    info-card--without-icon\n          \n          info-card--top-line\n        \">\n        <div class=\"info-card-inner\">\n                                                      <div class=\"info-card__description\" >\n              <p>Mobile Abnahme und anschlie\u00dfende Nachbesprechung und Auswertung der durchgef\u00fchrten Aktivit\u00e4ten<\/p>\n\n            <\/div>\n                  <\/div>\n      <\/div>\n                  <div class=\"info-card info-card--3\n                    info-card--without-icon\n          \n          info-card--top-line\n        \">\n        <div class=\"info-card-inner\">\n                                                      <div class=\"info-card__description\" >\n              <p>Dokumentenabfrage unterwegs<\/p>\n\n            <\/div>\n                  <\/div>\n      <\/div>\n                  <div class=\"info-card info-card--3\n                    info-card--without-icon\n          \n          info-card--top-line\n        \">\n        <div class=\"info-card-inner\">\n                                                      <div class=\"info-card__description\" >\n              <p>\u00dcberwachung in Echtzeit der T\u00e4tigkeiten<\/p>\n\n            <\/div>\n                  <\/div>\n      <\/div>\n                  <div class=\"info-card info-card--3\n                    info-card--without-icon\n          \n          info-card--top-line\n        \">\n        <div class=\"info-card-inner\">\n                                                      <div class=\"info-card__description\" >\n              <p>Nahtlose Integration mit SAP<\/p>\n\n            <\/div>\n                  <\/div>\n      <\/div>\n          <\/div>\n  <\/div>\n\n<\/div><!-- .overit-block-wrapper -->\n<\/div><!-- .overit-block -->\n\n\n<div\n  class=\"overit-block overit-block--white overit-radius-full overit-no-margin overit-padding-medium-bottom \n  overit-block-customer-stories\"\n        >\n  \n  <div class=\"overit-block-wrapper\">\n\n<div class=\"posts-slider\">\n  <div class=\"post-cards-cont\">\n    <section class=\"post-cards\">\n              <div class=\"post-cards__header\">\n          <div class=\"post-cards__header-content\">\n            \n                          <div class=\"category-link\">An anderen Erfolgsgeschichten interessiert?<\/div>\n              <div class=\"visit-link\"><\/div>\n                      <\/div>\n          <button class=\"arrow-prev\" aria-label=\"Voriger Inhalt\"><\/button>\n          <button class=\"arrow-next\" aria-label=\"N\u00e4chster Inhalt\"><\/button>\n        <\/div>\n            <div class=\"post-cards__body post-cards__body--with-arrows news-cards\">\n                   <div class=\"post-card \">\n                                    <a class=\"post-card__image\" style=\"--aspect-ratio:18\/10;--aspect-ratio-desktop:18\/10;\" href=\"https:\/\/www.overit.ai\/de\/kunden\/kundenerfolgsgeschichten\/hands-free-inspektionen-schienengueterverkehr\/\">\n              <img decoding=\"async\" src=\"https:\/\/www.overit.ai\/app\/uploads\/2022\/10\/AR-rail-cargo-768x443.jpeg\" alt=\"Rail Cargo Carrier &#8211; Hands-free inspections\" width=\"768\" height=\"443\">\n            <\/a>\n                        <div class=\"post-card__body\">\n              <a class=\"post-card__body-cont\" href=\"https:\/\/www.overit.ai\/de\/kunden\/kundenerfolgsgeschichten\/hands-free-inspektionen-schienengueterverkehr\/\" title=\"Rail Cargo Carrier &#8211; Hands-free inspections\">\n                <h2 class=\"post-card__title\">Rail Cargo Carrier &#8211; Hands-free inspections<\/h2>\n              <\/a>\n              <div class=\"post-card__link-cont\">\n                <a href=\"https:\/\/www.overit.ai\/de\/kunden\/kundenerfolgsgeschichten\/hands-free-inspektionen-schienengueterverkehr\/\" class=\"post-card__link post-card__link--post\">Jetzt lesen<\/a>\n              <\/div>\n            <\/div>\n          <\/div>\n\n                   <div class=\"post-card \">\n                                    <a class=\"post-card__image\" style=\"--aspect-ratio:18\/10;--aspect-ratio-desktop:18\/10;\" href=\"https:\/\/www.overit.ai\/de\/kunden\/kundenerfolgsgeschichten\/wartungsmanagement-eisenbahninfrastruktur\/\">\n              <img decoding=\"async\" src=\"https:\/\/www.overit.ai\/app\/uploads\/2020\/12\/rfi-i-man-768x360.jpg\" alt=\"RFI &#8211; I-MAN\" width=\"768\" height=\"360\">\n            <\/a>\n                        <div class=\"post-card__body\">\n              <a class=\"post-card__body-cont\" href=\"https:\/\/www.overit.ai\/de\/kunden\/kundenerfolgsgeschichten\/wartungsmanagement-eisenbahninfrastruktur\/\" title=\"RFI &#8211; I-MAN\">\n                <h2 class=\"post-card__title\">RFI &#8211; I-MAN<\/h2>\n              <\/a>\n              <div class=\"post-card__link-cont\">\n                <a href=\"https:\/\/www.overit.ai\/de\/kunden\/kundenerfolgsgeschichten\/wartungsmanagement-eisenbahninfrastruktur\/\" class=\"post-card__link post-card__link--post\">Jetzt lesen<\/a>\n              <\/div>\n            <\/div>\n          <\/div>\n\n              <\/div>\n    <\/section>\n  <\/div>\n<\/div>\n\n<\/div><!-- .overit-block-wrapper -->\n<\/div><!-- .overit-block -->\n","protected":false},"excerpt":{"rendered":"","protected":false},"author":3,"featured_media":4228,"parent":67043,"menu_order":0,"comment_status":"closed","ping_status":"closed","template":"","meta":{"_acf_changed":false,"footnotes":""},"case_study_category":[218],"class_list":["post-67390","page","type-page","status-publish","has-post-thumbnail","hentry","case_study_category-transportation"],"acf":[],"yoast_head":"<!-- This site is optimized with the Yoast SEO Premium plugin v25.6 (Yoast SEO v25.6) - https:\/\/yoast.com\/wordpress\/plugins\/seo\/ -->\n<title>Wartungsmanagement f\u00fcr Eisenbahninfrastruktur | OverIT<\/title>\n<meta name=\"description\" content=\"Wartungsmanagement f\u00fcr Eisenbahninfrastruktur verbessert Aufgabenverteilung, mobile Prozesse und Echtzeit-\u00dcberwachung bei RFI.\" \/>\n<meta name=\"robots\" content=\"index, follow, max-snippet:-1, max-image-preview:large, max-video-preview:-1\" \/>\n<link rel=\"canonical\" href=\"https:\/\/www.overit.ai\/de\/kunden\/kundenerfolgsgeschichten\/wartungsmanagement-eisenbahninfrastruktur\/\" \/>\n<meta property=\"og:locale\" content=\"de_DE\" \/>\n<meta property=\"og:type\" content=\"article\" \/>\n<meta property=\"og:title\" content=\"Wartungsmanagement f\u00fcr Eisenbahninfrastruktur | OverIT\" \/>\n<meta property=\"og:description\" content=\"Wartungsmanagement f\u00fcr Eisenbahninfrastruktur verbessert Aufgabenverteilung, mobile Prozesse und Echtzeit-\u00dcberwachung bei RFI.\" \/>\n<meta property=\"og:url\" content=\"https:\/\/www.overit.ai\/de\/kunden\/kundenerfolgsgeschichten\/wartungsmanagement-eisenbahninfrastruktur\/\" \/>\n<meta property=\"og:site_name\" content=\"OverIT\" \/>\n<meta property=\"article:modified_time\" content=\"2026-03-31T10:22:35+00:00\" \/>\n<meta property=\"og:image\" content=\"https:\/\/www.overit.ai\/app\/uploads\/2020\/12\/rfi-i-man.jpg\" \/>\n\t<meta property=\"og:image:width\" content=\"2000\" \/>\n\t<meta property=\"og:image:height\" content=\"937\" \/>\n\t<meta property=\"og:image:type\" content=\"image\/jpeg\" \/>\n<meta name=\"twitter:card\" content=\"summary_large_image\" \/>\n<meta name=\"twitter:title\" content=\"Wartungsmanagement f\u00fcr Eisenbahninfrastruktur | OverIT\" \/>\n<meta name=\"twitter:description\" content=\"Wartungsmanagement f\u00fcr Eisenbahninfrastruktur verbessert Aufgabenverteilung, mobile Prozesse und Echtzeit-\u00dcberwachung bei RFI.\" \/>\n<meta name=\"twitter:label1\" content=\"Est. reading time\" \/>\n\t<meta name=\"twitter:data1\" content=\"2 minutes\" \/>\n<script type=\"application\/ld+json\" class=\"yoast-schema-graph\">{\"@context\":\"https:\/\/schema.org\",\"@graph\":[{\"@type\":\"WebPage\",\"@id\":\"https:\/\/www.overit.ai\/de\/kunden\/kundenerfolgsgeschichten\/wartungsmanagement-eisenbahninfrastruktur\/\",\"url\":\"https:\/\/www.overit.ai\/de\/kunden\/kundenerfolgsgeschichten\/wartungsmanagement-eisenbahninfrastruktur\/\",\"name\":\"Wartungsmanagement f\u00fcr Eisenbahninfrastruktur | OverIT\",\"isPartOf\":{\"@id\":\"https:\/\/www.overit.ai\/de\/#website\"},\"primaryImageOfPage\":{\"@id\":\"https:\/\/www.overit.ai\/de\/kunden\/kundenerfolgsgeschichten\/wartungsmanagement-eisenbahninfrastruktur\/#primaryimage\"},\"image\":{\"@id\":\"https:\/\/www.overit.ai\/de\/kunden\/kundenerfolgsgeschichten\/wartungsmanagement-eisenbahninfrastruktur\/#primaryimage\"},\"thumbnailUrl\":\"https:\/\/www.overit.ai\/app\/uploads\/2020\/12\/rfi-i-man.jpg\",\"datePublished\":\"2026-02-26T14:47:42+00:00\",\"dateModified\":\"2026-03-31T10:22:35+00:00\",\"description\":\"Wartungsmanagement f\u00fcr Eisenbahninfrastruktur verbessert Aufgabenverteilung, mobile Prozesse und Echtzeit-\u00dcberwachung bei RFI.\",\"breadcrumb\":{\"@id\":\"https:\/\/www.overit.ai\/de\/kunden\/kundenerfolgsgeschichten\/wartungsmanagement-eisenbahninfrastruktur\/#breadcrumb\"},\"inLanguage\":\"de-DE\",\"potentialAction\":[{\"@type\":\"ReadAction\",\"target\":[\"https:\/\/www.overit.ai\/de\/kunden\/kundenerfolgsgeschichten\/wartungsmanagement-eisenbahninfrastruktur\/\"]}]},{\"@type\":\"ImageObject\",\"inLanguage\":\"de-DE\",\"@id\":\"https:\/\/www.overit.ai\/de\/kunden\/kundenerfolgsgeschichten\/wartungsmanagement-eisenbahninfrastruktur\/#primaryimage\",\"url\":\"https:\/\/www.overit.ai\/app\/uploads\/2020\/12\/rfi-i-man.jpg\",\"contentUrl\":\"https:\/\/www.overit.ai\/app\/uploads\/2020\/12\/rfi-i-man.jpg\",\"width\":2000,\"height\":937,\"caption\":\"RFI I-man\"},{\"@type\":\"BreadcrumbList\",\"@id\":\"https:\/\/www.overit.ai\/de\/kunden\/kundenerfolgsgeschichten\/wartungsmanagement-eisenbahninfrastruktur\/#breadcrumb\",\"itemListElement\":[{\"@type\":\"ListItem\",\"position\":1,\"name\":\"Home\",\"item\":\"https:\/\/www.overit.ai\/de\/\"},{\"@type\":\"ListItem\",\"position\":2,\"name\":\"Kunden\",\"item\":\"https:\/\/www.overit.ai\/de\/kunden\/\"},{\"@type\":\"ListItem\",\"position\":3,\"name\":\"Kundenerfolgsgeschichten\",\"item\":\"https:\/\/www.overit.ai\/de\/kunden\/kundenerfolgsgeschichten\/\"},{\"@type\":\"ListItem\",\"position\":4,\"name\":\"RFI &#8211; I-MAN\"}]},{\"@type\":\"WebSite\",\"@id\":\"https:\/\/www.overit.ai\/de\/#website\",\"url\":\"https:\/\/www.overit.ai\/de\/\",\"name\":\"OverIT\",\"description\":\"Innovation in Field Service Management\",\"publisher\":{\"@id\":\"https:\/\/www.overit.ai\/de\/#organization\"},\"potentialAction\":[{\"@type\":\"SearchAction\",\"target\":{\"@type\":\"EntryPoint\",\"urlTemplate\":\"https:\/\/www.overit.ai\/de\/?s={search_term_string}\"},\"query-input\":{\"@type\":\"PropertyValueSpecification\",\"valueRequired\":true,\"valueName\":\"search_term_string\"}}],\"inLanguage\":\"de-DE\"},{\"@type\":\"Organization\",\"@id\":\"https:\/\/www.overit.ai\/de\/#organization\",\"name\":\"OverIT\",\"url\":\"https:\/\/www.overit.ai\/de\/\",\"logo\":{\"@type\":\"ImageObject\",\"inLanguage\":\"de-DE\",\"@id\":\"https:\/\/www.overit.ai\/de\/#\/schema\/logo\/image\/\",\"url\":\"https:\/\/www.overit.ai\/app\/uploads\/2021\/10\/OverIT-logo-400.png\",\"contentUrl\":\"https:\/\/www.overit.ai\/app\/uploads\/2021\/10\/OverIT-logo-400.png\",\"width\":400,\"height\":250,\"caption\":\"OverIT\"},\"image\":{\"@id\":\"https:\/\/www.overit.ai\/de\/#\/schema\/logo\/image\/\"}}]}<\/script>\n<!-- \/ Yoast SEO Premium plugin. -->","yoast_head_json":{"title":"Wartungsmanagement f\u00fcr Eisenbahninfrastruktur | OverIT","description":"Wartungsmanagement f\u00fcr Eisenbahninfrastruktur verbessert Aufgabenverteilung, mobile Prozesse und Echtzeit-\u00dcberwachung bei RFI.","robots":{"index":"index","follow":"follow","max-snippet":"max-snippet:-1","max-image-preview":"max-image-preview:large","max-video-preview":"max-video-preview:-1"},"canonical":"https:\/\/www.overit.ai\/de\/kunden\/kundenerfolgsgeschichten\/wartungsmanagement-eisenbahninfrastruktur\/","og_locale":"de_DE","og_type":"article","og_title":"Wartungsmanagement f\u00fcr Eisenbahninfrastruktur | OverIT","og_description":"Wartungsmanagement f\u00fcr Eisenbahninfrastruktur verbessert Aufgabenverteilung, mobile Prozesse und Echtzeit-\u00dcberwachung bei RFI.","og_url":"https:\/\/www.overit.ai\/de\/kunden\/kundenerfolgsgeschichten\/wartungsmanagement-eisenbahninfrastruktur\/","og_site_name":"OverIT","article_modified_time":"2026-03-31T10:22:35+00:00","og_image":[{"width":2000,"height":937,"url":"https:\/\/www.overit.ai\/app\/uploads\/2020\/12\/rfi-i-man.jpg","type":"image\/jpeg"}],"twitter_card":"summary_large_image","twitter_title":"Wartungsmanagement f\u00fcr Eisenbahninfrastruktur | OverIT","twitter_description":"Wartungsmanagement f\u00fcr Eisenbahninfrastruktur verbessert Aufgabenverteilung, mobile Prozesse und Echtzeit-\u00dcberwachung bei RFI.","twitter_misc":{"Est. reading time":"2 minutes"},"schema":{"@context":"https:\/\/schema.org","@graph":[{"@type":"WebPage","@id":"https:\/\/www.overit.ai\/de\/kunden\/kundenerfolgsgeschichten\/wartungsmanagement-eisenbahninfrastruktur\/","url":"https:\/\/www.overit.ai\/de\/kunden\/kundenerfolgsgeschichten\/wartungsmanagement-eisenbahninfrastruktur\/","name":"Wartungsmanagement f\u00fcr Eisenbahninfrastruktur | OverIT","isPartOf":{"@id":"https:\/\/www.overit.ai\/de\/#website"},"primaryImageOfPage":{"@id":"https:\/\/www.overit.ai\/de\/kunden\/kundenerfolgsgeschichten\/wartungsmanagement-eisenbahninfrastruktur\/#primaryimage"},"image":{"@id":"https:\/\/www.overit.ai\/de\/kunden\/kundenerfolgsgeschichten\/wartungsmanagement-eisenbahninfrastruktur\/#primaryimage"},"thumbnailUrl":"https:\/\/www.overit.ai\/app\/uploads\/2020\/12\/rfi-i-man.jpg","datePublished":"2026-02-26T14:47:42+00:00","dateModified":"2026-03-31T10:22:35+00:00","description":"Wartungsmanagement f\u00fcr Eisenbahninfrastruktur verbessert Aufgabenverteilung, mobile Prozesse und Echtzeit-\u00dcberwachung bei RFI.","breadcrumb":{"@id":"https:\/\/www.overit.ai\/de\/kunden\/kundenerfolgsgeschichten\/wartungsmanagement-eisenbahninfrastruktur\/#breadcrumb"},"inLanguage":"de-DE","potentialAction":[{"@type":"ReadAction","target":["https:\/\/www.overit.ai\/de\/kunden\/kundenerfolgsgeschichten\/wartungsmanagement-eisenbahninfrastruktur\/"]}]},{"@type":"ImageObject","inLanguage":"de-DE","@id":"https:\/\/www.overit.ai\/de\/kunden\/kundenerfolgsgeschichten\/wartungsmanagement-eisenbahninfrastruktur\/#primaryimage","url":"https:\/\/www.overit.ai\/app\/uploads\/2020\/12\/rfi-i-man.jpg","contentUrl":"https:\/\/www.overit.ai\/app\/uploads\/2020\/12\/rfi-i-man.jpg","width":2000,"height":937,"caption":"RFI I-man"},{"@type":"BreadcrumbList","@id":"https:\/\/www.overit.ai\/de\/kunden\/kundenerfolgsgeschichten\/wartungsmanagement-eisenbahninfrastruktur\/#breadcrumb","itemListElement":[{"@type":"ListItem","position":1,"name":"Home","item":"https:\/\/www.overit.ai\/de\/"},{"@type":"ListItem","position":2,"name":"Kunden","item":"https:\/\/www.overit.ai\/de\/kunden\/"},{"@type":"ListItem","position":3,"name":"Kundenerfolgsgeschichten","item":"https:\/\/www.overit.ai\/de\/kunden\/kundenerfolgsgeschichten\/"},{"@type":"ListItem","position":4,"name":"RFI &#8211; I-MAN"}]},{"@type":"WebSite","@id":"https:\/\/www.overit.ai\/de\/#website","url":"https:\/\/www.overit.ai\/de\/","name":"OverIT","description":"Innovation in Field Service Management","publisher":{"@id":"https:\/\/www.overit.ai\/de\/#organization"},"potentialAction":[{"@type":"SearchAction","target":{"@type":"EntryPoint","urlTemplate":"https:\/\/www.overit.ai\/de\/?s={search_term_string}"},"query-input":{"@type":"PropertyValueSpecification","valueRequired":true,"valueName":"search_term_string"}}],"inLanguage":"de-DE"},{"@type":"Organization","@id":"https:\/\/www.overit.ai\/de\/#organization","name":"OverIT","url":"https:\/\/www.overit.ai\/de\/","logo":{"@type":"ImageObject","inLanguage":"de-DE","@id":"https:\/\/www.overit.ai\/de\/#\/schema\/logo\/image\/","url":"https:\/\/www.overit.ai\/app\/uploads\/2021\/10\/OverIT-logo-400.png","contentUrl":"https:\/\/www.overit.ai\/app\/uploads\/2021\/10\/OverIT-logo-400.png","width":400,"height":250,"caption":"OverIT"},"image":{"@id":"https:\/\/www.overit.ai\/de\/#\/schema\/logo\/image\/"}}]}},"_links":{"self":[{"href":"https:\/\/www.overit.ai\/de\/wp-json\/wp\/v2\/pages\/67390","targetHints":{"allow":["GET"]}}],"collection":[{"href":"https:\/\/www.overit.ai\/de\/wp-json\/wp\/v2\/pages"}],"about":[{"href":"https:\/\/www.overit.ai\/de\/wp-json\/wp\/v2\/types\/page"}],"author":[{"embeddable":true,"href":"https:\/\/www.overit.ai\/de\/wp-json\/wp\/v2\/users\/3"}],"replies":[{"embeddable":true,"href":"https:\/\/www.overit.ai\/de\/wp-json\/wp\/v2\/comments?post=67390"}],"version-history":[{"count":3,"href":"https:\/\/www.overit.ai\/de\/wp-json\/wp\/v2\/pages\/67390\/revisions"}],"predecessor-version":[{"id":70765,"href":"https:\/\/www.overit.ai\/de\/wp-json\/wp\/v2\/pages\/67390\/revisions\/70765"}],"up":[{"embeddable":true,"href":"https:\/\/www.overit.ai\/de\/wp-json\/wp\/v2\/pages\/67043"}],"wp:featuredmedia":[{"embeddable":true,"href":"https:\/\/www.overit.ai\/de\/wp-json\/wp\/v2\/media\/4228"}],"wp:attachment":[{"href":"https:\/\/www.overit.ai\/de\/wp-json\/wp\/v2\/media?parent=67390"}],"wp:term":[{"taxonomy":"case_study_category","embeddable":true,"href":"https:\/\/www.overit.ai\/de\/wp-json\/wp\/v2\/case_study_category?post=67390"}],"curies":[{"name":"wp","href":"https:\/\/api.w.org\/{rel}","templated":true}]}}