{"id":67377,"date":"2026-02-26T14:30:58","date_gmt":"2026-02-26T14:30:58","guid":{"rendered":"https:\/\/www.overit.ai\/?page_id=67377"},"modified":"2026-03-10T09:35:12","modified_gmt":"2026-03-10T09:35:12","slug":"hera-group-field-service-management-wartungsplanung","status":"publish","type":"page","link":"https:\/\/www.overit.ai\/de\/kunden\/kundenerfolgsgeschichten\/hera-group-field-service-management-wartungsplanung\/","title":{"rendered":"Hera Group &#8211; Maintenance Scheduling Project"},"content":{"rendered":"<div\n  class=\"overit-block overit-block--white overit-radius-none overit-margin-small-bottom overit-no-padding \n  overit-block-customer-page-header\"\n        >\n  \n  <div class=\"overit-block-wrapper\">\n\n<div class=\"cph\">\n  \n    <div class=\"cph_slogan-cont\" style=\"background: linear-gradient(0deg, rgba(0, 0, 0, 0.4), rgba(0, 0, 0, 0.4)), url('https:\/\/www.overit.ai\/app\/uploads\/2023\/05\/Era-tablet-1-scaled-1.jpg') center center\">\n                  <div class=\"cph__section-title\">Hera Group<\/div>\n                                    <h1 class=\"cph__slogan\">Projekt zur Wartungsplanung<\/h1>\n            <\/div>\n  <div class=\"cph__customer-section\" data-aos=\"fade-up\">\n    <div class=\"cph__customer-desc-cont\">\n                    <img decoding=\"async\" class=\"cph__customer-logo\" src=\"https:\/\/www.overit.ai\/app\/uploads\/2020\/11\/hera-logo.png\" alt=\"hera-logo\" width=\"400\" height=\"100\" \/>\n            <div class=\"cph__customer-desc\">\n        <p>Die Hera Group ist eines der gr\u00f6\u00dften italienischen Multi-Utility-Unternehmen mit 10.000 Mitarbeitern, das in einer Vielzahl von Sektoren t\u00e4tig ist, die von Umweltdienstleistungen, integriertem Wasserkreislauf, Energieversorgung (Strom- und Gasverteilung und -verkauf, Energiedienstleistungen), \u00f6ffentlicher Beleuchtung bis hin zu Telekommunikation reichen.<\/p>\n\n      <\/div>\n    <\/div>\n    <div class=\"cph__customer-facts\">\n              <div class=\"cph__facts-title\">SCHL\u00dcSSELINFORMATIONEN<\/div>\n        <div class=\"cph__facts\">\n                     <div class=\"cph__fact-cont\">\n            <div class=\"cph__fact-label\">\n              Industrie\n            <\/div>\n            <div class=\"cph__fact\">\n              Energie und Versorgung\n            <\/div>\n          <\/div>\n                     <div class=\"cph__fact-cont\">\n            <div class=\"cph__fact-label\">\n              Region\n            <\/div>\n            <div class=\"cph__fact\">\n              EMEA\n            <\/div>\n          <\/div>\n                     <div class=\"cph__fact-cont\">\n            <div class=\"cph__fact-label\">\n              Website\n            <\/div>\n            <div class=\"cph__fact\">\n              gruppohera.it\n            <\/div>\n          <\/div>\n                     <div class=\"cph__fact-cont\">\n            <div class=\"cph__fact-label\">\n              Mobile Techniker\n            <\/div>\n            <div class=\"cph__fact\">\n              \u00dcber 1.600\n            <\/div>\n          <\/div>\n                  <\/div>\n          <\/div>\n  <\/div>\n<\/div>\n\n<\/div><!-- .overit-block-wrapper -->\n<\/div><!-- .overit-block -->\n\n\n<div\n  class=\"overit-block overit-block--white overit-radius-full overit-margin-large-top overit-no-padding overit-block--fullwidth\n  overit-block-configurable-jumbotron\"\n        >\n  \n  <div class=\"overit-block-wrapper\">\n\n<section class=\"configurable-jumbotron left\" >\n                  <h3 class=\"cj-section-title\">UNTERNEHMERISCHE HERAUSFORDERUNG<\/h3>\n          \n                  <div class=\"cj-title medium\">Planung und Einsatzverteilung von T\u00e4tigkeiten f\u00fcr Techniker sowie Unterst\u00fctzung im Au\u00dfendienst<\/div>\n          \n                  <div class=\"cj-subtitle small\"><p class=\"paragraph\">Angesichts von \u00fcber 4 Millionen B\u00fcrgern und 350 in Italien versorgten Gemeinden ist die Hera Group ein echter Gigant in der Versorgungsbranche und muss die Verwaltung und Erbringung von Dienstleistungen und T\u00e4tigkeiten in verschiedenen Betriebsbereichen sowohl zeitgerecht als auch effizient beherrschen. Die Durchf\u00fchrung regelm\u00e4\u00dfiger Inspektionen, Wartungs- und Supportarbeiten an so vielen Anlagen kann sich jedoch als Herausforderung f\u00fcr die Planer der Hera Group erweisen, die eine gro\u00dfe Anzahl von Aktivit\u00e4ten p\u00fcnktlich an mehr als tausend Techniker und Mannschaften vor Ort vergeben m\u00fcssen. Daher ben\u00f6tigte die Hera Group ein einziges System, das die Planer bei der Verwaltung und automatischen Planung von Einzel- und Mehrdienst-Wartungsarbeiten an Gas-, Wasser- und Elektrizit\u00e4tsanlagen, Werken und Netzabschnitten unterst\u00fctzt. Au\u00dferdem sollte die L\u00f6sung den Au\u00dfendiensttechniker die M\u00f6glichkeit geben, Arbeitsauftr\u00e4ge selbstst\u00e4ndig mobil zu visualisieren und zu verwalten und sie bei der Durchf\u00fchrung von Wartungst\u00e4tigkeit durch mobile Formulare zu unterst\u00fctzen.<\/p>\n<\/div>\n          \n        <\/section>\n\n<\/div><!-- .overit-block-wrapper -->\n<\/div><!-- .overit-block -->\n\n\n<div\n  class=\"overit-block overit-block--white overit-radius-full overit-no-margin overit-padding-medium \n  overit-block-separator\"\n        >\n  \n  <div class=\"overit-block-wrapper\">\n\n<div class=\"overit-separator overit-separator--boxed\">\n  <hr\/>\n<\/div>\n\n<\/div><!-- .overit-block-wrapper -->\n<\/div><!-- .overit-block -->\n\n\n<div\n  class=\"overit-block overit-block--white overit-radius-full overit-no-margin overit-no-padding overit-block--fullwidth\n  overit-block-configurable-jumbotron\"\n        >\n  \n  <div class=\"overit-block-wrapper\">\n\n<section class=\"configurable-jumbotron left\" >\n                  <h3 class=\"cj-section-title\">UNSERE L\u00d6SUNG<\/h3>\n          \n                  <div class=\"cj-title medium\">Optimierung der Planung und Unterst\u00fctzung der Durchf\u00fchrung von Field Au\u00dfendienstaktivit\u00e4ten<\/div>\n          \n                  <div class=\"cj-subtitle small\"><p>Die Hera Group entschied sich f\u00fcr die <a href=\"https:\/\/www.overit.ai\/de\/plattform\/\">OverIT NextGen Platform<\/a>, die marktf\u00fchrende FSM-L\u00f6sung, um die Planung und Einsatzverteilung von T\u00e4tigkeiten zu optimieren und pr\u00e4zise sowie zeitgerechte Eins\u00e4tze durchzuf\u00fchren. Dar\u00fcber hinaus bietet sie Au\u00dfendiensttechnikern bei Bedarf umfassende Unterst\u00fctzung.<\/p>\n<ul>\n<li><strong>Integration mit Drittsystemen<\/strong><\/li>\n<\/ul>\n<p>Anbindung an SAP zum Import von Daten \u00fcber Anlagen, die einer vorbeugenden Wartung unterzogen werde<\/p>\n<ul>\n<li><strong>Automatische Terminplanung<\/strong><\/li>\n<\/ul>\n<p>Automatische Planung von Wartungsaktivit\u00e4ten und damit verbundenen Arbeitsauftr\u00e4gen f\u00fcr Techniker entsprechend den Parametern der Gebietseinteilung und den Service-Levels<\/p>\n<ul>\n<li><strong>Mobile App<\/strong><\/li>\n<\/ul>\n<p>M\u00f6glichkeit f\u00fcr Techniker, Arbeitsauftr\u00e4ge zu visualisieren und zu \u00fcbernehmen, vor Ort gesammelte Daten zu Anlagen und Z\u00e4hlern mobil und offline einzugeben sowie unterwegs ein- und auszustempeln. Daten\u00fcbertragung an Back-Office-Benutzer und Synchronisierung mit SAP-Systemen zu Validierungs- und Aktualisierungszwecken<\/p>\n<ul>\n<li><strong>Bereitstellung von Arbeitsabl\u00e4ufen<\/strong><\/li>\n<\/ul>\n<p>Anzeige von Arbeitsabl\u00e4ufen, Dokumenten, Multimediadateien und mobilen Formularen im Au\u00dfendienst zur Unterst\u00fctzung der Techniker bei Wartungs- und Installationsarbeiten.<\/p>\n<\/div>\n          \n        <\/section>\n\n<\/div><!-- .overit-block-wrapper -->\n<\/div><!-- .overit-block -->\n\n\n<div\n  class=\"overit-block overit-block--white overit-radius-full overit-no-margin overit-padding-medium \n  overit-block-separator\"\n        >\n  \n  <div class=\"overit-block-wrapper\">\n\n<div class=\"overit-separator overit-separator--boxed\">\n  <hr\/>\n<\/div>\n\n<\/div><!-- .overit-block-wrapper -->\n<\/div><!-- .overit-block -->\n\n\n<div\n  class=\"overit-block overit-block--white overit-radius-full overit-no-margin overit-padding-medium-bottom overit-block--fullwidth\n  overit-block-configurable-jumbotron\"\n        >\n  \n  <div class=\"overit-block-wrapper\">\n\n<section class=\"configurable-jumbotron left\" >\n                  <h3 class=\"cj-section-title\">VORTEILE<\/h3>\n          \n                  <div class=\"cj-title medium\">Durch den Einsatz der NextGen Platform von OverIT erreichte die Hera Group Folgendes:<\/div>\n          \n    \n        <\/section>\n\n<\/div><!-- .overit-block-wrapper -->\n<\/div><!-- .overit-block -->\n\n\n<div\n  class=\"overit-block overit-block--white overit-radius-full overit-no-margin overit-padding-medium-bottom \n  overit-block-multi-info-cards\"\n        >\n  \n  <div class=\"overit-block-wrapper\">\n\n<div class=\"info-cards info-cards--3 info-cards--align-left\">\n        <div class=\"info-cards__sections \">\n                  <div class=\"info-card info-card--3\n                    info-card--without-icon\n          \n          info-card--top-line\n        \">\n        <div class=\"info-card-inner\">\n                                                      <div class=\"info-card__description\" >\n              <p>Optimierte Planung der T\u00e4tigkeiten<\/p>\n\n            <\/div>\n                  <\/div>\n      <\/div>\n                  <div class=\"info-card info-card--3\n                    info-card--without-icon\n          \n          info-card--top-line\n        \">\n        <div class=\"info-card-inner\">\n                                                      <div class=\"info-card__description\" >\n              <p>Verbesserte Qualit\u00e4t und Genauigkeit der Au\u00dfendienstaktivit\u00e4ten<\/p>\n\n            <\/div>\n                  <\/div>\n      <\/div>\n                  <div class=\"info-card info-card--3\n                    info-card--without-icon\n          \n          info-card--top-line\n        \">\n        <div class=\"info-card-inner\">\n                                                      <div class=\"info-card__description\" >\n              <p>H\u00f6here Genauigkeit der vor Ort erhobenen Daten <\/p>\n\n            <\/div>\n                  <\/div>\n      <\/div>\n          <\/div>\n  <\/div>\n\n<\/div><!-- .overit-block-wrapper -->\n<\/div><!-- .overit-block -->\n\n\n<div\n  class=\"overit-block overit-block--white overit-radius-full overit-margin-small-bottom overit-padding-medium \n  overit-block-video\"\n        >\n  \n  <div class=\"overit-block-wrapper\">\n\n<div class=\"overit-video\">\n          <div class=\"overit-video__iframe\" >\n      <iframe title=\"Hera Group - NextGen Field Service Management operations Video\" src=\"https:\/\/fast.wistia.net\/embed\/iframe\/phvndxizdy?dnt=1\" allow=\"autoplay; fullscreen\" allowtransparency=\"true\" frameborder=\"0\" scrolling=\"no\" class=\"wistia_embed\" name=\"wistia_embed\" msallowfullscreen width=\"640\" height=\"360\"><\/iframe><script src=\"https:\/\/fast.wistia.net\/assets\/external\/E-v1.js\" async><\/script>    <\/div>\n  <\/div>\n\n<\/div><!-- .overit-block-wrapper -->\n<\/div><!-- .overit-block -->\n\n\n<div\n  class=\"overit-block overit-block--white overit-radius-full overit-margin-medium overit-padding-medium \n  overit-block-sustainable-development-goals\"\n        >\n  \n  <div class=\"overit-block-wrapper\">\n\n\n<div class=\"sdg\" id=\"\">\n  <div class=\"sdg__container\">\n    <div class=\"sdg__logo\">\n      <img decoding=\"async\" src=\"https:\/\/www.overit.ai\/app\/themes\/overit-theme\/resources\/assets\/images\/sdg\/DE\/logo.png\" width=\"96\" height=\"82\" alt=\"Symbol f\u00fcr die Ziele f\u00fcr nachhaltige Entwicklung\" \/>\n    <\/div>\n          <div class=\"sdg__description\">\n        <p><p>Seit ihrer Gr\u00fcndung hat die Hera Group die Nachhaltigkeit in den Mittelpunkt ihrer Strategie gestellt, da sie davon \u00fcberzeugt ist, dass wirtschaftlicher Wert und nachhaltige Entwicklung die wichtigsten Triebkr\u00e4fte sind, um positive Auswirkungen auf Gesellschaft und Umwelt zu erzielen. Die Hera Group f\u00f6rdert daher eine Reihe von Initiativen, die darauf abzielen, durch Steigerung der Energieeffizienz kohlenstoffneutral zu werden, den Klimawandel durch den Einsatz erneuerbarer Energien abzuschw\u00e4chen und durch einen vern\u00fcnftigen Umgang mit den Wasserressourcen Luft, Boden und Artenvielfalt zu sch\u00fctzen.<\/p>\n<p>Die OverIT NextGen Platform wurde in diesem Sinne eingef\u00fchrt, um Innovationen in Industrie und Infrastruktur sowie eine sichere und qualitativ hochwertige Digitalisierung zu f\u00f6rdern. Das endg\u00fcltige Ziel ist es, den Gemeinden weiterhin nach den h\u00f6chsten Qualit\u00e4ts- und Effizienzstandards zu dienen, nachhaltige St\u00e4dte zu schaffen und die Welt zu verbessern.<\/p>\n<\/p>\n      <\/div>\n              <div class=\"sdg__title\">\n        <p>OverIT <strong>NextGen Platform<\/strong> hat zur Erreichung der <strong>Ziele f\u00fcr nachhaltige Entwicklung<\/strong> beigetragen<\/p>\n      <\/div>\n      <div class=\"sdg__icons\">\n                                        <div class=\"sdg__icon\">\n              <img decoding=\"async\" src=\"https:\/\/www.overit.ai\/app\/themes\/overit-theme\/resources\/assets\/images\/sdg\/DE\/6.png\" alt=\"Symbol f\u00fcr Ziel f\u00fcr nachhaltige Entwicklung 6: Sauberes Wasser und Sanit\u00e4reinrichtungen\" width=\"76\" height=\"76\" \/>\n            <\/div>\n                                                  <div class=\"sdg__icon\">\n              <img decoding=\"async\" src=\"https:\/\/www.overit.ai\/app\/themes\/overit-theme\/resources\/assets\/images\/sdg\/DE\/9.png\" alt=\"Symbol f\u00fcr Ziel f\u00fcr nachhaltige Entwicklung 9: Industrie, Innovation und Infrastruktur\" width=\"76\" height=\"76\" \/>\n            <\/div>\n                                                  <div class=\"sdg__icon\">\n              <img decoding=\"async\" src=\"https:\/\/www.overit.ai\/app\/themes\/overit-theme\/resources\/assets\/images\/sdg\/DE\/11.png\" alt=\"Symbol f\u00fcr Ziel f\u00fcr nachhaltige Entwicklung 11: Nachhaltige St\u00e4dte und Gemeinden\" width=\"76\" height=\"76\" \/>\n            <\/div>\n                                                  <div class=\"sdg__icon\">\n              <img decoding=\"async\" src=\"https:\/\/www.overit.ai\/app\/themes\/overit-theme\/resources\/assets\/images\/sdg\/DE\/13.png\" alt=\"Symbol f\u00fcr Ziel f\u00fcr nachhaltige Entwicklung 13: Ma\u00dfnahmen zum Klimaschutz\" width=\"76\" height=\"76\" \/>\n            <\/div>\n                        <\/div>\n      <\/div>\n<\/div>\n\n<\/div><!-- .overit-block-wrapper -->\n<\/div><!-- .overit-block -->\n\n\n\n<p><\/p>\n","protected":false},"excerpt":{"rendered":"","protected":false},"author":3,"featured_media":13818,"parent":67043,"menu_order":0,"comment_status":"closed","ping_status":"closed","template":"","meta":{"_acf_changed":false,"footnotes":""},"case_study_category":[],"class_list":["post-67377","page","type-page","status-publish","has-post-thumbnail","hentry"],"acf":[],"yoast_head":"<!-- This site is optimized with the Yoast SEO Premium plugin v25.6 (Yoast SEO v25.6) - https:\/\/yoast.com\/wordpress\/plugins\/seo\/ -->\n<title>Hera Group Field Service Management Wartungsplanung | OverIT<\/title>\n<meta name=\"description\" content=\"Hera Group Field Service Management Wartungsplanung optimiert Einsatzverteilung, automatische Terminplanung und mobile Wartungsprozesse.\" \/>\n<meta name=\"robots\" content=\"index, follow, max-snippet:-1, max-image-preview:large, max-video-preview:-1\" \/>\n<link rel=\"canonical\" href=\"https:\/\/www.overit.ai\/de\/kunden\/kundenerfolgsgeschichten\/hera-group-field-service-management-wartungsplanung\/\" \/>\n<meta property=\"og:locale\" content=\"de_DE\" \/>\n<meta property=\"og:type\" content=\"article\" \/>\n<meta property=\"og:title\" content=\"Hera Group Field Service Management Wartungsplanung | OverIT\" \/>\n<meta property=\"og:description\" content=\"Hera Group Field Service Management Wartungsplanung optimiert Einsatzverteilung, automatische Terminplanung und mobile Wartungsprozesse.\" \/>\n<meta property=\"og:url\" content=\"https:\/\/www.overit.ai\/de\/kunden\/kundenerfolgsgeschichten\/hera-group-field-service-management-wartungsplanung\/\" \/>\n<meta property=\"og:site_name\" content=\"OverIT\" \/>\n<meta property=\"article:modified_time\" content=\"2026-03-10T09:35:12+00:00\" \/>\n<meta property=\"og:image\" content=\"https:\/\/www.overit.ai\/app\/uploads\/2021\/02\/Era-tablet-1-scaled.jpg\" \/>\n\t<meta property=\"og:image:width\" content=\"2560\" \/>\n\t<meta property=\"og:image:height\" content=\"1792\" \/>\n\t<meta property=\"og:image:type\" content=\"image\/jpeg\" \/>\n<meta name=\"twitter:card\" content=\"summary_large_image\" \/>\n<meta name=\"twitter:title\" content=\"Hera Group Field Service Management Wartungsplanung | OverIT\" \/>\n<meta name=\"twitter:description\" content=\"Hera Group Field Service Management Wartungsplanung optimiert Einsatzverteilung, automatische Terminplanung und mobile Wartungsprozesse.\" \/>\n<meta name=\"twitter:label1\" content=\"Est. reading time\" \/>\n\t<meta name=\"twitter:data1\" content=\"4 minutes\" \/>\n<script type=\"application\/ld+json\" class=\"yoast-schema-graph\">{\"@context\":\"https:\/\/schema.org\",\"@graph\":[{\"@type\":\"WebPage\",\"@id\":\"https:\/\/www.overit.ai\/de\/kunden\/kundenerfolgsgeschichten\/hera-group-field-service-management-wartungsplanung\/\",\"url\":\"https:\/\/www.overit.ai\/de\/kunden\/kundenerfolgsgeschichten\/hera-group-field-service-management-wartungsplanung\/\",\"name\":\"Hera Group Field Service Management Wartungsplanung | OverIT\",\"isPartOf\":{\"@id\":\"https:\/\/www.overit.ai\/de\/#website\"},\"primaryImageOfPage\":{\"@id\":\"https:\/\/www.overit.ai\/de\/kunden\/kundenerfolgsgeschichten\/hera-group-field-service-management-wartungsplanung\/#primaryimage\"},\"image\":{\"@id\":\"https:\/\/www.overit.ai\/de\/kunden\/kundenerfolgsgeschichten\/hera-group-field-service-management-wartungsplanung\/#primaryimage\"},\"thumbnailUrl\":\"https:\/\/www.overit.ai\/app\/uploads\/2021\/02\/Era-tablet-1-scaled.jpg\",\"datePublished\":\"2026-02-26T14:30:58+00:00\",\"dateModified\":\"2026-03-10T09:35:12+00:00\",\"description\":\"Hera Group Field Service Management Wartungsplanung optimiert Einsatzverteilung, automatische Terminplanung und mobile Wartungsprozesse.\",\"breadcrumb\":{\"@id\":\"https:\/\/www.overit.ai\/de\/kunden\/kundenerfolgsgeschichten\/hera-group-field-service-management-wartungsplanung\/#breadcrumb\"},\"inLanguage\":\"de-DE\",\"potentialAction\":[{\"@type\":\"ReadAction\",\"target\":[\"https:\/\/www.overit.ai\/de\/kunden\/kundenerfolgsgeschichten\/hera-group-field-service-management-wartungsplanung\/\"]}]},{\"@type\":\"ImageObject\",\"inLanguage\":\"de-DE\",\"@id\":\"https:\/\/www.overit.ai\/de\/kunden\/kundenerfolgsgeschichten\/hera-group-field-service-management-wartungsplanung\/#primaryimage\",\"url\":\"https:\/\/www.overit.ai\/app\/uploads\/2021\/02\/Era-tablet-1-scaled.jpg\",\"contentUrl\":\"https:\/\/www.overit.ai\/app\/uploads\/2021\/02\/Era-tablet-1-scaled.jpg\",\"width\":2560,\"height\":1792,\"caption\":\"Hera - Conduzione e manutenzio\"},{\"@type\":\"BreadcrumbList\",\"@id\":\"https:\/\/www.overit.ai\/de\/kunden\/kundenerfolgsgeschichten\/hera-group-field-service-management-wartungsplanung\/#breadcrumb\",\"itemListElement\":[{\"@type\":\"ListItem\",\"position\":1,\"name\":\"Home\",\"item\":\"https:\/\/www.overit.ai\/de\/\"},{\"@type\":\"ListItem\",\"position\":2,\"name\":\"Kunden\",\"item\":\"https:\/\/www.overit.ai\/de\/kunden\/\"},{\"@type\":\"ListItem\",\"position\":3,\"name\":\"Kundenerfolgsgeschichten\",\"item\":\"https:\/\/www.overit.ai\/de\/kunden\/kundenerfolgsgeschichten\/\"},{\"@type\":\"ListItem\",\"position\":4,\"name\":\"Hera Group &#8211; Maintenance Scheduling Project\"}]},{\"@type\":\"WebSite\",\"@id\":\"https:\/\/www.overit.ai\/de\/#website\",\"url\":\"https:\/\/www.overit.ai\/de\/\",\"name\":\"OverIT\",\"description\":\"Innovation in Field Service Management\",\"publisher\":{\"@id\":\"https:\/\/www.overit.ai\/de\/#organization\"},\"potentialAction\":[{\"@type\":\"SearchAction\",\"target\":{\"@type\":\"EntryPoint\",\"urlTemplate\":\"https:\/\/www.overit.ai\/de\/?s={search_term_string}\"},\"query-input\":{\"@type\":\"PropertyValueSpecification\",\"valueRequired\":true,\"valueName\":\"search_term_string\"}}],\"inLanguage\":\"de-DE\"},{\"@type\":\"Organization\",\"@id\":\"https:\/\/www.overit.ai\/de\/#organization\",\"name\":\"OverIT\",\"url\":\"https:\/\/www.overit.ai\/de\/\",\"logo\":{\"@type\":\"ImageObject\",\"inLanguage\":\"de-DE\",\"@id\":\"https:\/\/www.overit.ai\/de\/#\/schema\/logo\/image\/\",\"url\":\"https:\/\/www.overit.ai\/app\/uploads\/2021\/10\/OverIT-logo-400.png\",\"contentUrl\":\"https:\/\/www.overit.ai\/app\/uploads\/2021\/10\/OverIT-logo-400.png\",\"width\":400,\"height\":250,\"caption\":\"OverIT\"},\"image\":{\"@id\":\"https:\/\/www.overit.ai\/de\/#\/schema\/logo\/image\/\"}}]}<\/script>\n<!-- \/ Yoast SEO Premium plugin. -->","yoast_head_json":{"title":"Hera Group Field Service Management Wartungsplanung | OverIT","description":"Hera Group Field Service Management Wartungsplanung optimiert Einsatzverteilung, automatische Terminplanung und mobile Wartungsprozesse.","robots":{"index":"index","follow":"follow","max-snippet":"max-snippet:-1","max-image-preview":"max-image-preview:large","max-video-preview":"max-video-preview:-1"},"canonical":"https:\/\/www.overit.ai\/de\/kunden\/kundenerfolgsgeschichten\/hera-group-field-service-management-wartungsplanung\/","og_locale":"de_DE","og_type":"article","og_title":"Hera Group Field Service Management Wartungsplanung | OverIT","og_description":"Hera Group Field Service Management Wartungsplanung optimiert Einsatzverteilung, automatische Terminplanung und mobile Wartungsprozesse.","og_url":"https:\/\/www.overit.ai\/de\/kunden\/kundenerfolgsgeschichten\/hera-group-field-service-management-wartungsplanung\/","og_site_name":"OverIT","article_modified_time":"2026-03-10T09:35:12+00:00","og_image":[{"width":2560,"height":1792,"url":"https:\/\/www.overit.ai\/app\/uploads\/2021\/02\/Era-tablet-1-scaled.jpg","type":"image\/jpeg"}],"twitter_card":"summary_large_image","twitter_title":"Hera Group Field Service Management Wartungsplanung | OverIT","twitter_description":"Hera Group Field Service Management Wartungsplanung optimiert Einsatzverteilung, automatische Terminplanung und mobile Wartungsprozesse.","twitter_misc":{"Est. reading time":"4 minutes"},"schema":{"@context":"https:\/\/schema.org","@graph":[{"@type":"WebPage","@id":"https:\/\/www.overit.ai\/de\/kunden\/kundenerfolgsgeschichten\/hera-group-field-service-management-wartungsplanung\/","url":"https:\/\/www.overit.ai\/de\/kunden\/kundenerfolgsgeschichten\/hera-group-field-service-management-wartungsplanung\/","name":"Hera Group Field Service Management Wartungsplanung | OverIT","isPartOf":{"@id":"https:\/\/www.overit.ai\/de\/#website"},"primaryImageOfPage":{"@id":"https:\/\/www.overit.ai\/de\/kunden\/kundenerfolgsgeschichten\/hera-group-field-service-management-wartungsplanung\/#primaryimage"},"image":{"@id":"https:\/\/www.overit.ai\/de\/kunden\/kundenerfolgsgeschichten\/hera-group-field-service-management-wartungsplanung\/#primaryimage"},"thumbnailUrl":"https:\/\/www.overit.ai\/app\/uploads\/2021\/02\/Era-tablet-1-scaled.jpg","datePublished":"2026-02-26T14:30:58+00:00","dateModified":"2026-03-10T09:35:12+00:00","description":"Hera Group Field Service Management Wartungsplanung optimiert Einsatzverteilung, automatische Terminplanung und mobile Wartungsprozesse.","breadcrumb":{"@id":"https:\/\/www.overit.ai\/de\/kunden\/kundenerfolgsgeschichten\/hera-group-field-service-management-wartungsplanung\/#breadcrumb"},"inLanguage":"de-DE","potentialAction":[{"@type":"ReadAction","target":["https:\/\/www.overit.ai\/de\/kunden\/kundenerfolgsgeschichten\/hera-group-field-service-management-wartungsplanung\/"]}]},{"@type":"ImageObject","inLanguage":"de-DE","@id":"https:\/\/www.overit.ai\/de\/kunden\/kundenerfolgsgeschichten\/hera-group-field-service-management-wartungsplanung\/#primaryimage","url":"https:\/\/www.overit.ai\/app\/uploads\/2021\/02\/Era-tablet-1-scaled.jpg","contentUrl":"https:\/\/www.overit.ai\/app\/uploads\/2021\/02\/Era-tablet-1-scaled.jpg","width":2560,"height":1792,"caption":"Hera - Conduzione e manutenzio"},{"@type":"BreadcrumbList","@id":"https:\/\/www.overit.ai\/de\/kunden\/kundenerfolgsgeschichten\/hera-group-field-service-management-wartungsplanung\/#breadcrumb","itemListElement":[{"@type":"ListItem","position":1,"name":"Home","item":"https:\/\/www.overit.ai\/de\/"},{"@type":"ListItem","position":2,"name":"Kunden","item":"https:\/\/www.overit.ai\/de\/kunden\/"},{"@type":"ListItem","position":3,"name":"Kundenerfolgsgeschichten","item":"https:\/\/www.overit.ai\/de\/kunden\/kundenerfolgsgeschichten\/"},{"@type":"ListItem","position":4,"name":"Hera Group &#8211; Maintenance Scheduling Project"}]},{"@type":"WebSite","@id":"https:\/\/www.overit.ai\/de\/#website","url":"https:\/\/www.overit.ai\/de\/","name":"OverIT","description":"Innovation in Field Service Management","publisher":{"@id":"https:\/\/www.overit.ai\/de\/#organization"},"potentialAction":[{"@type":"SearchAction","target":{"@type":"EntryPoint","urlTemplate":"https:\/\/www.overit.ai\/de\/?s={search_term_string}"},"query-input":{"@type":"PropertyValueSpecification","valueRequired":true,"valueName":"search_term_string"}}],"inLanguage":"de-DE"},{"@type":"Organization","@id":"https:\/\/www.overit.ai\/de\/#organization","name":"OverIT","url":"https:\/\/www.overit.ai\/de\/","logo":{"@type":"ImageObject","inLanguage":"de-DE","@id":"https:\/\/www.overit.ai\/de\/#\/schema\/logo\/image\/","url":"https:\/\/www.overit.ai\/app\/uploads\/2021\/10\/OverIT-logo-400.png","contentUrl":"https:\/\/www.overit.ai\/app\/uploads\/2021\/10\/OverIT-logo-400.png","width":400,"height":250,"caption":"OverIT"},"image":{"@id":"https:\/\/www.overit.ai\/de\/#\/schema\/logo\/image\/"}}]}},"_links":{"self":[{"href":"https:\/\/www.overit.ai\/de\/wp-json\/wp\/v2\/pages\/67377","targetHints":{"allow":["GET"]}}],"collection":[{"href":"https:\/\/www.overit.ai\/de\/wp-json\/wp\/v2\/pages"}],"about":[{"href":"https:\/\/www.overit.ai\/de\/wp-json\/wp\/v2\/types\/page"}],"author":[{"embeddable":true,"href":"https:\/\/www.overit.ai\/de\/wp-json\/wp\/v2\/users\/3"}],"replies":[{"embeddable":true,"href":"https:\/\/www.overit.ai\/de\/wp-json\/wp\/v2\/comments?post=67377"}],"version-history":[{"count":4,"href":"https:\/\/www.overit.ai\/de\/wp-json\/wp\/v2\/pages\/67377\/revisions"}],"predecessor-version":[{"id":69930,"href":"https:\/\/www.overit.ai\/de\/wp-json\/wp\/v2\/pages\/67377\/revisions\/69930"}],"up":[{"embeddable":true,"href":"https:\/\/www.overit.ai\/de\/wp-json\/wp\/v2\/pages\/67043"}],"wp:featuredmedia":[{"embeddable":true,"href":"https:\/\/www.overit.ai\/de\/wp-json\/wp\/v2\/media\/13818"}],"wp:attachment":[{"href":"https:\/\/www.overit.ai\/de\/wp-json\/wp\/v2\/media?parent=67377"}],"wp:term":[{"taxonomy":"case_study_category","embeddable":true,"href":"https:\/\/www.overit.ai\/de\/wp-json\/wp\/v2\/case_study_category?post=67377"}],"curies":[{"name":"wp","href":"https:\/\/api.w.org\/{rel}","templated":true}]}}