{"id":67372,"date":"2026-02-26T14:27:21","date_gmt":"2026-02-26T14:27:21","guid":{"rendered":"https:\/\/www.overit.ai\/?page_id=67372"},"modified":"2026-03-10T09:17:57","modified_gmt":"2026-03-10T09:17:57","slug":"hera-group-field-service-management","status":"publish","type":"page","link":"https:\/\/www.overit.ai\/de\/kunden\/kundenerfolgsgeschichten\/hera-group-field-service-management\/","title":{"rendered":"Hera Group &#8211; Appointment Booking Project"},"content":{"rendered":"<div\n  class=\"overit-block overit-block--white overit-radius-none overit-margin-small-bottom overit-no-padding \n  overit-block-customer-page-header\"\n        >\n  \n  <div class=\"overit-block-wrapper\">\n\n<div class=\"cph\">\n  \n    <div class=\"cph_slogan-cont\" style=\"background: linear-gradient(0deg, rgba(0, 0, 0, 0.25), rgba(0, 0, 0, 0.25)), url('https:\/\/www.overit.ai\/app\/uploads\/2020\/12\/hera-gestione-degli-appuntamenti-1.jpg') center center\">\n                  <div class=\"cph__section-title\">Hera Group<\/div>\n                                    <h1 class=\"cph__slogan\">Projekt Appointment Booking<\/h1>\n            <\/div>\n  <div class=\"cph__customer-section\" data-aos=\"fade-up\">\n    <div class=\"cph__customer-desc-cont\">\n                    <img decoding=\"async\" class=\"cph__customer-logo\" src=\"https:\/\/www.overit.ai\/app\/uploads\/2020\/11\/hera-logo.png\" alt=\"hera-logo\" width=\"400\" height=\"100\" \/>\n            <div class=\"cph__customer-desc\">\n        <p>Die Hera Group ist eines der gr\u00f6\u00dften italienischen Multi-Utility-Unternehmen mit 10.000 Mitarbeitern, das in einer Vielzahl von Sektoren t\u00e4tig ist, die von Umweltdienstleistungen, integriertem Wasserkreislauf, Energieversorgung (Strom- und Gasverteilung und -verkauf, Energiedienstleistungen), \u00f6ffentlicher Beleuchtung bis hin zu Telekommunikation reichen.<\/p>\n\n      <\/div>\n    <\/div>\n    <div class=\"cph__customer-facts\">\n              <div class=\"cph__facts-title\">SCHL\u00dcSSELINFORMATIONEN<\/div>\n        <div class=\"cph__facts\">\n                     <div class=\"cph__fact-cont\">\n            <div class=\"cph__fact-label\">\n              Industrie\n            <\/div>\n            <div class=\"cph__fact\">\n              Energie und Versorgung\n            <\/div>\n          <\/div>\n                     <div class=\"cph__fact-cont\">\n            <div class=\"cph__fact-label\">\n              Region\n            <\/div>\n            <div class=\"cph__fact\">\n              EMEA\n            <\/div>\n          <\/div>\n                     <div class=\"cph__fact-cont\">\n            <div class=\"cph__fact-label\">\n              Website\n            <\/div>\n            <div class=\"cph__fact\">\n              gruppohera.it\n            <\/div>\n          <\/div>\n                     <div class=\"cph__fact-cont\">\n            <div class=\"cph__fact-label\">\n              Beteiligte Techniker\n            <\/div>\n            <div class=\"cph__fact\">\n              \u00dcber 1.600\n            <\/div>\n          <\/div>\n                  <\/div>\n          <\/div>\n  <\/div>\n<\/div>\n\n<\/div><!-- .overit-block-wrapper -->\n<\/div><!-- .overit-block -->\n\n\n<div\n  class=\"overit-block overit-block--white overit-radius-full overit-margin-large-top overit-no-padding overit-block--fullwidth\n  overit-block-configurable-jumbotron\"\n        >\n  \n  <div class=\"overit-block-wrapper\">\n\n<section class=\"configurable-jumbotron left\" >\n                  <h3 class=\"cj-section-title\">UNTERNEHMERISCHE HERAUSFORDERUNG<\/h3>\n          \n                  <div class=\"cj-title medium\">Steigerung der Effizienzstandards bei der Terminbuchung<\/div>\n          \n                  <div class=\"cj-subtitle small\"><p>Angesichts von \u00fcber 4 Millionen B\u00fcrgern und 350 in Italien versorgten Gemeinden ist die Hera Group ein echter Gigant in der Versorgungsbranche und muss die Verwaltung und Erbringung von Dienstleistungen und T\u00e4tigkeiten in verschiedenen Betriebsbereichen sowohl zeitgerecht als auch effizient beherrschen. Regelm\u00e4\u00dfige Inspektionen, Wartungs- und Supportarbeiten an so vielen Anlagen, die sich in den R\u00e4umlichkeiten der Endkunden befinden, k\u00f6nnen f\u00fcr die Planer der Hera Group jedoch eine Herausforderung darstellen. Sie m\u00fcssen j\u00e4hrlich mehr als 100.000 Arbeitsauftr\u00e4ge an \u00fcber tausend Au\u00dfendiensttechniker p\u00fcnktlich zuweisen \u2013 unter Ber\u00fccksichtigung von Parametern der territorialen Aufteilung, mit Kunden vereinbarten Service-Levels, lokalen Feiertagen und nicht zuletzt der Verf\u00fcgbarkeit der Kunden. Daher ben\u00f6tigte die Hera Group eine einheitliche L\u00f6sung, die sich in Systeme von Drittanbietern integrieren l\u00e4sst, um den Terminkalender effizient zu verwalten und Aktivit\u00e4ten in Gas-, Wasser- und Stromnetzen zu optimieren.<\/p>\n<\/div>\n          \n        <\/section>\n\n<\/div><!-- .overit-block-wrapper -->\n<\/div><!-- .overit-block -->\n\n\n<div\n  class=\"overit-block overit-block--white overit-radius-full overit-no-margin overit-padding-small \n  overit-block-separator\"\n        >\n  \n  <div class=\"overit-block-wrapper\">\n\n<div class=\"overit-separator overit-separator--boxed\">\n  <hr\/>\n<\/div>\n\n<\/div><!-- .overit-block-wrapper -->\n<\/div><!-- .overit-block -->\n\n\n<div\n  class=\"overit-block overit-block--white overit-radius-full overit-margin-medium-top overit-no-padding overit-block--fullwidth\n  overit-block-configurable-jumbotron\"\n        >\n  \n  <div class=\"overit-block-wrapper\">\n\n<section class=\"configurable-jumbotron left\" >\n                  <h3 class=\"cj-section-title\">UNSERE L\u00d6SUNG<\/h3>\n          \n                  <div class=\"cj-title medium\">Zentralisierte Terminverwaltung und Aktivit\u00e4tsoptimierung<\/div>\n          \n                  <div class=\"cj-subtitle small\"><p>Die Hera Group entschied sich f\u00fcr die <a href=\"https:\/\/www.overit.ai\/de\/plattform\/\">OverIT NextGen Platform<\/a>, die marktf\u00fchrende FSM-L\u00f6sung, um das Aktivit\u00e4tsmanagement und die Ausf\u00fchrung zu optimieren und die mit den Kunden vereinbarten Service-Levels einzuhalten.<\/p>\n<ul>\n<li><strong>Integration mit Drittsystemen<br \/>\n<\/strong>Nahtlose Integration mit SAP Regiogroup und ECC-Plattformen zur Anzeige der territorialen Organisation, der Art der auszuf\u00fchrenden Arbeitsauftr\u00e4ge und der Zust\u00e4ndigkeitsbereiche der Techniker<\/li>\n<\/ul>\n<ul>\n<li><strong>Prognosemodell f\u00fcr Termine<br \/>\n<\/strong>Automatische Generierung von optimierten Kundenterminen in Echtzeit gem\u00e4\u00df territorialen Parametern, Service Level Agreements und lokalen Feiertagen<\/li>\n<\/ul>\n<ul>\n<li><strong>Optimierte Terminbuchung<br \/>\n<\/strong>Mobile Verwaltung des Terminkalenders und der damit verbundenen Einzel- und Mehrfachantr\u00e4ge auf Eingriffe bei Wasser-, Gas- und Stromanlagen<\/li>\n<\/ul>\n<ul>\n<li><strong>Dediziertes Berichterstattungssystem<br \/>\n<\/strong>Anzeige der vollst\u00e4ndigen Terminliste und der zugeh\u00f6rigen Hauptinformationen (z. B. Ort, Adresse, Datum, Uhrzeit, Bezug zum Arbeitsauftrag) auf dem Handy<\/li>\n<\/ul>\n<\/div>\n          \n        <\/section>\n\n<\/div><!-- .overit-block-wrapper -->\n<\/div><!-- .overit-block -->\n\n\n<div\n  class=\"overit-block overit-block--white overit-radius-full overit-no-margin overit-padding-small \n  overit-block-separator\"\n        >\n  \n  <div class=\"overit-block-wrapper\">\n\n<div class=\"overit-separator overit-separator--boxed\">\n  <hr\/>\n<\/div>\n\n<\/div><!-- .overit-block-wrapper -->\n<\/div><!-- .overit-block -->\n\n\n<div\n  class=\"overit-block overit-block--white overit-radius-full overit-margin-small overit-no-padding overit-block--fullwidth\n  overit-block-configurable-jumbotron\"\n        >\n  \n  <div class=\"overit-block-wrapper\">\n\n<section class=\"configurable-jumbotron left\" >\n                  <h3 class=\"cj-section-title\">VORTEILE<\/h3>\n          \n                  <div class=\"cj-title medium\">Durch den Einsatz der NextGen Platform von OverIT erreichte die Hera Group Folgendes:<\/div>\n          \n    \n        <\/section>\n\n<\/div><!-- .overit-block-wrapper -->\n<\/div><!-- .overit-block -->\n\n\n<div\n  class=\"overit-block overit-block--white overit-radius-full overit-no-margin overit-no-padding \n  overit-block-multi-info-cards\"\n        >\n  \n  <div class=\"overit-block-wrapper\">\n\n<div class=\"info-cards info-cards--4 info-cards--align-left\">\n        <div class=\"info-cards__sections \">\n                  <div class=\"info-card info-card--4\n                    info-card--without-icon\n          \n          info-card--top-line\n        \">\n        <div class=\"info-card-inner\">\n                                                      <div class=\"info-card__description\" >\n              <p>Erh\u00f6hte Effizienz bei der Planung und Verwaltung von Arbeitsauftr\u00e4gen<\/p>\n\n            <\/div>\n                  <\/div>\n      <\/div>\n                  <div class=\"info-card info-card--4\n                    info-card--without-icon\n          \n          info-card--top-line\n        \">\n        <div class=\"info-card-inner\">\n                                                      <div class=\"info-card__description\" >\n              <p>Erh\u00f6hte Flexibilit\u00e4t bei der Verwaltung des Terminkalenders<\/p>\n\n            <\/div>\n                  <\/div>\n      <\/div>\n                  <div class=\"info-card info-card--4\n                    info-card--without-icon\n          \n          info-card--top-line\n        \">\n        <div class=\"info-card-inner\">\n                                                      <div class=\"info-card__description\" >\n              <p>Optimierte Arbeitss\u00e4ttigung f\u00fcr Techniker<\/p>\n\n            <\/div>\n                  <\/div>\n      <\/div>\n                  <div class=\"info-card info-card--4\n                    info-card--without-icon\n          \n          info-card--top-line\n        \">\n        <div class=\"info-card-inner\">\n                                                      <div class=\"info-card__description\" >\n              <p>Reduzierte Reisezeiten und -kosten<\/p>\n\n            <\/div>\n                  <\/div>\n      <\/div>\n          <\/div>\n  <\/div>\n\n<\/div><!-- .overit-block-wrapper -->\n<\/div><!-- .overit-block -->\n\n\n<div\n  class=\"overit-block overit-block--white overit-radius-full overit-no-margin overit-padding-medium \n  overit-block-video\"\n        >\n  \n  <div class=\"overit-block-wrapper\">\n\n<div class=\"overit-video\">\n            <div class=\"overit-video__cover\" style=\"background-image: url(https:\/\/www.overit.ai\/app\/uploads\/2023\/07\/COPERTINA-VIDEO-HERA_Tavola-disegno-1-copia-4-1-scaled.jpg)\"><\/div>\n        <iframe class=\"overit-video__iframe\"  style=\"display: none;\"               data-src=\"https:\/\/www.youtube.com\/embed\/LeT2jam50DE?color=white&#038;rel=0&#038;showinfo=0\"\n            frameborder=\"0\" allow=\"accelerometer; autoplay; clipboard-write; encrypted-media; gyroscope; picture-in-picture\" allowfullscreen>\n    <\/iframe>\n  <\/div>\n\n<\/div><!-- .overit-block-wrapper -->\n<\/div><!-- .overit-block -->\n\n\n<div\n  class=\"overit-block overit-block--white overit-radius-full overit-margin-medium overit-padding-medium \n  overit-block-sustainable-development-goals\"\n        >\n  \n  <div class=\"overit-block-wrapper\">\n\n\n<div class=\"sdg\" id=\"\">\n  <div class=\"sdg__container\">\n    <div class=\"sdg__logo\">\n      <img decoding=\"async\" src=\"https:\/\/www.overit.ai\/app\/themes\/overit-theme\/resources\/assets\/images\/sdg\/DE\/logo.png\" width=\"96\" height=\"82\" alt=\"Symbol f\u00fcr die Ziele f\u00fcr nachhaltige Entwicklung\" \/>\n    <\/div>\n          <div class=\"sdg__description\">\n        <p><p>Seit ihrer Gr\u00fcndung hat die Hera Group die Nachhaltigkeit in den Mittelpunkt ihrer Strategie gestellt, da sie davon \u00fcberzeugt ist, dass wirtschaftlicher Wert und nachhaltige Entwicklung die wichtigsten Triebkr\u00e4fte sind, um positive Auswirkungen auf Gesellschaft und Umwelt zu erzielen. Die Hera Group f\u00f6rdert daher eine Reihe von Initiativen, die darauf abzielen, durch Steigerung der Energieeffizienz kohlenstoffneutral zu werden, den Klimawandel durch den Einsatz erneuerbarer Energien abzuschw\u00e4chen und durch einen vern\u00fcnftigen Umgang mit den Wasserressourcen Luft, Boden und Artenvielfalt zu sch\u00fctzen.<\/p>\n<p>Die OverIT NextGen Platform wurde in diesem Sinne eingef\u00fchrt, um Innovationen in Industrie und Infrastruktur sowie eine sichere und qualitativ hochwertige Digitalisierung zu f\u00f6rdern. Das endg\u00fcltige Ziel ist es, den Gemeinden weiterhin nach den h\u00f6chsten Qualit\u00e4ts- und Effizienzstandards zu dienen, nachhaltige St\u00e4dte zu schaffen und die Welt zu verbessern.<\/p>\n<\/p>\n      <\/div>\n              <div class=\"sdg__title\">\n        <p>OverIT <strong>NextGen Platform<\/strong> hat zur Erreichung der <strong>Ziele f\u00fcr nachhaltige Entwicklung<\/strong> beigetragen<\/p>\n      <\/div>\n      <div class=\"sdg__icons\">\n                                        <div class=\"sdg__icon\">\n              <img decoding=\"async\" src=\"https:\/\/www.overit.ai\/app\/themes\/overit-theme\/resources\/assets\/images\/sdg\/DE\/6.png\" alt=\"Symbol f\u00fcr Ziel f\u00fcr nachhaltige Entwicklung 6: Sauberes Wasser und Sanit\u00e4reinrichtungen\" width=\"76\" height=\"76\" \/>\n            <\/div>\n                                                  <div class=\"sdg__icon\">\n              <img decoding=\"async\" src=\"https:\/\/www.overit.ai\/app\/themes\/overit-theme\/resources\/assets\/images\/sdg\/DE\/9.png\" alt=\"Symbol f\u00fcr Ziel f\u00fcr nachhaltige Entwicklung 9: Industrie, Innovation und Infrastruktur\" width=\"76\" height=\"76\" \/>\n            <\/div>\n                                                  <div class=\"sdg__icon\">\n              <img decoding=\"async\" src=\"https:\/\/www.overit.ai\/app\/themes\/overit-theme\/resources\/assets\/images\/sdg\/DE\/11.png\" alt=\"Symbol f\u00fcr Ziel f\u00fcr nachhaltige Entwicklung 11: Nachhaltige St\u00e4dte und Gemeinden\" width=\"76\" height=\"76\" \/>\n            <\/div>\n                                                  <div class=\"sdg__icon\">\n              <img decoding=\"async\" src=\"https:\/\/www.overit.ai\/app\/themes\/overit-theme\/resources\/assets\/images\/sdg\/DE\/13.png\" alt=\"Symbol f\u00fcr Ziel f\u00fcr nachhaltige Entwicklung 13: Ma\u00dfnahmen zum Klimaschutz\" width=\"76\" height=\"76\" \/>\n            <\/div>\n                        <\/div>\n      <\/div>\n<\/div>\n\n<\/div><!-- .overit-block-wrapper -->\n<\/div><!-- .overit-block -->\n","protected":false},"excerpt":{"rendered":"","protected":false},"author":3,"featured_media":0,"parent":67043,"menu_order":0,"comment_status":"closed","ping_status":"closed","template":"","meta":{"_acf_changed":false,"footnotes":""},"case_study_category":[],"class_list":["post-67372","page","type-page","status-publish","hentry"],"acf":[],"yoast_head":"<!-- This site is optimized with the Yoast SEO Premium plugin v25.6 (Yoast SEO v25.6) - https:\/\/yoast.com\/wordpress\/plugins\/seo\/ -->\n<title>Hera Group Field Service Management | OverIT<\/title>\n<meta name=\"description\" content=\"Hera Group Field Service Management optimiert Terminbuchung, Planung und SLA-Einhaltung f\u00fcr Multi-Utility-Prozesse mit OverIT.\" \/>\n<meta name=\"robots\" content=\"index, follow, max-snippet:-1, max-image-preview:large, max-video-preview:-1\" \/>\n<link rel=\"canonical\" href=\"https:\/\/www.overit.ai\/de\/kunden\/kundenerfolgsgeschichten\/hera-group-field-service-management\/\" \/>\n<meta property=\"og:locale\" content=\"de_DE\" \/>\n<meta property=\"og:type\" content=\"article\" \/>\n<meta property=\"og:title\" content=\"Hera Group Field Service Management | OverIT\" \/>\n<meta property=\"og:description\" content=\"Hera Group Field Service Management optimiert Terminbuchung, Planung und SLA-Einhaltung f\u00fcr Multi-Utility-Prozesse mit OverIT.\" \/>\n<meta property=\"og:url\" content=\"https:\/\/www.overit.ai\/de\/kunden\/kundenerfolgsgeschichten\/hera-group-field-service-management\/\" \/>\n<meta property=\"og:site_name\" content=\"OverIT\" \/>\n<meta property=\"article:modified_time\" content=\"2026-03-10T09:17:57+00:00\" \/>\n<meta property=\"og:image\" content=\"https:\/\/www.overit.ai\/app\/uploads\/2021\/02\/Hera-1.4-1.jpeg\" \/>\n\t<meta property=\"og:image:width\" content=\"1920\" \/>\n\t<meta property=\"og:image:height\" content=\"1080\" \/>\n\t<meta property=\"og:image:type\" content=\"image\/jpeg\" \/>\n<meta name=\"twitter:card\" content=\"summary_large_image\" \/>\n<meta name=\"twitter:title\" content=\"Hera Group Field Service Management | OverIT\" \/>\n<meta name=\"twitter:description\" content=\"Hera Group Field Service Management optimiert Terminbuchung, Planung und SLA-Einhaltung f\u00fcr Multi-Utility-Prozesse mit OverIT.\" \/>\n<meta name=\"twitter:image\" content=\"https:\/\/www.overit.ai\/app\/uploads\/2021\/02\/Hera-1.4-1.jpeg\" \/>\n<meta name=\"twitter:label1\" content=\"Est. reading time\" \/>\n\t<meta name=\"twitter:data1\" content=\"4 minutes\" \/>\n<script type=\"application\/ld+json\" class=\"yoast-schema-graph\">{\"@context\":\"https:\/\/schema.org\",\"@graph\":[{\"@type\":\"WebPage\",\"@id\":\"https:\/\/www.overit.ai\/de\/kunden\/kundenerfolgsgeschichten\/hera-group-field-service-management\/\",\"url\":\"https:\/\/www.overit.ai\/de\/kunden\/kundenerfolgsgeschichten\/hera-group-field-service-management\/\",\"name\":\"Hera Group Field Service Management | OverIT\",\"isPartOf\":{\"@id\":\"https:\/\/www.overit.ai\/de\/#website\"},\"datePublished\":\"2026-02-26T14:27:21+00:00\",\"dateModified\":\"2026-03-10T09:17:57+00:00\",\"description\":\"Hera Group Field Service Management optimiert Terminbuchung, Planung und SLA-Einhaltung f\u00fcr Multi-Utility-Prozesse mit OverIT.\",\"breadcrumb\":{\"@id\":\"https:\/\/www.overit.ai\/de\/kunden\/kundenerfolgsgeschichten\/hera-group-field-service-management\/#breadcrumb\"},\"inLanguage\":\"de-DE\",\"potentialAction\":[{\"@type\":\"ReadAction\",\"target\":[\"https:\/\/www.overit.ai\/de\/kunden\/kundenerfolgsgeschichten\/hera-group-field-service-management\/\"]}]},{\"@type\":\"BreadcrumbList\",\"@id\":\"https:\/\/www.overit.ai\/de\/kunden\/kundenerfolgsgeschichten\/hera-group-field-service-management\/#breadcrumb\",\"itemListElement\":[{\"@type\":\"ListItem\",\"position\":1,\"name\":\"Home\",\"item\":\"https:\/\/www.overit.ai\/de\/\"},{\"@type\":\"ListItem\",\"position\":2,\"name\":\"Kunden\",\"item\":\"https:\/\/www.overit.ai\/de\/kunden\/\"},{\"@type\":\"ListItem\",\"position\":3,\"name\":\"Kundenerfolgsgeschichten\",\"item\":\"https:\/\/www.overit.ai\/de\/kunden\/kundenerfolgsgeschichten\/\"},{\"@type\":\"ListItem\",\"position\":4,\"name\":\"Hera Group &#8211; Appointment Booking Project\"}]},{\"@type\":\"WebSite\",\"@id\":\"https:\/\/www.overit.ai\/de\/#website\",\"url\":\"https:\/\/www.overit.ai\/de\/\",\"name\":\"OverIT\",\"description\":\"Innovation in Field Service Management\",\"publisher\":{\"@id\":\"https:\/\/www.overit.ai\/de\/#organization\"},\"potentialAction\":[{\"@type\":\"SearchAction\",\"target\":{\"@type\":\"EntryPoint\",\"urlTemplate\":\"https:\/\/www.overit.ai\/de\/?s={search_term_string}\"},\"query-input\":{\"@type\":\"PropertyValueSpecification\",\"valueRequired\":true,\"valueName\":\"search_term_string\"}}],\"inLanguage\":\"de-DE\"},{\"@type\":\"Organization\",\"@id\":\"https:\/\/www.overit.ai\/de\/#organization\",\"name\":\"OverIT\",\"url\":\"https:\/\/www.overit.ai\/de\/\",\"logo\":{\"@type\":\"ImageObject\",\"inLanguage\":\"de-DE\",\"@id\":\"https:\/\/www.overit.ai\/de\/#\/schema\/logo\/image\/\",\"url\":\"https:\/\/www.overit.ai\/app\/uploads\/2021\/10\/OverIT-logo-400.png\",\"contentUrl\":\"https:\/\/www.overit.ai\/app\/uploads\/2021\/10\/OverIT-logo-400.png\",\"width\":400,\"height\":250,\"caption\":\"OverIT\"},\"image\":{\"@id\":\"https:\/\/www.overit.ai\/de\/#\/schema\/logo\/image\/\"}}]}<\/script>\n<!-- \/ Yoast SEO Premium plugin. -->","yoast_head_json":{"title":"Hera Group Field Service Management | OverIT","description":"Hera Group Field Service Management optimiert Terminbuchung, Planung und SLA-Einhaltung f\u00fcr Multi-Utility-Prozesse mit OverIT.","robots":{"index":"index","follow":"follow","max-snippet":"max-snippet:-1","max-image-preview":"max-image-preview:large","max-video-preview":"max-video-preview:-1"},"canonical":"https:\/\/www.overit.ai\/de\/kunden\/kundenerfolgsgeschichten\/hera-group-field-service-management\/","og_locale":"de_DE","og_type":"article","og_title":"Hera Group Field Service Management | OverIT","og_description":"Hera Group Field Service Management optimiert Terminbuchung, Planung und SLA-Einhaltung f\u00fcr Multi-Utility-Prozesse mit OverIT.","og_url":"https:\/\/www.overit.ai\/de\/kunden\/kundenerfolgsgeschichten\/hera-group-field-service-management\/","og_site_name":"OverIT","article_modified_time":"2026-03-10T09:17:57+00:00","og_image":[{"width":1920,"height":1080,"url":"https:\/\/www.overit.ai\/app\/uploads\/2021\/02\/Hera-1.4-1.jpeg","type":"image\/jpeg"}],"twitter_card":"summary_large_image","twitter_title":"Hera Group Field Service Management | OverIT","twitter_description":"Hera Group Field Service Management optimiert Terminbuchung, Planung und SLA-Einhaltung f\u00fcr Multi-Utility-Prozesse mit OverIT.","twitter_image":"https:\/\/www.overit.ai\/app\/uploads\/2021\/02\/Hera-1.4-1.jpeg","twitter_misc":{"Est. reading time":"4 minutes"},"schema":{"@context":"https:\/\/schema.org","@graph":[{"@type":"WebPage","@id":"https:\/\/www.overit.ai\/de\/kunden\/kundenerfolgsgeschichten\/hera-group-field-service-management\/","url":"https:\/\/www.overit.ai\/de\/kunden\/kundenerfolgsgeschichten\/hera-group-field-service-management\/","name":"Hera Group Field Service Management | OverIT","isPartOf":{"@id":"https:\/\/www.overit.ai\/de\/#website"},"datePublished":"2026-02-26T14:27:21+00:00","dateModified":"2026-03-10T09:17:57+00:00","description":"Hera Group Field Service Management optimiert Terminbuchung, Planung und SLA-Einhaltung f\u00fcr Multi-Utility-Prozesse mit OverIT.","breadcrumb":{"@id":"https:\/\/www.overit.ai\/de\/kunden\/kundenerfolgsgeschichten\/hera-group-field-service-management\/#breadcrumb"},"inLanguage":"de-DE","potentialAction":[{"@type":"ReadAction","target":["https:\/\/www.overit.ai\/de\/kunden\/kundenerfolgsgeschichten\/hera-group-field-service-management\/"]}]},{"@type":"BreadcrumbList","@id":"https:\/\/www.overit.ai\/de\/kunden\/kundenerfolgsgeschichten\/hera-group-field-service-management\/#breadcrumb","itemListElement":[{"@type":"ListItem","position":1,"name":"Home","item":"https:\/\/www.overit.ai\/de\/"},{"@type":"ListItem","position":2,"name":"Kunden","item":"https:\/\/www.overit.ai\/de\/kunden\/"},{"@type":"ListItem","position":3,"name":"Kundenerfolgsgeschichten","item":"https:\/\/www.overit.ai\/de\/kunden\/kundenerfolgsgeschichten\/"},{"@type":"ListItem","position":4,"name":"Hera Group &#8211; Appointment Booking Project"}]},{"@type":"WebSite","@id":"https:\/\/www.overit.ai\/de\/#website","url":"https:\/\/www.overit.ai\/de\/","name":"OverIT","description":"Innovation in Field Service Management","publisher":{"@id":"https:\/\/www.overit.ai\/de\/#organization"},"potentialAction":[{"@type":"SearchAction","target":{"@type":"EntryPoint","urlTemplate":"https:\/\/www.overit.ai\/de\/?s={search_term_string}"},"query-input":{"@type":"PropertyValueSpecification","valueRequired":true,"valueName":"search_term_string"}}],"inLanguage":"de-DE"},{"@type":"Organization","@id":"https:\/\/www.overit.ai\/de\/#organization","name":"OverIT","url":"https:\/\/www.overit.ai\/de\/","logo":{"@type":"ImageObject","inLanguage":"de-DE","@id":"https:\/\/www.overit.ai\/de\/#\/schema\/logo\/image\/","url":"https:\/\/www.overit.ai\/app\/uploads\/2021\/10\/OverIT-logo-400.png","contentUrl":"https:\/\/www.overit.ai\/app\/uploads\/2021\/10\/OverIT-logo-400.png","width":400,"height":250,"caption":"OverIT"},"image":{"@id":"https:\/\/www.overit.ai\/de\/#\/schema\/logo\/image\/"}}]}},"_links":{"self":[{"href":"https:\/\/www.overit.ai\/de\/wp-json\/wp\/v2\/pages\/67372","targetHints":{"allow":["GET"]}}],"collection":[{"href":"https:\/\/www.overit.ai\/de\/wp-json\/wp\/v2\/pages"}],"about":[{"href":"https:\/\/www.overit.ai\/de\/wp-json\/wp\/v2\/types\/page"}],"author":[{"embeddable":true,"href":"https:\/\/www.overit.ai\/de\/wp-json\/wp\/v2\/users\/3"}],"replies":[{"embeddable":true,"href":"https:\/\/www.overit.ai\/de\/wp-json\/wp\/v2\/comments?post=67372"}],"version-history":[{"count":6,"href":"https:\/\/www.overit.ai\/de\/wp-json\/wp\/v2\/pages\/67372\/revisions"}],"predecessor-version":[{"id":69916,"href":"https:\/\/www.overit.ai\/de\/wp-json\/wp\/v2\/pages\/67372\/revisions\/69916"}],"up":[{"embeddable":true,"href":"https:\/\/www.overit.ai\/de\/wp-json\/wp\/v2\/pages\/67043"}],"wp:attachment":[{"href":"https:\/\/www.overit.ai\/de\/wp-json\/wp\/v2\/media?parent=67372"}],"wp:term":[{"taxonomy":"case_study_category","embeddable":true,"href":"https:\/\/www.overit.ai\/de\/wp-json\/wp\/v2\/case_study_category?post=67372"}],"curies":[{"name":"wp","href":"https:\/\/api.w.org\/{rel}","templated":true}]}}