{"id":67224,"date":"2026-01-30T09:15:53","date_gmt":"2026-01-30T09:15:53","guid":{"rendered":"https:\/\/www.overit.ai\/?page_id=67224"},"modified":"2026-04-08T09:33:25","modified_gmt":"2026-04-08T09:33:25","slug":"camuzzi-gas-wfm-projekt","status":"publish","type":"page","link":"https:\/\/www.overit.ai\/de\/kunden\/kundenerfolgsgeschichten\/camuzzi-gas-wfm-projekt\/","title":{"rendered":"Camuzzi Gas &#8211; WFM-Projekt"},"content":{"rendered":"<div\n  class=\"overit-block overit-block--white overit-radius-none overit-margin-medium-bottom overit-no-padding \n  overit-block-customer-page-header\"\n        >\n  \n  <div class=\"overit-block-wrapper\">\n\n<div class=\"cph\">\n  \n    <div class=\"cph_slogan-cont\" style=\"background: linear-gradient(0deg, rgba(0, 0, 0, 0.3), rgba(0, 0, 0, 0.3)), url('https:\/\/www.overit.ai\/app\/uploads\/2020\/12\/camuzzi-gas-progetto-wfm.jpg') center center\">\n                  <div class=\"cph__section-title\">CAMUZZI GAS<\/div>\n                                    <h1 class=\"cph__slogan\">Planung und Mobilisierung von Field Service-T\u00e4tigkeiten<\/h1>\n            <\/div>\n  <div class=\"cph__customer-section\" data-aos=\"fade-up\">\n    <div class=\"cph__customer-desc-cont\">\n                    <img decoding=\"async\" class=\"cph__customer-logo\" src=\"https:\/\/www.overit.ai\/app\/uploads\/2020\/11\/camuzzi-gas-logo.png\" alt=\"camuzzi-gas-logo\" width=\"400\" height=\"100\" \/>\n            <div class=\"cph__customer-desc\">\n        <p>Camuzzi Gas Pampeana und Camuzzi Gas del Sur sind zusammen der gr\u00f6\u00dfte Erdgasverteiler in Argentinien und decken etwa 45 % des Landes ab, was einer Fl\u00e4che von 3.100 km entspricht. Die Unternehmen haben 2,5 Millionen Kunden und verwalten 10.000 km Gasleitungen und ein etwa 50.000 km langes Gasverteilungsnetz.<\/p>\n\n      <\/div>\n    <\/div>\n    <div class=\"cph__customer-facts\">\n              <div class=\"cph__facts-title\">SCHL\u00dcSSELINFORMATIONEN<\/div>\n        <div class=\"cph__facts\">\n                     <div class=\"cph__fact-cont\">\n            <div class=\"cph__fact-label\">\n              Sektor\n            <\/div>\n            <div class=\"cph__fact\">\n              \u00d6l &amp; Gas\n            <\/div>\n          <\/div>\n                     <div class=\"cph__fact-cont\">\n            <div class=\"cph__fact-label\">\n              Region\n            <\/div>\n            <div class=\"cph__fact\">\n              LATAM\n            <\/div>\n          <\/div>\n                     <div class=\"cph__fact-cont\">\n            <div class=\"cph__fact-label\">\n              Website\n            <\/div>\n            <div class=\"cph__fact\">\n              camuzzigas.com\n            <\/div>\n          <\/div>\n                  <\/div>\n          <\/div>\n  <\/div>\n<\/div>\n\n<\/div><!-- .overit-block-wrapper -->\n<\/div><!-- .overit-block -->\n\n\n<div\n  class=\"overit-block overit-block--white overit-radius-full overit-no-margin overit-padding-small overit-block--fullwidth\n  overit-block-configurable-jumbotron\"\n        >\n  \n  <div class=\"overit-block-wrapper\">\n\n<section class=\"configurable-jumbotron left\" >\n                  <h3 class=\"cj-section-title\">KUNDENANFORDERUNGEN<\/h3>\n          \n                  <div class=\"cj-title medium\">Verwaltung von Gesch\u00e4ftsprozessen und Notf\u00e4llen vor Ort<\/div>\n          \n                  <div class=\"cj-subtitle small\"><p>F\u00fcr die Verwaltung der Vorg\u00e4nge im Zusammenhang mit dem Gesch\u00e4ftszyklus, Notf\u00e4llen und Kundenbeschwerden, die Aktivit\u00e4ten vor Ort erfordern, hat Camuzzi eine L\u00f6sung angefordert, mit der die Planung der Aktivit\u00e4ten optimiert, die Ressourcen vor Ort mobilisiert und das Image des Unternehmens gegen\u00fcber den Kunden verbessert werden k\u00f6nnen.<\/p>\n<\/div>\n          \n        <\/section>\n\n<\/div><!-- .overit-block-wrapper -->\n<\/div><!-- .overit-block -->\n\n\n<div\n  class=\"overit-block overit-block--white overit-radius-full  overit-no-padding \n  overit-block-separator\"\n        >\n  \n  <div class=\"overit-block-wrapper\">\n\n<div class=\"overit-separator overit-separator--boxed\">\n  <hr\/>\n<\/div>\n\n<\/div><!-- .overit-block-wrapper -->\n<\/div><!-- .overit-block -->\n\n\n<div\n  class=\"overit-block overit-block--white overit-radius-full overit-no-margin overit-padding-medium overit-block--fullwidth\n  overit-block-configurable-jumbotron\"\n        >\n  \n  <div class=\"overit-block-wrapper\">\n\n<section class=\"configurable-jumbotron left\" >\n                  <h3 class=\"cj-section-title\">UNSERE L\u00d6SUNG<\/h3>\n          \n                  <div class=\"cj-title medium\">Die L\u00f6sung von OverIT, das f\u00fchrende Produkt f\u00fcr die Field Service Management-T\u00e4tigkeiten im Sektor \u00d6l &amp; Gas<\/div>\n          \n                  <div class=\"cj-subtitle small\"><p>Die L\u00f6sung von OverIT wurde individuell angepasst und effektiv in die bestehenden Legacy-Systeme des Unternehmens f\u00fcr das Gesch\u00e4ftsprozessmanagement integriert.<br \/>\nDie L\u00f6sung, die aus einer Back-End-Komponente und einer Android-Mobile-Komponente besteht, erm\u00f6glicht die Verwaltung von Gesch\u00e4ftsprozessen im Au\u00dfendienst (Z\u00e4hlerinstallation, Dienstleistungen an installierten Z\u00e4hlern, Verwaltung von Zahlungsr\u00fcckst\u00e4nden) auf der Grundlage der Logik der Maximierung der Anzahl der ausgef\u00fchrten Auftr\u00e4ge und der Minimierung der Anzahl der Teams, der Zeit und der zur\u00fcckgelegten Entfernung.<\/p>\n<p>Das Notfallmanagement unterst\u00fctzt alle Ersuchen um Erste-Hilfe-Ma\u00dfnahmen, die darauf abzielen, den betroffenen Ort so schnell wie m\u00f6glich zu erreichen, durch einen kontinuierlichen Informationsaustausch in Echtzeit mit der Leitstelle. In diesem Zusammenhang ist das System in der Lage, rund 250.000 Arbeitsauftr\u00e4ge pro Jahr zu bew\u00e4ltigen und wird von 300 Technikerteams genutzt.<\/p>\n<p>Dar\u00fcber hinaus erm\u00f6glicht die innovative Funktionalit\u00e4t f\u00fcr die Verwaltung der digitalen Unterschrift von Einsatzberichten die Einhaltung der in Argentinien geltenden Regulierungsstandards. Der Einsatzbericht, der bei Abschluss des Arbeitsauftrags erstellt wird, besteht aus einer Datei im zertifizierten PDF-Format, die alle vor Ort erfassten Daten enth\u00e4lt, einschlie\u00dflich der beglaubigten Unterschrift des Technikers. Durch die Integration \u00fcber NFC mit der von der Zertifizierungsstelle entwickelten App erm\u00f6glicht die digitale Signaturfunktion die Zertifizierung des PDF-Dokuments und die Verkn\u00fcpfung mit dem Arbeitsauftrag, wobei die Daten direkt mit der Serverkomponente synchronisiert werden.<\/p>\n<\/div>\n          \n        <\/section>\n\n<\/div><!-- .overit-block-wrapper -->\n<\/div><!-- .overit-block -->\n\n\n<div\n  class=\"overit-block overit-block--white overit-radius-full  overit-no-padding \n  overit-block-separator\"\n        >\n  \n  <div class=\"overit-block-wrapper\">\n\n<div class=\"overit-separator overit-separator--boxed\">\n  <hr\/>\n<\/div>\n\n<\/div><!-- .overit-block-wrapper -->\n<\/div><!-- .overit-block -->\n\n\n<div\n  class=\"overit-block overit-block--white overit-radius-full overit-no-margin overit-padding-small overit-block--fullwidth\n  overit-block-configurable-jumbotron\"\n        >\n  \n  <div class=\"overit-block-wrapper\">\n\n<section class=\"configurable-jumbotron left\" >\n                  <h3 class=\"cj-section-title\">ERGEBNISSE<\/h3>\n          \n                  <div class=\"cj-title medium\">Flexibilit\u00e4t und Optimierung des Field Service und Erf\u00fcllung der strengsten Vorschriften<\/div>\n          \n    \n        <\/section>\n\n<\/div><!-- .overit-block-wrapper -->\n<\/div><!-- .overit-block -->\n\n\n<div\n  class=\"overit-block overit-block--white overit-radius-full overit-margin-medium-bottom overit-no-padding \n  overit-block-multi-info-cards\"\n        >\n  \n  <div class=\"overit-block-wrapper\">\n\n<div class=\"info-cards info-cards--3 info-cards--align-left\">\n        <div class=\"info-cards__sections \">\n                  <div class=\"info-card info-card--3\n                    info-card--without-icon\n          \n          info-card--top-line\n        \">\n        <div class=\"info-card-inner\">\n                                                      <div class=\"info-card__description\" >\n              <p>Einhaltung der argentinischen Vorschriften hinsichtlich der Verpflichtung zur zertifizierten digitalen Signatur<\/p>\n\n            <\/div>\n                  <\/div>\n      <\/div>\n                  <div class=\"info-card info-card--3\n                    info-card--without-icon\n          \n          info-card--top-line\n        \">\n        <div class=\"info-card-inner\">\n                                                      <div class=\"info-card__description\" >\n              <p>Offline-Benutzung der App in den vielen Gebieten, die nicht vom Mobilfunknetz abgedeckt sind<\/p>\n\n            <\/div>\n                  <\/div>\n      <\/div>\n                  <div class=\"info-card info-card--3\n                    info-card--without-icon\n          \n          info-card--top-line\n        \">\n        <div class=\"info-card-inner\">\n                                                      <div class=\"info-card__description\" >\n              <p>Umsetzung eines flexiblen Modells f\u00fcr die Parametrisierung der App, das an die Gesch\u00e4ftsanforderungen angepasst und optimiert werden kann, ohne die Software zu ver\u00e4ndern<\/p>\n\n            <\/div>\n                  <\/div>\n      <\/div>\n                  <div class=\"info-card info-card--3\n                    info-card--without-icon\n          \n          info-card--top-line\n        \">\n        <div class=\"info-card-inner\">\n                                                      <div class=\"info-card__description\" >\n              <p>Manuelle Planung von Arbeitsauftr\u00e4gen mit der M\u00f6glichkeit, eine leistungsstarke Engine zur Optimierung von Aktivit\u00e4ten zu nutzen, die w\u00e4hrend der gesamten Arbeitszeit f\u00fcr die m\u00f6gliche Neuplanung (sogar in Echtzeit) von Teamagenden arbeitet<\/p>\n\n            <\/div>\n                  <\/div>\n      <\/div>\n                  <div class=\"info-card info-card--3\n                    info-card--without-icon\n          \n          info-card--top-line\n        \">\n        <div class=\"info-card-inner\">\n                                                      <div class=\"info-card__description\" >\n              <p>Einfache Integration mit externen Legacy-Systemen, unter Verwendung der f\u00fcr sie am besten geeigneten Technologien oder Web Service<\/p>\n\n            <\/div>\n                  <\/div>\n      <\/div>\n          <\/div>\n  <\/div>\n\n<\/div><!-- .overit-block-wrapper -->\n<\/div><!-- .overit-block -->\n\n\n<div\n  class=\"overit-block overit-block--white overit-radius-full overit-no-margin overit-padding-medium-bottom \n  overit-block-customer-stories\"\n        >\n  \n  <div class=\"overit-block-wrapper\">\n\n<div class=\"posts-slider\">\n  <div class=\"post-cards-cont\">\n    <section class=\"post-cards\">\n              <div class=\"post-cards__header\">\n          <div class=\"post-cards__header-content\">\n            \n                          <div class=\"category-link\">An anderen Erfolgsgeschichten interessiert?<\/div>\n              <div class=\"visit-link\"><\/div>\n                      <\/div>\n          <button class=\"arrow-prev\" aria-label=\"Voriger Inhalt\"><\/button>\n          <button class=\"arrow-next\" aria-label=\"N\u00e4chster Inhalt\"><\/button>\n        <\/div>\n            <div class=\"post-cards__body post-cards__body--with-arrows news-cards\">\n                   <div class=\"post-card \">\n                                    <a class=\"post-card__image\" style=\"--aspect-ratio:18\/10;--aspect-ratio-desktop:18\/10;\" href=\"https:\/\/www.overit.ai\/de\/kunden\/kundenerfolgsgeschichten\/2i-rete-gas-workforce-management-projekt\/\">\n              <img decoding=\"async\" src=\"https:\/\/www.overit.ai\/app\/uploads\/2020\/12\/21-rete-gas-caso-1-768x512.jpg\" alt=\"2i Rete Gas &#8211; Workforce Management-Projekt\" width=\"768\" height=\"512\">\n            <\/a>\n                        <div class=\"post-card__body\">\n              <a class=\"post-card__body-cont\" href=\"https:\/\/www.overit.ai\/de\/kunden\/kundenerfolgsgeschichten\/2i-rete-gas-workforce-management-projekt\/\" title=\"2i Rete Gas &#8211; Workforce Management-Projekt\">\n                <h2 class=\"post-card__title\">2i Rete Gas &#8211; Workforce Management-Projekt<\/h2>\n              <\/a>\n              <div class=\"post-card__link-cont\">\n                <a href=\"https:\/\/www.overit.ai\/de\/kunden\/kundenerfolgsgeschichten\/2i-rete-gas-workforce-management-projekt\/\" class=\"post-card__link post-card__link--post\">Jetzt lesen<\/a>\n              <\/div>\n            <\/div>\n          <\/div>\n\n                   <div class=\"post-card \">\n                                    <a class=\"post-card__image\" style=\"--aspect-ratio:18\/10;--aspect-ratio-desktop:18\/10;\" href=\"https:\/\/www.overit.ai\/de\/kunden\/kundenerfolgsgeschichten\/camuzzi-gas-wfm-projekt\/\">\n              <img decoding=\"async\" src=\"https:\/\/www.overit.ai\/app\/uploads\/2020\/12\/camuzzi-gas-progetto-wfm-768x512.jpg\" alt=\"Camuzzi Gas &#8211; WFM-Projekt\" width=\"768\" height=\"512\">\n            <\/a>\n                        <div class=\"post-card__body\">\n              <a class=\"post-card__body-cont\" href=\"https:\/\/www.overit.ai\/de\/kunden\/kundenerfolgsgeschichten\/camuzzi-gas-wfm-projekt\/\" title=\"Camuzzi Gas &#8211; WFM-Projekt\">\n                <h2 class=\"post-card__title\">Camuzzi Gas &#8211; WFM-Projekt<\/h2>\n              <\/a>\n              <div class=\"post-card__link-cont\">\n                <a href=\"https:\/\/www.overit.ai\/de\/kunden\/kundenerfolgsgeschichten\/camuzzi-gas-wfm-projekt\/\" class=\"post-card__link post-card__link--post\">Jetzt lesen<\/a>\n              <\/div>\n            <\/div>\n          <\/div>\n\n              <\/div>\n    <\/section>\n  <\/div>\n<\/div>\n\n<\/div><!-- .overit-block-wrapper -->\n<\/div><!-- .overit-block -->\n","protected":false},"excerpt":{"rendered":"","protected":false},"author":3,"featured_media":7209,"parent":67043,"menu_order":0,"comment_status":"closed","ping_status":"closed","template":"","meta":{"_acf_changed":false,"footnotes":""},"case_study_category":[237],"class_list":["post-67224","page","type-page","status-publish","has-post-thumbnail","hentry","case_study_category-olio-gas"],"acf":[],"yoast_head":"<!-- This site is optimized with the Yoast SEO Premium plugin v25.6 (Yoast SEO v25.6) - https:\/\/yoast.com\/wordpress\/plugins\/seo\/ -->\n<title>Camuzzi Gas w\u00e4hlt OverIT f\u00fcr das Management seiner FSM-T\u00e4tigkeiten<\/title>\n<meta name=\"description\" content=\"Camuzzi Gas, ein Erdgasverteiler, plant seine Aktivit\u00e4ten, mobilisiert seine Ressourcen vor Ort und verbessert seinen Kundendienst mit der L\u00f6sung von OverIT.\" \/>\n<meta name=\"robots\" content=\"index, follow, max-snippet:-1, max-image-preview:large, max-video-preview:-1\" \/>\n<link rel=\"canonical\" href=\"https:\/\/www.overit.ai\/de\/kunden\/kundenerfolgsgeschichten\/camuzzi-gas-wfm-projekt\/\" \/>\n<meta property=\"og:locale\" content=\"de_DE\" \/>\n<meta property=\"og:type\" content=\"article\" \/>\n<meta property=\"og:title\" content=\"Camuzzi Gas - WFM-Projekt\" \/>\n<meta property=\"og:description\" content=\"Camuzzi Gas, ein Erdgasverteiler, plant seine Aktivit\u00e4ten, mobilisiert seine Ressourcen vor Ort und verbessert seinen Kundendienst mit der L\u00f6sung von OverIT.\" \/>\n<meta property=\"og:url\" content=\"https:\/\/www.overit.ai\/de\/kunden\/kundenerfolgsgeschichten\/camuzzi-gas-wfm-projekt\/\" \/>\n<meta property=\"og:site_name\" content=\"OverIT\" \/>\n<meta property=\"article:modified_time\" content=\"2026-04-08T09:33:25+00:00\" \/>\n<meta property=\"og:image\" content=\"https:\/\/www.overit.ai\/app\/uploads\/2020\/12\/camuzzi-gas-progetto-wfm.jpg\" \/>\n<meta name=\"twitter:card\" content=\"summary_large_image\" \/>\n<meta name=\"twitter:label1\" content=\"Est. reading time\" \/>\n\t<meta name=\"twitter:data1\" content=\"3 minutes\" \/>\n<script type=\"application\/ld+json\" class=\"yoast-schema-graph\">{\"@context\":\"https:\/\/schema.org\",\"@graph\":[{\"@type\":\"WebPage\",\"@id\":\"https:\/\/www.overit.ai\/de\/kunden\/kundenerfolgsgeschichten\/camuzzi-gas-wfm-projekt\/\",\"url\":\"https:\/\/www.overit.ai\/de\/kunden\/kundenerfolgsgeschichten\/camuzzi-gas-wfm-projekt\/\",\"name\":\"Camuzzi Gas w\u00e4hlt OverIT f\u00fcr das Management seiner FSM-T\u00e4tigkeiten\",\"isPartOf\":{\"@id\":\"https:\/\/www.overit.ai\/de\/#website\"},\"primaryImageOfPage\":{\"@id\":\"https:\/\/www.overit.ai\/de\/kunden\/kundenerfolgsgeschichten\/camuzzi-gas-wfm-projekt\/#primaryimage\"},\"image\":{\"@id\":\"https:\/\/www.overit.ai\/de\/kunden\/kundenerfolgsgeschichten\/camuzzi-gas-wfm-projekt\/#primaryimage\"},\"thumbnailUrl\":\"https:\/\/www.overit.ai\/app\/uploads\/2020\/12\/camuzzi-gas-progetto-wfm.jpg\",\"datePublished\":\"2026-01-30T09:15:53+00:00\",\"dateModified\":\"2026-04-08T09:33:25+00:00\",\"description\":\"Camuzzi Gas, ein Erdgasverteiler, plant seine Aktivit\u00e4ten, mobilisiert seine Ressourcen vor Ort und verbessert seinen Kundendienst mit der L\u00f6sung von OverIT.\",\"breadcrumb\":{\"@id\":\"https:\/\/www.overit.ai\/de\/kunden\/kundenerfolgsgeschichten\/camuzzi-gas-wfm-projekt\/#breadcrumb\"},\"inLanguage\":\"de-DE\",\"potentialAction\":[{\"@type\":\"ReadAction\",\"target\":[\"https:\/\/www.overit.ai\/de\/kunden\/kundenerfolgsgeschichten\/camuzzi-gas-wfm-projekt\/\"]}]},{\"@type\":\"ImageObject\",\"inLanguage\":\"de-DE\",\"@id\":\"https:\/\/www.overit.ai\/de\/kunden\/kundenerfolgsgeschichten\/camuzzi-gas-wfm-projekt\/#primaryimage\",\"url\":\"https:\/\/www.overit.ai\/app\/uploads\/2020\/12\/camuzzi-gas-progetto-wfm.jpg\",\"contentUrl\":\"https:\/\/www.overit.ai\/app\/uploads\/2020\/12\/camuzzi-gas-progetto-wfm.jpg\",\"width\":2000,\"height\":1333,\"caption\":\"Camuzzi - Progetto WFM\"},{\"@type\":\"BreadcrumbList\",\"@id\":\"https:\/\/www.overit.ai\/de\/kunden\/kundenerfolgsgeschichten\/camuzzi-gas-wfm-projekt\/#breadcrumb\",\"itemListElement\":[{\"@type\":\"ListItem\",\"position\":1,\"name\":\"Home\",\"item\":\"https:\/\/www.overit.ai\/de\/\"},{\"@type\":\"ListItem\",\"position\":2,\"name\":\"Kunden\",\"item\":\"https:\/\/www.overit.ai\/de\/kunden\/\"},{\"@type\":\"ListItem\",\"position\":3,\"name\":\"Kundenerfolgsgeschichten\",\"item\":\"https:\/\/www.overit.ai\/de\/kunden\/kundenerfolgsgeschichten\/\"},{\"@type\":\"ListItem\",\"position\":4,\"name\":\"Camuzzi Gas &#8211; WFM-Projekt\"}]},{\"@type\":\"WebSite\",\"@id\":\"https:\/\/www.overit.ai\/de\/#website\",\"url\":\"https:\/\/www.overit.ai\/de\/\",\"name\":\"OverIT\",\"description\":\"Innovation in Field Service Management\",\"publisher\":{\"@id\":\"https:\/\/www.overit.ai\/de\/#organization\"},\"potentialAction\":[{\"@type\":\"SearchAction\",\"target\":{\"@type\":\"EntryPoint\",\"urlTemplate\":\"https:\/\/www.overit.ai\/de\/?s={search_term_string}\"},\"query-input\":{\"@type\":\"PropertyValueSpecification\",\"valueRequired\":true,\"valueName\":\"search_term_string\"}}],\"inLanguage\":\"de-DE\"},{\"@type\":\"Organization\",\"@id\":\"https:\/\/www.overit.ai\/de\/#organization\",\"name\":\"OverIT\",\"url\":\"https:\/\/www.overit.ai\/de\/\",\"logo\":{\"@type\":\"ImageObject\",\"inLanguage\":\"de-DE\",\"@id\":\"https:\/\/www.overit.ai\/de\/#\/schema\/logo\/image\/\",\"url\":\"https:\/\/www.overit.ai\/app\/uploads\/2021\/10\/OverIT-logo-400.png\",\"contentUrl\":\"https:\/\/www.overit.ai\/app\/uploads\/2021\/10\/OverIT-logo-400.png\",\"width\":400,\"height\":250,\"caption\":\"OverIT\"},\"image\":{\"@id\":\"https:\/\/www.overit.ai\/de\/#\/schema\/logo\/image\/\"}}]}<\/script>\n<!-- \/ Yoast SEO Premium plugin. -->","yoast_head_json":{"title":"Camuzzi Gas w\u00e4hlt OverIT f\u00fcr das Management seiner FSM-T\u00e4tigkeiten","description":"Camuzzi Gas, ein Erdgasverteiler, plant seine Aktivit\u00e4ten, mobilisiert seine Ressourcen vor Ort und verbessert seinen Kundendienst mit der L\u00f6sung von OverIT.","robots":{"index":"index","follow":"follow","max-snippet":"max-snippet:-1","max-image-preview":"max-image-preview:large","max-video-preview":"max-video-preview:-1"},"canonical":"https:\/\/www.overit.ai\/de\/kunden\/kundenerfolgsgeschichten\/camuzzi-gas-wfm-projekt\/","og_locale":"de_DE","og_type":"article","og_title":"Camuzzi Gas - WFM-Projekt","og_description":"Camuzzi Gas, ein Erdgasverteiler, plant seine Aktivit\u00e4ten, mobilisiert seine Ressourcen vor Ort und verbessert seinen Kundendienst mit der L\u00f6sung von OverIT.","og_url":"https:\/\/www.overit.ai\/de\/kunden\/kundenerfolgsgeschichten\/camuzzi-gas-wfm-projekt\/","og_site_name":"OverIT","article_modified_time":"2026-04-08T09:33:25+00:00","og_image":[{"url":"https:\/\/www.overit.ai\/app\/uploads\/2020\/12\/camuzzi-gas-progetto-wfm.jpg","type":"","width":"","height":""}],"twitter_card":"summary_large_image","twitter_misc":{"Est. reading time":"3 minutes"},"schema":{"@context":"https:\/\/schema.org","@graph":[{"@type":"WebPage","@id":"https:\/\/www.overit.ai\/de\/kunden\/kundenerfolgsgeschichten\/camuzzi-gas-wfm-projekt\/","url":"https:\/\/www.overit.ai\/de\/kunden\/kundenerfolgsgeschichten\/camuzzi-gas-wfm-projekt\/","name":"Camuzzi Gas w\u00e4hlt OverIT f\u00fcr das Management seiner FSM-T\u00e4tigkeiten","isPartOf":{"@id":"https:\/\/www.overit.ai\/de\/#website"},"primaryImageOfPage":{"@id":"https:\/\/www.overit.ai\/de\/kunden\/kundenerfolgsgeschichten\/camuzzi-gas-wfm-projekt\/#primaryimage"},"image":{"@id":"https:\/\/www.overit.ai\/de\/kunden\/kundenerfolgsgeschichten\/camuzzi-gas-wfm-projekt\/#primaryimage"},"thumbnailUrl":"https:\/\/www.overit.ai\/app\/uploads\/2020\/12\/camuzzi-gas-progetto-wfm.jpg","datePublished":"2026-01-30T09:15:53+00:00","dateModified":"2026-04-08T09:33:25+00:00","description":"Camuzzi Gas, ein Erdgasverteiler, plant seine Aktivit\u00e4ten, mobilisiert seine Ressourcen vor Ort und verbessert seinen Kundendienst mit der L\u00f6sung von OverIT.","breadcrumb":{"@id":"https:\/\/www.overit.ai\/de\/kunden\/kundenerfolgsgeschichten\/camuzzi-gas-wfm-projekt\/#breadcrumb"},"inLanguage":"de-DE","potentialAction":[{"@type":"ReadAction","target":["https:\/\/www.overit.ai\/de\/kunden\/kundenerfolgsgeschichten\/camuzzi-gas-wfm-projekt\/"]}]},{"@type":"ImageObject","inLanguage":"de-DE","@id":"https:\/\/www.overit.ai\/de\/kunden\/kundenerfolgsgeschichten\/camuzzi-gas-wfm-projekt\/#primaryimage","url":"https:\/\/www.overit.ai\/app\/uploads\/2020\/12\/camuzzi-gas-progetto-wfm.jpg","contentUrl":"https:\/\/www.overit.ai\/app\/uploads\/2020\/12\/camuzzi-gas-progetto-wfm.jpg","width":2000,"height":1333,"caption":"Camuzzi - Progetto WFM"},{"@type":"BreadcrumbList","@id":"https:\/\/www.overit.ai\/de\/kunden\/kundenerfolgsgeschichten\/camuzzi-gas-wfm-projekt\/#breadcrumb","itemListElement":[{"@type":"ListItem","position":1,"name":"Home","item":"https:\/\/www.overit.ai\/de\/"},{"@type":"ListItem","position":2,"name":"Kunden","item":"https:\/\/www.overit.ai\/de\/kunden\/"},{"@type":"ListItem","position":3,"name":"Kundenerfolgsgeschichten","item":"https:\/\/www.overit.ai\/de\/kunden\/kundenerfolgsgeschichten\/"},{"@type":"ListItem","position":4,"name":"Camuzzi Gas &#8211; WFM-Projekt"}]},{"@type":"WebSite","@id":"https:\/\/www.overit.ai\/de\/#website","url":"https:\/\/www.overit.ai\/de\/","name":"OverIT","description":"Innovation in Field Service Management","publisher":{"@id":"https:\/\/www.overit.ai\/de\/#organization"},"potentialAction":[{"@type":"SearchAction","target":{"@type":"EntryPoint","urlTemplate":"https:\/\/www.overit.ai\/de\/?s={search_term_string}"},"query-input":{"@type":"PropertyValueSpecification","valueRequired":true,"valueName":"search_term_string"}}],"inLanguage":"de-DE"},{"@type":"Organization","@id":"https:\/\/www.overit.ai\/de\/#organization","name":"OverIT","url":"https:\/\/www.overit.ai\/de\/","logo":{"@type":"ImageObject","inLanguage":"de-DE","@id":"https:\/\/www.overit.ai\/de\/#\/schema\/logo\/image\/","url":"https:\/\/www.overit.ai\/app\/uploads\/2021\/10\/OverIT-logo-400.png","contentUrl":"https:\/\/www.overit.ai\/app\/uploads\/2021\/10\/OverIT-logo-400.png","width":400,"height":250,"caption":"OverIT"},"image":{"@id":"https:\/\/www.overit.ai\/de\/#\/schema\/logo\/image\/"}}]}},"_links":{"self":[{"href":"https:\/\/www.overit.ai\/de\/wp-json\/wp\/v2\/pages\/67224","targetHints":{"allow":["GET"]}}],"collection":[{"href":"https:\/\/www.overit.ai\/de\/wp-json\/wp\/v2\/pages"}],"about":[{"href":"https:\/\/www.overit.ai\/de\/wp-json\/wp\/v2\/types\/page"}],"author":[{"embeddable":true,"href":"https:\/\/www.overit.ai\/de\/wp-json\/wp\/v2\/users\/3"}],"replies":[{"embeddable":true,"href":"https:\/\/www.overit.ai\/de\/wp-json\/wp\/v2\/comments?post=67224"}],"version-history":[{"count":6,"href":"https:\/\/www.overit.ai\/de\/wp-json\/wp\/v2\/pages\/67224\/revisions"}],"predecessor-version":[{"id":71039,"href":"https:\/\/www.overit.ai\/de\/wp-json\/wp\/v2\/pages\/67224\/revisions\/71039"}],"up":[{"embeddable":true,"href":"https:\/\/www.overit.ai\/de\/wp-json\/wp\/v2\/pages\/67043"}],"wp:featuredmedia":[{"embeddable":true,"href":"https:\/\/www.overit.ai\/de\/wp-json\/wp\/v2\/media\/7209"}],"wp:attachment":[{"href":"https:\/\/www.overit.ai\/de\/wp-json\/wp\/v2\/media?parent=67224"}],"wp:term":[{"taxonomy":"case_study_category","embeddable":true,"href":"https:\/\/www.overit.ai\/de\/wp-json\/wp\/v2\/case_study_category?post=67224"}],"curies":[{"name":"wp","href":"https:\/\/api.w.org\/{rel}","templated":true}]}}