{"id":67222,"date":"2026-01-29T14:20:15","date_gmt":"2026-01-29T14:20:15","guid":{"rendered":"https:\/\/www.overit.ai\/?page_id=67222"},"modified":"2026-04-09T07:04:56","modified_gmt":"2026-04-09T07:04:56","slug":"2i-rete-gas-workforce-management-projekt","status":"publish","type":"page","link":"https:\/\/www.overit.ai\/de\/kunden\/kundenerfolgsgeschichten\/2i-rete-gas-workforce-management-projekt\/","title":{"rendered":"2i Rete Gas &#8211; Workforce Management-Projekt"},"content":{"rendered":"<div\n  class=\"overit-block overit-block--white overit-radius-none overit-margin-small-bottom overit-no-padding \n  overit-block-customer-page-header\"\n        >\n  \n  <div class=\"overit-block-wrapper\">\n\n<div class=\"cph\">\n  \n    <div class=\"cph_slogan-cont\" style=\"background: linear-gradient(0deg, rgba(0, 0, 0, 0.35), rgba(0, 0, 0, 0.35)), url('https:\/\/www.overit.ai\/app\/uploads\/2020\/12\/21-rete-gas-caso.jpg') center center\">\n                  <div class=\"cph__section-title\">2i RETE GAS<\/div>\n                                    <h1 class=\"cph__slogan\">Verwaltung von Einsatzauftr\u00e4gen und Wartungsarbeiten<\/h1>\n            <\/div>\n  <div class=\"cph__customer-section\" data-aos=\"fade-up\">\n    <div class=\"cph__customer-desc-cont\">\n                    <img decoding=\"async\" class=\"cph__customer-logo\" src=\"https:\/\/www.overit.ai\/app\/uploads\/2020\/12\/2i-rete-gas-logo.png\" alt=\"2i-rete-gas-logo\" width=\"400\" height=\"100\" \/>\n            <div class=\"cph__customer-desc\">\n        <p>2i Rete Gas ist in der Verteilung von Erdgas f\u00fcr zivile und industrielle Zwecke t\u00e4tig.<br \/>\nEs ist der zweitgr\u00f6\u00dfte unabh\u00e4ngige Betreiber des Sektors mit rund 66.000 km verwaltetem Netz und 4,3 Millionen Nutzern.<\/p>\n\n      <\/div>\n    <\/div>\n    <div class=\"cph__customer-facts\">\n              <div class=\"cph__facts-title\">SCHL\u00dcSSELINFORMATIONEN<\/div>\n        <div class=\"cph__facts\">\n                     <div class=\"cph__fact-cont\">\n            <div class=\"cph__fact-label\">\n              Sektor\n            <\/div>\n            <div class=\"cph__fact\">\n              \u00d6l &amp; Gas\n            <\/div>\n          <\/div>\n                     <div class=\"cph__fact-cont\">\n            <div class=\"cph__fact-label\">\n              Region\n            <\/div>\n            <div class=\"cph__fact\">\n              EMEA\n            <\/div>\n          <\/div>\n                     <div class=\"cph__fact-cont\">\n            <div class=\"cph__fact-label\">\n              Website\n            <\/div>\n            <div class=\"cph__fact\">\n              2iretegas.it\n            <\/div>\n          <\/div>\n                     <div class=\"cph__fact-cont\">\n            <div class=\"cph__fact-label\">\n              Beteiligte Techniker\n            <\/div>\n            <div class=\"cph__fact\">\n              \u00dcber 1.000\n            <\/div>\n          <\/div>\n                  <\/div>\n          <\/div>\n  <\/div>\n<\/div>\n\n<\/div><!-- .overit-block-wrapper -->\n<\/div><!-- .overit-block -->\n\n\n<div\n  class=\"overit-block overit-block--white overit-radius-full overit-no-margin overit-padding-small overit-block--fullwidth\n  overit-block-configurable-jumbotron\"\n        >\n  \n  <div class=\"overit-block-wrapper\">\n\n<section class=\"configurable-jumbotron left\" >\n                  <h3 class=\"cj-section-title\">KUNDENANFORDERUNGEN<\/h3>\n          \n                  <div class=\"cj-title medium\">Verwaltung der Field Sevice-T\u00e4tigkeiten<\/div>\n          \n                  <div class=\"cj-subtitle small\"><p>Der Kunde ben\u00f6tigte eine Field Service Management-L\u00f6sung f\u00fcr das technische Management von Einsatzauftr\u00e4gen und Wartungsaktivit\u00e4ten im Betrieb.<\/p>\n<\/div>\n          \n        <\/section>\n\n<\/div><!-- .overit-block-wrapper -->\n<\/div><!-- .overit-block -->\n\n\n<div\n  class=\"overit-block overit-block--white overit-radius-full  overit-no-padding \n  overit-block-separator\"\n        >\n  \n  <div class=\"overit-block-wrapper\">\n\n<div class=\"overit-separator overit-separator--boxed\">\n  <hr\/>\n<\/div>\n\n<\/div><!-- .overit-block-wrapper -->\n<\/div><!-- .overit-block -->\n\n\n<div\n  class=\"overit-block overit-block--white overit-radius-full overit-no-margin overit-padding-medium overit-block--fullwidth\n  overit-block-configurable-jumbotron\"\n        >\n  \n  <div class=\"overit-block-wrapper\">\n\n<section class=\"configurable-jumbotron left\" >\n                  <h3 class=\"cj-section-title\">UNSERE L\u00d6SUNG<\/h3>\n          \n                  <div class=\"cj-title medium\">Die L\u00f6sung von OverIT, das f\u00fchrende Produkt f\u00fcr das Management von Field Service-T\u00e4tigkeiten im Sektor \u00d6l &amp; Gas<\/div>\n          \n                  <div class=\"cj-subtitle small\"><p>Der Kunde 2i Rete Gas nutzt eine Reihe von Funktionalit\u00e4ten, um Daten von externen Systemen \u00fcber die Anlagenstruktur und die durchzuf\u00fchrenden Arbeiten zu erhalten, die dann in die L\u00f6sung von OverIT f\u00fcr die Verwaltung von Notfall-, geplanten und au\u00dferordentlichen Wartungsarbeiten, Kundenaktivit\u00e4ten und die Buchungsagenda integriert werden.<\/p>\n<p>Die App erm\u00f6glicht auch die Verwaltung von T\u00e4tigkeiten und Inspektionen vor Ort, indem sie Field Service-Mitarbeitern und externen Auftragnehmern die geplanten T\u00e4tigkeiten direkt auf ihre Ger\u00e4te und nach Parametern zuweist, die auf der territorialen Organisation, der Verf\u00fcgbarkeit und den F\u00e4higkeiten der Ressourcen basieren. Dank der mobilen Funktionalit\u00e4t k\u00f6nnen die Techniker ihre Anwesenheit am Arbeitsplatz best\u00e4tigen, die T\u00e4tigkeit \u00fcberwachen und dar\u00fcber Bericht erstatten sowie Warnungen \u00fcber die korrekte Verwendung der erforderlichen PSA erhalten.<\/p>\n<p>Die Durchf\u00fchrung der T\u00e4tigkeiten wird durch das Ausf\u00fcllen von Datenerfassungsbl\u00e4ttern bescheinigt und kann auch vom Kunden durch eine graphometrische Unterschrift best\u00e4tigt werden. Mit Hilfe von Server- und Mobilfunktionen erm\u00f6glicht die L\u00f6sung von OverIT auch die Verwaltung der t\u00e4glichen Berichte der Field Service-Techniker und die Integration mit den SAP-Modulen HR und CS f\u00fcr die entsprechende wirtschaftliche Anerkennung.<\/p>\n<\/div>\n          \n        <\/section>\n\n<\/div><!-- .overit-block-wrapper -->\n<\/div><!-- .overit-block -->\n\n\n<div\n  class=\"overit-block overit-block--white overit-radius-full  overit-no-padding \n  overit-block-separator\"\n        >\n  \n  <div class=\"overit-block-wrapper\">\n\n<div class=\"overit-separator overit-separator--boxed\">\n  <hr\/>\n<\/div>\n\n<\/div><!-- .overit-block-wrapper -->\n<\/div><!-- .overit-block -->\n\n\n<div\n  class=\"overit-block overit-block--white overit-radius-full overit-no-margin overit-padding-small overit-block--fullwidth\n  overit-block-configurable-jumbotron\"\n        >\n  \n  <div class=\"overit-block-wrapper\">\n\n<section class=\"configurable-jumbotron left\" >\n                  <h3 class=\"cj-section-title\">ERGEBNISSE<\/h3>\n          \n                  <div class=\"cj-title medium\">Zentralisierung der Abl\u00e4ufe zur Verbesserung von Produktivit\u00e4t und Sicherheit<\/div>\n          \n    \n        <\/section>\n\n<\/div><!-- .overit-block-wrapper -->\n<\/div><!-- .overit-block -->\n\n\n<div\n  class=\"overit-block overit-block--white overit-radius-full overit-margin-medium-bottom overit-no-padding \n  overit-block-multi-info-cards\"\n        >\n  \n  <div class=\"overit-block-wrapper\">\n\n<div class=\"info-cards info-cards--3 info-cards--align-left\">\n        <div class=\"info-cards__sections \">\n                  <div class=\"info-card info-card--3\n                    info-card--without-icon\n          \n          info-card--top-line\n        \">\n        <div class=\"info-card-inner\">\n                                                      <div class=\"info-card__description\" >\n              <p>Ein einziges System f\u00fcr die Verwaltung der zentralen Betriebsfunktionen<\/p>\n\n            <\/div>\n                  <\/div>\n      <\/div>\n                  <div class=\"info-card info-card--3\n                    info-card--without-icon\n          \n          info-card--top-line\n        \">\n        <div class=\"info-card-inner\">\n                                                      <div class=\"info-card__description\" >\n              <p>Integration mit externen Systemen<\/p>\n\n            <\/div>\n                  <\/div>\n      <\/div>\n                  <div class=\"info-card info-card--3\n                    info-card--without-icon\n          \n          info-card--top-line\n        \">\n        <div class=\"info-card-inner\">\n                                                      <div class=\"info-card__description\" >\n              <p>Einfache Interaktion zwischen mobilen Ger\u00e4ten und Z\u00e4hlern<\/p>\n\n            <\/div>\n                  <\/div>\n      <\/div>\n                  <div class=\"info-card info-card--3\n                    info-card--without-icon\n          \n          info-card--top-line\n        \">\n        <div class=\"info-card-inner\">\n                                                      <div class=\"info-card__description\" >\n              <p>Steigerung der Ressourcenproduktivit\u00e4t<\/p>\n\n            <\/div>\n                  <\/div>\n      <\/div>\n                  <div class=\"info-card info-card--3\n                    info-card--without-icon\n          \n          info-card--top-line\n        \">\n        <div class=\"info-card-inner\">\n                                                      <div class=\"info-card__description\" >\n              <p>Erh\u00f6hung der Arbeitssicherheit f\u00fcr die Mitarbeiter<\/p>\n\n            <\/div>\n                  <\/div>\n      <\/div>\n          <\/div>\n  <\/div>\n\n<\/div><!-- .overit-block-wrapper -->\n<\/div><!-- .overit-block -->\n\n\n<div\n  class=\"overit-block overit-block--white overit-radius-full overit-no-margin overit-padding-medium \n  overit-block-customer-stories\"\n        >\n  \n  <div class=\"overit-block-wrapper\">\n\n<div class=\"posts-slider\">\n  <div class=\"post-cards-cont\">\n    <section class=\"post-cards\">\n              <div class=\"post-cards__header\">\n          <div class=\"post-cards__header-content\">\n            \n                          <div class=\"category-link\">An anderen Erfolgsgeschichten interessiert?<\/div>\n              <div class=\"visit-link\"><\/div>\n                      <\/div>\n          <button class=\"arrow-prev\" aria-label=\"Voriger Inhalt\"><\/button>\n          <button class=\"arrow-next\" aria-label=\"N\u00e4chster Inhalt\"><\/button>\n        <\/div>\n            <div class=\"post-cards__body post-cards__body--with-arrows news-cards\">\n                   <div class=\"post-card \">\n                                    <a class=\"post-card__image\" style=\"--aspect-ratio:18\/10;--aspect-ratio-desktop:18\/10;\" href=\"https:\/\/www.overit.ai\/de\/kunden\/kundenerfolgsgeschichten\/2i-rete-gas-workforce-management-projekt\/\">\n              <img decoding=\"async\" src=\"https:\/\/www.overit.ai\/app\/uploads\/2020\/12\/21-rete-gas-caso-1-768x512.jpg\" alt=\"2i Rete Gas &#8211; Workforce Management-Projekt\" width=\"768\" height=\"512\">\n            <\/a>\n                        <div class=\"post-card__body\">\n              <a class=\"post-card__body-cont\" href=\"https:\/\/www.overit.ai\/de\/kunden\/kundenerfolgsgeschichten\/2i-rete-gas-workforce-management-projekt\/\" title=\"2i Rete Gas &#8211; Workforce Management-Projekt\">\n                <h2 class=\"post-card__title\">2i Rete Gas &#8211; Workforce Management-Projekt<\/h2>\n              <\/a>\n              <div class=\"post-card__link-cont\">\n                <a href=\"https:\/\/www.overit.ai\/de\/kunden\/kundenerfolgsgeschichten\/2i-rete-gas-workforce-management-projekt\/\" class=\"post-card__link post-card__link--post\">Jetzt lesen<\/a>\n              <\/div>\n            <\/div>\n          <\/div>\n\n                   <div class=\"post-card \">\n                                    <a class=\"post-card__image\" style=\"--aspect-ratio:18\/10;--aspect-ratio-desktop:18\/10;\" href=\"https:\/\/www.overit.ai\/de\/kunden\/kundenerfolgsgeschichten\/camuzzi-gas-wfm-projekt\/\">\n              <img decoding=\"async\" src=\"https:\/\/www.overit.ai\/app\/uploads\/2020\/12\/camuzzi-gas-progetto-wfm-768x512.jpg\" alt=\"Camuzzi Gas &#8211; WFM-Projekt\" width=\"768\" height=\"512\">\n            <\/a>\n                        <div class=\"post-card__body\">\n              <a class=\"post-card__body-cont\" href=\"https:\/\/www.overit.ai\/de\/kunden\/kundenerfolgsgeschichten\/camuzzi-gas-wfm-projekt\/\" title=\"Camuzzi Gas &#8211; WFM-Projekt\">\n                <h2 class=\"post-card__title\">Camuzzi Gas &#8211; WFM-Projekt<\/h2>\n              <\/a>\n              <div class=\"post-card__link-cont\">\n                <a href=\"https:\/\/www.overit.ai\/de\/kunden\/kundenerfolgsgeschichten\/camuzzi-gas-wfm-projekt\/\" class=\"post-card__link post-card__link--post\">Jetzt lesen<\/a>\n              <\/div>\n            <\/div>\n          <\/div>\n\n              <\/div>\n    <\/section>\n  <\/div>\n<\/div>\n\n<\/div><!-- .overit-block-wrapper -->\n<\/div><!-- .overit-block -->\n","protected":false},"excerpt":{"rendered":"","protected":false},"author":3,"featured_media":7271,"parent":67043,"menu_order":0,"comment_status":"closed","ping_status":"closed","template":"","meta":{"_acf_changed":false,"footnotes":""},"case_study_category":[237],"class_list":["post-67222","page","type-page","status-publish","has-post-thumbnail","hentry","case_study_category-olio-gas"],"acf":[],"yoast_head":"<!-- This site is optimized with the Yoast SEO Premium plugin v25.6 (Yoast SEO v25.6) - https:\/\/yoast.com\/wordpress\/plugins\/seo\/ -->\n<title>2i Rete Gas | Field Service Management Referenz | OverIT<\/title>\n<meta name=\"description\" content=\"Erfahren Sie, wie 2i Rete Gas mit OverIT Field Service Management Einsatzauftr\u00e4ge, Wartung und Au\u00dfendienstaktivit\u00e4ten im Gasverteilnetz zentralisiert.\" \/>\n<meta name=\"robots\" content=\"index, follow, max-snippet:-1, max-image-preview:large, max-video-preview:-1\" \/>\n<link rel=\"canonical\" href=\"https:\/\/www.overit.ai\/de\/kunden\/kundenerfolgsgeschichten\/2i-rete-gas-workforce-management-projekt\/\" \/>\n<meta property=\"og:locale\" content=\"de_DE\" \/>\n<meta property=\"og:type\" content=\"article\" \/>\n<meta property=\"og:title\" content=\"2i Rete Gas | Field Service Management im Gasverteilnetz | OverIT\" \/>\n<meta property=\"og:description\" content=\"Erfahren Sie, wie 2i Rete Gas mit OverIT Field Service Management Einsatzauftr\u00e4ge, Wartung und Au\u00dfendienstaktivit\u00e4ten im Gasverteilnetz zentralisiert.\" \/>\n<meta property=\"og:url\" content=\"https:\/\/www.overit.ai\/de\/kunden\/kundenerfolgsgeschichten\/2i-rete-gas-workforce-management-projekt\/\" \/>\n<meta property=\"og:site_name\" content=\"OverIT\" \/>\n<meta property=\"article:modified_time\" content=\"2026-04-09T07:04:56+00:00\" \/>\n<meta property=\"og:image\" content=\"https:\/\/www.overit.ai\/app\/uploads\/2020\/12\/21-rete-gas-caso.jpg\" \/>\n<meta name=\"twitter:card\" content=\"summary_large_image\" \/>\n<meta name=\"twitter:title\" content=\"2i Rete Gas | Field Service Management im Gasverteilnetz | OverIT\" \/>\n<meta name=\"twitter:description\" content=\"Erfahren Sie, wie 2i Rete Gas mit OverIT Field Service Management Einsatzauftr\u00e4ge, Wartung und Au\u00dfendienstaktivit\u00e4ten im Gasverteilnetz zentralisiert.\" \/>\n<meta name=\"twitter:label1\" content=\"Est. reading time\" \/>\n\t<meta name=\"twitter:data1\" content=\"2 minutes\" \/>\n<script type=\"application\/ld+json\" class=\"yoast-schema-graph\">{\"@context\":\"https:\/\/schema.org\",\"@graph\":[{\"@type\":\"WebPage\",\"@id\":\"https:\/\/www.overit.ai\/de\/kunden\/kundenerfolgsgeschichten\/2i-rete-gas-workforce-management-projekt\/\",\"url\":\"https:\/\/www.overit.ai\/de\/kunden\/kundenerfolgsgeschichten\/2i-rete-gas-workforce-management-projekt\/\",\"name\":\"2i Rete Gas | Field Service Management Referenz | OverIT\",\"isPartOf\":{\"@id\":\"https:\/\/www.overit.ai\/de\/#website\"},\"primaryImageOfPage\":{\"@id\":\"https:\/\/www.overit.ai\/de\/kunden\/kundenerfolgsgeschichten\/2i-rete-gas-workforce-management-projekt\/#primaryimage\"},\"image\":{\"@id\":\"https:\/\/www.overit.ai\/de\/kunden\/kundenerfolgsgeschichten\/2i-rete-gas-workforce-management-projekt\/#primaryimage\"},\"thumbnailUrl\":\"https:\/\/www.overit.ai\/app\/uploads\/2020\/12\/21-rete-gas-caso-1.jpg\",\"datePublished\":\"2026-01-29T14:20:15+00:00\",\"dateModified\":\"2026-04-09T07:04:56+00:00\",\"description\":\"Erfahren Sie, wie 2i Rete Gas mit OverIT Field Service Management Einsatzauftr\u00e4ge, Wartung und Au\u00dfendienstaktivit\u00e4ten im Gasverteilnetz zentralisiert.\",\"breadcrumb\":{\"@id\":\"https:\/\/www.overit.ai\/de\/kunden\/kundenerfolgsgeschichten\/2i-rete-gas-workforce-management-projekt\/#breadcrumb\"},\"inLanguage\":\"de-DE\",\"potentialAction\":[{\"@type\":\"ReadAction\",\"target\":[\"https:\/\/www.overit.ai\/de\/kunden\/kundenerfolgsgeschichten\/2i-rete-gas-workforce-management-projekt\/\"]}]},{\"@type\":\"ImageObject\",\"inLanguage\":\"de-DE\",\"@id\":\"https:\/\/www.overit.ai\/de\/kunden\/kundenerfolgsgeschichten\/2i-rete-gas-workforce-management-projekt\/#primaryimage\",\"url\":\"https:\/\/www.overit.ai\/app\/uploads\/2020\/12\/21-rete-gas-caso-1.jpg\",\"contentUrl\":\"https:\/\/www.overit.ai\/app\/uploads\/2020\/12\/21-rete-gas-caso-1.jpg\",\"width\":2000,\"height\":1333,\"caption\":\"2i Rete Gas\"},{\"@type\":\"BreadcrumbList\",\"@id\":\"https:\/\/www.overit.ai\/de\/kunden\/kundenerfolgsgeschichten\/2i-rete-gas-workforce-management-projekt\/#breadcrumb\",\"itemListElement\":[{\"@type\":\"ListItem\",\"position\":1,\"name\":\"Home\",\"item\":\"https:\/\/www.overit.ai\/de\/\"},{\"@type\":\"ListItem\",\"position\":2,\"name\":\"Kunden\",\"item\":\"https:\/\/www.overit.ai\/de\/kunden\/\"},{\"@type\":\"ListItem\",\"position\":3,\"name\":\"Kundenerfolgsgeschichten\",\"item\":\"https:\/\/www.overit.ai\/de\/kunden\/kundenerfolgsgeschichten\/\"},{\"@type\":\"ListItem\",\"position\":4,\"name\":\"2i Rete Gas &#8211; Workforce Management-Projekt\"}]},{\"@type\":\"WebSite\",\"@id\":\"https:\/\/www.overit.ai\/de\/#website\",\"url\":\"https:\/\/www.overit.ai\/de\/\",\"name\":\"OverIT\",\"description\":\"Innovation in Field Service Management\",\"publisher\":{\"@id\":\"https:\/\/www.overit.ai\/de\/#organization\"},\"potentialAction\":[{\"@type\":\"SearchAction\",\"target\":{\"@type\":\"EntryPoint\",\"urlTemplate\":\"https:\/\/www.overit.ai\/de\/?s={search_term_string}\"},\"query-input\":{\"@type\":\"PropertyValueSpecification\",\"valueRequired\":true,\"valueName\":\"search_term_string\"}}],\"inLanguage\":\"de-DE\"},{\"@type\":\"Organization\",\"@id\":\"https:\/\/www.overit.ai\/de\/#organization\",\"name\":\"OverIT\",\"url\":\"https:\/\/www.overit.ai\/de\/\",\"logo\":{\"@type\":\"ImageObject\",\"inLanguage\":\"de-DE\",\"@id\":\"https:\/\/www.overit.ai\/de\/#\/schema\/logo\/image\/\",\"url\":\"https:\/\/www.overit.ai\/app\/uploads\/2021\/10\/OverIT-logo-400.png\",\"contentUrl\":\"https:\/\/www.overit.ai\/app\/uploads\/2021\/10\/OverIT-logo-400.png\",\"width\":400,\"height\":250,\"caption\":\"OverIT\"},\"image\":{\"@id\":\"https:\/\/www.overit.ai\/de\/#\/schema\/logo\/image\/\"}}]}<\/script>\n<!-- \/ Yoast SEO Premium plugin. -->","yoast_head_json":{"title":"2i Rete Gas | Field Service Management Referenz | OverIT","description":"Erfahren Sie, wie 2i Rete Gas mit OverIT Field Service Management Einsatzauftr\u00e4ge, Wartung und Au\u00dfendienstaktivit\u00e4ten im Gasverteilnetz zentralisiert.","robots":{"index":"index","follow":"follow","max-snippet":"max-snippet:-1","max-image-preview":"max-image-preview:large","max-video-preview":"max-video-preview:-1"},"canonical":"https:\/\/www.overit.ai\/de\/kunden\/kundenerfolgsgeschichten\/2i-rete-gas-workforce-management-projekt\/","og_locale":"de_DE","og_type":"article","og_title":"2i Rete Gas | Field Service Management im Gasverteilnetz | OverIT","og_description":"Erfahren Sie, wie 2i Rete Gas mit OverIT Field Service Management Einsatzauftr\u00e4ge, Wartung und Au\u00dfendienstaktivit\u00e4ten im Gasverteilnetz zentralisiert.","og_url":"https:\/\/www.overit.ai\/de\/kunden\/kundenerfolgsgeschichten\/2i-rete-gas-workforce-management-projekt\/","og_site_name":"OverIT","article_modified_time":"2026-04-09T07:04:56+00:00","og_image":[{"url":"https:\/\/www.overit.ai\/app\/uploads\/2020\/12\/21-rete-gas-caso.jpg","type":"","width":"","height":""}],"twitter_card":"summary_large_image","twitter_title":"2i Rete Gas | Field Service Management im Gasverteilnetz | OverIT","twitter_description":"Erfahren Sie, wie 2i Rete Gas mit OverIT Field Service Management Einsatzauftr\u00e4ge, Wartung und Au\u00dfendienstaktivit\u00e4ten im Gasverteilnetz zentralisiert.","twitter_misc":{"Est. reading time":"2 minutes"},"schema":{"@context":"https:\/\/schema.org","@graph":[{"@type":"WebPage","@id":"https:\/\/www.overit.ai\/de\/kunden\/kundenerfolgsgeschichten\/2i-rete-gas-workforce-management-projekt\/","url":"https:\/\/www.overit.ai\/de\/kunden\/kundenerfolgsgeschichten\/2i-rete-gas-workforce-management-projekt\/","name":"2i Rete Gas | Field Service Management Referenz | OverIT","isPartOf":{"@id":"https:\/\/www.overit.ai\/de\/#website"},"primaryImageOfPage":{"@id":"https:\/\/www.overit.ai\/de\/kunden\/kundenerfolgsgeschichten\/2i-rete-gas-workforce-management-projekt\/#primaryimage"},"image":{"@id":"https:\/\/www.overit.ai\/de\/kunden\/kundenerfolgsgeschichten\/2i-rete-gas-workforce-management-projekt\/#primaryimage"},"thumbnailUrl":"https:\/\/www.overit.ai\/app\/uploads\/2020\/12\/21-rete-gas-caso-1.jpg","datePublished":"2026-01-29T14:20:15+00:00","dateModified":"2026-04-09T07:04:56+00:00","description":"Erfahren Sie, wie 2i Rete Gas mit OverIT Field Service Management Einsatzauftr\u00e4ge, Wartung und Au\u00dfendienstaktivit\u00e4ten im Gasverteilnetz zentralisiert.","breadcrumb":{"@id":"https:\/\/www.overit.ai\/de\/kunden\/kundenerfolgsgeschichten\/2i-rete-gas-workforce-management-projekt\/#breadcrumb"},"inLanguage":"de-DE","potentialAction":[{"@type":"ReadAction","target":["https:\/\/www.overit.ai\/de\/kunden\/kundenerfolgsgeschichten\/2i-rete-gas-workforce-management-projekt\/"]}]},{"@type":"ImageObject","inLanguage":"de-DE","@id":"https:\/\/www.overit.ai\/de\/kunden\/kundenerfolgsgeschichten\/2i-rete-gas-workforce-management-projekt\/#primaryimage","url":"https:\/\/www.overit.ai\/app\/uploads\/2020\/12\/21-rete-gas-caso-1.jpg","contentUrl":"https:\/\/www.overit.ai\/app\/uploads\/2020\/12\/21-rete-gas-caso-1.jpg","width":2000,"height":1333,"caption":"2i Rete Gas"},{"@type":"BreadcrumbList","@id":"https:\/\/www.overit.ai\/de\/kunden\/kundenerfolgsgeschichten\/2i-rete-gas-workforce-management-projekt\/#breadcrumb","itemListElement":[{"@type":"ListItem","position":1,"name":"Home","item":"https:\/\/www.overit.ai\/de\/"},{"@type":"ListItem","position":2,"name":"Kunden","item":"https:\/\/www.overit.ai\/de\/kunden\/"},{"@type":"ListItem","position":3,"name":"Kundenerfolgsgeschichten","item":"https:\/\/www.overit.ai\/de\/kunden\/kundenerfolgsgeschichten\/"},{"@type":"ListItem","position":4,"name":"2i Rete Gas &#8211; Workforce Management-Projekt"}]},{"@type":"WebSite","@id":"https:\/\/www.overit.ai\/de\/#website","url":"https:\/\/www.overit.ai\/de\/","name":"OverIT","description":"Innovation in Field Service Management","publisher":{"@id":"https:\/\/www.overit.ai\/de\/#organization"},"potentialAction":[{"@type":"SearchAction","target":{"@type":"EntryPoint","urlTemplate":"https:\/\/www.overit.ai\/de\/?s={search_term_string}"},"query-input":{"@type":"PropertyValueSpecification","valueRequired":true,"valueName":"search_term_string"}}],"inLanguage":"de-DE"},{"@type":"Organization","@id":"https:\/\/www.overit.ai\/de\/#organization","name":"OverIT","url":"https:\/\/www.overit.ai\/de\/","logo":{"@type":"ImageObject","inLanguage":"de-DE","@id":"https:\/\/www.overit.ai\/de\/#\/schema\/logo\/image\/","url":"https:\/\/www.overit.ai\/app\/uploads\/2021\/10\/OverIT-logo-400.png","contentUrl":"https:\/\/www.overit.ai\/app\/uploads\/2021\/10\/OverIT-logo-400.png","width":400,"height":250,"caption":"OverIT"},"image":{"@id":"https:\/\/www.overit.ai\/de\/#\/schema\/logo\/image\/"}}]}},"_links":{"self":[{"href":"https:\/\/www.overit.ai\/de\/wp-json\/wp\/v2\/pages\/67222","targetHints":{"allow":["GET"]}}],"collection":[{"href":"https:\/\/www.overit.ai\/de\/wp-json\/wp\/v2\/pages"}],"about":[{"href":"https:\/\/www.overit.ai\/de\/wp-json\/wp\/v2\/types\/page"}],"author":[{"embeddable":true,"href":"https:\/\/www.overit.ai\/de\/wp-json\/wp\/v2\/users\/3"}],"replies":[{"embeddable":true,"href":"https:\/\/www.overit.ai\/de\/wp-json\/wp\/v2\/comments?post=67222"}],"version-history":[{"count":7,"href":"https:\/\/www.overit.ai\/de\/wp-json\/wp\/v2\/pages\/67222\/revisions"}],"predecessor-version":[{"id":70429,"href":"https:\/\/www.overit.ai\/de\/wp-json\/wp\/v2\/pages\/67222\/revisions\/70429"}],"up":[{"embeddable":true,"href":"https:\/\/www.overit.ai\/de\/wp-json\/wp\/v2\/pages\/67043"}],"wp:featuredmedia":[{"embeddable":true,"href":"https:\/\/www.overit.ai\/de\/wp-json\/wp\/v2\/media\/7271"}],"wp:attachment":[{"href":"https:\/\/www.overit.ai\/de\/wp-json\/wp\/v2\/media?parent=67222"}],"wp:term":[{"taxonomy":"case_study_category","embeddable":true,"href":"https:\/\/www.overit.ai\/de\/wp-json\/wp\/v2\/case_study_category?post=67222"}],"curies":[{"name":"wp","href":"https:\/\/api.w.org\/{rel}","templated":true}]}}