{"id":67212,"date":"2026-01-23T15:45:53","date_gmt":"2026-01-23T15:45:53","guid":{"rendered":"https:\/\/www.overit.ai\/?page_id=67212"},"modified":"2026-04-01T12:57:50","modified_gmt":"2026-04-01T12:57:50","slug":"berichte-und-zertifizierungen","status":"publish","type":"page","link":"https:\/\/www.overit.ai\/de\/unternehmen\/berichte-und-zertifizierungen\/","title":{"rendered":"Berichte und Zertifizierungen"},"content":{"rendered":"<div\n  class=\"overit-block overit-block--white overit-radius-full overit-no-margin overit-padding-large \n  overit-block-configurable-jumbotron\"\n        >\n  \n  <div class=\"overit-block-wrapper\">\n\n<section class=\"configurable-jumbotron left\" >\n                  <div class=\"cj-section-title\">BERICHTE &amp; ZERTIFIZIERUNGEN<\/div>\n          \n                  <h1  class=\"cj-title small\">Laden Sie die von OverIT erstellten Berichte und erhaltenen Zertifizierungen herunter<\/h1 >\n          \n                  <div class=\"cj-subtitle small\"><p>Im globalen Kontext und insbesondere im Field Service Management wird Vertrauen durch Transparenz, Qualit\u00e4t und nachweisliche Konformit\u00e4t mit Standards aufgebaut. OverIT st\u00e4rkt die Vertrauensw\u00fcrdigkeit seiner Ma\u00dfnahmen durch international anerkannte Zertifizierungen, die vom Umweltbereich bis zur IT-Sicherheit reichen. Gleichzeitig st\u00e4rken detaillierte und transparente Nachhaltigkeitsberichte das Vertrauen der Stakeholder und bieten einen privilegierten Blickwinkel auf die Gesch\u00e4ftspraktiken von OverIT.<\/p>\n<\/div>\n          \n        <\/section>\n\n<\/div><!-- .overit-block-wrapper -->\n<\/div><!-- .overit-block -->\n\n\n<div\n  class=\"overit-block overit-block--light-gray overit-radius-full overit-no-margin overit-padding-small-top \n  overit-block-configurable-jumbotron\"\n        >\n  \n  <div class=\"overit-block-wrapper\">\n\n<section class=\"configurable-jumbotron left\" >\n    \n                  <h2  class=\"cj-title small\"><a href=\"#\" id=\"report\"><\/a>Berichte<\/h2 >\n          \n    \n        <\/section>\n\n<\/div><!-- .overit-block-wrapper -->\n<\/div><!-- .overit-block -->\n\n\n<div\n  class=\"overit-block overit-block--light-gray overit-radius-full overit-no-margin overit-padding-medium-bottom \n  overit-block-analyst-reports\"\n        >\n  \n  <div class=\"overit-block-wrapper\">\n\n<section class=\"arp arp--analyst\">\n  <div class=\"arp__cont\">\n          \n                 \t                                                            \n      <div class=\"arp__header\">\n                        <div class=\"arp__header-analyst js-arp-category-selector\">\n          \n        <\/div>\n              <\/div>\n\n      <div class=\"arp__body\">\n                   <section class=\"arp__analyst-cont  js-arp-analyst\" data-category=\"\">\n                          <h3 class=\"arp__analyst-title\">\n                                  <a href=\"https:\/\/4800556.fs1.hubspotusercontent-na1.net\/hubfs\/4800556\/Marketing\/Miscellaneous\/OverIT%20Sustainability%20Report%20FY2024.pdf\">Nachhaltigkeitsbericht 2024<\/a>\n                              <\/h3>\n                        <div class=\"arp__analyst-description\"><\/div>\n                          <div class=\"arp__analyst-link\">\n                <a href=\"https:\/\/4800556.fs1.hubspotusercontent-na1.net\/hubfs\/4800556\/Marketing\/Miscellaneous\/OverIT%20Sustainability%20Report%20FY2024.pdf\" target=\"_blank\">\n                                      DOKUMENT HERUNTERLADEN\n                                  <\/a>\n              <\/div>\n                      <\/section>\n                   <section class=\"arp__analyst-cont  js-arp-analyst\" data-category=\"\">\n                          <h3 class=\"arp__analyst-title\">\n                                  <a href=\"https:\/\/4800556.fs1.hubspotusercontent-na1.net\/hubfs\/4800556\/Legal\/FY2023_Sustainability-Report_OverIT.pdf\">Nachhaltigkeitsbericht 2023<\/a>\n                              <\/h3>\n                        <div class=\"arp__analyst-description\"><\/div>\n                          <div class=\"arp__analyst-link\">\n                <a href=\"https:\/\/4800556.fs1.hubspotusercontent-na1.net\/hubfs\/4800556\/Legal\/FY2023_Sustainability-Report_OverIT.pdf\" target=\"_blank\">\n                                      DOKUMENT HERUNTERLADEN\n                                  <\/a>\n              <\/div>\n                      <\/section>\n                   <section class=\"arp__analyst-cont  js-arp-analyst\" data-category=\"\">\n                          <h3 class=\"arp__analyst-title\">\n                                  <a href=\"https:\/\/4800556.fs1.hubspotusercontent-na1.net\/hubfs\/4800556\/Legal\/2022_Sustainability-Report-OverIT.pdf\">Nachhaltigkeitsbericht 2022<\/a>\n                              <\/h3>\n                        <div class=\"arp__analyst-description\"><\/div>\n                          <div class=\"arp__analyst-link\">\n                <a href=\"https:\/\/4800556.fs1.hubspotusercontent-na1.net\/hubfs\/4800556\/Legal\/2022_Sustainability-Report-OverIT.pdf\" target=\"_blank\">\n                                      DOKUMENT HERUNTERLADEN\n                                  <\/a>\n              <\/div>\n                      <\/section>\n              <\/div>\n      <\/div>\n<\/section>\n\n<\/div><!-- .overit-block-wrapper -->\n<\/div><!-- .overit-block -->\n\n\n<div\n  class=\"overit-block overit-block--light-gray overit-radius-full overit-no-margin overit-padding-small-top \n  overit-block-configurable-jumbotron\"\n        >\n  \n  <div class=\"overit-block-wrapper\">\n\n<section class=\"configurable-jumbotron left\" >\n    \n                  <h2  class=\"cj-title small\"><a href=\"#\" id=\"certificazioni\"><\/a>Zertifizierungen<\/h2 >\n          \n    \n        <\/section>\n\n<\/div><!-- .overit-block-wrapper -->\n<\/div><!-- .overit-block -->\n\n\n<div\n  class=\"overit-block overit-block--light-gray overit-radius-full overit-margin-medium-bottom overit-padding-medium-bottom \n  overit-block-analyst-reports\"\n        >\n  \n  <div class=\"overit-block-wrapper\">\n\n<section class=\"arp arp--analyst\">\n  <div class=\"arp__cont\">\n          \n                 \t                                                                                                               \n      <div class=\"arp__header\">\n                        <div class=\"arp__header-analyst js-arp-category-selector\">\n          \n        <\/div>\n              <\/div>\n\n      <div class=\"arp__body\">\n                   <section class=\"arp__analyst-cont  js-arp-analyst\" data-category=\"\">\n                          <h3 class=\"arp__analyst-title\">\n                                  <a href=\"https:\/\/4800556.fs1.hubspotusercontent-na1.net\/hubfs\/4800556\/Legal\/Governance%20Webpage\/OVERIT%20SPA%20(GROUP)_EV_Scorecard_DEU.pdf\">EcoVadis Platinum Medal 2026<\/a>\n                              <\/h3>\n                        <div class=\"arp__analyst-description\"><\/div>\n                          <div class=\"arp__analyst-link\">\n                <a href=\"https:\/\/4800556.fs1.hubspotusercontent-na1.net\/hubfs\/4800556\/Legal\/Governance%20Webpage\/OVERIT%20SPA%20(GROUP)_EV_Scorecard_DEU.pdf\" target=\"_blank\">\n                                      DOKUMENT HERUNTERLADEN\n                                  <\/a>\n              <\/div>\n                      <\/section>\n                   <section class=\"arp__analyst-cont  js-arp-analyst\" data-category=\"\">\n                          <h3 class=\"arp__analyst-title\">\n                                  <a href=\"https:\/\/4800556.fs1.hubspotusercontent-na1.net\/hubfs\/4800556\/Legal\/UNI_PdR_125-ITA-C650438-1-20241023.pdf\">PdR 125:2022 &#8211; Leitlinien zur Geschlechtergleichstellung<\/a>\n                              <\/h3>\n                        <div class=\"arp__analyst-description\"><\/div>\n                          <div class=\"arp__analyst-link\">\n                <a href=\"https:\/\/4800556.fs1.hubspotusercontent-na1.net\/hubfs\/4800556\/Legal\/UNI_PdR_125-ITA-C650438-1-20241023.pdf\" target=\"_blank\">\n                                      DOKUMENT HERUNTERLADEN\n                                  <\/a>\n              <\/div>\n                      <\/section>\n                   <section class=\"arp__analyst-cont  js-arp-analyst\" data-category=\"\">\n                          <h3 class=\"arp__analyst-title\">\n                                  <a href=\"https:\/\/4800556.fs1.hubspotusercontent-na1.net\/hubfs\/4800556\/Legal\/SA_8000-ITA-C603715-0-20240611.pdf\">SA 8000:2014 &#8211; Soziale Verantwortlichkeit<\/a>\n                              <\/h3>\n                        <div class=\"arp__analyst-description\"><\/div>\n                          <div class=\"arp__analyst-link\">\n                <a href=\"https:\/\/4800556.fs1.hubspotusercontent-na1.net\/hubfs\/4800556\/Legal\/SA_8000-ITA-C603715-0-20240611.pdf\" target=\"_blank\">\n                                      DOKUMENT HERUNTERLADEN\n                                  <\/a>\n              <\/div>\n                      <\/section>\n                   <section class=\"arp__analyst-cont  js-arp-analyst\" data-category=\"\">\n                          <h3 class=\"arp__analyst-title\">\n                                  <a href=\"https:\/\/4800556.fs1.hubspotusercontent-na1.net\/hubfs\/4800556\/Legal\/ISO-9001-126530-2012-AQ-ITA-ACCREDIA-7-it-IT-20241120.pdf\">ISO 9001:2015 &#8211; Qualit\u00e4tsmanagementsystem<\/a>\n                              <\/h3>\n                        <div class=\"arp__analyst-description\"><\/div>\n                          <div class=\"arp__analyst-link\">\n                <a href=\"https:\/\/4800556.fs1.hubspotusercontent-na1.net\/hubfs\/4800556\/Legal\/ISO-9001-126530-2012-AQ-ITA-ACCREDIA-7-it-IT-20241120.pdf\" target=\"_blank\">\n                                      DOKUMENT HERUNTERLADEN\n                                  <\/a>\n              <\/div>\n                      <\/section>\n                   <section class=\"arp__analyst-cont  js-arp-analyst\" data-category=\"\">\n                          <h3 class=\"arp__analyst-title\">\n                                  <a href=\"https:\/\/4800556.fs1.hubspotusercontent-na1.net\/hubfs\/4800556\/Legal\/ISO-14001-ITA.pdf\">ISO 14001:2015 &#8211; Umweltmanagementsystem <\/a>\n                              <\/h3>\n                        <div class=\"arp__analyst-description\"><\/div>\n                          <div class=\"arp__analyst-link\">\n                <a href=\"https:\/\/4800556.fs1.hubspotusercontent-na1.net\/hubfs\/4800556\/Legal\/ISO-14001-ITA.pdf\" target=\"_blank\">\n                                      DOKUMENT HERUNTERLADEN\n                                  <\/a>\n              <\/div>\n                      <\/section>\n                   <section class=\"arp__analyst-cont  js-arp-analyst\" data-category=\"\">\n                          <h3 class=\"arp__analyst-title\">\n                                  <a href=\"https:\/\/4800556.fs1.hubspotusercontent-na1.net\/hubfs\/4800556\/Legal\/Cybersecurity\/ISO-IEC_27001-ENG-C819305-1-20251201.pdf\">ISO 27001:2022 &#8211; Informationssicherheitssystem<\/a>\n                              <\/h3>\n                        <div class=\"arp__analyst-description\"><\/div>\n                          <div class=\"arp__analyst-link\">\n                <a href=\"https:\/\/4800556.fs1.hubspotusercontent-na1.net\/hubfs\/4800556\/Legal\/Cybersecurity\/ISO-IEC_27001-ENG-C819305-1-20251201.pdf\" target=\"_blank\">\n                                      DOKUMENT HERUNTERLADEN\n                                  <\/a>\n              <\/div>\n                      <\/section>\n              <\/div>\n      <\/div>\n<\/section>\n\n<\/div><!-- .overit-block-wrapper -->\n<\/div><!-- .overit-block -->\n","protected":false},"excerpt":{"rendered":"","protected":false},"author":3,"featured_media":0,"parent":67147,"menu_order":0,"comment_status":"closed","ping_status":"closed","template":"","meta":{"_acf_changed":false,"footnotes":""},"case_study_category":[],"class_list":["post-67212","page","type-page","status-publish","hentry"],"acf":[],"yoast_head":"<!-- This site is optimized with the Yoast SEO Premium plugin v25.6 (Yoast SEO v25.6) - https:\/\/yoast.com\/wordpress\/plugins\/seo\/ -->\n<title>Laden Sie Berichte und Zertifizierungen herunter<\/title>\n<meta name=\"description\" content=\"OverIT st\u00e4rkt die Vertrauensw\u00fcrdigkeit seiner Ma\u00dfnahmen durch international anerkannte Zertifizierungen\" \/>\n<meta name=\"robots\" content=\"index, follow, max-snippet:-1, max-image-preview:large, max-video-preview:-1\" \/>\n<link rel=\"canonical\" href=\"https:\/\/www.overit.ai\/de\/unternehmen\/berichte-und-zertifizierungen\/\" \/>\n<meta property=\"og:locale\" content=\"de_DE\" \/>\n<meta property=\"og:type\" content=\"article\" \/>\n<meta property=\"og:title\" content=\"Laden Sie Berichte und Zertifizierungen herunter\" \/>\n<meta property=\"og:description\" content=\"OverIT st\u00e4rkt die Vertrauensw\u00fcrdigkeit seiner Ma\u00dfnahmen durch international anerkannte Zertifizierungen\" \/>\n<meta property=\"og:url\" content=\"https:\/\/www.overit.ai\/de\/unternehmen\/berichte-und-zertifizierungen\/\" \/>\n<meta property=\"og:site_name\" content=\"OverIT\" \/>\n<meta property=\"article:modified_time\" content=\"2026-04-01T12:57:50+00:00\" \/>\n<meta property=\"og:image\" content=\"https:\/\/www.overit.ai\/app\/uploads\/2021\/11\/constellation-reseatch-reports.jpg\" \/>\n\t<meta property=\"og:image:width\" content=\"1800\" \/>\n\t<meta property=\"og:image:height\" content=\"1239\" \/>\n\t<meta property=\"og:image:type\" content=\"image\/jpeg\" \/>\n<meta name=\"twitter:card\" content=\"summary_large_image\" \/>\n<meta name=\"twitter:title\" content=\"Laden Sie Berichte und Zertifizierungen herunter\" \/>\n<meta name=\"twitter:description\" content=\"OverIT st\u00e4rkt die Vertrauensw\u00fcrdigkeit seiner Ma\u00dfnahmen durch international anerkannte Zertifizierungen\" \/>\n<meta name=\"twitter:image\" content=\"https:\/\/www.overit.ai\/app\/uploads\/2021\/11\/constellation-reseatch-reports.jpg\" \/>\n<meta name=\"twitter:label1\" content=\"Est. reading time\" \/>\n\t<meta name=\"twitter:data1\" content=\"1 minute\" \/>\n<script type=\"application\/ld+json\" class=\"yoast-schema-graph\">{\"@context\":\"https:\/\/schema.org\",\"@graph\":[{\"@type\":\"WebPage\",\"@id\":\"https:\/\/www.overit.ai\/de\/unternehmen\/berichte-und-zertifizierungen\/\",\"url\":\"https:\/\/www.overit.ai\/de\/unternehmen\/berichte-und-zertifizierungen\/\",\"name\":\"Laden Sie Berichte und Zertifizierungen herunter\",\"isPartOf\":{\"@id\":\"https:\/\/www.overit.ai\/de\/#website\"},\"datePublished\":\"2026-01-23T15:45:53+00:00\",\"dateModified\":\"2026-04-01T12:57:50+00:00\",\"description\":\"OverIT st\u00e4rkt die Vertrauensw\u00fcrdigkeit seiner Ma\u00dfnahmen durch international anerkannte Zertifizierungen\",\"breadcrumb\":{\"@id\":\"https:\/\/www.overit.ai\/de\/unternehmen\/berichte-und-zertifizierungen\/#breadcrumb\"},\"inLanguage\":\"de-DE\",\"potentialAction\":[{\"@type\":\"ReadAction\",\"target\":[\"https:\/\/www.overit.ai\/de\/unternehmen\/berichte-und-zertifizierungen\/\"]}]},{\"@type\":\"BreadcrumbList\",\"@id\":\"https:\/\/www.overit.ai\/de\/unternehmen\/berichte-und-zertifizierungen\/#breadcrumb\",\"itemListElement\":[{\"@type\":\"ListItem\",\"position\":1,\"name\":\"Home\",\"item\":\"https:\/\/www.overit.ai\/de\/\"},{\"@type\":\"ListItem\",\"position\":2,\"name\":\"Unternehmen\",\"item\":\"https:\/\/www.overit.ai\/de\/unternehmen\/\"},{\"@type\":\"ListItem\",\"position\":3,\"name\":\"Berichte und Zertifizierungen\"}]},{\"@type\":\"WebSite\",\"@id\":\"https:\/\/www.overit.ai\/de\/#website\",\"url\":\"https:\/\/www.overit.ai\/de\/\",\"name\":\"OverIT\",\"description\":\"Innovation in Field Service Management\",\"publisher\":{\"@id\":\"https:\/\/www.overit.ai\/de\/#organization\"},\"potentialAction\":[{\"@type\":\"SearchAction\",\"target\":{\"@type\":\"EntryPoint\",\"urlTemplate\":\"https:\/\/www.overit.ai\/de\/?s={search_term_string}\"},\"query-input\":{\"@type\":\"PropertyValueSpecification\",\"valueRequired\":true,\"valueName\":\"search_term_string\"}}],\"inLanguage\":\"de-DE\"},{\"@type\":\"Organization\",\"@id\":\"https:\/\/www.overit.ai\/de\/#organization\",\"name\":\"OverIT\",\"url\":\"https:\/\/www.overit.ai\/de\/\",\"logo\":{\"@type\":\"ImageObject\",\"inLanguage\":\"de-DE\",\"@id\":\"https:\/\/www.overit.ai\/de\/#\/schema\/logo\/image\/\",\"url\":\"https:\/\/www.overit.ai\/app\/uploads\/2021\/10\/OverIT-logo-400.png\",\"contentUrl\":\"https:\/\/www.overit.ai\/app\/uploads\/2021\/10\/OverIT-logo-400.png\",\"width\":400,\"height\":250,\"caption\":\"OverIT\"},\"image\":{\"@id\":\"https:\/\/www.overit.ai\/de\/#\/schema\/logo\/image\/\"}}]}<\/script>\n<!-- \/ Yoast SEO Premium plugin. -->","yoast_head_json":{"title":"Laden Sie Berichte und Zertifizierungen herunter","description":"OverIT st\u00e4rkt die Vertrauensw\u00fcrdigkeit seiner Ma\u00dfnahmen durch international anerkannte Zertifizierungen","robots":{"index":"index","follow":"follow","max-snippet":"max-snippet:-1","max-image-preview":"max-image-preview:large","max-video-preview":"max-video-preview:-1"},"canonical":"https:\/\/www.overit.ai\/de\/unternehmen\/berichte-und-zertifizierungen\/","og_locale":"de_DE","og_type":"article","og_title":"Laden Sie Berichte und Zertifizierungen herunter","og_description":"OverIT st\u00e4rkt die Vertrauensw\u00fcrdigkeit seiner Ma\u00dfnahmen durch international anerkannte Zertifizierungen","og_url":"https:\/\/www.overit.ai\/de\/unternehmen\/berichte-und-zertifizierungen\/","og_site_name":"OverIT","article_modified_time":"2026-04-01T12:57:50+00:00","og_image":[{"width":1800,"height":1239,"url":"https:\/\/www.overit.ai\/app\/uploads\/2021\/11\/constellation-reseatch-reports.jpg","type":"image\/jpeg"}],"twitter_card":"summary_large_image","twitter_title":"Laden Sie Berichte und Zertifizierungen herunter","twitter_description":"OverIT st\u00e4rkt die Vertrauensw\u00fcrdigkeit seiner Ma\u00dfnahmen durch international anerkannte Zertifizierungen","twitter_image":"https:\/\/www.overit.ai\/app\/uploads\/2021\/11\/constellation-reseatch-reports.jpg","twitter_misc":{"Est. reading time":"1 minute"},"schema":{"@context":"https:\/\/schema.org","@graph":[{"@type":"WebPage","@id":"https:\/\/www.overit.ai\/de\/unternehmen\/berichte-und-zertifizierungen\/","url":"https:\/\/www.overit.ai\/de\/unternehmen\/berichte-und-zertifizierungen\/","name":"Laden Sie Berichte und Zertifizierungen herunter","isPartOf":{"@id":"https:\/\/www.overit.ai\/de\/#website"},"datePublished":"2026-01-23T15:45:53+00:00","dateModified":"2026-04-01T12:57:50+00:00","description":"OverIT st\u00e4rkt die Vertrauensw\u00fcrdigkeit seiner Ma\u00dfnahmen durch international anerkannte Zertifizierungen","breadcrumb":{"@id":"https:\/\/www.overit.ai\/de\/unternehmen\/berichte-und-zertifizierungen\/#breadcrumb"},"inLanguage":"de-DE","potentialAction":[{"@type":"ReadAction","target":["https:\/\/www.overit.ai\/de\/unternehmen\/berichte-und-zertifizierungen\/"]}]},{"@type":"BreadcrumbList","@id":"https:\/\/www.overit.ai\/de\/unternehmen\/berichte-und-zertifizierungen\/#breadcrumb","itemListElement":[{"@type":"ListItem","position":1,"name":"Home","item":"https:\/\/www.overit.ai\/de\/"},{"@type":"ListItem","position":2,"name":"Unternehmen","item":"https:\/\/www.overit.ai\/de\/unternehmen\/"},{"@type":"ListItem","position":3,"name":"Berichte und Zertifizierungen"}]},{"@type":"WebSite","@id":"https:\/\/www.overit.ai\/de\/#website","url":"https:\/\/www.overit.ai\/de\/","name":"OverIT","description":"Innovation in Field Service Management","publisher":{"@id":"https:\/\/www.overit.ai\/de\/#organization"},"potentialAction":[{"@type":"SearchAction","target":{"@type":"EntryPoint","urlTemplate":"https:\/\/www.overit.ai\/de\/?s={search_term_string}"},"query-input":{"@type":"PropertyValueSpecification","valueRequired":true,"valueName":"search_term_string"}}],"inLanguage":"de-DE"},{"@type":"Organization","@id":"https:\/\/www.overit.ai\/de\/#organization","name":"OverIT","url":"https:\/\/www.overit.ai\/de\/","logo":{"@type":"ImageObject","inLanguage":"de-DE","@id":"https:\/\/www.overit.ai\/de\/#\/schema\/logo\/image\/","url":"https:\/\/www.overit.ai\/app\/uploads\/2021\/10\/OverIT-logo-400.png","contentUrl":"https:\/\/www.overit.ai\/app\/uploads\/2021\/10\/OverIT-logo-400.png","width":400,"height":250,"caption":"OverIT"},"image":{"@id":"https:\/\/www.overit.ai\/de\/#\/schema\/logo\/image\/"}}]}},"_links":{"self":[{"href":"https:\/\/www.overit.ai\/de\/wp-json\/wp\/v2\/pages\/67212","targetHints":{"allow":["GET"]}}],"collection":[{"href":"https:\/\/www.overit.ai\/de\/wp-json\/wp\/v2\/pages"}],"about":[{"href":"https:\/\/www.overit.ai\/de\/wp-json\/wp\/v2\/types\/page"}],"author":[{"embeddable":true,"href":"https:\/\/www.overit.ai\/de\/wp-json\/wp\/v2\/users\/3"}],"replies":[{"embeddable":true,"href":"https:\/\/www.overit.ai\/de\/wp-json\/wp\/v2\/comments?post=67212"}],"version-history":[{"count":7,"href":"https:\/\/www.overit.ai\/de\/wp-json\/wp\/v2\/pages\/67212\/revisions"}],"predecessor-version":[{"id":70887,"href":"https:\/\/www.overit.ai\/de\/wp-json\/wp\/v2\/pages\/67212\/revisions\/70887"}],"up":[{"embeddable":true,"href":"https:\/\/www.overit.ai\/de\/wp-json\/wp\/v2\/pages\/67147"}],"wp:attachment":[{"href":"https:\/\/www.overit.ai\/de\/wp-json\/wp\/v2\/media?parent=67212"}],"wp:term":[{"taxonomy":"case_study_category","embeddable":true,"href":"https:\/\/www.overit.ai\/de\/wp-json\/wp\/v2\/case_study_category?post=67212"}],"curies":[{"name":"wp","href":"https:\/\/api.w.org\/{rel}","templated":true}]}}