{"id":67178,"date":"2026-02-26T14:56:57","date_gmt":"2026-02-26T14:56:57","guid":{"rendered":"https:\/\/www.overit.ai\/?page_id=67178"},"modified":"2026-03-27T13:31:34","modified_gmt":"2026-03-27T13:31:34","slug":"corporate-governance-compliance","status":"publish","type":"page","link":"https:\/\/www.overit.ai\/de\/unternehmen\/corporate-governance-compliance\/","title":{"rendered":"Governance"},"content":{"rendered":"<div\n  class=\"overit-block overit-block--white overit-radius-full overit-no-margin overit-padding-small-top \n  overit-block-wide-info-image\"\n        >\n  \n  <div class=\"overit-block-wrapper\">\n\n\n\n\n<div class=\"wii right  \" id=\"\">\n        <div class=\"wii__content\" >\n                  <h1 class=\"wii__section-title\" style=\"\">Governance<\/h1>\n          \n                      <h2 id=\"wii-title-69de63acd989e\" class=\"wii__title\" style=\"  font-size: 35px;\">Wir gew\u00e4hrleisten Ethik und Transparenz durch ein fortschrittliches, in die Gesch\u00e4ftsprozesse integriertes Compliance-System<\/h2>\n          \n    \n        \n    \n    \n    \n      <\/div>\n  \n      <div class=\"wii__image\" >\n                        <img decoding=\"async\" src=\"https:\/\/www.overit.ai\/app\/uploads\/2025\/08\/OverIT-governance.png\" alt=\"OverIT-governance\" width=\"1585\" height=\"1082\" \/>\n                  <\/div>\n  \n  <\/div>\n\n<\/div><!-- .overit-block-wrapper -->\n<\/div><!-- .overit-block -->\n\n\n<div\n  class=\"overit-block overit-block--white overit-radius-full overit-no-margin overit-no-padding \n  overit-block-configurable-jumbotron\"\n        >\n  \n  <div class=\"overit-block-wrapper\">\n\n<section class=\"configurable-jumbotron center\" >\n    \n    \n                  <div class=\"cj-subtitle small\"><p>Die Gew\u00e4hrleistung eines effektiven, flexiblen und prozessintegrierten Compliance-Systems ist f\u00fcr OverIT unerl\u00e4sslich. Zu diesem Zweck bilden die Unternehmensrichtlinien und -verfahren den Organization, Management and Control Framework (\u201eOMC Framework\u201c), ein Governance-Modell, dessen Ziel es ist, rechtswidrige Handlungen im Sinne des Gesetzesdekrets 231\/2001 zu verhindern.<\/p>\n<\/div>\n          \n        <\/section>\n\n<\/div><!-- .overit-block-wrapper -->\n<\/div><!-- .overit-block -->\n\n\n<div\n  class=\"overit-block overit-block--white overit-radius-full overit-no-margin overit-no-padding \n  overit-block-double-cta-banner\"\n        >\n  \n  <div class=\"overit-block-wrapper\">\n\n<div class=\"dcb\">\n  <section class=\"dcb__side1\" data-aos=\"fade-up\">\n                  <div class=\"dcb__title\">Ethikkodex<\/div>\n                            <div class=\"dcb__description\">Der Kodex enth\u00e4lt Grunds\u00e4tze, Werte und Verhaltensregeln, die von allen Beteiligten zu beachten sind und eine Kultur der Transparenz und Integrit\u00e4t f\u00f6rdern.<\/div>\n              <a class=\"button button-black\" target=\"_blank\"  href=\"https:\/\/4800556.fs1.hubspotusercontent-na1.net\/hubfs\/4800556\/Legal\/2023_12_OverIT%20Code%20of%20Ethics.pdf\">Download<\/a>\n  <\/section>\n  <section class=\"dcb__side2\" data-aos=\"fade-up\">\n                  <div class=\"dcb__title\">Allgemeiner Teil des OMC Framework<\/div>\n                            <div class=\"dcb__description\">Er stellt die OverIT-Governance und die Praktiken zur Einhaltung der Rechtsvorschriften gem\u00e4\u00df des italienischen Gesetzesdekrets 231\/2001 \u00fcber die verwaltungsrechtliche Haftung von Unternehmen vor.<\/div>\n              <a class=\"button button-white-outline\" target=\"_blank\"  href=\"https:\/\/4800556.fs1.hubspotusercontent-na1.net\/hubfs\/4800556\/Legal\/Governance%20Webpage\/2023%2012%20OMC%20Framework%20%5BENG%5D.pdf\">Download<\/a>\n  <\/section>\n<\/div>\n\n<\/div><!-- .overit-block-wrapper -->\n<\/div><!-- .overit-block -->\n\n\n<div\n  class=\"overit-block overit-block--white overit-radius-full overit-no-margin overit-padding-small \n  overit-block-configurable-jumbotron\"\n        >\n  \n  <div class=\"overit-block-wrapper\">\n\n<section class=\"configurable-jumbotron left\" >\n    \n                  <div class=\"cj-title small\">Policy<\/div>\n          \n                  <div class=\"cj-subtitle small\"><p>Um zu gew\u00e4hrleisten, dass die Unternehmensf\u00fchrung den internationalen Zertifizierungsvorschriften und -standards entspricht, basiert der OMC Framework von OverIT auf einer Reihe von Schl\u00fcsselrichtlinien, die sicherstellen sollen, dass die Unternehmensaktivit\u00e4ten auf ethische, transparente und verantwortungsvolle Weise durchgef\u00fchrt werden.<\/p>\n<\/div>\n          \n        <\/section>\n\n<\/div><!-- .overit-block-wrapper -->\n<\/div><!-- .overit-block -->\n\n\n<div\n  class=\"overit-block overit-block--white overit-radius-full overit-no-margin overit-padding-medium-bottom \n  overit-block-accordion\"\n        >\n  \n  <div class=\"overit-block-wrapper\">\n\n<div class=\"o-accordion\">\n      <div class=\"o-accordion__sections\">\n             <div class=\"o-accordion__section\">\n                  <div class=\"o-accordion__title \">\n            Richtlinie zur Korruptionsbek\u00e4mpfung und zu Interessenkonflikten\n            <i><\/i>\n          <\/div>\n                <div class=\"o-accordion__content \">\n          <p><a href=\"https:\/\/4800556.fs1.hubspotusercontent-na1.net\/hubfs\/4800556\/Legal\/Governance%20Webpage\/Anticorruption%20and%20Conflict%20of%20Interest%20Policy.pdf\" target=\"_blank\" rel=\"noopener\">DOWNLOAD<\/a><\/p>\n\n        <\/div>\n      <\/div>\n             <div class=\"o-accordion__section\">\n                  <div class=\"o-accordion__title \">\n            Qualit\u00e4ts- und Umweltschutzrichtlinie\n            <i><\/i>\n          <\/div>\n                <div class=\"o-accordion__content \">\n          <p><a href=\"https:\/\/4800556.fs1.hubspotusercontent-na1.net\/hubfs\/4800556\/Legal\/Governance%20Webpage\/OverIT%20-%20Quality%20and%20Environmental%20Policy%202023.pdf\" target=\"_blank\" rel=\"noopener\">DOWNLOAD<\/a><\/p>\n\n        <\/div>\n      <\/div>\n             <div class=\"o-accordion__section\">\n                  <div class=\"o-accordion__title \">\n            Richtlinie f\u00fcr soziale Verantwortung und Chancengleichheit\n            <i><\/i>\n          <\/div>\n                <div class=\"o-accordion__content \">\n          <p><a href=\"https:\/\/4800556.fs1.hubspotusercontent-na1.net\/hubfs\/4800556\/Legal\/Governance%20Webpage\/Social%20Accountability%20and%20Equal%20Opportunity%20Policy.pdf\" target=\"_blank\" rel=\"noopener\">DOWNLOAD<\/a><\/p>\n\n        <\/div>\n      <\/div>\n             <div class=\"o-accordion__section\">\n                  <div class=\"o-accordion__title \">\n            Richtlinie f\u00fcr Nachhaltigkeit und Philanthropie\n            <i><\/i>\n          <\/div>\n                <div class=\"o-accordion__content \">\n          <p><a href=\"https:\/\/4800556.fs1.hubspotusercontent-na1.net\/hubfs\/4800556\/Legal\/Governance%20Webpage\/Sustainability%20and%20Philanthropy%20Policy_082024.pdf\" target=\"_blank\" rel=\"noopener\">DOWNLOAD<\/a><\/p>\n\n        <\/div>\n      <\/div>\n          <\/div>\n  <\/div>\n\n<\/div><!-- .overit-block-wrapper -->\n<\/div><!-- .overit-block -->\n\n\n<div\n  class=\"overit-block overit-block--white overit-radius-full overit-no-margin overit-padding-small-bottom \n  overit-block-configurable-jumbotron\"\n        >\n  \n  <div class=\"overit-block-wrapper\">\n\n<section class=\"configurable-jumbotron left\" >\n    \n                  <div class=\"cj-title small\">Whistleblowing<\/div>\n          \n                  <div class=\"cj-subtitle small\"><p>Jeder, der Kenntnis von (mutma\u00dflichen oder nachgewiesenen) Verst\u00f6\u00dfen gegen den OMC Framework und den Ethikkodex von OverIT erh\u00e4lt, kann das \u00fcber einen gesicherten digitalen Kanal oder \u00fcber den Kanal der nationalen italienischen Antikorruptionsbeh\u00f6rde (Autorit\u00e0 Nazionale Anticorruzione &#8211; ANAC) melden.<\/p>\n<\/div>\n          \n          <a class=\"cj-link\" href=\"https:\/\/4800556.fs1.hubspotusercontent-na1.net\/hubfs\/4800556\/Legal\/Governance%20Webpage\/Whistleblowing%20Handbook.pdf\">ANWEISUNGEN ZUR WHISTLEBLOWING-VERFAHREN<\/a>\n        <\/section>\n\n<\/div><!-- .overit-block-wrapper -->\n<\/div><!-- .overit-block -->\n\n\n<div\n  class=\"overit-block overit-block--light-gray overit-radius-full overit-margin-medium-bottom overit-padding-medium \n  overit-block-list-boxes\"\n        >\n  \n  <div class=\"overit-block-wrapper\">\n\n<div class=\"block-list-boxes\">\n  <div class=\"block-list-boxes__content\">\n    <div class=\"block-list-boxes__items\">\n              \n                <div class=\"block-list-boxes__slide\">\n          <div class=\"block-list-boxes__item\">\n            \n            \n            <div class=\"block-list-boxes__title\">\n              Whistleblowing- <br>Platform\n            <\/div>\n\n            <div class=\"block-list-boxes__text\">\n              Meldungskanal von OverIT, der genutzt werden kann, um anonyme Meldungen einzureichen. <br><br><a href=\"https:\/\/overit.whistleblowing.it\/#\/\" rel=\"noopener\" target=\"_blank\">ZUR INTERNEN PLATTFORM<\/a> \n            <\/div>\n\n            <div class=\"block-list-boxes__list\">\n                          <\/div>\n          <\/div>\n        <\/div>\n              \n                <div class=\"block-list-boxes__slide\">\n          <div class=\"block-list-boxes__item\">\n            \n            \n            <div class=\"block-list-boxes__title\">\n              ANAC- <br>Plattform\n            <\/div>\n\n            <div class=\"block-list-boxes__text\">\n              Meldungskanal von ANAC, der genutzt werden kann, wenn auf eine Meldung keine Reaktion erfolgt, ein Risiko von Vergeltungsma\u00dfnahmen besteht oder eine unmittelbare Gefahr droht. <br><br><a href=\"https:\/\/www.anticorruzione.it\/en\/-\/whistleblowing\" rel=\"noopener\" target=\"_blank\">ZUR EXTERNEN PLATTFORM<\/a> \n            <\/div>\n\n            <div class=\"block-list-boxes__list\">\n                          <\/div>\n          <\/div>\n        <\/div>\n          <\/div>\n  <\/div>\n  <div class=\"block-list-boxes__bg\"><\/div>\n<\/div>\n\n<\/div><!-- .overit-block-wrapper -->\n<\/div><!-- .overit-block -->\n","protected":false},"excerpt":{"rendered":"","protected":false},"author":3,"featured_media":0,"parent":67147,"menu_order":0,"comment_status":"closed","ping_status":"closed","template":"","meta":{"_acf_changed":false,"footnotes":""},"case_study_category":[],"class_list":["post-67178","page","type-page","status-publish","hentry"],"acf":[],"yoast_head":"<!-- This site is optimized with the Yoast SEO Premium plugin v25.6 (Yoast SEO v25.6) - https:\/\/yoast.com\/wordpress\/plugins\/seo\/ -->\n<title>Corporate Governance und Compliance | OverIT<\/title>\n<meta name=\"description\" content=\"Erfahren Sie mehr \u00fcber Corporate Governance und Compliance bei OverIT \u2013 Ethikkodex, OMC Framework und Whistleblowing-System.\" \/>\n<meta name=\"robots\" content=\"index, follow, max-snippet:-1, max-image-preview:large, max-video-preview:-1\" \/>\n<link rel=\"canonical\" href=\"https:\/\/www.overit.ai\/de\/unternehmen\/corporate-governance-compliance\/\" \/>\n<meta property=\"og:locale\" content=\"de_DE\" \/>\n<meta property=\"og:type\" content=\"article\" \/>\n<meta property=\"og:title\" content=\"Corporate Governance und Compliance | OverIT\" \/>\n<meta property=\"og:description\" content=\"Erfahren Sie mehr \u00fcber Corporate Governance und Compliance bei OverIT \u2013 Ethikkodex, OMC Framework und Whistleblowing-System.\" \/>\n<meta property=\"og:url\" content=\"https:\/\/www.overit.ai\/de\/unternehmen\/corporate-governance-compliance\/\" \/>\n<meta property=\"og:site_name\" content=\"OverIT\" \/>\n<meta property=\"article:modified_time\" content=\"2026-03-27T13:31:34+00:00\" \/>\n<meta name=\"twitter:card\" content=\"summary_large_image\" \/>\n<meta name=\"twitter:title\" content=\"Corporate Governance und Compliance | OverIT\" \/>\n<meta name=\"twitter:description\" content=\"Erfahren Sie mehr \u00fcber Corporate Governance und Compliance bei OverIT \u2013 Ethikkodex, OMC Framework und Whistleblowing-System.\" \/>\n<meta name=\"twitter:label1\" content=\"Est. reading time\" \/>\n\t<meta name=\"twitter:data1\" content=\"2 minutes\" \/>\n<script type=\"application\/ld+json\" class=\"yoast-schema-graph\">{\"@context\":\"https:\/\/schema.org\",\"@graph\":[{\"@type\":\"WebPage\",\"@id\":\"https:\/\/www.overit.ai\/de\/unternehmen\/corporate-governance-compliance\/\",\"url\":\"https:\/\/www.overit.ai\/de\/unternehmen\/corporate-governance-compliance\/\",\"name\":\"Corporate Governance und Compliance | OverIT\",\"isPartOf\":{\"@id\":\"https:\/\/www.overit.ai\/de\/#website\"},\"datePublished\":\"2026-02-26T14:56:57+00:00\",\"dateModified\":\"2026-03-27T13:31:34+00:00\",\"description\":\"Erfahren Sie mehr \u00fcber Corporate Governance und Compliance bei OverIT \u2013 Ethikkodex, OMC Framework und Whistleblowing-System.\",\"breadcrumb\":{\"@id\":\"https:\/\/www.overit.ai\/de\/unternehmen\/corporate-governance-compliance\/#breadcrumb\"},\"inLanguage\":\"de-DE\",\"potentialAction\":[{\"@type\":\"ReadAction\",\"target\":[\"https:\/\/www.overit.ai\/de\/unternehmen\/corporate-governance-compliance\/\"]}]},{\"@type\":\"BreadcrumbList\",\"@id\":\"https:\/\/www.overit.ai\/de\/unternehmen\/corporate-governance-compliance\/#breadcrumb\",\"itemListElement\":[{\"@type\":\"ListItem\",\"position\":1,\"name\":\"Home\",\"item\":\"https:\/\/www.overit.ai\/de\/\"},{\"@type\":\"ListItem\",\"position\":2,\"name\":\"Unternehmen\",\"item\":\"https:\/\/www.overit.ai\/de\/unternehmen\/\"},{\"@type\":\"ListItem\",\"position\":3,\"name\":\"Governance\"}]},{\"@type\":\"WebSite\",\"@id\":\"https:\/\/www.overit.ai\/de\/#website\",\"url\":\"https:\/\/www.overit.ai\/de\/\",\"name\":\"OverIT\",\"description\":\"Innovation in Field Service Management\",\"publisher\":{\"@id\":\"https:\/\/www.overit.ai\/de\/#organization\"},\"potentialAction\":[{\"@type\":\"SearchAction\",\"target\":{\"@type\":\"EntryPoint\",\"urlTemplate\":\"https:\/\/www.overit.ai\/de\/?s={search_term_string}\"},\"query-input\":{\"@type\":\"PropertyValueSpecification\",\"valueRequired\":true,\"valueName\":\"search_term_string\"}}],\"inLanguage\":\"de-DE\"},{\"@type\":\"Organization\",\"@id\":\"https:\/\/www.overit.ai\/de\/#organization\",\"name\":\"OverIT\",\"url\":\"https:\/\/www.overit.ai\/de\/\",\"logo\":{\"@type\":\"ImageObject\",\"inLanguage\":\"de-DE\",\"@id\":\"https:\/\/www.overit.ai\/de\/#\/schema\/logo\/image\/\",\"url\":\"https:\/\/www.overit.ai\/app\/uploads\/2021\/10\/OverIT-logo-400.png\",\"contentUrl\":\"https:\/\/www.overit.ai\/app\/uploads\/2021\/10\/OverIT-logo-400.png\",\"width\":400,\"height\":250,\"caption\":\"OverIT\"},\"image\":{\"@id\":\"https:\/\/www.overit.ai\/de\/#\/schema\/logo\/image\/\"}}]}<\/script>\n<!-- \/ Yoast SEO Premium plugin. -->","yoast_head_json":{"title":"Corporate Governance und Compliance | OverIT","description":"Erfahren Sie mehr \u00fcber Corporate Governance und Compliance bei OverIT \u2013 Ethikkodex, OMC Framework und Whistleblowing-System.","robots":{"index":"index","follow":"follow","max-snippet":"max-snippet:-1","max-image-preview":"max-image-preview:large","max-video-preview":"max-video-preview:-1"},"canonical":"https:\/\/www.overit.ai\/de\/unternehmen\/corporate-governance-compliance\/","og_locale":"de_DE","og_type":"article","og_title":"Corporate Governance und Compliance | OverIT","og_description":"Erfahren Sie mehr \u00fcber Corporate Governance und Compliance bei OverIT \u2013 Ethikkodex, OMC Framework und Whistleblowing-System.","og_url":"https:\/\/www.overit.ai\/de\/unternehmen\/corporate-governance-compliance\/","og_site_name":"OverIT","article_modified_time":"2026-03-27T13:31:34+00:00","twitter_card":"summary_large_image","twitter_title":"Corporate Governance und Compliance | OverIT","twitter_description":"Erfahren Sie mehr \u00fcber Corporate Governance und Compliance bei OverIT \u2013 Ethikkodex, OMC Framework und Whistleblowing-System.","twitter_misc":{"Est. reading time":"2 minutes"},"schema":{"@context":"https:\/\/schema.org","@graph":[{"@type":"WebPage","@id":"https:\/\/www.overit.ai\/de\/unternehmen\/corporate-governance-compliance\/","url":"https:\/\/www.overit.ai\/de\/unternehmen\/corporate-governance-compliance\/","name":"Corporate Governance und Compliance | OverIT","isPartOf":{"@id":"https:\/\/www.overit.ai\/de\/#website"},"datePublished":"2026-02-26T14:56:57+00:00","dateModified":"2026-03-27T13:31:34+00:00","description":"Erfahren Sie mehr \u00fcber Corporate Governance und Compliance bei OverIT \u2013 Ethikkodex, OMC Framework und Whistleblowing-System.","breadcrumb":{"@id":"https:\/\/www.overit.ai\/de\/unternehmen\/corporate-governance-compliance\/#breadcrumb"},"inLanguage":"de-DE","potentialAction":[{"@type":"ReadAction","target":["https:\/\/www.overit.ai\/de\/unternehmen\/corporate-governance-compliance\/"]}]},{"@type":"BreadcrumbList","@id":"https:\/\/www.overit.ai\/de\/unternehmen\/corporate-governance-compliance\/#breadcrumb","itemListElement":[{"@type":"ListItem","position":1,"name":"Home","item":"https:\/\/www.overit.ai\/de\/"},{"@type":"ListItem","position":2,"name":"Unternehmen","item":"https:\/\/www.overit.ai\/de\/unternehmen\/"},{"@type":"ListItem","position":3,"name":"Governance"}]},{"@type":"WebSite","@id":"https:\/\/www.overit.ai\/de\/#website","url":"https:\/\/www.overit.ai\/de\/","name":"OverIT","description":"Innovation in Field Service Management","publisher":{"@id":"https:\/\/www.overit.ai\/de\/#organization"},"potentialAction":[{"@type":"SearchAction","target":{"@type":"EntryPoint","urlTemplate":"https:\/\/www.overit.ai\/de\/?s={search_term_string}"},"query-input":{"@type":"PropertyValueSpecification","valueRequired":true,"valueName":"search_term_string"}}],"inLanguage":"de-DE"},{"@type":"Organization","@id":"https:\/\/www.overit.ai\/de\/#organization","name":"OverIT","url":"https:\/\/www.overit.ai\/de\/","logo":{"@type":"ImageObject","inLanguage":"de-DE","@id":"https:\/\/www.overit.ai\/de\/#\/schema\/logo\/image\/","url":"https:\/\/www.overit.ai\/app\/uploads\/2021\/10\/OverIT-logo-400.png","contentUrl":"https:\/\/www.overit.ai\/app\/uploads\/2021\/10\/OverIT-logo-400.png","width":400,"height":250,"caption":"OverIT"},"image":{"@id":"https:\/\/www.overit.ai\/de\/#\/schema\/logo\/image\/"}}]}},"_links":{"self":[{"href":"https:\/\/www.overit.ai\/de\/wp-json\/wp\/v2\/pages\/67178","targetHints":{"allow":["GET"]}}],"collection":[{"href":"https:\/\/www.overit.ai\/de\/wp-json\/wp\/v2\/pages"}],"about":[{"href":"https:\/\/www.overit.ai\/de\/wp-json\/wp\/v2\/types\/page"}],"author":[{"embeddable":true,"href":"https:\/\/www.overit.ai\/de\/wp-json\/wp\/v2\/users\/3"}],"replies":[{"embeddable":true,"href":"https:\/\/www.overit.ai\/de\/wp-json\/wp\/v2\/comments?post=67178"}],"version-history":[{"count":11,"href":"https:\/\/www.overit.ai\/de\/wp-json\/wp\/v2\/pages\/67178\/revisions"}],"predecessor-version":[{"id":70637,"href":"https:\/\/www.overit.ai\/de\/wp-json\/wp\/v2\/pages\/67178\/revisions\/70637"}],"up":[{"embeddable":true,"href":"https:\/\/www.overit.ai\/de\/wp-json\/wp\/v2\/pages\/67147"}],"wp:attachment":[{"href":"https:\/\/www.overit.ai\/de\/wp-json\/wp\/v2\/media?parent=67178"}],"wp:term":[{"taxonomy":"case_study_category","embeddable":true,"href":"https:\/\/www.overit.ai\/de\/wp-json\/wp\/v2\/case_study_category?post=67178"}],"curies":[{"name":"wp","href":"https:\/\/api.w.org\/{rel}","templated":true}]}}