{"id":67174,"date":"2026-01-21T13:25:12","date_gmt":"2026-01-21T13:25:12","guid":{"rendered":"https:\/\/www.overit.ai\/?page_id=67174"},"modified":"2026-04-24T13:39:48","modified_gmt":"2026-04-24T13:39:48","slug":"constellation-research-field-service-management-tools-q3-2021","status":"publish","type":"page","link":"https:\/\/www.overit.ai\/de\/analystenberichte\/constellation-research\/constellation-research-field-service-management-tools-q3-2021\/","title":{"rendered":"Constellation Research, \u201cField Service Management Tools\u201d, Q3 2021"},"content":{"rendered":"<div\n  class=\"overit-block overit-block--white overit-radius-none overit-no-margin overit-no-padding \n  overit-block-full-width-top-banner\"\n        >\n  \n  <div class=\"overit-block-wrapper\">\n\n\n<section class=\"block-fwtb\">\n  <div class=\"block-fwtb__bg \">\n    <div class=\"block-fwtb__content block-fwtb__content--light\">\n                        <div class=\"block-fwtb__title\" data-aos=\"zoom-in\">CONSTELLATION RESEARCH<\/div>\n                                              <h1 class=\"block-fwtb__subtitle \" data-aos=\"zoom-in\" data-aos-delay=\"200\">Constellation Researchs Bericht \u201eField Service Management Tools\u201c, Q3 2021<\/h1>\n                        <\/div>\n          <div class=\"block-fwtb__bg_image\" style=\"background: linear-gradient(0deg, rgba(0, 0, 0, 0.4), rgba(0, 0, 0, 0.4)), url('https:\/\/www.overit.ai\/app\/uploads\/2021\/10\/constellation-research.jpg') center center\"><\/div>\n      <\/div>\n<\/section>\n\n<\/div><!-- .overit-block-wrapper -->\n<\/div><!-- .overit-block -->\n\n\n<div\n  class=\"overit-block overit-block--white overit-radius-full overit-margin-small overit-padding-small \n  overit-block-configurable-jumbotron\"\n        >\n  \n  <div class=\"overit-block-wrapper\">\n\n<section class=\"configurable-jumbotron left\" >\n    \n                  <h2  class=\"cj-title medium\">OverIT wurde im Bericht \u201eField Service Management Tools\u201c im dritten Quartal 2021 von Constellation Research aufgenommen, verfasst von Liz Miller, R \u201eRay\u201c Wang und Nicole France.<\/h2 >\n          \n                  <div class=\"cj-subtitle small\"><p>In diesem Bericht bewertet Constellation Research Vendor, die fortschrittliche FSM-Funktionen f\u00fcr die Anforderungen von Gro\u00dfunternehmen anbieten.<\/p>\n<p>Diese Analysten ber\u00fccksichtigten im Rahmen des Auswahlprozesses verschiedene Bereiche, wie z. B. den Sektor, das Gesch\u00e4ftsmodell und den Anlagenwert, die F\u00e4higkeit zur Unterst\u00fctzung von Subunternehmern oder Zeitarbeitskr\u00e4ften, die Priorit\u00e4ten bei der Zeitplanung, die Bedeutung von AR\/VR f\u00fcr die Remote-Unterst\u00fctzung oder Zusammenarbeit aus der Ferne, IoT-Initiativen und Integrationspriorit\u00e4ten, das \u00d6kosystem und die Integrationen.<\/p>\n<p>OverIT wurde in den FSM-Bericht als Vendor aufgenommen, der in der Lage ist, Field Service-T\u00e4tigkeiten in gro\u00dfen Unternehmen zu unterst\u00fctzen.<\/p>\n<p>Laut Constellation Research deckt OverIT \u201ealle wichtigen Funktionen im Zusammenhang mit FSM ab\u201c, einschlie\u00dflich KI-gest\u00fctzter Planungsoptimierung, Verwaltung von Au\u00dfendienst-, Anlagen- und Kundendaten, mobilem Personalmanagement, Wissensmanagement, Routenoptimierung und virtueller Zusammenarbeit, Arbeitsplanung, Abrechnung externer Auftragnehmer, Freisprecheinrichtung und GIS-Integration.<\/p>\n<\/div>\n          \n        <\/section>\n\n<\/div><!-- .overit-block-wrapper -->\n<\/div><!-- .overit-block -->\n\n\n<div\n  class=\"overit-block overit-block--white overit-radius-full overit-margin-small-top overit-no-padding \n  overit-block-configurable-jumbotron\"\n        >\n  \n  <div class=\"overit-block-wrapper\">\n\n<section class=\"configurable-jumbotron center\" >\n                  <div class=\"cj-section-title\">BERICHTE VON ANALYSTEN<\/div>\n          \n                  <div class=\"cj-title small\">OverIT ist bestrebt, ein innovativer Akteur im Field Service Management-Sektor zu sein. Wir sind stolz darauf, in den Berichten der weltweit f\u00fchrenden IT-Forschungs- und Beratungsunternehmen erw\u00e4hnt zu werden.<\/div>\n          \n                  <div class=\"cj-subtitle medium\"><p>M\u00f6chten Sie mehr \u00fcber die f\u00fchrenden IT-Forschungs- und Beratungsunternehmen erfahren? Lesen Sie dazu ihre Berichte \u00fcber OverIT.<\/p>\n<\/div>\n          \n        <\/section>\n\n<\/div><!-- .overit-block-wrapper -->\n<\/div><!-- .overit-block -->\n\n\n<div\n  class=\"overit-block overit-block--white overit-radius-full overit-no-margin overit-padding-medium-bottom \n  overit-block-industries-sections\"\n        >\n  \n  <div class=\"overit-block-wrapper\">\n\n  <div class=\"industries-tiles\">\n     \n              <a class=\"industries-tiles__link \" href=\"\/de\/analystenberichte\/gartner\/\">\n          <div class=\"industries-tiles__tile\">\n                            <div class=\"industries-tiles__icon\">\n                        <i style=\"color: #FF8200;font-size: 32px;\" class=\"fa-classic fa-light fa-folder-bookmark\" aria-hidden=\"true\"><\/i>\n          <\/div>\n                <div class=\"industries-tiles__title\">\n          Berichte von Gartner\n        <\/div>\n      <\/div>\n          <\/a>\n         \n              <a class=\"industries-tiles__link \" href=\"\/de\/analystenberichte\/idc\/\">\n          <div class=\"industries-tiles__tile\">\n                            <div class=\"industries-tiles__icon\">\n                        <i style=\"color: #FF8200;font-size: 32px;\" class=\"fa-classic fa-light fa-folder-bookmark\" aria-hidden=\"true\"><\/i>\n          <\/div>\n                <div class=\"industries-tiles__title\">\n          Berichte von IDC\n        <\/div>\n      <\/div>\n          <\/a>\n         \n              <a class=\"industries-tiles__link \" href=\"\/de\/analystenberichte\/forrester\/\">\n          <div class=\"industries-tiles__tile\">\n                            <div class=\"industries-tiles__icon\">\n                        <i style=\"color: #FF8200;font-size: 32px;\" class=\"fa-classic fa-light fa-folder-bookmark\" aria-hidden=\"true\"><\/i>\n          <\/div>\n                <div class=\"industries-tiles__title\">\n          Berichte von Forrester\n        <\/div>\n      <\/div>\n          <\/a>\n         \n              <a class=\"industries-tiles__link \" href=\"\/de\/analystenberichte\/constellation-research\/\">\n          <div class=\"industries-tiles__tile\">\n                            <div class=\"industries-tiles__icon\">\n                        <i style=\"color: #FF8200;font-size: 32px;\" class=\"fa-classic fa-light fa-folder-bookmark\" aria-hidden=\"true\"><\/i>\n          <\/div>\n                <div class=\"industries-tiles__title\">\n          Berichte von Constellation Research\n        <\/div>\n      <\/div>\n          <\/a>\n          <\/div>\n\n<\/div><!-- .overit-block-wrapper -->\n<\/div><!-- .overit-block -->\n","protected":false},"excerpt":{"rendered":"","protected":false},"author":3,"featured_media":22799,"parent":66579,"menu_order":0,"comment_status":"closed","ping_status":"closed","template":"","meta":{"_acf_changed":false,"footnotes":""},"case_study_category":[],"class_list":["post-67174","page","type-page","status-publish","has-post-thumbnail","hentry"],"acf":[],"yoast_head":"<!-- This site is optimized with the Yoast SEO Premium plugin v25.6 (Yoast SEO v25.6) - https:\/\/yoast.com\/wordpress\/plugins\/seo\/ -->\n<title>Constellation Research Report on FSM Tools<\/title>\n<meta name=\"description\" content=\"Informieren Sie sich \u00fcber den neuesten Constellation Research Report on Field Service Management Tools, in dem die besten L\u00f6sungen des Sektors vorgestellt werden.\" \/>\n<meta name=\"robots\" content=\"index, follow, max-snippet:-1, max-image-preview:large, max-video-preview:-1\" \/>\n<link rel=\"canonical\" href=\"https:\/\/www.overit.ai\/de\/analystenberichte\/constellation-research\/constellation-research-field-service-management-tools-q3-2021\/\" \/>\n<meta property=\"og:locale\" content=\"de_DE\" \/>\n<meta property=\"og:type\" content=\"article\" \/>\n<meta property=\"og:title\" content=\"Constellation Research Report on FSM Tools\" \/>\n<meta property=\"og:description\" content=\"Informieren Sie sich \u00fcber den neuesten Constellation Research Report on Field Service Management Tools, in dem die besten L\u00f6sungen des Sektors vorgestellt werden.\" \/>\n<meta property=\"og:url\" content=\"https:\/\/www.overit.ai\/de\/analystenberichte\/constellation-research\/constellation-research-field-service-management-tools-q3-2021\/\" \/>\n<meta property=\"og:site_name\" content=\"OverIT\" \/>\n<meta property=\"article:modified_time\" content=\"2026-04-24T13:39:48+00:00\" \/>\n<meta property=\"og:image\" content=\"https:\/\/www.overit.ai\/app\/uploads\/2021\/10\/constellation-research.jpg\" \/>\n\t<meta property=\"og:image:width\" content=\"1920\" \/>\n\t<meta property=\"og:image:height\" content=\"728\" \/>\n\t<meta property=\"og:image:type\" content=\"image\/jpeg\" \/>\n<meta name=\"twitter:card\" content=\"summary_large_image\" \/>\n<meta name=\"twitter:title\" content=\"Constellation Research, \u201cField Service Management Tools\u201d, Q3 2021\" \/>\n<meta name=\"twitter:label1\" content=\"Est. reading time\" \/>\n\t<meta name=\"twitter:data1\" content=\"2 minutes\" \/>\n<script type=\"application\/ld+json\" class=\"yoast-schema-graph\">{\"@context\":\"https:\/\/schema.org\",\"@graph\":[{\"@type\":\"WebPage\",\"@id\":\"https:\/\/www.overit.ai\/de\/analystenberichte\/constellation-research\/constellation-research-field-service-management-tools-q3-2021\/\",\"url\":\"https:\/\/www.overit.ai\/de\/analystenberichte\/constellation-research\/constellation-research-field-service-management-tools-q3-2021\/\",\"name\":\"Constellation Research Report on FSM Tools\",\"isPartOf\":{\"@id\":\"https:\/\/www.overit.ai\/de\/#website\"},\"primaryImageOfPage\":{\"@id\":\"https:\/\/www.overit.ai\/de\/analystenberichte\/constellation-research\/constellation-research-field-service-management-tools-q3-2021\/#primaryimage\"},\"image\":{\"@id\":\"https:\/\/www.overit.ai\/de\/analystenberichte\/constellation-research\/constellation-research-field-service-management-tools-q3-2021\/#primaryimage\"},\"thumbnailUrl\":\"https:\/\/www.overit.ai\/app\/uploads\/2021\/10\/constellation-research.jpg\",\"datePublished\":\"2026-01-21T13:25:12+00:00\",\"dateModified\":\"2026-04-24T13:39:48+00:00\",\"description\":\"Informieren Sie sich \u00fcber den neuesten Constellation Research Report on Field Service Management Tools, in dem die besten L\u00f6sungen des Sektors vorgestellt werden.\",\"breadcrumb\":{\"@id\":\"https:\/\/www.overit.ai\/de\/analystenberichte\/constellation-research\/constellation-research-field-service-management-tools-q3-2021\/#breadcrumb\"},\"inLanguage\":\"de-DE\",\"potentialAction\":[{\"@type\":\"ReadAction\",\"target\":[\"https:\/\/www.overit.ai\/de\/analystenberichte\/constellation-research\/constellation-research-field-service-management-tools-q3-2021\/\"]}]},{\"@type\":\"ImageObject\",\"inLanguage\":\"de-DE\",\"@id\":\"https:\/\/www.overit.ai\/de\/analystenberichte\/constellation-research\/constellation-research-field-service-management-tools-q3-2021\/#primaryimage\",\"url\":\"https:\/\/www.overit.ai\/app\/uploads\/2021\/10\/constellation-research.jpg\",\"contentUrl\":\"https:\/\/www.overit.ai\/app\/uploads\/2021\/10\/constellation-research.jpg\",\"width\":1920,\"height\":728,\"caption\":\"Constellation Research\"},{\"@type\":\"BreadcrumbList\",\"@id\":\"https:\/\/www.overit.ai\/de\/analystenberichte\/constellation-research\/constellation-research-field-service-management-tools-q3-2021\/#breadcrumb\",\"itemListElement\":[{\"@type\":\"ListItem\",\"position\":1,\"name\":\"Home\",\"item\":\"https:\/\/www.overit.ai\/de\/\"},{\"@type\":\"ListItem\",\"position\":2,\"name\":\"Analystenberichte\",\"item\":\"https:\/\/www.overit.ai\/de\/analystenberichte\/\"},{\"@type\":\"ListItem\",\"position\":3,\"name\":\"Constellation Research\",\"item\":\"https:\/\/www.overit.ai\/de\/analystenberichte\/constellation-research\/\"},{\"@type\":\"ListItem\",\"position\":4,\"name\":\"Constellation Research, \u201cField Service Management Tools\u201d, Q3 2021\"}]},{\"@type\":\"WebSite\",\"@id\":\"https:\/\/www.overit.ai\/de\/#website\",\"url\":\"https:\/\/www.overit.ai\/de\/\",\"name\":\"OverIT\",\"description\":\"Innovation in Field Service Management\",\"publisher\":{\"@id\":\"https:\/\/www.overit.ai\/de\/#organization\"},\"potentialAction\":[{\"@type\":\"SearchAction\",\"target\":{\"@type\":\"EntryPoint\",\"urlTemplate\":\"https:\/\/www.overit.ai\/de\/?s={search_term_string}\"},\"query-input\":{\"@type\":\"PropertyValueSpecification\",\"valueRequired\":true,\"valueName\":\"search_term_string\"}}],\"inLanguage\":\"de-DE\"},{\"@type\":\"Organization\",\"@id\":\"https:\/\/www.overit.ai\/de\/#organization\",\"name\":\"OverIT\",\"url\":\"https:\/\/www.overit.ai\/de\/\",\"logo\":{\"@type\":\"ImageObject\",\"inLanguage\":\"de-DE\",\"@id\":\"https:\/\/www.overit.ai\/de\/#\/schema\/logo\/image\/\",\"url\":\"https:\/\/www.overit.ai\/app\/uploads\/2021\/10\/OverIT-logo-400.png\",\"contentUrl\":\"https:\/\/www.overit.ai\/app\/uploads\/2021\/10\/OverIT-logo-400.png\",\"width\":400,\"height\":250,\"caption\":\"OverIT\"},\"image\":{\"@id\":\"https:\/\/www.overit.ai\/de\/#\/schema\/logo\/image\/\"}}]}<\/script>\n<!-- \/ Yoast SEO Premium plugin. -->","yoast_head_json":{"title":"Constellation Research Report on FSM Tools","description":"Informieren Sie sich \u00fcber den neuesten Constellation Research Report on Field Service Management Tools, in dem die besten L\u00f6sungen des Sektors vorgestellt werden.","robots":{"index":"index","follow":"follow","max-snippet":"max-snippet:-1","max-image-preview":"max-image-preview:large","max-video-preview":"max-video-preview:-1"},"canonical":"https:\/\/www.overit.ai\/de\/analystenberichte\/constellation-research\/constellation-research-field-service-management-tools-q3-2021\/","og_locale":"de_DE","og_type":"article","og_title":"Constellation Research Report on FSM Tools","og_description":"Informieren Sie sich \u00fcber den neuesten Constellation Research Report on Field Service Management Tools, in dem die besten L\u00f6sungen des Sektors vorgestellt werden.","og_url":"https:\/\/www.overit.ai\/de\/analystenberichte\/constellation-research\/constellation-research-field-service-management-tools-q3-2021\/","og_site_name":"OverIT","article_modified_time":"2026-04-24T13:39:48+00:00","og_image":[{"width":1920,"height":728,"url":"https:\/\/www.overit.ai\/app\/uploads\/2021\/10\/constellation-research.jpg","type":"image\/jpeg"}],"twitter_card":"summary_large_image","twitter_title":"Constellation Research, \u201cField Service Management Tools\u201d, Q3 2021","twitter_misc":{"Est. reading time":"2 minutes"},"schema":{"@context":"https:\/\/schema.org","@graph":[{"@type":"WebPage","@id":"https:\/\/www.overit.ai\/de\/analystenberichte\/constellation-research\/constellation-research-field-service-management-tools-q3-2021\/","url":"https:\/\/www.overit.ai\/de\/analystenberichte\/constellation-research\/constellation-research-field-service-management-tools-q3-2021\/","name":"Constellation Research Report on FSM Tools","isPartOf":{"@id":"https:\/\/www.overit.ai\/de\/#website"},"primaryImageOfPage":{"@id":"https:\/\/www.overit.ai\/de\/analystenberichte\/constellation-research\/constellation-research-field-service-management-tools-q3-2021\/#primaryimage"},"image":{"@id":"https:\/\/www.overit.ai\/de\/analystenberichte\/constellation-research\/constellation-research-field-service-management-tools-q3-2021\/#primaryimage"},"thumbnailUrl":"https:\/\/www.overit.ai\/app\/uploads\/2021\/10\/constellation-research.jpg","datePublished":"2026-01-21T13:25:12+00:00","dateModified":"2026-04-24T13:39:48+00:00","description":"Informieren Sie sich \u00fcber den neuesten Constellation Research Report on Field Service Management Tools, in dem die besten L\u00f6sungen des Sektors vorgestellt werden.","breadcrumb":{"@id":"https:\/\/www.overit.ai\/de\/analystenberichte\/constellation-research\/constellation-research-field-service-management-tools-q3-2021\/#breadcrumb"},"inLanguage":"de-DE","potentialAction":[{"@type":"ReadAction","target":["https:\/\/www.overit.ai\/de\/analystenberichte\/constellation-research\/constellation-research-field-service-management-tools-q3-2021\/"]}]},{"@type":"ImageObject","inLanguage":"de-DE","@id":"https:\/\/www.overit.ai\/de\/analystenberichte\/constellation-research\/constellation-research-field-service-management-tools-q3-2021\/#primaryimage","url":"https:\/\/www.overit.ai\/app\/uploads\/2021\/10\/constellation-research.jpg","contentUrl":"https:\/\/www.overit.ai\/app\/uploads\/2021\/10\/constellation-research.jpg","width":1920,"height":728,"caption":"Constellation Research"},{"@type":"BreadcrumbList","@id":"https:\/\/www.overit.ai\/de\/analystenberichte\/constellation-research\/constellation-research-field-service-management-tools-q3-2021\/#breadcrumb","itemListElement":[{"@type":"ListItem","position":1,"name":"Home","item":"https:\/\/www.overit.ai\/de\/"},{"@type":"ListItem","position":2,"name":"Analystenberichte","item":"https:\/\/www.overit.ai\/de\/analystenberichte\/"},{"@type":"ListItem","position":3,"name":"Constellation Research","item":"https:\/\/www.overit.ai\/de\/analystenberichte\/constellation-research\/"},{"@type":"ListItem","position":4,"name":"Constellation Research, \u201cField Service Management Tools\u201d, Q3 2021"}]},{"@type":"WebSite","@id":"https:\/\/www.overit.ai\/de\/#website","url":"https:\/\/www.overit.ai\/de\/","name":"OverIT","description":"Innovation in Field Service Management","publisher":{"@id":"https:\/\/www.overit.ai\/de\/#organization"},"potentialAction":[{"@type":"SearchAction","target":{"@type":"EntryPoint","urlTemplate":"https:\/\/www.overit.ai\/de\/?s={search_term_string}"},"query-input":{"@type":"PropertyValueSpecification","valueRequired":true,"valueName":"search_term_string"}}],"inLanguage":"de-DE"},{"@type":"Organization","@id":"https:\/\/www.overit.ai\/de\/#organization","name":"OverIT","url":"https:\/\/www.overit.ai\/de\/","logo":{"@type":"ImageObject","inLanguage":"de-DE","@id":"https:\/\/www.overit.ai\/de\/#\/schema\/logo\/image\/","url":"https:\/\/www.overit.ai\/app\/uploads\/2021\/10\/OverIT-logo-400.png","contentUrl":"https:\/\/www.overit.ai\/app\/uploads\/2021\/10\/OverIT-logo-400.png","width":400,"height":250,"caption":"OverIT"},"image":{"@id":"https:\/\/www.overit.ai\/de\/#\/schema\/logo\/image\/"}}]}},"_links":{"self":[{"href":"https:\/\/www.overit.ai\/de\/wp-json\/wp\/v2\/pages\/67174","targetHints":{"allow":["GET"]}}],"collection":[{"href":"https:\/\/www.overit.ai\/de\/wp-json\/wp\/v2\/pages"}],"about":[{"href":"https:\/\/www.overit.ai\/de\/wp-json\/wp\/v2\/types\/page"}],"author":[{"embeddable":true,"href":"https:\/\/www.overit.ai\/de\/wp-json\/wp\/v2\/users\/3"}],"replies":[{"embeddable":true,"href":"https:\/\/www.overit.ai\/de\/wp-json\/wp\/v2\/comments?post=67174"}],"version-history":[{"count":9,"href":"https:\/\/www.overit.ai\/de\/wp-json\/wp\/v2\/pages\/67174\/revisions"}],"predecessor-version":[{"id":73057,"href":"https:\/\/www.overit.ai\/de\/wp-json\/wp\/v2\/pages\/67174\/revisions\/73057"}],"up":[{"embeddable":true,"href":"https:\/\/www.overit.ai\/de\/wp-json\/wp\/v2\/pages\/66579"}],"wp:featuredmedia":[{"embeddable":true,"href":"https:\/\/www.overit.ai\/de\/wp-json\/wp\/v2\/media\/22799"}],"wp:attachment":[{"href":"https:\/\/www.overit.ai\/de\/wp-json\/wp\/v2\/media?parent=67174"}],"wp:term":[{"taxonomy":"case_study_category","embeddable":true,"href":"https:\/\/www.overit.ai\/de\/wp-json\/wp\/v2\/case_study_category?post=67174"}],"curies":[{"name":"wp","href":"https:\/\/api.w.org\/{rel}","templated":true}]}}