{"id":67171,"date":"2026-01-21T13:30:41","date_gmt":"2026-01-21T13:30:41","guid":{"rendered":"https:\/\/www.overit.ai\/?page_id=67171"},"modified":"2026-04-23T15:45:56","modified_gmt":"2026-04-23T15:45:56","slug":"a-reality-check-enterprise-extended-reality-metaverse-2023","status":"publish","type":"page","link":"https:\/\/www.overit.ai\/de\/analystenberichte\/forrester\/a-reality-check-enterprise-extended-reality-metaverse-2023\/","title":{"rendered":"A Reality Check for Enterprise Extended Reality and Metaverse, Q2 2023"},"content":{"rendered":"<div\n  class=\"overit-block overit-block--white overit-radius-none-margin-y overit-no-margin overit-no-padding \n  overit-block-full-width-top-banner\"\n        >\n  \n  <div class=\"overit-block-wrapper\">\n\n\n<section class=\"block-fwtb\">\n  <div class=\"block-fwtb__bg \">\n    <div class=\"block-fwtb__content block-fwtb__content--light\">\n                        <div class=\"block-fwtb__title\" data-aos=\"zoom-in\">FORRESTER<\/div>\n                                              <h1 class=\"block-fwtb__subtitle \" data-aos=\"zoom-in\" data-aos-delay=\"200\">A Reality Check for Enterprise Extended Reality and Metaverse, Q2 2023<\/h1>\n                        <\/div>\n          <div class=\"block-fwtb__bg_image\" style=\"background: linear-gradient(0deg, rgba(0, 0, 0, 0.55), rgba(0, 0, 0, 0.55)), url('https:\/\/www.overit.ai\/app\/uploads\/2023\/05\/hector-j-rivas-1FxMET2U5dU-unsplash-scaled.jpg') center center\"><\/div>\n      <\/div>\n<\/section>\n\n<\/div><!-- .overit-block-wrapper -->\n<\/div><!-- .overit-block -->\n\n\n<div\n  class=\"overit-block overit-block--white overit-radius-full overit-no-margin overit-padding-medium \n  overit-block-customer-disclaimer\"\n        >\n  \n  <div class=\"overit-block-wrapper\">\n\n<div class=\"cdisclaimer\">\n  <div class=\"cdisclaimer__bg\">&nbsp;<\/div>\n  <div class=\"cdisclaimer__content\">\n    <div class=\"cdisclaimer__title-cont\">\n      <div class=\"cdisclaimer__img\">\n        <img decoding=\"async\" src=\"https:\/\/www.overit.ai\/app\/themes\/overit-theme\/dist\/images\/citation_d93c975a.svg\" alt=\"citation symbol\" \/>\n      <\/div>\n      <div class=\"cdisclaimer__title\">\n        <img decoding=\"async\" src=\"https:\/\/www.overit.ai\/app\/uploads\/sites\/4\/2020\/11\/Livello-74-300x207.png\" alt=\"Forrester\" width=\"300\" height=\"207\" class=\"alignnone size-medium wp-image-2519\" srcset=\"https:\/\/www.overit.ai\/app\/uploads\/2020\/11\/Livello-74-300x207.png 300w, https:\/\/www.overit.ai\/app\/uploads\/2020\/11\/Livello-74-1024x705.png 1024w, https:\/\/www.overit.ai\/app\/uploads\/2020\/11\/Livello-74-768x529.png 768w, https:\/\/www.overit.ai\/app\/uploads\/2020\/11\/Livello-74.png 1200w\" sizes=\"(max-width: 300px) 100vw, 300px\" \/>\n      <\/div>\n    <\/div>\n    <div class=\"cdisclaimer__description\" data-aos=\"fade-left\">\n      <p>Technologien der Extended Reality (XR) versprechen seit langem, die F\u00e4higkeiten der Mitarbeiter zu erweitern. Aber XR \u2013 und seit kurzem auch das Metaversum \u2013 haben allzu oft mehr Hype als Gesch\u00e4ftsergebnisse gebracht. Diese Technologien k\u00f6nnen jedoch einen Mehrwert schaffen, wenn sie pragmatisch auf bestimmte Rollen und Aufgaben angewandt werden und auf den Menschen ausgerichtet sind.\u201c<br \/>\nAuszug aus \u201eA reality check for enterprise extended reality and metaverse\u201c aus dem Forrester-Bericht.<\/p>\n\n    <\/div>\n  <\/div>\n<\/div>\n\n<\/div><!-- .overit-block-wrapper -->\n<\/div><!-- .overit-block -->\n\n\n<div\n  class=\"overit-block overit-block--white overit-radius-full overit-margin-small-top overit-no-padding \n  overit-block-configurable-jumbotron\"\n        >\n  \n  <div class=\"overit-block-wrapper\">\n\n<section class=\"configurable-jumbotron left\" >\n    \n    \n                  <div class=\"cj-subtitle medium\"><p>OverIT wurde interviewt und in den Forrester-Berichten \u201e<em>A reality check for enterprise extended reality and metaverse<\/em>\u201c und \u201e<em>Apply Three Principles To Your Enterprise Extended Reality And Metaverse Efforts<\/em>\u201c, verfasst von J.P. Gownder mit James McQuivey, PhD, Shynise McElveen, Demi Starks, im April 2023 erw\u00e4hnt<\/p>\n<p>Durch den Einsatz von Spitzentechnologien erm\u00f6glicht unsere L\u00f6sung den Kunden die Abdeckung spezifischer Anwendungsf\u00e4lle, wie z. B.:<\/p>\n<\/div>\n          \n        <\/section>\n\n<\/div><!-- .overit-block-wrapper -->\n<\/div><!-- .overit-block -->\n\n\n<div\n  class=\"overit-block overit-block--white overit-radius-full overit-no-margin overit-padding-medium \n  overit-block-icon-numbers\"\n        >\n  \n  <div class=\"overit-block-wrapper\">\n\n<div class=\"block-icon-numbers\">\n  <div class=\"block-icon-numbers__content\">\n    <div class=\"block-icon-numbers__items\">\n              \n        <div class=\"block-icon-numbers__item\">\n          \n                      <div class=\"block-icon-numbers__icon\">\n                            <i style=\"color: #FF8200;\" class=\"fa-classic fa-light fa-screen-users\" aria-hidden=\"true\"><\/i>\n            <\/div>\n          \n          <div class=\"block-icon-numbers__text\">\n            <p> REMOTE COLLABORATION <br> <\/br> Echtzeit-Zusammenarbeit zwischen Experten aus der Ferne und Technikern im Au\u00dfendienst mithilfe von AR, um sie durch komplexe, gesch\u00e4ftskritische Vorg\u00e4nge auf linearen Assets zu f\u00fchren. <\/p>\n          <\/div>\n\n          <div class=\"block-icon-numbers__value\">\n            \n          <\/div>\n        <\/div>\n\n              \n        <div class=\"block-icon-numbers__item\">\n          \n                      <div class=\"block-icon-numbers__icon\">\n                            <i style=\"color: #FF8200;\" class=\"fa-classic fa-light fa-head-side-goggles\" aria-hidden=\"true\"><\/i>\n            <\/div>\n          \n          <div class=\"block-icon-numbers__text\">\n            <p> VIRTUAL TRAINING <br><\/br> Schulung in verschiedenen Szenarien und Entwicklung neuer F\u00e4higkeiten in einer sicheren und kontrollierten Umgebung, in der Wartungs-, Fehlerbehebungs- und Notfallsituationen simuliert werden. <\/p>\n          <\/div>\n\n          <div class=\"block-icon-numbers__value\">\n            \n          <\/div>\n        <\/div>\n\n              \n        <div class=\"block-icon-numbers__item\">\n          \n                      <div class=\"block-icon-numbers__icon\">\n                            <i style=\"color: #FF8200;\" class=\"fa-kit fa-fak fa-overit-helmet-remote-support\" aria-hidden=\"true\"><\/i>\n            <\/div>\n          \n          <div class=\"block-icon-numbers__text\">\n            <p>REMOTE ASSISTANCE <br><\/br> Digitale Schritt-f\u00fcr-Schritt-Arbeitsanleitung durch AR-basierte mobile und freih\u00e4ndige Ger\u00e4te, die Au\u00dfendiensttechnikern bei der pr\u00e4zisen und effizienten Ausf\u00fchrung der Aufgaben helfen.<\/p>\n          <\/div>\n\n          <div class=\"block-icon-numbers__value\">\n            \n          <\/div>\n        <\/div>\n\n              \n        <div class=\"block-icon-numbers__item\">\n          \n                      <div class=\"block-icon-numbers__icon\">\n                            <i style=\"color: #FF8200;\" class=\"fa-kit fa-fak fa-overit-knowledge-sharing\" aria-hidden=\"true\"><\/i>\n            <\/div>\n          \n          <div class=\"block-icon-numbers__text\">\n            <p>KNOWLEDGE MANAGEMENT <br><\/br> Erfassung und Weitergabe von Wissen, um Unternehmen dabei zu helfen, Wissen zu bewahren, Einarbeitungsprozesse zu optimieren und die allgemeine Servicequalit\u00e4t zu verbessern. <\/p>\n          <\/div>\n\n          <div class=\"block-icon-numbers__value\">\n            \n          <\/div>\n        <\/div>\n\n          <\/div>\n  <\/div>\n<\/div>\n\n<\/div><!-- .overit-block-wrapper -->\n<\/div><!-- .overit-block -->\n\n\n<div\n  class=\"overit-block overit-block--white overit-radius-full overit-margin-small-bottom overit-no-padding \n  overit-block-configurable-jumbotron\"\n        >\n  \n  <div class=\"overit-block-wrapper\">\n\n<section class=\"configurable-jumbotron left\" >\n    \n    \n                  <div class=\"cj-subtitle small\"><p>OverIT erm\u00f6glicht die Zusammenarbeit aus der Ferne, immersive Einarbeitung am Arbeitsplatz, Fernunterst\u00fctzung, Wissenstransfer, Ferninspektionen und verbesserte Sicherheit und hat damit das Potenzial, die betriebliche Effizienz und die Servicequalit\u00e4t zu verbessern, die Kosten zu senken und den Technikern das Werkzeug an die Hand zu geben, das sie ben\u00f6tigen, um ihre Aufgaben hervorragend zu erf\u00fcllen. F\u00fcr uns ist die Anerkennung und Erw\u00e4hnung durch Forrester der Beweis daf\u00fcr.<\/p>\n<p>Der vollst\u00e4ndige Bericht ist f\u00fcr Forrester-Abonnenten oder zum Kauf erh\u00e4ltlich.<\/p>\n<\/div>\n          \n        <\/section>\n\n<\/div><!-- .overit-block-wrapper -->\n<\/div><!-- .overit-block -->\n\n\n<div\n  class=\"overit-block overit-block--white overit-radius-full overit-no-margin overit-padding-medium-top \n  overit-block-configurable-jumbotron\"\n        >\n  \n  <div class=\"overit-block-wrapper\">\n\n<section class=\"configurable-jumbotron center\" >\n                  <div class=\"cj-section-title\">BERICHTE VON ANALYSTEN<\/div>\n          \n    \n                  <div class=\"cj-subtitle medium\"><p>M\u00f6chten Sie mehr \u00fcber die f\u00fchrenden IT-Forschungs- und Beratungsunternehmen erfahren? Lesen Sie ihre Berichte \u00fcber OverIT.<\/p>\n<\/div>\n          \n        <\/section>\n\n<\/div><!-- .overit-block-wrapper -->\n<\/div><!-- .overit-block -->\n\n\n<div\n  class=\"overit-block overit-block--white overit-radius-full overit-no-margin overit-padding-medium-bottom \n  overit-block-industries-sections\"\n        >\n  \n  <div class=\"overit-block-wrapper\">\n\n  <div class=\"industries-tiles\">\n     \n              <a class=\"industries-tiles__link \" href=\"\/de\/analystenberichte\/gartner\/\">\n          <div class=\"industries-tiles__tile\">\n                            <div class=\"industries-tiles__icon\">\n                        <i style=\"color: #FF8200;font-size: 32px;\" class=\"fa-classic fa-light fa-folder-bookmark\" aria-hidden=\"true\"><\/i>\n          <\/div>\n                <div class=\"industries-tiles__title\">\n          Berichte von Gartner\n        <\/div>\n      <\/div>\n          <\/a>\n         \n              <a class=\"industries-tiles__link \" href=\"\/de\/analystenberichte\/idc\/\">\n          <div class=\"industries-tiles__tile\">\n                            <div class=\"industries-tiles__icon\">\n                        <i style=\"color: #FF8200;font-size: 32px;\" class=\"fa-classic fa-light fa-folder-bookmark\" aria-hidden=\"true\"><\/i>\n          <\/div>\n                <div class=\"industries-tiles__title\">\n          Berichte von IDC\n        <\/div>\n      <\/div>\n          <\/a>\n         \n              <a class=\"industries-tiles__link \" href=\"\/de\/analystenberichte\/forrester\/\">\n          <div class=\"industries-tiles__tile\">\n                            <div class=\"industries-tiles__icon\">\n                        <i style=\"color: #FF8200;font-size: 32px;\" class=\"fa-classic fa-light fa-folder-bookmark\" aria-hidden=\"true\"><\/i>\n          <\/div>\n                <div class=\"industries-tiles__title\">\n          Berichte von Forrester\n        <\/div>\n      <\/div>\n          <\/a>\n         \n              <a class=\"industries-tiles__link \" href=\"\/de\/analystenberichte\/constellation-research\/\">\n          <div class=\"industries-tiles__tile\">\n                            <div class=\"industries-tiles__icon\">\n                        <i style=\"color: #FF8200;font-size: 32px;\" class=\"fa-classic fa-light fa-folder-bookmark\" aria-hidden=\"true\"><\/i>\n          <\/div>\n                <div class=\"industries-tiles__title\">\n          Berichte von Constellation Research\n        <\/div>\n      <\/div>\n          <\/a>\n          <\/div>\n\n<\/div><!-- .overit-block-wrapper -->\n<\/div><!-- .overit-block -->\n","protected":false},"excerpt":{"rendered":"","protected":false},"author":3,"featured_media":67173,"parent":67169,"menu_order":0,"comment_status":"closed","ping_status":"closed","template":"","meta":{"_acf_changed":false,"footnotes":""},"case_study_category":[],"class_list":["post-67171","page","type-page","status-publish","has-post-thumbnail","hentry"],"acf":[],"yoast_head":"<!-- This site is optimized with the Yoast SEO Premium plugin v25.6 (Yoast SEO v25.6) - https:\/\/yoast.com\/wordpress\/plugins\/seo\/ -->\n<title>Forrester: Enterprise Extended Reality &amp; Metaverse<\/title>\n<meta name=\"description\" content=\"OverIT wurde in den Forrester-Berichten \u201eA Reality Check for Enterprise Extended Reality and Metaverse\u201c (Q2 2023) im Kontext von XR\" \/>\n<meta name=\"robots\" content=\"index, follow, max-snippet:-1, max-image-preview:large, max-video-preview:-1\" \/>\n<link rel=\"canonical\" href=\"https:\/\/www.overit.ai\/de\/analystenberichte\/forrester\/a-reality-check-enterprise-extended-reality-metaverse-2023\/\" \/>\n<meta property=\"og:locale\" content=\"de_DE\" \/>\n<meta property=\"og:type\" content=\"article\" \/>\n<meta property=\"og:title\" content=\"Forrester: Enterprise Extended Reality &amp; Metaverse \u2013 Reality Check (Q2 2023)\" \/>\n<meta property=\"og:description\" content=\"OverIT wurde in den Forrester-Berichten \u201eA Reality Check for Enterprise Extended Reality and Metaverse\u201c (Q2 2023) im Kontext von XR- und Metaverse-Anwendungsf\u00e4llen erw\u00e4hnt.\" \/>\n<meta property=\"og:url\" content=\"https:\/\/www.overit.ai\/de\/analystenberichte\/forrester\/a-reality-check-enterprise-extended-reality-metaverse-2023\/\" \/>\n<meta property=\"og:site_name\" content=\"OverIT\" \/>\n<meta property=\"article:modified_time\" content=\"2026-04-23T15:45:56+00:00\" \/>\n<meta property=\"og:image\" content=\"https:\/\/www.overit.ai\/app\/uploads\/2023\/05\/hector-j-rivas-1FxMET2U5dU-unsplash-scaled.jpg\" \/>\n\t<meta property=\"og:image:width\" content=\"2560\" \/>\n\t<meta property=\"og:image:height\" content=\"1718\" \/>\n\t<meta property=\"og:image:type\" content=\"image\/jpeg\" \/>\n<meta name=\"twitter:card\" content=\"summary_large_image\" \/>\n<meta name=\"twitter:title\" content=\"Forrester: Enterprise Extended Reality &amp; Metaverse \u2013 Reality Check (Q2 2023)\" \/>\n<meta name=\"twitter:description\" content=\"OverIT wurde in den Forrester-Berichten \u201eA Reality Check for Enterprise Extended Reality and Metaverse\u201c (Q2 2023) im Kontext von XR- und Metaverse-Anwendungsf\u00e4llen erw\u00e4hnt.\" \/>\n<meta name=\"twitter:label1\" content=\"Est. reading time\" \/>\n\t<meta name=\"twitter:data1\" content=\"3 minutes\" \/>\n<script type=\"application\/ld+json\" class=\"yoast-schema-graph\">{\"@context\":\"https:\/\/schema.org\",\"@graph\":[{\"@type\":\"WebPage\",\"@id\":\"https:\/\/www.overit.ai\/de\/analystenberichte\/forrester\/a-reality-check-enterprise-extended-reality-metaverse-2023\/\",\"url\":\"https:\/\/www.overit.ai\/de\/analystenberichte\/forrester\/a-reality-check-enterprise-extended-reality-metaverse-2023\/\",\"name\":\"Forrester: Enterprise Extended Reality & Metaverse\",\"isPartOf\":{\"@id\":\"https:\/\/www.overit.ai\/de\/#website\"},\"primaryImageOfPage\":{\"@id\":\"https:\/\/www.overit.ai\/de\/analystenberichte\/forrester\/a-reality-check-enterprise-extended-reality-metaverse-2023\/#primaryimage\"},\"image\":{\"@id\":\"https:\/\/www.overit.ai\/de\/analystenberichte\/forrester\/a-reality-check-enterprise-extended-reality-metaverse-2023\/#primaryimage\"},\"thumbnailUrl\":\"https:\/\/www.overit.ai\/app\/uploads\/2023\/05\/hector-j-rivas-1FxMET2U5dU-unsplash-scaled.jpg\",\"datePublished\":\"2026-01-21T13:30:41+00:00\",\"dateModified\":\"2026-04-23T15:45:56+00:00\",\"description\":\"OverIT wurde in den Forrester-Berichten \u201eA Reality Check for Enterprise Extended Reality and Metaverse\u201c (Q2 2023) im Kontext von XR\",\"breadcrumb\":{\"@id\":\"https:\/\/www.overit.ai\/de\/analystenberichte\/forrester\/a-reality-check-enterprise-extended-reality-metaverse-2023\/#breadcrumb\"},\"inLanguage\":\"de-DE\",\"potentialAction\":[{\"@type\":\"ReadAction\",\"target\":[\"https:\/\/www.overit.ai\/de\/analystenberichte\/forrester\/a-reality-check-enterprise-extended-reality-metaverse-2023\/\"]}]},{\"@type\":\"ImageObject\",\"inLanguage\":\"de-DE\",\"@id\":\"https:\/\/www.overit.ai\/de\/analystenberichte\/forrester\/a-reality-check-enterprise-extended-reality-metaverse-2023\/#primaryimage\",\"url\":\"https:\/\/www.overit.ai\/app\/uploads\/2023\/05\/hector-j-rivas-1FxMET2U5dU-unsplash-scaled.jpg\",\"contentUrl\":\"https:\/\/www.overit.ai\/app\/uploads\/2023\/05\/hector-j-rivas-1FxMET2U5dU-unsplash-scaled.jpg\",\"width\":2560,\"height\":1718,\"caption\":\"Forrester Q2 2023\"},{\"@type\":\"BreadcrumbList\",\"@id\":\"https:\/\/www.overit.ai\/de\/analystenberichte\/forrester\/a-reality-check-enterprise-extended-reality-metaverse-2023\/#breadcrumb\",\"itemListElement\":[{\"@type\":\"ListItem\",\"position\":1,\"name\":\"Home\",\"item\":\"https:\/\/www.overit.ai\/de\/\"},{\"@type\":\"ListItem\",\"position\":2,\"name\":\"Analystenberichte\",\"item\":\"https:\/\/www.overit.ai\/de\/analystenberichte\/\"},{\"@type\":\"ListItem\",\"position\":3,\"name\":\"Forrester\",\"item\":\"https:\/\/www.overit.ai\/de\/analystenberichte\/forrester\/\"},{\"@type\":\"ListItem\",\"position\":4,\"name\":\"A Reality Check for Enterprise Extended Reality and Metaverse, Q2 2023\"}]},{\"@type\":\"WebSite\",\"@id\":\"https:\/\/www.overit.ai\/de\/#website\",\"url\":\"https:\/\/www.overit.ai\/de\/\",\"name\":\"OverIT\",\"description\":\"Innovation in Field Service Management\",\"publisher\":{\"@id\":\"https:\/\/www.overit.ai\/de\/#organization\"},\"potentialAction\":[{\"@type\":\"SearchAction\",\"target\":{\"@type\":\"EntryPoint\",\"urlTemplate\":\"https:\/\/www.overit.ai\/de\/?s={search_term_string}\"},\"query-input\":{\"@type\":\"PropertyValueSpecification\",\"valueRequired\":true,\"valueName\":\"search_term_string\"}}],\"inLanguage\":\"de-DE\"},{\"@type\":\"Organization\",\"@id\":\"https:\/\/www.overit.ai\/de\/#organization\",\"name\":\"OverIT\",\"url\":\"https:\/\/www.overit.ai\/de\/\",\"logo\":{\"@type\":\"ImageObject\",\"inLanguage\":\"de-DE\",\"@id\":\"https:\/\/www.overit.ai\/de\/#\/schema\/logo\/image\/\",\"url\":\"https:\/\/www.overit.ai\/app\/uploads\/2021\/10\/OverIT-logo-400.png\",\"contentUrl\":\"https:\/\/www.overit.ai\/app\/uploads\/2021\/10\/OverIT-logo-400.png\",\"width\":400,\"height\":250,\"caption\":\"OverIT\"},\"image\":{\"@id\":\"https:\/\/www.overit.ai\/de\/#\/schema\/logo\/image\/\"}}]}<\/script>\n<!-- \/ Yoast SEO Premium plugin. -->","yoast_head_json":{"title":"Forrester: Enterprise Extended Reality & Metaverse","description":"OverIT wurde in den Forrester-Berichten \u201eA Reality Check for Enterprise Extended Reality and Metaverse\u201c (Q2 2023) im Kontext von XR","robots":{"index":"index","follow":"follow","max-snippet":"max-snippet:-1","max-image-preview":"max-image-preview:large","max-video-preview":"max-video-preview:-1"},"canonical":"https:\/\/www.overit.ai\/de\/analystenberichte\/forrester\/a-reality-check-enterprise-extended-reality-metaverse-2023\/","og_locale":"de_DE","og_type":"article","og_title":"Forrester: Enterprise Extended Reality & Metaverse \u2013 Reality Check (Q2 2023)","og_description":"OverIT wurde in den Forrester-Berichten \u201eA Reality Check for Enterprise Extended Reality and Metaverse\u201c (Q2 2023) im Kontext von XR- und Metaverse-Anwendungsf\u00e4llen erw\u00e4hnt.","og_url":"https:\/\/www.overit.ai\/de\/analystenberichte\/forrester\/a-reality-check-enterprise-extended-reality-metaverse-2023\/","og_site_name":"OverIT","article_modified_time":"2026-04-23T15:45:56+00:00","og_image":[{"width":2560,"height":1718,"url":"https:\/\/www.overit.ai\/app\/uploads\/2023\/05\/hector-j-rivas-1FxMET2U5dU-unsplash-scaled.jpg","type":"image\/jpeg"}],"twitter_card":"summary_large_image","twitter_title":"Forrester: Enterprise Extended Reality & Metaverse \u2013 Reality Check (Q2 2023)","twitter_description":"OverIT wurde in den Forrester-Berichten \u201eA Reality Check for Enterprise Extended Reality and Metaverse\u201c (Q2 2023) im Kontext von XR- und Metaverse-Anwendungsf\u00e4llen erw\u00e4hnt.","twitter_misc":{"Est. reading time":"3 minutes"},"schema":{"@context":"https:\/\/schema.org","@graph":[{"@type":"WebPage","@id":"https:\/\/www.overit.ai\/de\/analystenberichte\/forrester\/a-reality-check-enterprise-extended-reality-metaverse-2023\/","url":"https:\/\/www.overit.ai\/de\/analystenberichte\/forrester\/a-reality-check-enterprise-extended-reality-metaverse-2023\/","name":"Forrester: Enterprise Extended Reality & Metaverse","isPartOf":{"@id":"https:\/\/www.overit.ai\/de\/#website"},"primaryImageOfPage":{"@id":"https:\/\/www.overit.ai\/de\/analystenberichte\/forrester\/a-reality-check-enterprise-extended-reality-metaverse-2023\/#primaryimage"},"image":{"@id":"https:\/\/www.overit.ai\/de\/analystenberichte\/forrester\/a-reality-check-enterprise-extended-reality-metaverse-2023\/#primaryimage"},"thumbnailUrl":"https:\/\/www.overit.ai\/app\/uploads\/2023\/05\/hector-j-rivas-1FxMET2U5dU-unsplash-scaled.jpg","datePublished":"2026-01-21T13:30:41+00:00","dateModified":"2026-04-23T15:45:56+00:00","description":"OverIT wurde in den Forrester-Berichten \u201eA Reality Check for Enterprise Extended Reality and Metaverse\u201c (Q2 2023) im Kontext von XR","breadcrumb":{"@id":"https:\/\/www.overit.ai\/de\/analystenberichte\/forrester\/a-reality-check-enterprise-extended-reality-metaverse-2023\/#breadcrumb"},"inLanguage":"de-DE","potentialAction":[{"@type":"ReadAction","target":["https:\/\/www.overit.ai\/de\/analystenberichte\/forrester\/a-reality-check-enterprise-extended-reality-metaverse-2023\/"]}]},{"@type":"ImageObject","inLanguage":"de-DE","@id":"https:\/\/www.overit.ai\/de\/analystenberichte\/forrester\/a-reality-check-enterprise-extended-reality-metaverse-2023\/#primaryimage","url":"https:\/\/www.overit.ai\/app\/uploads\/2023\/05\/hector-j-rivas-1FxMET2U5dU-unsplash-scaled.jpg","contentUrl":"https:\/\/www.overit.ai\/app\/uploads\/2023\/05\/hector-j-rivas-1FxMET2U5dU-unsplash-scaled.jpg","width":2560,"height":1718,"caption":"Forrester Q2 2023"},{"@type":"BreadcrumbList","@id":"https:\/\/www.overit.ai\/de\/analystenberichte\/forrester\/a-reality-check-enterprise-extended-reality-metaverse-2023\/#breadcrumb","itemListElement":[{"@type":"ListItem","position":1,"name":"Home","item":"https:\/\/www.overit.ai\/de\/"},{"@type":"ListItem","position":2,"name":"Analystenberichte","item":"https:\/\/www.overit.ai\/de\/analystenberichte\/"},{"@type":"ListItem","position":3,"name":"Forrester","item":"https:\/\/www.overit.ai\/de\/analystenberichte\/forrester\/"},{"@type":"ListItem","position":4,"name":"A Reality Check for Enterprise Extended Reality and Metaverse, Q2 2023"}]},{"@type":"WebSite","@id":"https:\/\/www.overit.ai\/de\/#website","url":"https:\/\/www.overit.ai\/de\/","name":"OverIT","description":"Innovation in Field Service Management","publisher":{"@id":"https:\/\/www.overit.ai\/de\/#organization"},"potentialAction":[{"@type":"SearchAction","target":{"@type":"EntryPoint","urlTemplate":"https:\/\/www.overit.ai\/de\/?s={search_term_string}"},"query-input":{"@type":"PropertyValueSpecification","valueRequired":true,"valueName":"search_term_string"}}],"inLanguage":"de-DE"},{"@type":"Organization","@id":"https:\/\/www.overit.ai\/de\/#organization","name":"OverIT","url":"https:\/\/www.overit.ai\/de\/","logo":{"@type":"ImageObject","inLanguage":"de-DE","@id":"https:\/\/www.overit.ai\/de\/#\/schema\/logo\/image\/","url":"https:\/\/www.overit.ai\/app\/uploads\/2021\/10\/OverIT-logo-400.png","contentUrl":"https:\/\/www.overit.ai\/app\/uploads\/2021\/10\/OverIT-logo-400.png","width":400,"height":250,"caption":"OverIT"},"image":{"@id":"https:\/\/www.overit.ai\/de\/#\/schema\/logo\/image\/"}}]}},"_links":{"self":[{"href":"https:\/\/www.overit.ai\/de\/wp-json\/wp\/v2\/pages\/67171","targetHints":{"allow":["GET"]}}],"collection":[{"href":"https:\/\/www.overit.ai\/de\/wp-json\/wp\/v2\/pages"}],"about":[{"href":"https:\/\/www.overit.ai\/de\/wp-json\/wp\/v2\/types\/page"}],"author":[{"embeddable":true,"href":"https:\/\/www.overit.ai\/de\/wp-json\/wp\/v2\/users\/3"}],"replies":[{"embeddable":true,"href":"https:\/\/www.overit.ai\/de\/wp-json\/wp\/v2\/comments?post=67171"}],"version-history":[{"count":8,"href":"https:\/\/www.overit.ai\/de\/wp-json\/wp\/v2\/pages\/67171\/revisions"}],"predecessor-version":[{"id":72999,"href":"https:\/\/www.overit.ai\/de\/wp-json\/wp\/v2\/pages\/67171\/revisions\/72999"}],"up":[{"embeddable":true,"href":"https:\/\/www.overit.ai\/de\/wp-json\/wp\/v2\/pages\/67169"}],"wp:featuredmedia":[{"embeddable":true,"href":"https:\/\/www.overit.ai\/de\/wp-json\/wp\/v2\/media\/67173"}],"wp:attachment":[{"href":"https:\/\/www.overit.ai\/de\/wp-json\/wp\/v2\/media?parent=67171"}],"wp:term":[{"taxonomy":"case_study_category","embeddable":true,"href":"https:\/\/www.overit.ai\/de\/wp-json\/wp\/v2\/case_study_category?post=67171"}],"curies":[{"name":"wp","href":"https:\/\/api.w.org\/{rel}","templated":true}]}}