{"id":67169,"date":"2026-01-21T13:27:09","date_gmt":"2026-01-21T13:27:09","guid":{"rendered":"https:\/\/www.overit.ai\/?page_id=67169"},"modified":"2026-04-24T13:44:23","modified_gmt":"2026-04-24T13:44:23","slug":"forrester","status":"publish","type":"page","link":"https:\/\/www.overit.ai\/de\/analystenberichte\/forrester\/","title":{"rendered":"Forrester"},"content":{"rendered":"<div\n  class=\"overit-block overit-block--white overit-radius-none overit-no-margin overit-no-padding \n  overit-block-full-width-top-banner\"\n        >\n  \n  <div class=\"overit-block-wrapper\">\n\n\n<section class=\"block-fwtb\">\n  <div class=\"block-fwtb__bg \">\n    <div class=\"block-fwtb__content block-fwtb__content--light\">\n                        <div class=\"block-fwtb__title\" data-aos=\"zoom-in\">FORRESTER<\/div>\n                                              <h1 class=\"block-fwtb__subtitle \" data-aos=\"zoom-in\" data-aos-delay=\"200\">Forrester-Auszeichnungen im Field Service Management<\/h1>\n                        <\/div>\n          <div class=\"block-fwtb__bg_image\" style=\"background: linear-gradient(0deg, rgba(0, 0, 0, 0), rgba(0, 0, 0, 0)), url('https:\/\/www.overit.ai\/app\/uploads\/2020\/12\/Forrester-reports-field-service-management-AR.jpg') center center\"><\/div>\n      <\/div>\n<\/section>\n\n<\/div><!-- .overit-block-wrapper -->\n<\/div><!-- .overit-block -->\n\n\n<div\n  class=\"overit-block overit-block--white overit-radius-full overit-no-margin overit-padding-medium \n  overit-block-analyst-reports\"\n        >\n  \n  <div class=\"overit-block-wrapper\">\n\n<section class=\"arp arp--analyst\">\n  <div class=\"arp__cont\">\n          \n                 \t                          \n      <div class=\"arp__header\">\n                        <div class=\"arp__header-analyst js-arp-category-selector\">\n          \n        <\/div>\n              <\/div>\n\n      <div class=\"arp__body\">\n                   <section class=\"arp__analyst-cont  js-arp-analyst\" data-category=\"\">\n                          <div class=\"arp__analyst-title\">\n                                  <a href=\"\/de\/analystenberichte\/forrester\/a-reality-check-enterprise-extended-reality-metaverse-2023\/\">\u201eA reality check for enterprise extended reality and metaverse\u201c und \u201eApply Three Principles To Your Enterprise Extended Reality And Metaverse Efforts\u201c, Quartal 2, 2023<\/a>\n                              <\/div>\n                        <div class=\"arp__analyst-description\"><p>Diese Berichte, in denen wir erw\u00e4hnt werden, analysieren, wie Extended-Reality- und Metaverse-Technologien \u00e4u\u00dferst n\u00fctzlich sein k\u00f6nnen, wenn sie dazu beitragen, die Zukunft der Arbeit neu zu gestalten.<\/p>\n<\/div>\n                          <div class=\"arp__analyst-link\">\n                <a href=\"\/de\/analystenberichte\/forrester\/a-reality-check-enterprise-extended-reality-metaverse-2023\/\" target=\"_self\">\n                                      MEHR ERFAHREN\n                                  <\/a>\n              <\/div>\n                      <\/section>\n              <\/div>\n      <\/div>\n<\/section>\n\n<\/div><!-- .overit-block-wrapper -->\n<\/div><!-- .overit-block -->\n\n\n<div\n  class=\"overit-block overit-block--light-gray overit-radius-full overit-no-margin overit-padding-big \n  overit-block-configurable-jumbotron\"\n        >\n  \n  <div class=\"overit-block-wrapper\">\n\n<section class=\"configurable-jumbotron center\" data-aos=\"fade-up\"\n     data-aos-anchor-placement=\"bottom-bottom\" data-aos-duration=\"800\">\n    \n                  <div class=\"cj-title medium\">\u00dcber 20 Jahre vertikale Erfahrung im Field Service Management<\/div>\n          \n                  <div class=\"cj-subtitle medium\"><p>Wir glauben, dass diese wichtigen Anerkennungen ein Beweis f\u00fcr unsere F\u00e4higkeit sind, Field Service Management-Prozesse in gro\u00dfem Umfang zu optimieren, um erfolgreiche Unterst\u00fctzung und Umsetzungen zu gew\u00e4hrleisten.<\/p>\n<\/div>\n          \n              <a class=\"cj-cta button button-black\" href=\"\/de\/branchen\/\">SEKTOREN ANZEIGEN<\/a>\n    <\/section>\n\n<\/div><!-- .overit-block-wrapper -->\n<\/div><!-- .overit-block -->\n\n\n\n<p><\/p>\n","protected":false},"excerpt":{"rendered":"","protected":false},"author":3,"featured_media":0,"parent":66836,"menu_order":0,"comment_status":"closed","ping_status":"closed","template":"","meta":{"_acf_changed":false,"footnotes":""},"case_study_category":[],"class_list":["post-67169","page","type-page","status-publish","hentry"],"acf":[],"yoast_head":"<!-- This site is optimized with the Yoast SEO Premium plugin v25.6 (Yoast SEO v25.6) - https:\/\/yoast.com\/wordpress\/plugins\/seo\/ -->\n<title>Forrester Research | Analystenberichte &amp; Auszeichnungen | OverIT<\/title>\n<meta name=\"description\" content=\"Entdecken Sie Forrester-Research-Berichte, in denen OverIT f\u00fcr seine Field-Service-Management-Funktionen im Enterprise-Umfeld bewertet wird\" \/>\n<meta name=\"robots\" content=\"index, follow, max-snippet:-1, max-image-preview:large, max-video-preview:-1\" \/>\n<link rel=\"canonical\" href=\"https:\/\/www.overit.ai\/de\/analystenberichte\/forrester\/\" \/>\n<meta property=\"og:locale\" content=\"de_DE\" \/>\n<meta property=\"og:type\" content=\"article\" \/>\n<meta property=\"og:title\" content=\"Forrester Research | Analystenberichte &amp; Auszeichnungen | OverIT\" \/>\n<meta property=\"og:description\" content=\"Entdecken Sie Forrester-Research-Berichte, in denen OverIT f\u00fcr seine Field-Service-Management-Funktionen im Enterprise-Umfeld bewertet wird.\" \/>\n<meta property=\"og:url\" content=\"https:\/\/www.overit.ai\/de\/analystenberichte\/forrester\/\" \/>\n<meta property=\"og:site_name\" content=\"OverIT\" \/>\n<meta property=\"article:modified_time\" content=\"2026-04-24T13:44:23+00:00\" \/>\n<meta property=\"og:image\" content=\"https:\/\/www.overit.ai\/app\/uploads\/2020\/12\/Forrester-reports-field-service-management-AR.jpg\" \/>\n<meta name=\"twitter:card\" content=\"summary_large_image\" \/>\n<meta name=\"twitter:title\" content=\"Forrester Research | Analystenberichte &amp; Auszeichnungen | OverIT\" \/>\n<meta name=\"twitter:description\" content=\"Entdecken Sie Forrester-Research-Berichte, in denen OverIT f\u00fcr seine Field-Service-Management-Funktionen im Enterprise-Umfeld bewertet wird.\" \/>\n<meta name=\"twitter:label1\" content=\"Est. reading time\" \/>\n\t<meta name=\"twitter:data1\" content=\"1 minute\" \/>\n<script type=\"application\/ld+json\" class=\"yoast-schema-graph\">{\"@context\":\"https:\/\/schema.org\",\"@graph\":[{\"@type\":\"WebPage\",\"@id\":\"https:\/\/www.overit.ai\/de\/analystenberichte\/forrester\/\",\"url\":\"https:\/\/www.overit.ai\/de\/analystenberichte\/forrester\/\",\"name\":\"Forrester Research | Analystenberichte & Auszeichnungen | OverIT\",\"isPartOf\":{\"@id\":\"https:\/\/www.overit.ai\/de\/#website\"},\"datePublished\":\"2026-01-21T13:27:09+00:00\",\"dateModified\":\"2026-04-24T13:44:23+00:00\",\"description\":\"Entdecken Sie Forrester-Research-Berichte, in denen OverIT f\u00fcr seine Field-Service-Management-Funktionen im Enterprise-Umfeld bewertet wird\",\"breadcrumb\":{\"@id\":\"https:\/\/www.overit.ai\/de\/analystenberichte\/forrester\/#breadcrumb\"},\"inLanguage\":\"de-DE\",\"potentialAction\":[{\"@type\":\"ReadAction\",\"target\":[\"https:\/\/www.overit.ai\/de\/analystenberichte\/forrester\/\"]}]},{\"@type\":\"BreadcrumbList\",\"@id\":\"https:\/\/www.overit.ai\/de\/analystenberichte\/forrester\/#breadcrumb\",\"itemListElement\":[{\"@type\":\"ListItem\",\"position\":1,\"name\":\"Home\",\"item\":\"https:\/\/www.overit.ai\/de\/\"},{\"@type\":\"ListItem\",\"position\":2,\"name\":\"Analystenberichte\",\"item\":\"https:\/\/www.overit.ai\/de\/analystenberichte\/\"},{\"@type\":\"ListItem\",\"position\":3,\"name\":\"Forrester\"}]},{\"@type\":\"WebSite\",\"@id\":\"https:\/\/www.overit.ai\/de\/#website\",\"url\":\"https:\/\/www.overit.ai\/de\/\",\"name\":\"OverIT\",\"description\":\"Innovation in Field Service Management\",\"publisher\":{\"@id\":\"https:\/\/www.overit.ai\/de\/#organization\"},\"potentialAction\":[{\"@type\":\"SearchAction\",\"target\":{\"@type\":\"EntryPoint\",\"urlTemplate\":\"https:\/\/www.overit.ai\/de\/?s={search_term_string}\"},\"query-input\":{\"@type\":\"PropertyValueSpecification\",\"valueRequired\":true,\"valueName\":\"search_term_string\"}}],\"inLanguage\":\"de-DE\"},{\"@type\":\"Organization\",\"@id\":\"https:\/\/www.overit.ai\/de\/#organization\",\"name\":\"OverIT\",\"url\":\"https:\/\/www.overit.ai\/de\/\",\"logo\":{\"@type\":\"ImageObject\",\"inLanguage\":\"de-DE\",\"@id\":\"https:\/\/www.overit.ai\/de\/#\/schema\/logo\/image\/\",\"url\":\"https:\/\/www.overit.ai\/app\/uploads\/2021\/10\/OverIT-logo-400.png\",\"contentUrl\":\"https:\/\/www.overit.ai\/app\/uploads\/2021\/10\/OverIT-logo-400.png\",\"width\":400,\"height\":250,\"caption\":\"OverIT\"},\"image\":{\"@id\":\"https:\/\/www.overit.ai\/de\/#\/schema\/logo\/image\/\"}}]}<\/script>\n<!-- \/ Yoast SEO Premium plugin. -->","yoast_head_json":{"title":"Forrester Research | Analystenberichte & Auszeichnungen | OverIT","description":"Entdecken Sie Forrester-Research-Berichte, in denen OverIT f\u00fcr seine Field-Service-Management-Funktionen im Enterprise-Umfeld bewertet wird","robots":{"index":"index","follow":"follow","max-snippet":"max-snippet:-1","max-image-preview":"max-image-preview:large","max-video-preview":"max-video-preview:-1"},"canonical":"https:\/\/www.overit.ai\/de\/analystenberichte\/forrester\/","og_locale":"de_DE","og_type":"article","og_title":"Forrester Research | Analystenberichte & Auszeichnungen | OverIT","og_description":"Entdecken Sie Forrester-Research-Berichte, in denen OverIT f\u00fcr seine Field-Service-Management-Funktionen im Enterprise-Umfeld bewertet wird.","og_url":"https:\/\/www.overit.ai\/de\/analystenberichte\/forrester\/","og_site_name":"OverIT","article_modified_time":"2026-04-24T13:44:23+00:00","og_image":[{"url":"https:\/\/www.overit.ai\/app\/uploads\/2020\/12\/Forrester-reports-field-service-management-AR.jpg","type":"","width":"","height":""}],"twitter_card":"summary_large_image","twitter_title":"Forrester Research | Analystenberichte & Auszeichnungen | OverIT","twitter_description":"Entdecken Sie Forrester-Research-Berichte, in denen OverIT f\u00fcr seine Field-Service-Management-Funktionen im Enterprise-Umfeld bewertet wird.","twitter_misc":{"Est. reading time":"1 minute"},"schema":{"@context":"https:\/\/schema.org","@graph":[{"@type":"WebPage","@id":"https:\/\/www.overit.ai\/de\/analystenberichte\/forrester\/","url":"https:\/\/www.overit.ai\/de\/analystenberichte\/forrester\/","name":"Forrester Research | Analystenberichte & Auszeichnungen | OverIT","isPartOf":{"@id":"https:\/\/www.overit.ai\/de\/#website"},"datePublished":"2026-01-21T13:27:09+00:00","dateModified":"2026-04-24T13:44:23+00:00","description":"Entdecken Sie Forrester-Research-Berichte, in denen OverIT f\u00fcr seine Field-Service-Management-Funktionen im Enterprise-Umfeld bewertet wird","breadcrumb":{"@id":"https:\/\/www.overit.ai\/de\/analystenberichte\/forrester\/#breadcrumb"},"inLanguage":"de-DE","potentialAction":[{"@type":"ReadAction","target":["https:\/\/www.overit.ai\/de\/analystenberichte\/forrester\/"]}]},{"@type":"BreadcrumbList","@id":"https:\/\/www.overit.ai\/de\/analystenberichte\/forrester\/#breadcrumb","itemListElement":[{"@type":"ListItem","position":1,"name":"Home","item":"https:\/\/www.overit.ai\/de\/"},{"@type":"ListItem","position":2,"name":"Analystenberichte","item":"https:\/\/www.overit.ai\/de\/analystenberichte\/"},{"@type":"ListItem","position":3,"name":"Forrester"}]},{"@type":"WebSite","@id":"https:\/\/www.overit.ai\/de\/#website","url":"https:\/\/www.overit.ai\/de\/","name":"OverIT","description":"Innovation in Field Service Management","publisher":{"@id":"https:\/\/www.overit.ai\/de\/#organization"},"potentialAction":[{"@type":"SearchAction","target":{"@type":"EntryPoint","urlTemplate":"https:\/\/www.overit.ai\/de\/?s={search_term_string}"},"query-input":{"@type":"PropertyValueSpecification","valueRequired":true,"valueName":"search_term_string"}}],"inLanguage":"de-DE"},{"@type":"Organization","@id":"https:\/\/www.overit.ai\/de\/#organization","name":"OverIT","url":"https:\/\/www.overit.ai\/de\/","logo":{"@type":"ImageObject","inLanguage":"de-DE","@id":"https:\/\/www.overit.ai\/de\/#\/schema\/logo\/image\/","url":"https:\/\/www.overit.ai\/app\/uploads\/2021\/10\/OverIT-logo-400.png","contentUrl":"https:\/\/www.overit.ai\/app\/uploads\/2021\/10\/OverIT-logo-400.png","width":400,"height":250,"caption":"OverIT"},"image":{"@id":"https:\/\/www.overit.ai\/de\/#\/schema\/logo\/image\/"}}]}},"_links":{"self":[{"href":"https:\/\/www.overit.ai\/de\/wp-json\/wp\/v2\/pages\/67169","targetHints":{"allow":["GET"]}}],"collection":[{"href":"https:\/\/www.overit.ai\/de\/wp-json\/wp\/v2\/pages"}],"about":[{"href":"https:\/\/www.overit.ai\/de\/wp-json\/wp\/v2\/types\/page"}],"author":[{"embeddable":true,"href":"https:\/\/www.overit.ai\/de\/wp-json\/wp\/v2\/users\/3"}],"replies":[{"embeddable":true,"href":"https:\/\/www.overit.ai\/de\/wp-json\/wp\/v2\/comments?post=67169"}],"version-history":[{"count":6,"href":"https:\/\/www.overit.ai\/de\/wp-json\/wp\/v2\/pages\/67169\/revisions"}],"predecessor-version":[{"id":73061,"href":"https:\/\/www.overit.ai\/de\/wp-json\/wp\/v2\/pages\/67169\/revisions\/73061"}],"up":[{"embeddable":true,"href":"https:\/\/www.overit.ai\/de\/wp-json\/wp\/v2\/pages\/66836"}],"wp:attachment":[{"href":"https:\/\/www.overit.ai\/de\/wp-json\/wp\/v2\/media?parent=67169"}],"wp:term":[{"taxonomy":"case_study_category","embeddable":true,"href":"https:\/\/www.overit.ai\/de\/wp-json\/wp\/v2\/case_study_category?post=67169"}],"curies":[{"name":"wp","href":"https:\/\/api.w.org\/{rel}","templated":true}]}}