{"id":67081,"date":"2026-01-22T17:02:14","date_gmt":"2026-01-22T17:02:14","guid":{"rendered":"https:\/\/www.overit.ai\/?page_id=67081"},"modified":"2026-04-28T14:28:39","modified_gmt":"2026-04-28T14:28:39","slug":"idc","status":"publish","type":"page","link":"https:\/\/www.overit.ai\/de\/analystenberichte\/idc\/","title":{"rendered":"IDC"},"content":{"rendered":"<div\n  class=\"overit-block overit-block--white overit-radius-none overit-no-margin overit-no-padding \n  overit-block-full-width-top-banner\"\n        >\n  \n  <div class=\"overit-block-wrapper\">\n\n\n<section class=\"block-fwtb\">\n  <div class=\"block-fwtb__bg \">\n    <div class=\"block-fwtb__content block-fwtb__content--light\">\n                        <div class=\"block-fwtb__title\" data-aos=\"zoom-in\">IDC<\/div>\n                                              <h1 class=\"block-fwtb__subtitle \" data-aos=\"zoom-in\" data-aos-delay=\"200\">Von IDC f\u00fcr unsere Expertise im Bereich FSM ausgezeichnet<\/h1>\n                        <\/div>\n          <div class=\"block-fwtb__bg_image\" style=\"background: linear-gradient(0deg, rgba(0, 0, 0, 0), rgba(0, 0, 0, 0)), url('https:\/\/www.overit.ai\/app\/uploads\/2020\/12\/IDC-reports-field-service-management-AR-1.jpg') center center\"><\/div>\n      <\/div>\n<\/section>\n\n<\/div><!-- .overit-block-wrapper -->\n<\/div><!-- .overit-block -->\n\n\n<div\n  class=\"overit-block overit-block--white overit-radius-full overit-no-margin overit-padding-medium \n  overit-block-analyst-reports\"\n        >\n  \n  <div class=\"overit-block-wrapper\">\n\n<section class=\"arp arp--analyst\">\n  <div class=\"arp__cont\">\n          \n                 \t                                                                                              \n      <div class=\"arp__header\">\n                  <div class=\"arp__header-analyst js-arp-category-selector js-arp-show-all arp__header-analyst--show-all selected\">\n                          ALLE ANZEIGEN\n                      <\/div>\n                        <div class=\"arp__header-analyst js-arp-category-selector\">\n          field service management\n        <\/div>\n              <\/div>\n\n      <div class=\"arp__body\">\n                   <section class=\"arp__analyst-cont  js-arp-analyst\" data-category=\"field service management\">\n                          <h2 class=\"arp__analyst-title\">\n                                  <a href=\"\/de\/analystenberichte\/idc\/idc-marketscape-field-service-management-versorger-2023-2024\/\">OverIT von IDC Marketscape Worldwide Utilities Field Service Management Solutions 2023-2024 als Leader ausgezeichnet<\/a>\n                              <\/h2>\n                        <div class=\"arp__analyst-description\"><p>OverIT wurde in dem von Jean-Francois Segalotto, John Villali und Daniele Arenga verfassten \u201eIDC MarketScape Worldwide Field Service Management Solutions for Utilities 2023-2024\u201d als Leader ausgezeichnet.<\/p>\n<\/div>\n                          <div class=\"arp__analyst-link\">\n                <a href=\"\/de\/analystenberichte\/idc\/idc-marketscape-field-service-management-versorger-2023-2024\/\" target=\"_self\">\n                                      MEHR ERFAHREN\n                                  <\/a>\n              <\/div>\n                      <\/section>\n                   <section class=\"arp__analyst-cont  js-arp-analyst\" data-category=\"field service management\">\n                          <h2 class=\"arp__analyst-title\">\n                                  <a href=\"\/analysts-reports\/idc\/idc-marketscape-worldwide-field-service-management-solutions-for-utilities-2022\/\">OverIT von IDC im MarketScape 2022 als Leader ausgezeichnet<\/a>\n                              <\/h2>\n                        <div class=\"arp__analyst-description\"><p>Wir sind erneut f\u00fchrend! OverIT wurde von IDC als Leader im \u201eIDC MarketScape Worldwide Field Service Management Solutions for Utilities 2022\u201d ausgezeichnet, der von Jean-Francois Segalotto, Gaia Gallotti und Gaurav Verma verfasst wurde.<\/p>\n<\/div>\n                          <div class=\"arp__analyst-link\">\n                <a href=\"\/analysts-reports\/idc\/idc-marketscape-worldwide-field-service-management-solutions-for-utilities-2022\/\" target=\"_self\">\n                                      MEHR ERFAHREN\n                                  <\/a>\n              <\/div>\n                      <\/section>\n                   <section class=\"arp__analyst-cont  js-arp-analyst\" data-category=\"field service management\">\n                          <h2 class=\"arp__analyst-title\">\n                                  <a href=\"\/analysts-reports\/idc\/idc-marketscape-worldwide-manufacturing-field-service-management-applications-2021-2022\/\">IDC MarketScape Worldwide Manufacturing Field Service Management Applications 2021-2022<\/a>\n                              <\/h2>\n                        <div class=\"arp__analyst-description\"><p>OverIT wurde in der Studie \u201eIDC MarketScape Worldwide Manufacturing Field Service Management Applications 2021-2022\u201d als Major Player ausgezeichnet. Dieser Bericht \u201ebewertet die F\u00e4higkeiten und Gesch\u00e4ftsstrategien vieler Technologieanbieter im Bereich Field Service Management (FSM)\u201d f\u00fcr die Fertigungsindustrie.<\/p>\n<\/div>\n                          <div class=\"arp__analyst-link\">\n                <a href=\"\/analysts-reports\/idc\/idc-marketscape-worldwide-manufacturing-field-service-management-applications-2021-2022\/\" target=\"_self\">\n                                      MEHR ERFAHREN\n                                  <\/a>\n              <\/div>\n                      <\/section>\n                   <section class=\"arp__analyst-cont  js-arp-analyst\" data-category=\"field service management\">\n                          <h2 class=\"arp__analyst-title\">\n                                  <a href=\"\/de\/analystenberichte\/idc\/idc-overit-spin-off-engineering-group-fsm-2021\/\">OverIT spaltet sich von der Engineering Group ab, um sich auf den FSM-Markt zu konzentrieren<\/a>\n                              <\/h2>\n                        <div class=\"arp__analyst-description\"><p>Im Mittelpunkt dieser IDC-Studie steht die Abspaltung von der Engineering Group und die Ernennung von Paolo Bergamo zum neuen CEO von OverIT als \u201estrategischer Schritt, um sicherzustellen, dass technologische Innovationen Teil der langfristigen Gesch\u00e4ftsstrategie sind\u201c.<\/p>\n<\/div>\n                          <div class=\"arp__analyst-link\">\n                <a href=\"\/de\/analystenberichte\/idc\/idc-overit-spin-off-engineering-group-fsm-2021\/\" target=\"_self\">\n                                      MEHR ERFAHREN\n                                  <\/a>\n              <\/div>\n                      <\/section>\n                   <section class=\"arp__analyst-cont  js-arp-analyst\" data-category=\"field service management\">\n                          <h2 class=\"arp__analyst-title\">\n                                  <a href=\"\/analysts-reports\/idc\/idc-connecting-the-dots-in-field-service-italgas-innovates-with-ar-q1-2021\/\">Die L\u00fccken im Au\u00dfendienst schlie\u00dfen: Italgas setzt auf AR-Innovationen<\/a>\n                              <\/h2>\n                        <div class=\"arp__analyst-description\"><p>Dieser Bericht besch\u00e4ftigt sich mit dem italienischen Gasverteilungsnetzbetreiber Italgas und dessen Einsatz von AR im Au\u00dfendienst. Die Field Service Management-Software von OverIT wird als eine der L\u00f6sungen genannt, f\u00fcr die sich Italgas entschieden hat, um die digitale Transformation seiner Betriebsabl\u00e4ufe auf ein v\u00f6llig neues Niveau zu heben. <\/p>\n<\/div>\n                          <div class=\"arp__analyst-link\">\n                <a href=\"\/analysts-reports\/idc\/idc-connecting-the-dots-in-field-service-italgas-innovates-with-ar-q1-2021\/\" target=\"_self\">\n                                      MEHR ERFAHREN\n                                  <\/a>\n              <\/div>\n                      <\/section>\n              <\/div>\n      <\/div>\n<\/section>\n\n<\/div><!-- .overit-block-wrapper -->\n<\/div><!-- .overit-block -->\n","protected":false},"excerpt":{"rendered":"","protected":false},"author":28,"featured_media":0,"parent":66836,"menu_order":0,"comment_status":"closed","ping_status":"closed","template":"","meta":{"_acf_changed":false,"footnotes":""},"case_study_category":[],"class_list":["post-67081","page","type-page","status-publish","hentry"],"acf":[],"yoast_head":"<!-- This site is optimized with the Yoast SEO Premium plugin v25.6 (Yoast SEO v25.6) - https:\/\/yoast.com\/wordpress\/plugins\/seo\/ -->\n<title>IDC MarketScape\u00ae Analystenberichte | OverIT<\/title>\n<meta name=\"description\" content=\"Entdecken Sie IDC-MarketScape\u00ae-Berichte, in denen OverIT als Anbieter f\u00fcr Field Service Management-L\u00f6sungen bewertet wird.\" \/>\n<meta name=\"robots\" content=\"index, follow, max-snippet:-1, max-image-preview:large, max-video-preview:-1\" \/>\n<link rel=\"canonical\" href=\"https:\/\/www.overit.ai\/de\/analystenberichte\/idc\/\" \/>\n<meta property=\"og:locale\" content=\"de_DE\" \/>\n<meta property=\"og:type\" content=\"article\" \/>\n<meta property=\"og:title\" content=\"IDC MarketScape\u00ae Analystenberichte | OverIT\" \/>\n<meta property=\"og:description\" content=\"Entdecken Sie IDC-MarketScape\u00ae-Berichte, in denen OverIT als Anbieter f\u00fcr Field Service Management-L\u00f6sungen bewertet wird.\" \/>\n<meta property=\"og:url\" content=\"https:\/\/www.overit.ai\/de\/analystenberichte\/idc\/\" \/>\n<meta property=\"og:site_name\" content=\"OverIT\" \/>\n<meta property=\"article:modified_time\" content=\"2026-04-28T14:28:39+00:00\" \/>\n<meta name=\"twitter:card\" content=\"summary_large_image\" \/>\n<meta name=\"twitter:title\" content=\"IDC MarketScape\u00ae Analystenberichte | OverIT\" \/>\n<meta name=\"twitter:description\" content=\"Entdecken Sie IDC-MarketScape\u00ae-Berichte, in denen OverIT als Anbieter f\u00fcr Field Service Management-L\u00f6sungen bewertet wird.\" \/>\n<meta name=\"twitter:label1\" content=\"Est. reading time\" \/>\n\t<meta name=\"twitter:data1\" content=\"2 minutes\" \/>\n<script type=\"application\/ld+json\" class=\"yoast-schema-graph\">{\"@context\":\"https:\/\/schema.org\",\"@graph\":[{\"@type\":\"WebPage\",\"@id\":\"https:\/\/www.overit.ai\/de\/analystenberichte\/idc\/\",\"url\":\"https:\/\/www.overit.ai\/de\/analystenberichte\/idc\/\",\"name\":\"IDC MarketScape\u00ae Analystenberichte | OverIT\",\"isPartOf\":{\"@id\":\"https:\/\/www.overit.ai\/de\/#website\"},\"datePublished\":\"2026-01-22T17:02:14+00:00\",\"dateModified\":\"2026-04-28T14:28:39+00:00\",\"description\":\"Entdecken Sie IDC-MarketScape\u00ae-Berichte, in denen OverIT als Anbieter f\u00fcr Field Service Management-L\u00f6sungen bewertet wird.\",\"breadcrumb\":{\"@id\":\"https:\/\/www.overit.ai\/de\/analystenberichte\/idc\/#breadcrumb\"},\"inLanguage\":\"de-DE\",\"potentialAction\":[{\"@type\":\"ReadAction\",\"target\":[\"https:\/\/www.overit.ai\/de\/analystenberichte\/idc\/\"]}]},{\"@type\":\"BreadcrumbList\",\"@id\":\"https:\/\/www.overit.ai\/de\/analystenberichte\/idc\/#breadcrumb\",\"itemListElement\":[{\"@type\":\"ListItem\",\"position\":1,\"name\":\"Home\",\"item\":\"https:\/\/www.overit.ai\/de\/\"},{\"@type\":\"ListItem\",\"position\":2,\"name\":\"Analystenberichte\",\"item\":\"https:\/\/www.overit.ai\/de\/analystenberichte\/\"},{\"@type\":\"ListItem\",\"position\":3,\"name\":\"IDC\"}]},{\"@type\":\"WebSite\",\"@id\":\"https:\/\/www.overit.ai\/de\/#website\",\"url\":\"https:\/\/www.overit.ai\/de\/\",\"name\":\"OverIT\",\"description\":\"Innovation in Field Service Management\",\"publisher\":{\"@id\":\"https:\/\/www.overit.ai\/de\/#organization\"},\"potentialAction\":[{\"@type\":\"SearchAction\",\"target\":{\"@type\":\"EntryPoint\",\"urlTemplate\":\"https:\/\/www.overit.ai\/de\/?s={search_term_string}\"},\"query-input\":{\"@type\":\"PropertyValueSpecification\",\"valueRequired\":true,\"valueName\":\"search_term_string\"}}],\"inLanguage\":\"de-DE\"},{\"@type\":\"Organization\",\"@id\":\"https:\/\/www.overit.ai\/de\/#organization\",\"name\":\"OverIT\",\"url\":\"https:\/\/www.overit.ai\/de\/\",\"logo\":{\"@type\":\"ImageObject\",\"inLanguage\":\"de-DE\",\"@id\":\"https:\/\/www.overit.ai\/de\/#\/schema\/logo\/image\/\",\"url\":\"https:\/\/www.overit.ai\/app\/uploads\/2021\/10\/OverIT-logo-400.png\",\"contentUrl\":\"https:\/\/www.overit.ai\/app\/uploads\/2021\/10\/OverIT-logo-400.png\",\"width\":400,\"height\":250,\"caption\":\"OverIT\"},\"image\":{\"@id\":\"https:\/\/www.overit.ai\/de\/#\/schema\/logo\/image\/\"}}]}<\/script>\n<!-- \/ Yoast SEO Premium plugin. -->","yoast_head_json":{"title":"IDC MarketScape\u00ae Analystenberichte | OverIT","description":"Entdecken Sie IDC-MarketScape\u00ae-Berichte, in denen OverIT als Anbieter f\u00fcr Field Service Management-L\u00f6sungen bewertet wird.","robots":{"index":"index","follow":"follow","max-snippet":"max-snippet:-1","max-image-preview":"max-image-preview:large","max-video-preview":"max-video-preview:-1"},"canonical":"https:\/\/www.overit.ai\/de\/analystenberichte\/idc\/","og_locale":"de_DE","og_type":"article","og_title":"IDC MarketScape\u00ae Analystenberichte | OverIT","og_description":"Entdecken Sie IDC-MarketScape\u00ae-Berichte, in denen OverIT als Anbieter f\u00fcr Field Service Management-L\u00f6sungen bewertet wird.","og_url":"https:\/\/www.overit.ai\/de\/analystenberichte\/idc\/","og_site_name":"OverIT","article_modified_time":"2026-04-28T14:28:39+00:00","twitter_card":"summary_large_image","twitter_title":"IDC MarketScape\u00ae Analystenberichte | OverIT","twitter_description":"Entdecken Sie IDC-MarketScape\u00ae-Berichte, in denen OverIT als Anbieter f\u00fcr Field Service Management-L\u00f6sungen bewertet wird.","twitter_misc":{"Est. reading time":"2 minutes"},"schema":{"@context":"https:\/\/schema.org","@graph":[{"@type":"WebPage","@id":"https:\/\/www.overit.ai\/de\/analystenberichte\/idc\/","url":"https:\/\/www.overit.ai\/de\/analystenberichte\/idc\/","name":"IDC MarketScape\u00ae Analystenberichte | OverIT","isPartOf":{"@id":"https:\/\/www.overit.ai\/de\/#website"},"datePublished":"2026-01-22T17:02:14+00:00","dateModified":"2026-04-28T14:28:39+00:00","description":"Entdecken Sie IDC-MarketScape\u00ae-Berichte, in denen OverIT als Anbieter f\u00fcr Field Service Management-L\u00f6sungen bewertet wird.","breadcrumb":{"@id":"https:\/\/www.overit.ai\/de\/analystenberichte\/idc\/#breadcrumb"},"inLanguage":"de-DE","potentialAction":[{"@type":"ReadAction","target":["https:\/\/www.overit.ai\/de\/analystenberichte\/idc\/"]}]},{"@type":"BreadcrumbList","@id":"https:\/\/www.overit.ai\/de\/analystenberichte\/idc\/#breadcrumb","itemListElement":[{"@type":"ListItem","position":1,"name":"Home","item":"https:\/\/www.overit.ai\/de\/"},{"@type":"ListItem","position":2,"name":"Analystenberichte","item":"https:\/\/www.overit.ai\/de\/analystenberichte\/"},{"@type":"ListItem","position":3,"name":"IDC"}]},{"@type":"WebSite","@id":"https:\/\/www.overit.ai\/de\/#website","url":"https:\/\/www.overit.ai\/de\/","name":"OverIT","description":"Innovation in Field Service Management","publisher":{"@id":"https:\/\/www.overit.ai\/de\/#organization"},"potentialAction":[{"@type":"SearchAction","target":{"@type":"EntryPoint","urlTemplate":"https:\/\/www.overit.ai\/de\/?s={search_term_string}"},"query-input":{"@type":"PropertyValueSpecification","valueRequired":true,"valueName":"search_term_string"}}],"inLanguage":"de-DE"},{"@type":"Organization","@id":"https:\/\/www.overit.ai\/de\/#organization","name":"OverIT","url":"https:\/\/www.overit.ai\/de\/","logo":{"@type":"ImageObject","inLanguage":"de-DE","@id":"https:\/\/www.overit.ai\/de\/#\/schema\/logo\/image\/","url":"https:\/\/www.overit.ai\/app\/uploads\/2021\/10\/OverIT-logo-400.png","contentUrl":"https:\/\/www.overit.ai\/app\/uploads\/2021\/10\/OverIT-logo-400.png","width":400,"height":250,"caption":"OverIT"},"image":{"@id":"https:\/\/www.overit.ai\/de\/#\/schema\/logo\/image\/"}}]}},"_links":{"self":[{"href":"https:\/\/www.overit.ai\/de\/wp-json\/wp\/v2\/pages\/67081","targetHints":{"allow":["GET"]}}],"collection":[{"href":"https:\/\/www.overit.ai\/de\/wp-json\/wp\/v2\/pages"}],"about":[{"href":"https:\/\/www.overit.ai\/de\/wp-json\/wp\/v2\/types\/page"}],"author":[{"embeddable":true,"href":"https:\/\/www.overit.ai\/de\/wp-json\/wp\/v2\/users\/28"}],"replies":[{"embeddable":true,"href":"https:\/\/www.overit.ai\/de\/wp-json\/wp\/v2\/comments?post=67081"}],"version-history":[{"count":9,"href":"https:\/\/www.overit.ai\/de\/wp-json\/wp\/v2\/pages\/67081\/revisions"}],"predecessor-version":[{"id":73322,"href":"https:\/\/www.overit.ai\/de\/wp-json\/wp\/v2\/pages\/67081\/revisions\/73322"}],"up":[{"embeddable":true,"href":"https:\/\/www.overit.ai\/de\/wp-json\/wp\/v2\/pages\/66836"}],"wp:attachment":[{"href":"https:\/\/www.overit.ai\/de\/wp-json\/wp\/v2\/media?parent=67081"}],"wp:term":[{"taxonomy":"case_study_category","embeddable":true,"href":"https:\/\/www.overit.ai\/de\/wp-json\/wp\/v2\/case_study_category?post=67081"}],"curies":[{"name":"wp","href":"https:\/\/api.w.org\/{rel}","templated":true}]}}