{"id":66952,"date":"2026-02-26T14:37:02","date_gmt":"2026-02-26T14:37:02","guid":{"rendered":"https:\/\/www.overit.ai\/?page_id=66952"},"modified":"2026-03-30T11:53:55","modified_gmt":"2026-03-30T11:53:55","slug":"open-fiber-field-service-management","status":"publish","type":"page","link":"https:\/\/www.overit.ai\/de\/kunden\/kundenerfolgsgeschichten\/open-fiber-field-service-management\/","title":{"rendered":"Cost reduction in the development of network routes and connections"},"content":{"rendered":"<div\n  class=\"overit-block overit-block--white overit-radius-none overit-margin-small-bottom overit-no-padding \n  overit-block-customer-page-header\"\n        >\n  \n  <div class=\"overit-block-wrapper\">\n\n<div class=\"cph\">\n  \n    <div class=\"cph_slogan-cont\" style=\"background: linear-gradient(0deg, rgba(0, 0, 0, 0.35), rgba(0, 0, 0, 0.35)), url('https:\/\/www.overit.ai\/app\/uploads\/2020\/12\/open-fiber-fibra-ottica-fsm.jpg') center center\">\n                  <div class=\"cph__section-title\">Open Fiber<\/div>\n                                    <h1 class=\"cph__slogan\">Kostensenkung bei der Entwicklung von Netzstrecken und -verbindungen<\/h1>\n            <\/div>\n  <div class=\"cph__customer-section\" data-aos=\"fade-up\">\n    <div class=\"cph__customer-desc-cont\">\n                    <img decoding=\"async\" class=\"cph__customer-logo\" src=\"https:\/\/www.overit.ai\/app\/uploads\/2020\/11\/open-fiber-logo.png\" alt=\"open-fiber-logo\" width=\"1626\" height=\"318\" \/>\n            <div class=\"cph__customer-desc\">\n        <p>Open Fiber installiert, verwaltet und wartet das Glasfasernetz in Italien und setzt dabei auf die Fiber-to-the-Home (FTTH)-Technologie. Ziel ist der Aufbau eines umfassenden und effizienten Ultrabreitbandnetzes zur Anbindung der wichtigsten italienischen St\u00e4dte und Industriezentren. <\/p>\n\n      <\/div>\n    <\/div>\n    <div class=\"cph__customer-facts\">\n              <div class=\"cph__facts-title\">SCHL\u00dcSSELINFORMATIONEN<\/div>\n        <div class=\"cph__facts\">\n                     <div class=\"cph__fact-cont\">\n            <div class=\"cph__fact-label\">\n              Industrie\n            <\/div>\n            <div class=\"cph__fact\">\n              Telekommunikation und Media\n            <\/div>\n          <\/div>\n                     <div class=\"cph__fact-cont\">\n            <div class=\"cph__fact-label\">\n              Region\n            <\/div>\n            <div class=\"cph__fact\">\n              EMEA\n            <\/div>\n          <\/div>\n                     <div class=\"cph__fact-cont\">\n            <div class=\"cph__fact-label\">\n              Interne Techniker\n            <\/div>\n            <div class=\"cph__fact\">\n              60\n            <\/div>\n          <\/div>\n                     <div class=\"cph__fact-cont\">\n            <div class=\"cph__fact-label\">\n              Durchf\u00fchrbarkeitsstudien pro Jahr\n            <\/div>\n            <div class=\"cph__fact\">\n              \u00dcber 1 Mio.\n            <\/div>\n          <\/div>\n                  <\/div>\n          <\/div>\n  <\/div>\n<\/div>\n\n<\/div><!-- .overit-block-wrapper -->\n<\/div><!-- .overit-block -->\n\n\n<div\n  class=\"overit-block overit-block--white overit-radius-full overit-no-margin overit-padding-small overit-block--fullwidth\n  overit-block-configurable-jumbotron\"\n        >\n  \n  <div class=\"overit-block-wrapper\">\n\n<section class=\"configurable-jumbotron left\" >\n    \n    \n                  <div class=\"cj-subtitle small\"><p>Ob in einer gro\u00dfen Metropole oder in einem abgelegenen Dorf, Einzelpersonen und Unternehmen jeder Gr\u00f6\u00dfe erleben die technologische und digitale Revolution, die heutzutage stattfindet, in vollem Umfang. Soziale Medien und Remote-Anrufe geh\u00f6ren f\u00fcr die meisten von uns zum Alltag, w\u00e4hrend das Internet der Dinge, k\u00fcnstliche Intelligenz, Augmented Reality und Analytik beliebte Themen f\u00fcr Unternehmen sind. Eine schnelle und zuverl\u00e4ssige Verbindung, die von \u00fcberall aus zug\u00e4nglich ist, ist daher ein Muss, um solche bahnbrechenden Technologien zu erm\u00f6glichen. Und genau in diesem Szenario hat sich Open Fiber als einer der wichtigsten Akteure im Telekommunikationssektor etabliert, der einen sicheren Zugang zum Telekommunikationsnetz garantiert, unabh\u00e4ngig davon, von wo aus wir uns verbinden.<\/p>\n<\/div>\n          \n        <\/section>\n\n<\/div><!-- .overit-block-wrapper -->\n<\/div><!-- .overit-block -->\n\n\n<div\n  class=\"overit-block overit-block--white overit-radius-full overit-no-margin overit-padding-small overit-block--fullwidth\n  overit-block-configurable-jumbotron\"\n        >\n  \n  <div class=\"overit-block-wrapper\">\n\n<section class=\"configurable-jumbotron left\" >\n                  <h3 class=\"cj-section-title\">UNTERNEHMERISCHE HERAUSFORDERUNG<\/h3>\n          \n                  <div class=\"cj-title medium\">Sch\u00e4tzung neuer Netzstrecken und -verbindungen<\/div>\n          \n                  <div class=\"cj-subtitle small\"><p>Die Verwaltung des gesamten Glasfasernetzes, das \u00fcber verschiedene geografische Gebiete in Italien verteilt ist, ist eine echte Herausforderung, die besondere Aufmerksamkeit und eine vorherige gr\u00fcndliche Analyse erfordert. Ohne ein geeignetes und technologisch fortschrittliches Instrument erweist sich die Absch\u00e4tzung und Entwicklung neuer Netzstrecken und -verbindungen als langwieriger und schwieriger Prozess. Im Bewusstsein der zahlreichen Vorteile, die sich aus der F\u00f6rderung von Innovationen auf Unternehmensebene ergeben, suchte Open Fiber nach einem Tool zur Unterst\u00fctzung seiner mehr als 1 Mio. vorl\u00e4ufigen Machbarkeitsstudien zur Entwicklung neuer Glasfaserstrecken und Netzverbindungen, die aus 5 Mio. Knotenpunkten und 3 Millionen B\u00f6gen bestehen.<\/p>\n<\/div>\n          \n        <\/section>\n\n<\/div><!-- .overit-block-wrapper -->\n<\/div><!-- .overit-block -->\n\n\n<div\n  class=\"overit-block overit-block--white overit-radius-full  overit-no-padding \n  overit-block-separator\"\n        >\n  \n  <div class=\"overit-block-wrapper\">\n\n<div class=\"overit-separator overit-separator--boxed\">\n  <hr\/>\n<\/div>\n\n<\/div><!-- .overit-block-wrapper -->\n<\/div><!-- .overit-block -->\n\n\n<div\n  class=\"overit-block overit-block--white overit-radius-full overit-no-margin overit-padding-small overit-block--fullwidth\n  overit-block-configurable-jumbotron\"\n        >\n  \n  <div class=\"overit-block-wrapper\">\n\n<section class=\"configurable-jumbotron left\" >\n                  <h3 class=\"cj-section-title\">L\u00d6SUNG<\/h3>\n          \n                  <div class=\"cj-title medium\">Optimierte Entwicklung von Glasfaserstrecken mit Hilfe der L\u00f6sung von OverIT<\/div>\n          \n                  <div class=\"cj-subtitle small\"><p>Dank spezifischer Algorithmen, die auf Daten- und Optimierungslogiken basieren, hat sich die L\u00f6sung von OverIT als ideales Produkt f\u00fcr Open Fiber erwiesen, um einfach und schnell die Machbarkeit abzusch\u00e4tzen und neue Netzverbindungen, Routen und interessante Standorte zu kartieren.<\/p>\n<ul>\n<li><strong>Integration mit Plattformen von Drittanbietern<\/strong><br \/>\nErstellung, Ausf\u00fchrung, Nachbesprechung und Auswertung von Arbeitsauftr\u00e4gen und st\u00e4ndige Aktualisierung des Mastersystems durch Integration mit: Smallworld GIS Physical Network Inventory zum Abrufen von Netzwerkdaten f\u00fcr die Berechnung von Routen; Salesforce CRM zum Empfangen von Anfragen f\u00fcr Angebote f\u00fcr neue Verbindungen; andere Plattformen (Open Fiber-Netzwerke, Infrastrukturen von Drittanbietern und OLO), die eigene Routing-Algorithmen verwenden<\/li>\n<li><strong>Effizientes Netz erstellen<\/strong><br \/>\nDurchf\u00fchrung von Simulationen zum Ausbau des Glasfasernetzes durch Festlegung verschiedener Parameter je nach verwendeter Technologie (unterirdisch oder oberirdisch) und Infrastruktur (ex-novo, geplant, ausgef\u00fchrt) und Einhaltung der festgelegten Effizienzstandards durch \u00dcberpr\u00fcfung und Validierung der Aktivit\u00e4ten w\u00e4hrend und nach ihrer Ausf\u00fchrung<\/li>\n<li><strong>Sch\u00e4tzung der Verkabelungsoptionen<\/strong><br \/>\nBereitstellung spezifischer Infrastrukturdiagramme zur Anwendung der Routing-Logik und zur Absch\u00e4tzung der besten Verkabelungsoptionen<\/li>\n<li><strong>Prognose f\u00fcr Glasfaserstandorte<\/strong><br \/>\nSchnelle und automatische Vorhersage der Kosten f\u00fcr die Umsetzung neuer Standortverbindungen durch Analyse des besten Pfades zur Anbindung der bestehenden Netzinfrastruktur<\/li>\n<\/ul>\n<\/div>\n          \n        <\/section>\n\n<\/div><!-- .overit-block-wrapper -->\n<\/div><!-- .overit-block -->\n\n\n<div\n  class=\"overit-block overit-block--white overit-radius-full  overit-no-padding \n  overit-block-separator\"\n        >\n  \n  <div class=\"overit-block-wrapper\">\n\n<div class=\"overit-separator overit-separator--boxed\">\n  <hr\/>\n<\/div>\n\n<\/div><!-- .overit-block-wrapper -->\n<\/div><!-- .overit-block -->\n\n\n<div\n  class=\"overit-block overit-block--white overit-radius-full overit-no-margin overit-padding-medium overit-block--fullwidth\n  overit-block-configurable-jumbotron\"\n        >\n  \n  <div class=\"overit-block-wrapper\">\n\n<section class=\"configurable-jumbotron left\" >\n                  <h3 class=\"cj-section-title\">ERGEBNISSE<\/h3>\n          \n                  <div class=\"cj-title medium\">Die Einf\u00fchrung der FSM-L\u00f6sung von OverIT f\u00fchrte zu bemerkenswerten Verbesserungen <\/div>\n          \n    \n        <\/section>\n\n<\/div><!-- .overit-block-wrapper -->\n<\/div><!-- .overit-block -->\n\n\n<div\n  class=\"overit-block overit-block--white overit-radius-full overit-margin-small-bottom overit-padding-medium-bottom \n  overit-block-multi-info-cards\"\n        >\n  \n  <div class=\"overit-block-wrapper\">\n\n<div class=\"info-cards info-cards--3 info-cards--align-left\">\n        <div class=\"info-cards__sections \">\n                  <div class=\"info-card info-card--3\n                    info-card--without-icon\n          \n          info-card--top-line\n        \">\n        <div class=\"info-card-inner\">\n                                                      <div class=\"info-card__description\" >\n              <p>Verringerung der Kosten und des Zeitaufwands f\u00fcr die Einrichtung von Netzverbindungen <\/p>\n\n            <\/div>\n                  <\/div>\n      <\/div>\n                  <div class=\"info-card info-card--3\n                    info-card--without-icon\n          \n          info-card--top-line\n        \">\n        <div class=\"info-card-inner\">\n                                                      <div class=\"info-card__description\" >\n              <p>Optimierung und Aggregation von Strecken <\/p>\n\n            <\/div>\n                  <\/div>\n      <\/div>\n                  <div class=\"info-card info-card--3\n                    info-card--without-icon\n          \n          info-card--top-line\n        \">\n        <div class=\"info-card-inner\">\n                                                      <div class=\"info-card__description\" >\n              <p>Verbesserung der Reaktionszeit f\u00fcr Kunden in der Angebotsphase <\/p>\n\n            <\/div>\n                  <\/div>\n      <\/div>\n          <\/div>\n  <\/div>\n\n<\/div><!-- .overit-block-wrapper -->\n<\/div><!-- .overit-block -->\n\n\n<div\n  class=\"overit-block overit-block--white overit-radius-full overit-no-margin overit-padding-small-bottom \n  overit-block-customer-disclaimer\"\n        >\n  \n  <div class=\"overit-block-wrapper\">\n\n<div class=\"cdisclaimer\">\n  <div class=\"cdisclaimer__bg\">&nbsp;<\/div>\n  <div class=\"cdisclaimer__content\">\n    <div class=\"cdisclaimer__title-cont\">\n      <div class=\"cdisclaimer__img\">\n        <img decoding=\"async\" src=\"https:\/\/www.overit.ai\/app\/themes\/overit-theme\/dist\/images\/citation_d93c975a.svg\" alt=\"citation symbol\" \/>\n      <\/div>\n      <div class=\"cdisclaimer__title\">\n        IT Assurance Manager \n      <\/div>\n    <\/div>\n    <div class=\"cdisclaimer__description\" data-aos=\"fade-left\">\n      <p><em>\u201eKonfigurierbarkeit und Flexibilit\u00e4t sind gro\u00dfartige Produkteigenschaften, die sich hervorragend daf\u00fcr eignen, die Benutzerfreundlichkeit an die Bed\u00fcrfnisse der Nutzer vor Ort anzupassen.\u201c <\/em><\/p>\n\n    <\/div>\n  <\/div>\n<\/div>\n\n<\/div><!-- .overit-block-wrapper -->\n<\/div><!-- .overit-block -->\n\n\n<div\n  class=\"overit-block overit-block--white overit-radius-full overit-margin-medium overit-padding-medium \n  overit-block-sustainable-development-goals\"\n        >\n  \n  <div class=\"overit-block-wrapper\">\n\n\n<div class=\"sdg\" id=\"\">\n  <div class=\"sdg__container\">\n    <div class=\"sdg__logo\">\n      <img decoding=\"async\" src=\"https:\/\/www.overit.ai\/app\/themes\/overit-theme\/resources\/assets\/images\/sdg\/DE\/logo.png\" width=\"96\" height=\"82\" alt=\"Symbol f\u00fcr die Ziele f\u00fcr nachhaltige Entwicklung\" \/>\n    <\/div>\n          <div class=\"sdg__description\">\n        <p><p>Heutzutage ist Nachhaltigkeit ein Grundpfeiler, der die Gesellschaft in ihrer Gesamtheit betrifft und von den Unternehmen verlangt, eine Vielzahl von Initiativen zu ergreifen, um sie zu f\u00f6rdern. Die Unterst\u00fctzung von Au\u00dfendienstmitarbeitern bei der Umsetzung von Kundenprozessen, die auf der L\u00f6sung von OverIT basieren, ist die perfekte Entscheidung, um Nachhaltigkeitswerte zu respektieren, Innovationen zu f\u00f6rdern und neue Netzwerkrouten effektiv umzusetzen und zu optimieren. Der Aufbau widerstandsf\u00e4higer Infrastrukturen ist f\u00fcr Open Fiber eine Angelegenheit von h\u00f6chster Priorit\u00e4t, um zu gew\u00e4hrleisten, dass St\u00e4dte und Gemeinden nachhaltig, integrativ und sicher sind.<\/p>\n<\/p>\n      <\/div>\n              <div class=\"sdg__title\">\n        <p>OverIT <strong>NextGen Platform<\/strong> hat zur Erreichung der <strong>Ziele f\u00fcr nachhaltige Entwicklung<\/strong> beigetragen<\/p>\n      <\/div>\n      <div class=\"sdg__icons\">\n                                        <div class=\"sdg__icon\">\n              <img decoding=\"async\" src=\"https:\/\/www.overit.ai\/app\/themes\/overit-theme\/resources\/assets\/images\/sdg\/DE\/9.png\" alt=\"Symbol f\u00fcr Ziel f\u00fcr nachhaltige Entwicklung 9: Industrie, Innovation und Infrastruktur\" width=\"76\" height=\"76\" \/>\n            <\/div>\n                                                  <div class=\"sdg__icon\">\n              <img decoding=\"async\" src=\"https:\/\/www.overit.ai\/app\/themes\/overit-theme\/resources\/assets\/images\/sdg\/DE\/11.png\" alt=\"Symbol f\u00fcr Ziel f\u00fcr nachhaltige Entwicklung 11: Nachhaltige St\u00e4dte und Gemeinden\" width=\"76\" height=\"76\" \/>\n            <\/div>\n                        <\/div>\n      <\/div>\n<\/div>\n\n<\/div><!-- .overit-block-wrapper -->\n<\/div><!-- .overit-block -->\n\n\n\n<p><\/p>\n","protected":false},"excerpt":{"rendered":"","protected":false},"author":28,"featured_media":7221,"parent":67043,"menu_order":0,"comment_status":"closed","ping_status":"closed","template":"","meta":{"_acf_changed":false,"footnotes":""},"case_study_category":[217],"class_list":["post-66952","page","type-page","status-publish","has-post-thumbnail","hentry","case_study_category-telco"],"acf":[],"yoast_head":"<!-- This site is optimized with the Yoast SEO Premium plugin v25.6 (Yoast SEO v25.6) - https:\/\/yoast.com\/wordpress\/plugins\/seo\/ -->\n<title>Open Fiber Field Service Management | OverIT<\/title>\n<meta name=\"description\" content=\"Open Fiber Field Service Management optimiert Glasfaserplanung, Netzrouten und Machbarkeitsstudien mit OverIT.\" \/>\n<meta name=\"robots\" content=\"index, follow, max-snippet:-1, max-image-preview:large, max-video-preview:-1\" \/>\n<link rel=\"canonical\" href=\"https:\/\/www.overit.ai\/de\/kunden\/kundenerfolgsgeschichten\/open-fiber-field-service-management\/\" \/>\n<meta property=\"og:locale\" content=\"de_DE\" \/>\n<meta property=\"og:type\" content=\"article\" \/>\n<meta property=\"og:title\" content=\"Open Fiber Field Service Management | OverIT\" \/>\n<meta property=\"og:description\" content=\"Open Fiber Field Service Management optimiert Glasfaserplanung, Netzrouten und Machbarkeitsstudien mit OverIT.\" \/>\n<meta property=\"og:url\" content=\"https:\/\/www.overit.ai\/de\/kunden\/kundenerfolgsgeschichten\/open-fiber-field-service-management\/\" \/>\n<meta property=\"og:site_name\" content=\"OverIT\" \/>\n<meta property=\"article:modified_time\" content=\"2026-03-30T11:53:55+00:00\" \/>\n<meta property=\"og:image\" content=\"https:\/\/www.overit.ai\/app\/uploads\/2020\/12\/open-fiber-fibra-ottica-fsm.jpg\" \/>\n\t<meta property=\"og:image:width\" content=\"2000\" \/>\n\t<meta property=\"og:image:height\" content=\"1333\" \/>\n\t<meta property=\"og:image:type\" content=\"image\/jpeg\" \/>\n<meta name=\"twitter:card\" content=\"summary_large_image\" \/>\n<meta name=\"twitter:title\" content=\"Open Fiber Field Service Management | OverIT\" \/>\n<meta name=\"twitter:description\" content=\"Open Fiber Field Service Management optimiert Glasfaserplanung, Netzrouten und Machbarkeitsstudien mit OverIT.\" \/>\n<meta name=\"twitter:label1\" content=\"Est. reading time\" \/>\n\t<meta name=\"twitter:data1\" content=\"4 minutes\" \/>\n<script type=\"application\/ld+json\" class=\"yoast-schema-graph\">{\"@context\":\"https:\/\/schema.org\",\"@graph\":[{\"@type\":\"WebPage\",\"@id\":\"https:\/\/www.overit.ai\/de\/kunden\/kundenerfolgsgeschichten\/open-fiber-field-service-management\/\",\"url\":\"https:\/\/www.overit.ai\/de\/kunden\/kundenerfolgsgeschichten\/open-fiber-field-service-management\/\",\"name\":\"Open Fiber Field Service Management | OverIT\",\"isPartOf\":{\"@id\":\"https:\/\/www.overit.ai\/de\/#website\"},\"primaryImageOfPage\":{\"@id\":\"https:\/\/www.overit.ai\/de\/kunden\/kundenerfolgsgeschichten\/open-fiber-field-service-management\/#primaryimage\"},\"image\":{\"@id\":\"https:\/\/www.overit.ai\/de\/kunden\/kundenerfolgsgeschichten\/open-fiber-field-service-management\/#primaryimage\"},\"thumbnailUrl\":\"https:\/\/www.overit.ai\/app\/uploads\/2020\/12\/open-fiber-fibra-ottica-fsm.jpg\",\"datePublished\":\"2026-02-26T14:37:02+00:00\",\"dateModified\":\"2026-03-30T11:53:55+00:00\",\"description\":\"Open Fiber Field Service Management optimiert Glasfaserplanung, Netzrouten und Machbarkeitsstudien mit OverIT.\",\"breadcrumb\":{\"@id\":\"https:\/\/www.overit.ai\/de\/kunden\/kundenerfolgsgeschichten\/open-fiber-field-service-management\/#breadcrumb\"},\"inLanguage\":\"de-DE\",\"potentialAction\":[{\"@type\":\"ReadAction\",\"target\":[\"https:\/\/www.overit.ai\/de\/kunden\/kundenerfolgsgeschichten\/open-fiber-field-service-management\/\"]}]},{\"@type\":\"ImageObject\",\"inLanguage\":\"de-DE\",\"@id\":\"https:\/\/www.overit.ai\/de\/kunden\/kundenerfolgsgeschichten\/open-fiber-field-service-management\/#primaryimage\",\"url\":\"https:\/\/www.overit.ai\/app\/uploads\/2020\/12\/open-fiber-fibra-ottica-fsm.jpg\",\"contentUrl\":\"https:\/\/www.overit.ai\/app\/uploads\/2020\/12\/open-fiber-fibra-ottica-fsm.jpg\",\"width\":2000,\"height\":1333,\"caption\":\"Open Fiber Progetto Path\"},{\"@type\":\"BreadcrumbList\",\"@id\":\"https:\/\/www.overit.ai\/de\/kunden\/kundenerfolgsgeschichten\/open-fiber-field-service-management\/#breadcrumb\",\"itemListElement\":[{\"@type\":\"ListItem\",\"position\":1,\"name\":\"Home\",\"item\":\"https:\/\/www.overit.ai\/de\/\"},{\"@type\":\"ListItem\",\"position\":2,\"name\":\"Kunden\",\"item\":\"https:\/\/www.overit.ai\/de\/kunden\/\"},{\"@type\":\"ListItem\",\"position\":3,\"name\":\"Kundenerfolgsgeschichten\",\"item\":\"https:\/\/www.overit.ai\/de\/kunden\/kundenerfolgsgeschichten\/\"},{\"@type\":\"ListItem\",\"position\":4,\"name\":\"Cost reduction in the development of network routes and connections\"}]},{\"@type\":\"WebSite\",\"@id\":\"https:\/\/www.overit.ai\/de\/#website\",\"url\":\"https:\/\/www.overit.ai\/de\/\",\"name\":\"OverIT\",\"description\":\"Innovation in Field Service Management\",\"publisher\":{\"@id\":\"https:\/\/www.overit.ai\/de\/#organization\"},\"potentialAction\":[{\"@type\":\"SearchAction\",\"target\":{\"@type\":\"EntryPoint\",\"urlTemplate\":\"https:\/\/www.overit.ai\/de\/?s={search_term_string}\"},\"query-input\":{\"@type\":\"PropertyValueSpecification\",\"valueRequired\":true,\"valueName\":\"search_term_string\"}}],\"inLanguage\":\"de-DE\"},{\"@type\":\"Organization\",\"@id\":\"https:\/\/www.overit.ai\/de\/#organization\",\"name\":\"OverIT\",\"url\":\"https:\/\/www.overit.ai\/de\/\",\"logo\":{\"@type\":\"ImageObject\",\"inLanguage\":\"de-DE\",\"@id\":\"https:\/\/www.overit.ai\/de\/#\/schema\/logo\/image\/\",\"url\":\"https:\/\/www.overit.ai\/app\/uploads\/2021\/10\/OverIT-logo-400.png\",\"contentUrl\":\"https:\/\/www.overit.ai\/app\/uploads\/2021\/10\/OverIT-logo-400.png\",\"width\":400,\"height\":250,\"caption\":\"OverIT\"},\"image\":{\"@id\":\"https:\/\/www.overit.ai\/de\/#\/schema\/logo\/image\/\"}}]}<\/script>\n<!-- \/ Yoast SEO Premium plugin. -->","yoast_head_json":{"title":"Open Fiber Field Service Management | OverIT","description":"Open Fiber Field Service Management optimiert Glasfaserplanung, Netzrouten und Machbarkeitsstudien mit OverIT.","robots":{"index":"index","follow":"follow","max-snippet":"max-snippet:-1","max-image-preview":"max-image-preview:large","max-video-preview":"max-video-preview:-1"},"canonical":"https:\/\/www.overit.ai\/de\/kunden\/kundenerfolgsgeschichten\/open-fiber-field-service-management\/","og_locale":"de_DE","og_type":"article","og_title":"Open Fiber Field Service Management | OverIT","og_description":"Open Fiber Field Service Management optimiert Glasfaserplanung, Netzrouten und Machbarkeitsstudien mit OverIT.","og_url":"https:\/\/www.overit.ai\/de\/kunden\/kundenerfolgsgeschichten\/open-fiber-field-service-management\/","og_site_name":"OverIT","article_modified_time":"2026-03-30T11:53:55+00:00","og_image":[{"width":2000,"height":1333,"url":"https:\/\/www.overit.ai\/app\/uploads\/2020\/12\/open-fiber-fibra-ottica-fsm.jpg","type":"image\/jpeg"}],"twitter_card":"summary_large_image","twitter_title":"Open Fiber Field Service Management | OverIT","twitter_description":"Open Fiber Field Service Management optimiert Glasfaserplanung, Netzrouten und Machbarkeitsstudien mit OverIT.","twitter_misc":{"Est. reading time":"4 minutes"},"schema":{"@context":"https:\/\/schema.org","@graph":[{"@type":"WebPage","@id":"https:\/\/www.overit.ai\/de\/kunden\/kundenerfolgsgeschichten\/open-fiber-field-service-management\/","url":"https:\/\/www.overit.ai\/de\/kunden\/kundenerfolgsgeschichten\/open-fiber-field-service-management\/","name":"Open Fiber Field Service Management | OverIT","isPartOf":{"@id":"https:\/\/www.overit.ai\/de\/#website"},"primaryImageOfPage":{"@id":"https:\/\/www.overit.ai\/de\/kunden\/kundenerfolgsgeschichten\/open-fiber-field-service-management\/#primaryimage"},"image":{"@id":"https:\/\/www.overit.ai\/de\/kunden\/kundenerfolgsgeschichten\/open-fiber-field-service-management\/#primaryimage"},"thumbnailUrl":"https:\/\/www.overit.ai\/app\/uploads\/2020\/12\/open-fiber-fibra-ottica-fsm.jpg","datePublished":"2026-02-26T14:37:02+00:00","dateModified":"2026-03-30T11:53:55+00:00","description":"Open Fiber Field Service Management optimiert Glasfaserplanung, Netzrouten und Machbarkeitsstudien mit OverIT.","breadcrumb":{"@id":"https:\/\/www.overit.ai\/de\/kunden\/kundenerfolgsgeschichten\/open-fiber-field-service-management\/#breadcrumb"},"inLanguage":"de-DE","potentialAction":[{"@type":"ReadAction","target":["https:\/\/www.overit.ai\/de\/kunden\/kundenerfolgsgeschichten\/open-fiber-field-service-management\/"]}]},{"@type":"ImageObject","inLanguage":"de-DE","@id":"https:\/\/www.overit.ai\/de\/kunden\/kundenerfolgsgeschichten\/open-fiber-field-service-management\/#primaryimage","url":"https:\/\/www.overit.ai\/app\/uploads\/2020\/12\/open-fiber-fibra-ottica-fsm.jpg","contentUrl":"https:\/\/www.overit.ai\/app\/uploads\/2020\/12\/open-fiber-fibra-ottica-fsm.jpg","width":2000,"height":1333,"caption":"Open Fiber Progetto Path"},{"@type":"BreadcrumbList","@id":"https:\/\/www.overit.ai\/de\/kunden\/kundenerfolgsgeschichten\/open-fiber-field-service-management\/#breadcrumb","itemListElement":[{"@type":"ListItem","position":1,"name":"Home","item":"https:\/\/www.overit.ai\/de\/"},{"@type":"ListItem","position":2,"name":"Kunden","item":"https:\/\/www.overit.ai\/de\/kunden\/"},{"@type":"ListItem","position":3,"name":"Kundenerfolgsgeschichten","item":"https:\/\/www.overit.ai\/de\/kunden\/kundenerfolgsgeschichten\/"},{"@type":"ListItem","position":4,"name":"Cost reduction in the development of network routes and connections"}]},{"@type":"WebSite","@id":"https:\/\/www.overit.ai\/de\/#website","url":"https:\/\/www.overit.ai\/de\/","name":"OverIT","description":"Innovation in Field Service Management","publisher":{"@id":"https:\/\/www.overit.ai\/de\/#organization"},"potentialAction":[{"@type":"SearchAction","target":{"@type":"EntryPoint","urlTemplate":"https:\/\/www.overit.ai\/de\/?s={search_term_string}"},"query-input":{"@type":"PropertyValueSpecification","valueRequired":true,"valueName":"search_term_string"}}],"inLanguage":"de-DE"},{"@type":"Organization","@id":"https:\/\/www.overit.ai\/de\/#organization","name":"OverIT","url":"https:\/\/www.overit.ai\/de\/","logo":{"@type":"ImageObject","inLanguage":"de-DE","@id":"https:\/\/www.overit.ai\/de\/#\/schema\/logo\/image\/","url":"https:\/\/www.overit.ai\/app\/uploads\/2021\/10\/OverIT-logo-400.png","contentUrl":"https:\/\/www.overit.ai\/app\/uploads\/2021\/10\/OverIT-logo-400.png","width":400,"height":250,"caption":"OverIT"},"image":{"@id":"https:\/\/www.overit.ai\/de\/#\/schema\/logo\/image\/"}}]}},"_links":{"self":[{"href":"https:\/\/www.overit.ai\/de\/wp-json\/wp\/v2\/pages\/66952","targetHints":{"allow":["GET"]}}],"collection":[{"href":"https:\/\/www.overit.ai\/de\/wp-json\/wp\/v2\/pages"}],"about":[{"href":"https:\/\/www.overit.ai\/de\/wp-json\/wp\/v2\/types\/page"}],"author":[{"embeddable":true,"href":"https:\/\/www.overit.ai\/de\/wp-json\/wp\/v2\/users\/28"}],"replies":[{"embeddable":true,"href":"https:\/\/www.overit.ai\/de\/wp-json\/wp\/v2\/comments?post=66952"}],"version-history":[{"count":3,"href":"https:\/\/www.overit.ai\/de\/wp-json\/wp\/v2\/pages\/66952\/revisions"}],"predecessor-version":[{"id":70677,"href":"https:\/\/www.overit.ai\/de\/wp-json\/wp\/v2\/pages\/66952\/revisions\/70677"}],"up":[{"embeddable":true,"href":"https:\/\/www.overit.ai\/de\/wp-json\/wp\/v2\/pages\/67043"}],"wp:featuredmedia":[{"embeddable":true,"href":"https:\/\/www.overit.ai\/de\/wp-json\/wp\/v2\/media\/7221"}],"wp:attachment":[{"href":"https:\/\/www.overit.ai\/de\/wp-json\/wp\/v2\/media?parent=66952"}],"wp:term":[{"taxonomy":"case_study_category","embeddable":true,"href":"https:\/\/www.overit.ai\/de\/wp-json\/wp\/v2\/case_study_category?post=66952"}],"curies":[{"name":"wp","href":"https:\/\/api.w.org\/{rel}","templated":true}]}}