{"id":66919,"date":"2026-02-26T14:53:19","date_gmt":"2026-02-26T14:53:19","guid":{"rendered":"https:\/\/www.overit.ai\/?page_id=66919"},"modified":"2026-03-04T16:30:58","modified_gmt":"2026-03-04T16:30:58","slug":"gasnetz-management","status":"publish","type":"page","link":"https:\/\/www.overit.ai\/de\/kunden\/kundenerfolgsgeschichten\/gasnetz-management\/","title":{"rendered":"Snam\u00a0&#8211;\u00a0Managing mission-critical operations on the gas network end-to-end\u00a0"},"content":{"rendered":"<div\n  class=\"overit-block overit-block--white overit-radius-full overit-margin-medium-bottom overit-no-padding \n  overit-block-customer-page-header\"\n        >\n  \n  <div class=\"overit-block-wrapper\">\n\n<div class=\"cph\">\n  \n    <div class=\"cph_slogan-cont\" style=\"background: linear-gradient(0deg, rgba(0, 0, 0, 0.35), rgba(0, 0, 0, 0.35)), url('https:\/\/www.overit.ai\/app\/uploads\/2024\/04\/snam-customer-story-header.jpg') center bottom\">\n                  <div class=\"cph__section-title\">SNAM<\/div>\n                                    <h1 class=\"cph__slogan\">End-to-End-Management unternehmenskritischer Abl\u00e4ufe im Gasnetz<\/h1>\n            <\/div>\n  <div class=\"cph__customer-section\" data-aos=\"fade-up\">\n    <div class=\"cph__customer-desc-cont\">\n                    <img decoding=\"async\" class=\"cph__customer-logo\" src=\"https:\/\/www.overit.ai\/app\/uploads\/2020\/12\/clienti-overit-logo-snam.png\" alt=\"clienti-overit-logo-snam\" width=\"400\" height=\"250\" \/>\n            <div class=\"cph__customer-desc\">\n        <p>Snam ist der f\u00fchrende europ\u00e4ische Betreiber im Erdgastransport mit einem Netz von rund 38.000 km in Italien und im Ausland. Das Unternehmen ist auch im Bereich Speicherung t\u00e4tig und verf\u00fcgt \u00fcber 17,1 % der europ\u00e4ischen Kapazit\u00e4ten sowie im Bereich Regasifizierung mit 6,5 Milliarden Kubikmetern Gas, die nach der Installation von Regasifizierungsanlagen in Piombino und Ravenna (Italien) bis 2024 auf 16,6 Milliarden Kubikmeter ansteigen werden. Snam geh\u00f6rt zu den f\u00fchrenden b\u00f6rsennotierten Unternehmen Italiens, gemessen an der Marktkapitalisierung. <\/p>\n\n      <\/div>\n    <\/div>\n    <div class=\"cph__customer-facts\">\n              <div class=\"cph__facts-title\">SCHL\u00dcSSELINFORMATIONEN<\/div>\n        <div class=\"cph__facts\">\n                     <div class=\"cph__fact-cont\">\n            <div class=\"cph__fact-label\">\n              Industrie\n            <\/div>\n            <div class=\"cph__fact\">\n              \u00d6l und Gas\n            <\/div>\n          <\/div>\n                     <div class=\"cph__fact-cont\">\n            <div class=\"cph__fact-label\">\n              Region\n            <\/div>\n            <div class=\"cph__fact\">\n              EMEA\n            <\/div>\n          <\/div>\n                     <div class=\"cph__fact-cont\">\n            <div class=\"cph__fact-label\">\n              Gastransportnetz in km\n            <\/div>\n            <div class=\"cph__fact\">\n              \u00dcber 38.000\n            <\/div>\n          <\/div>\n                     <div class=\"cph__fact-cont\">\n            <div class=\"cph__fact-label\">\n              Europ\u00e4ische Gasspeicherkapazit\u00e4t\n            <\/div>\n            <div class=\"cph__fact\">\n              17.1%\n            <\/div>\n          <\/div>\n                  <\/div>\n          <\/div>\n  <\/div>\n<\/div>\n\n<\/div><!-- .overit-block-wrapper -->\n<\/div><!-- .overit-block -->\n\n\n<div\n  class=\"overit-block overit-block--white overit-radius-full overit-no-margin overit-padding-medium-top overit-block--fullwidth\n  overit-block-configurable-jumbotron\"\n        >\n  \n  <div class=\"overit-block-wrapper\">\n\n<section class=\"configurable-jumbotron left\" >\n                  <h3 class=\"cj-section-title\">UNTERNEHMERISCHE HERAUSFORDERUNG<\/h3>\n          \n                  <div class=\"cj-title medium\">Organisation von Transport-, Speicher- und Regasifizierungsprozessen im Gasnetz<\/div>\n          \n                  <div class=\"cj-subtitle small\"><p>Versetzen wir uns in die Lage eines \u00d6l- und Gasunternehmens und m\u00f6glicherweise eines der Marktf\u00fchrer, wie Snam. Stellen Sie sich vor, Sie sind weltweit t\u00e4tig und verwalten ein 38.000 km langes Gasnetz, wickeln jedes Jahr \u00fcber 50.000 Aktivit\u00e4ten ab und beauftragen mehr als 400 Au\u00dfendiensttechniker damit. Angesichts solcher Zahlen k\u00f6nnen die Planung von Wartungsarbeiten, die Unterst\u00fctzung der mobilen Leistungsf\u00e4higkeit von Eins\u00e4tzen vor Ort und die \u00dcberwachung des gesamten Netzwerks zeitaufw\u00e4ndig sein und leicht zu Fehlern oder ineffizienten Praktiken f\u00fchren. Dieses Szenario wird noch schwieriger, wenn man bedenkt, dass eines der Hauptziele von Snam darin besteht, in Notsituationen sofort zu reagieren, z. B. durch das Aufsp\u00fcren von Gaslecks.<br \/>\nF\u00fcr einen reibungslosen Betrieb und damit den Erhalt der Branchenf\u00fchrerschaft bleibt nur eine Option: der Einsatz einer L\u00f6sung, die innovative Funktionen bietet und sich in die anderen verwendeten Gesch\u00e4ftsl\u00f6sungen integrieren l\u00e4sst. Aufgrund dieser Annahmen beschloss Snam, sich nach einem Field Service Management-System umzusehen.<\/p>\n<\/div>\n          \n        <\/section>\n\n<\/div><!-- .overit-block-wrapper -->\n<\/div><!-- .overit-block -->\n\n\n<div\n  class=\"overit-block overit-block--white overit-radius-full overit-no-margin overit-padding-small \n  overit-block-separator\"\n        >\n  \n  <div class=\"overit-block-wrapper\">\n\n<div class=\"overit-separator overit-separator--boxed\">\n  <hr\/>\n<\/div>\n\n<\/div><!-- .overit-block-wrapper -->\n<\/div><!-- .overit-block -->\n\n\n<div\n  class=\"overit-block overit-block--white overit-radius-full overit-no-margin overit-no-padding overit-block--fullwidth\n  overit-block-configurable-jumbotron\"\n        >\n  \n  <div class=\"overit-block-wrapper\">\n\n<section class=\"configurable-jumbotron left\" >\n                  <h3 class=\"cj-section-title\">UNSERE L\u00d6SUNG<\/h3>\n          \n                  <div class=\"cj-title medium\">Fortschrittliche Technologien zur effektiven Unterst\u00fctzung der Benutzer bei unternehmenskritischen Aktivit\u00e4ten an Gasanlagen <\/div>\n          \n                  <div class=\"cj-subtitle small\"><p>Um die Transport-, Speicher- und Wiederverdampfungsprozesse des Netzes zu optimieren und einen gro\u00dfen Kundenstamm konstant und effizient mit Energie zu versorgen, hat sich Snam f\u00fcr OverIT als starken Digitalisierungspartner entschieden. Dank seiner technologischen Kompetenz und seines Branchen-Know-hows bietet OverIT Snam Planungsfunktionen, fortschrittliche GIS- und Mobilfunktionen sowie die Integration von Drittanbietern. Jetzt kann Snam den gesamten Lebenszyklus der Anlagen \u00fcberwachen und damit auch die Reaktionsf\u00e4higkeit in Notf\u00e4llen verbessern.<\/p>\n<ul>\n<li><strong>Risikomanagement<\/strong><br \/>\nUnterst\u00fctzung bei der Bewertung und dem Management potenzieller Gefahren und Anforderungen im Zusammenhang mit Gasanlagen, um Verletzungen oder gef\u00e4hrliche Situationen zu verhindern<\/li>\n<li><strong>Optimierung der Arbeitsauftr\u00e4ge und Terminplanung<\/strong><br \/>\nFortgeschrittene Planung und Durchf\u00fchrung von Wartungs-, Notfall- und Lecksuchaktivit\u00e4ten<\/li>\n<li><strong>GIS-Integration <\/strong><br \/>\nUnterst\u00fctzung der Techniker durch spezielle kartografische Funktionen w\u00e4hrend der Aufgabenerledigung sowohl vom Back-End als auch von der mobilen Seite aus. Plan zur Umsetzung des neuen kartografischen und gestalterischen Unternehmenssystems zur Aktualisierung und Innovation der kartografischen Plattform, Technologien und Prozesse<\/li>\n<li><strong>Mobile App <\/strong><br \/>\nUnterst\u00fctzung der Au\u00dfendiensttechniker vor Ort bei der Durchf\u00fchrung von Aufgaben zur Datenerfassung, zur Erfassung von Multimedia-Inhalten, Messwerten und Daten aus Fieldsystemen sowie zur Konsultation von Datenbl\u00e4ttern und Anweisungen<\/li>\n<li><strong>Integration von Drittanbieter-L\u00f6sungen<\/strong><br \/>\nNahtlose Integration mit externen Systemen (z. B. IBM Maximo, SAP, Salesforce Jarvis) zur Schaffung einer integrierten Gesch\u00e4ftsplattform<\/li>\n<\/ul>\n<\/div>\n          \n        <\/section>\n\n<\/div><!-- .overit-block-wrapper -->\n<\/div><!-- .overit-block -->\n\n\n<div\n  class=\"overit-block overit-block--white overit-radius-full overit-no-margin overit-padding-small \n  overit-block-separator\"\n        >\n  \n  <div class=\"overit-block-wrapper\">\n\n<div class=\"overit-separator overit-separator--boxed\">\n  <hr\/>\n<\/div>\n\n<\/div><!-- .overit-block-wrapper -->\n<\/div><!-- .overit-block -->\n\n\n<div\n  class=\"overit-block overit-block--white overit-radius-full overit-no-margin overit-no-padding overit-block--fullwidth\n  overit-block-configurable-jumbotron\"\n        >\n  \n  <div class=\"overit-block-wrapper\">\n\n<section class=\"configurable-jumbotron left\" >\n                  <h3 class=\"cj-section-title\">ERGEBNISSE<\/h3>\n          \n                  <div class=\"cj-title medium\">Die Einf\u00fchrung der FSM-L\u00f6sung von OverIT f\u00fchrte zu bemerkenswerten Verbesserungen:<\/div>\n          \n    \n        <\/section>\n\n<\/div><!-- .overit-block-wrapper -->\n<\/div><!-- .overit-block -->\n\n\n<div\n  class=\"overit-block overit-block--white overit-radius-full overit-no-margin overit-padding-small \n  overit-block-multi-info-cards\"\n        >\n  \n  <div class=\"overit-block-wrapper\">\n\n<div class=\"info-cards info-cards--4 info-cards--align-center\">\n        <div class=\"info-cards__sections \">\n                  <div class=\"info-card info-card--4\n                    \n          \n          info-card--top-line\n        \">\n        <div class=\"info-card-inner\">\n                                  <div class=\"info-card__icon\">\n                            <i aria-hidden=\"true\" style=\"color: #FF8200;font-size: 32px;\" class=\"fa-classic fa-light fa-calendar-range\" aria-hidden=\"true\"><\/i>\n            <\/div>\n                                                      <div class=\"info-card__description\" >\n              <p>Rationalisierte Prozesse und Au\u00dfendienstaktivit\u00e4ten <\/p>\n\n            <\/div>\n                  <\/div>\n      <\/div>\n                  <div class=\"info-card info-card--4\n                    \n          \n          info-card--top-line\n        \">\n        <div class=\"info-card-inner\">\n                                  <div class=\"info-card__icon\">\n                            <i aria-hidden=\"true\" style=\"color: #FF8200;font-size: 32px;\" class=\"fa-classic fa-light fa-chart-line-down\" aria-hidden=\"true\"><\/i>\n            <\/div>\n                                                      <div class=\"info-card__description\" >\n              <p>Weniger Field Service-Reisen der Techniker <\/p>\n\n            <\/div>\n                  <\/div>\n      <\/div>\n                  <div class=\"info-card info-card--4\n                    \n          \n          info-card--top-line\n        \">\n        <div class=\"info-card-inner\">\n                                  <div class=\"info-card__icon\">\n                            <i aria-hidden=\"true\" style=\"color: #FF8200;font-size: 32px;\" class=\"fa-classic fa-light fa-display-chart-up-circle-dollar\" aria-hidden=\"true\"><\/i>\n            <\/div>\n                                                      <div class=\"info-card__description\" >\n              <p>Optimierte Arbeitsleistung <\/p>\n\n            <\/div>\n                  <\/div>\n      <\/div>\n                  <div class=\"info-card info-card--4\n                    \n          \n          info-card--top-line\n        \">\n        <div class=\"info-card-inner\">\n                                  <div class=\"info-card__icon\">\n                            <i aria-hidden=\"true\" style=\"color: #FF8200;font-size: 32px;\" class=\"fa-classic fa-light fa-leaf\" aria-hidden=\"true\"><\/i>\n            <\/div>\n                                                      <div class=\"info-card__description\" >\n              <p>Senkung der CO\u2082-Emissionen <\/p>\n\n            <\/div>\n                  <\/div>\n      <\/div>\n          <\/div>\n  <\/div>\n\n<\/div><!-- .overit-block-wrapper -->\n<\/div><!-- .overit-block -->\n\n\n<div\n  class=\"overit-block overit-block--white overit-radius-full overit-no-margin overit-no-padding \n  overit-block-separator\"\n        >\n  \n  <div class=\"overit-block-wrapper\">\n\n<div class=\"overit-separator overit-separator--boxed\">\n  <hr\/>\n<\/div>\n\n<\/div><!-- .overit-block-wrapper -->\n<\/div><!-- .overit-block -->\n\n\n<div\n  class=\"overit-block overit-block--white overit-radius-full overit-no-margin overit-padding-medium overit-block--fullwidth\n  overit-block-configurable-jumbotron\"\n        >\n  \n  <div class=\"overit-block-wrapper\">\n\n<section class=\"configurable-jumbotron left\" >\n    \n                  <div class=\"cj-title medium\"><img decoding=\"async\" class=\"alignnone size-medium wp-image-29976\" src=\"https:\/\/www.overit.ai\/app\/uploads\/2022\/04\/E_SDG_logo_UN_emblem_square_trans_WEB-1024x879-1-300x258.png\" alt=\"\" width=\"100\" height=\"100\" \/><\/div>\n          \n                  <div class=\"cj-subtitle small\"><p>Mit seiner 80-j\u00e4hrigen Erfahrung in der Entwicklung und Verwaltung von Infrastrukturen gew\u00e4hrleistet Snam die Versorgungssicherheit und f\u00f6rdert die Energiewende durch Investitionen in gr\u00fcnes Gas (Biomethan und Wasserstoff), Energieeffizienz und CCS-Technologie (Carbon Capture and Storage). Zudem schafft das Unternehmen durch eine gemeinn\u00fctzige Gesellschaft, die sich auf st\u00e4dtische Aufforstungsprojekte konzentriert, neue Gr\u00fcnfl\u00e4chen.<\/p>\n<p>Snam hat sich verpflichtet, bis 2040 netto keine Treibhausgasemissionen (\u201eScope 1\u201c und \u201eScope 2\u201c) zu verursachen. Ab 2021 hat sich das Unternehmen das Ziel gesetzt, die indirekten \u201eScope 3\u201c-Emissionen bis 2030 im Vergleich zu Tochtergesellschaften und Lieferanten zu reduzieren. Das Gesch\u00e4ftsmodell des Unternehmens basiert auf nachhaltigem Wachstum, Transparenz, der Entwicklung von Talenten und Vielfalt sowie dem Schutz und der sozialen F\u00f6rderung der lokalen Gemeinschaften. Die Partnerschaft mit OverIT und die erzielten Vorteile in Bezug auf Innovation, betriebliche Effizienz und Sicherheit best\u00e4tigen Snam als einen der Vorreiter in der Weiterentwicklung des \u00d6l- und Gassektors und als einen der Wegbereiter der Energiewende.<\/p>\n<p><img decoding=\"async\" class=\"alignnone size-medium wp-image-29887\" style=\"padding-top: 20px;padding-right: 20px\" src=\"https:\/\/www.overit.ai\/app\/uploads\/2023\/06\/sdg-9.png\" alt=\"sdg 9\" width=\"100\" height=\"100\" \/><img decoding=\"async\" class=\"alignnone wp-image-33289 size-medium\" style=\"padding-top: 20px;padding-right: 20px\" src=\"https:\/\/www.overit.ai\/app\/uploads\/2022\/09\/11-sdg-300x300.png\" alt=\"SDG 11\" width=\"100\" height=\"100\" srcset=\"https:\/\/www.overit.ai\/app\/uploads\/2022\/09\/11-sdg-300x300.png 300w, https:\/\/www.overit.ai\/app\/uploads\/2022\/09\/11-sdg-150x150.png 150w, https:\/\/www.overit.ai\/app\/uploads\/2022\/09\/11-sdg.png 635w\" sizes=\"(max-width: 100px) 100vw, 100px\" \/><img decoding=\"async\" class=\"alignnone wp-image-29887 size-medium\" style=\"padding-top: 20px;padding-right: 20px\" src=\"https:\/\/www.overit.ai\/app\/uploads\/2022\/04\/E_SDG-goals_icons-individual-rgb-13-300x300.png\" alt=\"\" width=\"100\" height=\"100\" srcset=\"https:\/\/www.overit.ai\/app\/uploads\/2022\/04\/E_SDG-goals_icons-individual-rgb-13-300x300.png 300w, https:\/\/www.overit.ai\/app\/uploads\/2022\/04\/E_SDG-goals_icons-individual-rgb-13-1024x1024.png 1024w, https:\/\/www.overit.ai\/app\/uploads\/2022\/04\/E_SDG-goals_icons-individual-rgb-13-150x150.png 150w, https:\/\/www.overit.ai\/app\/uploads\/2022\/04\/E_SDG-goals_icons-individual-rgb-13-768x768.png 768w, https:\/\/www.overit.ai\/app\/uploads\/2022\/04\/E_SDG-goals_icons-individual-rgb-13.png 1536w, https:\/\/www.overit.ai\/app\/uploads\/2022\/04\/E_SDG-goals_icons-individual-rgb-13-1080x1080.png 1080w\" sizes=\"(max-width: 100px) 100vw, 100px\" \/><\/p>\n<\/div>\n          \n        <\/section>\n\n<\/div><!-- .overit-block-wrapper -->\n<\/div><!-- .overit-block -->\n","protected":false},"excerpt":{"rendered":"","protected":false},"author":3,"featured_media":0,"parent":67043,"menu_order":0,"comment_status":"closed","ping_status":"closed","template":"","meta":{"_acf_changed":false,"footnotes":""},"case_study_category":[],"class_list":["post-66919","page","type-page","status-publish","hentry"],"acf":[],"yoast_head":"<!-- This site is optimized with the Yoast SEO Premium plugin v25.6 (Yoast SEO v25.6) - https:\/\/yoast.com\/wordpress\/plugins\/seo\/ -->\n<title>Snam Gasnetz-Management | OverIT<\/title>\n<meta name=\"description\" content=\"Snam optimiert Gasnetz-Management mit Planung, GIS-Integration und mobilem Au\u00dfendienst zur sicheren Steuerung von 38.000 km Infrastruktur.\" \/>\n<meta name=\"robots\" content=\"index, follow, max-snippet:-1, max-image-preview:large, max-video-preview:-1\" \/>\n<link rel=\"canonical\" href=\"https:\/\/www.overit.ai\/de\/kunden\/kundenerfolgsgeschichten\/gasnetz-management\/\" \/>\n<meta property=\"og:locale\" content=\"de_DE\" \/>\n<meta property=\"og:type\" content=\"article\" \/>\n<meta property=\"og:title\" content=\"Snam Gasnetz-Management | OverIT\" \/>\n<meta property=\"og:description\" content=\"Snam optimiert Gasnetz-Management mit Planung, GIS-Integration und mobilem Au\u00dfendienst zur sicheren Steuerung von 38.000 km Infrastruktur.\" \/>\n<meta property=\"og:url\" content=\"https:\/\/www.overit.ai\/de\/kunden\/kundenerfolgsgeschichten\/gasnetz-management\/\" \/>\n<meta property=\"og:site_name\" content=\"OverIT\" \/>\n<meta property=\"article:modified_time\" content=\"2026-03-04T16:30:58+00:00\" \/>\n<meta name=\"twitter:card\" content=\"summary_large_image\" \/>\n<meta name=\"twitter:title\" content=\"Snam Gasnetz-Management | OverIT\" \/>\n<meta name=\"twitter:description\" content=\"Snam optimiert Gasnetz-Management mit Planung, GIS-Integration und mobilem Au\u00dfendienst zur sicheren Steuerung von 38.000 km Infrastruktur.\" \/>\n<meta name=\"twitter:label1\" content=\"Est. reading time\" \/>\n\t<meta name=\"twitter:data1\" content=\"5 minutes\" \/>\n<script type=\"application\/ld+json\" class=\"yoast-schema-graph\">{\"@context\":\"https:\/\/schema.org\",\"@graph\":[{\"@type\":\"WebPage\",\"@id\":\"https:\/\/www.overit.ai\/de\/kunden\/kundenerfolgsgeschichten\/gasnetz-management\/\",\"url\":\"https:\/\/www.overit.ai\/de\/kunden\/kundenerfolgsgeschichten\/gasnetz-management\/\",\"name\":\"Snam Gasnetz-Management | OverIT\",\"isPartOf\":{\"@id\":\"https:\/\/www.overit.ai\/de\/#website\"},\"datePublished\":\"2026-02-26T14:53:19+00:00\",\"dateModified\":\"2026-03-04T16:30:58+00:00\",\"description\":\"Snam optimiert Gasnetz-Management mit Planung, GIS-Integration und mobilem Au\u00dfendienst zur sicheren Steuerung von 38.000 km Infrastruktur.\",\"breadcrumb\":{\"@id\":\"https:\/\/www.overit.ai\/de\/kunden\/kundenerfolgsgeschichten\/gasnetz-management\/#breadcrumb\"},\"inLanguage\":\"de-DE\",\"potentialAction\":[{\"@type\":\"ReadAction\",\"target\":[\"https:\/\/www.overit.ai\/de\/kunden\/kundenerfolgsgeschichten\/gasnetz-management\/\"]}]},{\"@type\":\"BreadcrumbList\",\"@id\":\"https:\/\/www.overit.ai\/de\/kunden\/kundenerfolgsgeschichten\/gasnetz-management\/#breadcrumb\",\"itemListElement\":[{\"@type\":\"ListItem\",\"position\":1,\"name\":\"Home\",\"item\":\"https:\/\/www.overit.ai\/de\/\"},{\"@type\":\"ListItem\",\"position\":2,\"name\":\"Kunden\",\"item\":\"https:\/\/www.overit.ai\/de\/kunden\/\"},{\"@type\":\"ListItem\",\"position\":3,\"name\":\"Kundenerfolgsgeschichten\",\"item\":\"https:\/\/www.overit.ai\/de\/kunden\/kundenerfolgsgeschichten\/\"},{\"@type\":\"ListItem\",\"position\":4,\"name\":\"Snam\u00a0&#8211;\u00a0Managing mission-critical operations on the gas network end-to-end\u00a0\"}]},{\"@type\":\"WebSite\",\"@id\":\"https:\/\/www.overit.ai\/de\/#website\",\"url\":\"https:\/\/www.overit.ai\/de\/\",\"name\":\"OverIT\",\"description\":\"Innovation in Field Service Management\",\"publisher\":{\"@id\":\"https:\/\/www.overit.ai\/de\/#organization\"},\"potentialAction\":[{\"@type\":\"SearchAction\",\"target\":{\"@type\":\"EntryPoint\",\"urlTemplate\":\"https:\/\/www.overit.ai\/de\/?s={search_term_string}\"},\"query-input\":{\"@type\":\"PropertyValueSpecification\",\"valueRequired\":true,\"valueName\":\"search_term_string\"}}],\"inLanguage\":\"de-DE\"},{\"@type\":\"Organization\",\"@id\":\"https:\/\/www.overit.ai\/de\/#organization\",\"name\":\"OverIT\",\"url\":\"https:\/\/www.overit.ai\/de\/\",\"logo\":{\"@type\":\"ImageObject\",\"inLanguage\":\"de-DE\",\"@id\":\"https:\/\/www.overit.ai\/de\/#\/schema\/logo\/image\/\",\"url\":\"https:\/\/www.overit.ai\/app\/uploads\/2021\/10\/OverIT-logo-400.png\",\"contentUrl\":\"https:\/\/www.overit.ai\/app\/uploads\/2021\/10\/OverIT-logo-400.png\",\"width\":400,\"height\":250,\"caption\":\"OverIT\"},\"image\":{\"@id\":\"https:\/\/www.overit.ai\/de\/#\/schema\/logo\/image\/\"}}]}<\/script>\n<!-- \/ Yoast SEO Premium plugin. -->","yoast_head_json":{"title":"Snam Gasnetz-Management | OverIT","description":"Snam optimiert Gasnetz-Management mit Planung, GIS-Integration und mobilem Au\u00dfendienst zur sicheren Steuerung von 38.000 km Infrastruktur.","robots":{"index":"index","follow":"follow","max-snippet":"max-snippet:-1","max-image-preview":"max-image-preview:large","max-video-preview":"max-video-preview:-1"},"canonical":"https:\/\/www.overit.ai\/de\/kunden\/kundenerfolgsgeschichten\/gasnetz-management\/","og_locale":"de_DE","og_type":"article","og_title":"Snam Gasnetz-Management | OverIT","og_description":"Snam optimiert Gasnetz-Management mit Planung, GIS-Integration und mobilem Au\u00dfendienst zur sicheren Steuerung von 38.000 km Infrastruktur.","og_url":"https:\/\/www.overit.ai\/de\/kunden\/kundenerfolgsgeschichten\/gasnetz-management\/","og_site_name":"OverIT","article_modified_time":"2026-03-04T16:30:58+00:00","twitter_card":"summary_large_image","twitter_title":"Snam Gasnetz-Management | OverIT","twitter_description":"Snam optimiert Gasnetz-Management mit Planung, GIS-Integration und mobilem Au\u00dfendienst zur sicheren Steuerung von 38.000 km Infrastruktur.","twitter_misc":{"Est. reading time":"5 minutes"},"schema":{"@context":"https:\/\/schema.org","@graph":[{"@type":"WebPage","@id":"https:\/\/www.overit.ai\/de\/kunden\/kundenerfolgsgeschichten\/gasnetz-management\/","url":"https:\/\/www.overit.ai\/de\/kunden\/kundenerfolgsgeschichten\/gasnetz-management\/","name":"Snam Gasnetz-Management | OverIT","isPartOf":{"@id":"https:\/\/www.overit.ai\/de\/#website"},"datePublished":"2026-02-26T14:53:19+00:00","dateModified":"2026-03-04T16:30:58+00:00","description":"Snam optimiert Gasnetz-Management mit Planung, GIS-Integration und mobilem Au\u00dfendienst zur sicheren Steuerung von 38.000 km Infrastruktur.","breadcrumb":{"@id":"https:\/\/www.overit.ai\/de\/kunden\/kundenerfolgsgeschichten\/gasnetz-management\/#breadcrumb"},"inLanguage":"de-DE","potentialAction":[{"@type":"ReadAction","target":["https:\/\/www.overit.ai\/de\/kunden\/kundenerfolgsgeschichten\/gasnetz-management\/"]}]},{"@type":"BreadcrumbList","@id":"https:\/\/www.overit.ai\/de\/kunden\/kundenerfolgsgeschichten\/gasnetz-management\/#breadcrumb","itemListElement":[{"@type":"ListItem","position":1,"name":"Home","item":"https:\/\/www.overit.ai\/de\/"},{"@type":"ListItem","position":2,"name":"Kunden","item":"https:\/\/www.overit.ai\/de\/kunden\/"},{"@type":"ListItem","position":3,"name":"Kundenerfolgsgeschichten","item":"https:\/\/www.overit.ai\/de\/kunden\/kundenerfolgsgeschichten\/"},{"@type":"ListItem","position":4,"name":"Snam\u00a0&#8211;\u00a0Managing mission-critical operations on the gas network end-to-end\u00a0"}]},{"@type":"WebSite","@id":"https:\/\/www.overit.ai\/de\/#website","url":"https:\/\/www.overit.ai\/de\/","name":"OverIT","description":"Innovation in Field Service Management","publisher":{"@id":"https:\/\/www.overit.ai\/de\/#organization"},"potentialAction":[{"@type":"SearchAction","target":{"@type":"EntryPoint","urlTemplate":"https:\/\/www.overit.ai\/de\/?s={search_term_string}"},"query-input":{"@type":"PropertyValueSpecification","valueRequired":true,"valueName":"search_term_string"}}],"inLanguage":"de-DE"},{"@type":"Organization","@id":"https:\/\/www.overit.ai\/de\/#organization","name":"OverIT","url":"https:\/\/www.overit.ai\/de\/","logo":{"@type":"ImageObject","inLanguage":"de-DE","@id":"https:\/\/www.overit.ai\/de\/#\/schema\/logo\/image\/","url":"https:\/\/www.overit.ai\/app\/uploads\/2021\/10\/OverIT-logo-400.png","contentUrl":"https:\/\/www.overit.ai\/app\/uploads\/2021\/10\/OverIT-logo-400.png","width":400,"height":250,"caption":"OverIT"},"image":{"@id":"https:\/\/www.overit.ai\/de\/#\/schema\/logo\/image\/"}}]}},"_links":{"self":[{"href":"https:\/\/www.overit.ai\/de\/wp-json\/wp\/v2\/pages\/66919","targetHints":{"allow":["GET"]}}],"collection":[{"href":"https:\/\/www.overit.ai\/de\/wp-json\/wp\/v2\/pages"}],"about":[{"href":"https:\/\/www.overit.ai\/de\/wp-json\/wp\/v2\/types\/page"}],"author":[{"embeddable":true,"href":"https:\/\/www.overit.ai\/de\/wp-json\/wp\/v2\/users\/3"}],"replies":[{"embeddable":true,"href":"https:\/\/www.overit.ai\/de\/wp-json\/wp\/v2\/comments?post=66919"}],"version-history":[{"count":3,"href":"https:\/\/www.overit.ai\/de\/wp-json\/wp\/v2\/pages\/66919\/revisions"}],"predecessor-version":[{"id":69426,"href":"https:\/\/www.overit.ai\/de\/wp-json\/wp\/v2\/pages\/66919\/revisions\/69426"}],"up":[{"embeddable":true,"href":"https:\/\/www.overit.ai\/de\/wp-json\/wp\/v2\/pages\/67043"}],"wp:attachment":[{"href":"https:\/\/www.overit.ai\/de\/wp-json\/wp\/v2\/media?parent=66919"}],"wp:term":[{"taxonomy":"case_study_category","embeddable":true,"href":"https:\/\/www.overit.ai\/de\/wp-json\/wp\/v2\/case_study_category?post=66919"}],"curies":[{"name":"wp","href":"https:\/\/api.w.org\/{rel}","templated":true}]}}