{"id":66910,"date":"2026-02-03T14:39:59","date_gmt":"2026-02-03T14:39:59","guid":{"rendered":"https:\/\/www.overit.ai\/?page_id=66910"},"modified":"2026-04-17T13:12:46","modified_gmt":"2026-04-17T13:12:46","slug":"evn-modernisierung-von-stromnetzen-mit-field-service-management-softwareloesungen","status":"publish","type":"page","link":"https:\/\/www.overit.ai\/de\/kunden\/kundenerfolgsgeschichten\/evn-modernisierung-von-stromnetzen-mit-field-service-management-softwareloesungen\/","title":{"rendered":"EVN &#8211; Modernisierung von Stromnetzen mit Field Service Management-Softwarel\u00f6sungen"},"content":{"rendered":"<div\n  class=\"overit-block overit-block--white overit-radius-none overit-margin-medium-bottom overit-no-padding \n  overit-block-customer-page-header\"\n        >\n  \n  <div class=\"overit-block-wrapper\">\n\n<div class=\"cph\">\n  \n    <div class=\"cph_slogan-cont\" style=\"background: linear-gradient(0deg, rgba(0, 0, 0, 0.3), rgba(0, 0, 0, 0.3)), url('https:\/\/www.overit.ai\/app\/uploads\/2026\/02\/EVN-Modernisierung-von-Stromnetzen-mit-Field-Service-Management-banner.jpg') center top\">\n                  <div class=\"cph__section-title\">EVN<\/div>\n                                    <h1 class=\"cph__slogan\">Modernisierung von Stromnetzen mit Field Service Management-Softwarel\u00f6sungen<\/h1>\n            <\/div>\n  <div class=\"cph__customer-section\" data-aos=\"fade-up\">\n    <div class=\"cph__customer-desc-cont\">\n                  <div class=\"cph__customer-desc\">\n        <p>EVN ist ein f\u00fchrendes internationales, b\u00f6rsennotiertes Energie- und Umweltdienstleistungsunternehmen mit Sitz in Nieder\u00f6sterreich, dem gr\u00f6\u00dften Bundesland \u00d6sterreichs.<\/p>\n\n      <\/div>\n    <\/div>\n    <div class=\"cph__customer-facts\">\n              <div class=\"cph__facts-title\">SCHL\u00dcSSELINFORMATIONEN<\/div>\n        <div class=\"cph__facts\">\n                     <div class=\"cph__fact-cont\">\n            <div class=\"cph__fact-label\">\n              Sektor\n            <\/div>\n            <div class=\"cph__fact\">\n              Energie &amp; Versorgung\n            <\/div>\n          <\/div>\n                     <div class=\"cph__fact-cont\">\n            <div class=\"cph__fact-label\">\n              Region\n            <\/div>\n            <div class=\"cph__fact\">\n              EMEA\n            <\/div>\n          <\/div>\n                     <div class=\"cph__fact-cont\">\n            <div class=\"cph__fact-label\">\n              Beteiligte Techniker\n            <\/div>\n            <div class=\"cph__fact\">\n              \u00dcber 3.000\n            <\/div>\n          <\/div>\n                     <div class=\"cph__fact-cont\">\n            <div class=\"cph__fact-label\">\n              Kunden\n            <\/div>\n            <div class=\"cph__fact\">\n              4,8 Mio\n            <\/div>\n          <\/div>\n                  <\/div>\n          <\/div>\n  <\/div>\n<\/div>\n\n<\/div><!-- .overit-block-wrapper -->\n<\/div><!-- .overit-block -->\n\n\n<div\n  class=\"overit-block overit-block--white overit-radius-full overit-no-margin overit-padding-medium-top overit-block--fullwidth\n  overit-block-configurable-jumbotron\"\n        >\n  \n  <div class=\"overit-block-wrapper\">\n\n<section class=\"configurable-jumbotron left\" >\n                  <div class=\"cj-section-title\">KUNDENANFORDERUNGEN<\/div>\n          \n                  <h2  class=\"cj-title medium\">Verwaltung einer umfangreichen Infrastruktur wegen fragmentierter Daten und unvollst\u00e4ndiger Anlageninformationen<\/h2 >\n          \n                  <div class=\"cj-subtitle small\"><p>EVN steht vor gro\u00dfen Herausforderungen bei der Instandhaltung seiner umfangreichen Infrastruktur in \u00d6sterreich, Bulgarien und Nordmazedonien. Gleichzeitig ist das Unternehmen bestrebt, unabh\u00e4ngig von den \u00e4u\u00dferen Bedingungen eine t\u00e4gliche und unterbrechungsfreie Stromversorgung sicherzustellen. EVN hat mit fragmentierten Datenquellen und unvollst\u00e4ndigen Anlageninformationen zu k\u00e4mpfen, die eine effektive Wartungsplanung und Reaktionszeiten behindern. Dar\u00fcber hinaus f\u00fchrt die Verwendung unterschiedlicher Dokumentationssysteme in Verbindung mit isolierten und unzusammenh\u00e4ngenden Prozessen f\u00fcr Wartung, Inspektionen und Ausf\u00e4lle zu Problemen beim Datenaustausch und zu einem Verlust an Transparenz. Da es kein integriertes System gibt, m\u00fcssen Manager den Fortschritt manuell \u00fcberwachen. Techniker m\u00fcssen redundante Aufgaben erledigen, die ihre Arbeit weiter verz\u00f6gern.<\/p>\n<\/div>\n          \n        <\/section>\n\n<\/div><!-- .overit-block-wrapper -->\n<\/div><!-- .overit-block -->\n\n\n<div\n  class=\"overit-block overit-block--white overit-radius-full overit-no-margin overit-padding-small \n  overit-block-separator\"\n        >\n  \n  <div class=\"overit-block-wrapper\">\n\n<div class=\"overit-separator overit-separator--boxed\">\n  <hr\/>\n<\/div>\n\n<\/div><!-- .overit-block-wrapper -->\n<\/div><!-- .overit-block -->\n\n\n<div\n  class=\"overit-block overit-block--white overit-radius-full overit-no-margin overit-no-padding overit-block--fullwidth\n  overit-block-configurable-jumbotron\"\n        >\n  \n  <div class=\"overit-block-wrapper\">\n\n<section class=\"configurable-jumbotron left\" >\n                  <div class=\"cj-section-title\">UNSERE L\u00d6SUNG<\/div>\n          \n                  <h2  class=\"cj-title medium\">Digitale Transformation mit einer einzigen Softwarel\u00f6sung f\u00fcr das Field Service Management, die als zentrale Informationsquelle dient<\/h2 >\n          \n                  <div class=\"cj-subtitle small\"><p>EVN arbeitet mit OverIT zusammen, um seine Wartungs-, Inspektions- und Ausfallprozesse in den Bereichen <a title=\"electric utilities\" href=\"https:\/\/www.overit.ai\/de\/branchen\/elektrizitaetsversorger\/\">Strom<\/a>, <a title=\"gas utilities\" href=\"https:\/\/www.overit.ai\/de\/branchen\/gasversorger\/\">Gas<\/a>, <a title=\"water utilities\" href=\"https:\/\/www.overit.ai\/de\/branchen\/wasserversorgung\/\">Wasser<\/a>,\u00a0und Fernw\u00e4rme digital zu transformieren. Die NextGen Platform erm\u00f6glicht es EVN, seine Abl\u00e4ufe in einer einzigen Datenquelle f\u00fcr alle Daten zu konsolidieren, um so eine h\u00f6here Genauigkeit und Transparenz im gesamten Unternehmen zu gew\u00e4hrleisten.<\/p>\n<ul>\n<li><strong>Vorausschauende Wartung<\/strong>: Mithilfe von Au\u00dfendienstdaten kann EVN den Wartungsbedarf verfolgen und \u00fcberwachen. Dank eines proaktiven Ansatzes f\u00fchrt das dann zu einer besseren Entscheidungsfindung. Ungeplante Ausfallzeiten werden reduziert und kritische Aufgaben priorisiert.<\/li>\n<li><strong>Digitale Arbeitsabl\u00e4ufe<\/strong>: EVN ersetzt manuelle, papierbasierte Prozesse durch \u202f<a title=\"field service mobile app\" href=\"https:\/\/www.overit.ai\/platform\/field-service-management-software\/mobile-workforce-management\/\">automatisierte digitale Arbeitsabl\u00e4ufe.<\/a> Die Abl\u00e4ufe werden somit optimiert und die Datenerfassung wird genauer. Durch Echtzeit-Updates haben Manager au\u00dferdem einen kontinuierlichen Einblick in den T\u00e4tigkeitssfortschritt.<\/li>\n<li><strong>Organisation &amp; Abwicklung<\/strong>: EVN kann Aufgaben effizient zuweisen, den Fortschritt in Echtzeit verfolgen und <a title=\"resource allocation optimiziation\" href=\"https:\/\/www.overit.ai\/platform\/field-service-management-software\/schedule-dispatch\/\">die Ressourcenzuweisung optimieren<\/a>.\u00a0Das steigert die Produktivit\u00e4t der Techniker und sorgt f\u00fcr eine bessere Koordinierung.<\/li>\n<\/ul>\n<\/div>\n          \n        <\/section>\n\n<\/div><!-- .overit-block-wrapper -->\n<\/div><!-- .overit-block -->\n\n\n<div\n  class=\"overit-block overit-block--white overit-radius-full overit-no-margin overit-padding-medium \n  overit-block-video\"\n        >\n  \n  <div class=\"overit-block-wrapper\">\n\n<div class=\"overit-video\">\n          <div class=\"overit-video__iframe\" >\n      <iframe title=\"EVN \u2013 Modernisierung von Stromnetzen mit Softwarel\u00f6sungen f\u00fcr das Field Service Management Video\" src=\"https:\/\/fast.wistia.net\/embed\/iframe\/m8nwrmmyk3?dnt=1\" allow=\"autoplay; fullscreen\" allowtransparency=\"true\" frameborder=\"0\" scrolling=\"no\" class=\"wistia_embed\" name=\"wistia_embed\" msallowfullscreen width=\"640\" height=\"360\"><\/iframe><script src=\"https:\/\/fast.wistia.net\/assets\/external\/E-v1.js\" async><\/script>    <\/div>\n  <\/div>\n\n<\/div><!-- .overit-block-wrapper -->\n<\/div><!-- .overit-block -->\n\n\n<div\n  class=\"overit-block overit-block--white overit-radius-full overit-no-margin overit-padding-medium \n  overit-block-separator\"\n        >\n  \n  <div class=\"overit-block-wrapper\">\n\n<div class=\"overit-separator overit-separator--boxed\">\n  <hr\/>\n<\/div>\n\n<\/div><!-- .overit-block-wrapper -->\n<\/div><!-- .overit-block -->\n\n\n<div\n  class=\"overit-block overit-block--white overit-radius-full overit-no-margin overit-no-padding overit-block--fullwidth\n  overit-block-configurable-jumbotron\"\n        >\n  \n  <div class=\"overit-block-wrapper\">\n\n<section class=\"configurable-jumbotron left\" >\n                  <h2 class=\"cj-section-title\">ERGEBNISSE<\/h2>\n          \n                  <div class=\"cj-title medium\">Mit der Unterst\u00fctzung von OverIT kann EVN:<\/div>\n          \n    \n        <\/section>\n\n<\/div><!-- .overit-block-wrapper -->\n<\/div><!-- .overit-block -->\n\n\n<div\n  class=\"overit-block overit-block--white overit-radius-full overit-no-margin overit-padding-small-top \n  overit-block-multi-info-cards\"\n        >\n  \n  <div class=\"overit-block-wrapper\">\n\n<div class=\"info-cards info-cards--3 info-cards--align-left\">\n        <div class=\"info-cards__sections \">\n                  <div class=\"info-card info-card--3\n                    info-card--without-icon\n          \n          info-card--top-line\n        \">\n        <div class=\"info-card-inner\">\n                                                      <div class=\"info-card__description\" >\n              <p>Die Kundenzufriedenheit verbessern<\/p>\n\n            <\/div>\n                  <\/div>\n      <\/div>\n                  <div class=\"info-card info-card--3\n                    info-card--without-icon\n          \n          info-card--top-line\n        \">\n        <div class=\"info-card-inner\">\n                                                      <div class=\"info-card__description\" >\n              <p>Die F\u00e4higkeiten der Mitarbeiter st\u00e4rken<\/p>\n\n            <\/div>\n                  <\/div>\n      <\/div>\n                  <div class=\"info-card info-card--3\n                    info-card--without-icon\n          \n          info-card--top-line\n        \">\n        <div class=\"info-card-inner\">\n                                                      <div class=\"info-card__description\" >\n              <p>Die betriebliche Effizienz optimieren<\/p>\n\n            <\/div>\n                  <\/div>\n      <\/div>\n                  <div class=\"info-card info-card--3\n                    info-card--without-icon\n          \n          info-card--top-line\n        \">\n        <div class=\"info-card-inner\">\n                                                      <div class=\"info-card__description\" >\n              <p>Die Qualit\u00e4t der Prozesse erh\u00f6hen<\/p>\n\n            <\/div>\n                  <\/div>\n      <\/div>\n                  <div class=\"info-card info-card--3\n                    info-card--without-icon\n          \n          info-card--top-line\n        \">\n        <div class=\"info-card-inner\">\n                                                      <div class=\"info-card__description\" >\n              <p>Vollst\u00e4ndige Transparenz in jeder Phase des Prozesses bieten<\/p>\n\n            <\/div>\n                  <\/div>\n      <\/div>\n                  <div class=\"info-card info-card--3\n                    info-card--without-icon\n          \n          info-card--top-line\n        \">\n        <div class=\"info-card-inner\">\n                                                      <div class=\"info-card__description\" >\n              <p>Die Sicherheit der Techniker gew\u00e4hrleisten<\/p>\n\n            <\/div>\n                  <\/div>\n      <\/div>\n          <\/div>\n  <\/div>\n\n<\/div><!-- .overit-block-wrapper -->\n<\/div><!-- .overit-block -->\n\n\n<div\n  class=\"overit-block overit-block--light-gray overit-radius-full overit-margin-medium overit-padding-medium \n  overit-block-about-autor\"\n        >\n  \n  <div class=\"overit-block-wrapper\">\n<div class=\"ata\">\n  <div class=\"ata__content\">\n    <div class=\"ata__name-cont\">\n      <div class=\"ata__img-cont\">\n        <div class=\"ata__img\">\n          <img decoding=\"async\" src=\"https:\/\/www.overit.ai\/app\/uploads\/2025\/02\/werner-hengst.png\" alt=\"autor profile image\" width=\"800\" height=\"600\" \/>\n        <\/div>\n      <\/div>\n      <div class=\"ata__name-label\">\n        <div class=\"ata__name\">\n          Werner Hengst\n        <\/div>\n        <div class=\"ata__label\">\n          Gesch\u00e4ftsf\u00fchrer bei EVN N\u00d6 Netz\n        <\/div>\n      <\/div>\n    <\/div>\n    <div class=\"ata__about-cont\">\n      <div class=\"ata__about\">\n        <em>\u201eEin spannendes Projekt in Zusammenarbeit mit OverIT wird unseren Verteilnetzbetreiber revolutionieren. Ich bin sehr gespannt darauf, wie diese innovative L\u00f6sung uns dabei helfen wird, unsere Herausforderungen zu bew\u00e4ltigen. Dieses Projekt geht \u00fcber Effizienzsteigerungen hinaus und ebnet den Weg f\u00fcr eine nachhaltige und widerstandsf\u00e4hige Energiezukunft. Vielen Dank an Over|T f\u00fcr die wertvolle Partnerschaft. Gemeinsam treiben wir die Zukunft der Energie voran!\u201c <\/em>\n      <\/div>\n\n      <div class=\"ata__socials\">\n                              <\/div>\n    <\/div>\n  <\/div>\n<\/div>\n\n<\/div><!-- .overit-block-wrapper -->\n<\/div><!-- .overit-block -->\n\n\n<div\n  class=\"overit-block overit-block--white overit-radius-full overit-no-margin overit-padding-medium-top overit-block--fullwidth\n  overit-block-configurable-jumbotron\"\n        >\n  \n  <div class=\"overit-block-wrapper\">\n\n<section class=\"configurable-jumbotron center\" >\n    \n                  <h3  class=\"cj-title medium\">EVN &amp; OverIT gemeinsam auf dem E.DSO Future Grid Innovation Summit in Br\u00fcssel!<\/h3 >\n          \n                  <div class=\"cj-subtitle small\"><p>M\u00f6chten Sie mehr dar\u00fcber erfahren, wie EVN seine Anlagenwartungsprozesse durch Digitalisierung ver\u00e4ndert? Nehmen Sie an unserer Pr\u00e4sentation auf dem Future Grid Innovation Summit von E.DSO in Br\u00fcssel teil!<\/p>\n<\/div>\n          \n        <\/section>\n\n<\/div><!-- .overit-block-wrapper -->\n<\/div><!-- .overit-block -->\n\n\n<div\n  class=\"overit-block overit-block--white overit-radius-full overit-no-margin overit-padding-medium \n  overit-block-video\"\n        >\n  \n  <div class=\"overit-block-wrapper\">\n\n<div class=\"overit-video\">\n          <div class=\"overit-video__iframe\" >\n      <iframe title=\"EVN &amp; OverIT together at E.DSO Future Grid Innovation Summit in Brussels Video\" src=\"https:\/\/fast.wistia.net\/embed\/iframe\/u9bgeyczxu?dnt=1\" allow=\"autoplay; fullscreen\" allowtransparency=\"true\" frameborder=\"0\" scrolling=\"no\" class=\"wistia_embed\" name=\"wistia_embed\" msallowfullscreen width=\"640\" height=\"360\"><\/iframe><script src=\"https:\/\/fast.wistia.net\/assets\/external\/E-v1.js\" async><\/script>    <\/div>\n  <\/div>\n\n<\/div><!-- .overit-block-wrapper -->\n<\/div><!-- .overit-block -->\n","protected":false},"excerpt":{"rendered":"","protected":false},"author":3,"featured_media":0,"parent":67043,"menu_order":0,"comment_status":"closed","ping_status":"closed","template":"","meta":{"_acf_changed":false,"footnotes":""},"case_study_category":[],"class_list":["post-66910","page","type-page","status-publish","hentry"],"acf":[],"yoast_head":"<!-- This site is optimized with the Yoast SEO Premium plugin v25.6 (Yoast SEO v25.6) - https:\/\/yoast.com\/wordpress\/plugins\/seo\/ -->\n<title>Modernisierung von Stromnetzen mit Field Service Management<\/title>\n<meta name=\"description\" content=\"Wie EVN mit Field-Service-Management-Software von OverIT Wartung, Transparenz und Effizienz in der Energieversorgung verbessert.\" \/>\n<meta name=\"robots\" content=\"index, follow, max-snippet:-1, max-image-preview:large, max-video-preview:-1\" \/>\n<link rel=\"canonical\" href=\"https:\/\/www.overit.ai\/de\/kunden\/kundenerfolgsgeschichten\/evn-modernisierung-von-stromnetzen-mit-field-service-management-softwareloesungen\/\" \/>\n<meta property=\"og:locale\" content=\"de_DE\" \/>\n<meta property=\"og:type\" content=\"article\" \/>\n<meta property=\"og:title\" content=\"Modernisierung von Stromnetzen mit Field Service Management\" \/>\n<meta property=\"og:description\" content=\"Wie EVN mit Field-Service-Management-Software von OverIT die Modernisierung von Stromnetzen sowie Effizienz und Transparenz vorantreibt.\" \/>\n<meta property=\"og:url\" content=\"https:\/\/www.overit.ai\/de\/kunden\/kundenerfolgsgeschichten\/evn-modernisierung-von-stromnetzen-mit-field-service-management-softwareloesungen\/\" \/>\n<meta property=\"og:site_name\" content=\"OverIT\" \/>\n<meta property=\"article:modified_time\" content=\"2026-04-17T13:12:46+00:00\" \/>\n<meta property=\"og:image\" content=\"https:\/\/www.overit.ai\/app\/uploads\/2026\/02\/EVN-Modernisierung-von-Stromnetzen-mit-Field-Service-Management.jpg\" \/>\n\t<meta property=\"og:image:width\" content=\"810\" \/>\n\t<meta property=\"og:image:height\" content=\"500\" \/>\n\t<meta property=\"og:image:type\" content=\"image\/jpeg\" \/>\n<meta name=\"twitter:card\" content=\"summary_large_image\" \/>\n<meta name=\"twitter:title\" content=\"Modernisierung von Stromnetzen mit Field Service Management\" \/>\n<meta name=\"twitter:description\" content=\"Wie EVN mit Field-Service-Management-Software von OverIT die Modernisierung von Stromnetzen sowie Effizienz und Transparenz vorantreibt.\" \/>\n<meta name=\"twitter:image\" content=\"https:\/\/www.overit.ai\/app\/uploads\/2026\/02\/EVN-Modernisierung-von-Stromnetzen-mit-Field-Service-Management.jpg\" \/>\n<meta name=\"twitter:label1\" content=\"Est. reading time\" \/>\n\t<meta name=\"twitter:data1\" content=\"3 minutes\" \/>\n<script type=\"application\/ld+json\" class=\"yoast-schema-graph\">{\"@context\":\"https:\/\/schema.org\",\"@graph\":[{\"@type\":\"WebPage\",\"@id\":\"https:\/\/www.overit.ai\/de\/kunden\/kundenerfolgsgeschichten\/evn-modernisierung-von-stromnetzen-mit-field-service-management-softwareloesungen\/\",\"url\":\"https:\/\/www.overit.ai\/de\/kunden\/kundenerfolgsgeschichten\/evn-modernisierung-von-stromnetzen-mit-field-service-management-softwareloesungen\/\",\"name\":\"Modernisierung von Stromnetzen mit Field Service Management\",\"isPartOf\":{\"@id\":\"https:\/\/www.overit.ai\/de\/#website\"},\"datePublished\":\"2026-02-03T14:39:59+00:00\",\"dateModified\":\"2026-04-17T13:12:46+00:00\",\"description\":\"Wie EVN mit Field-Service-Management-Software von OverIT Wartung, Transparenz und Effizienz in der Energieversorgung verbessert.\",\"breadcrumb\":{\"@id\":\"https:\/\/www.overit.ai\/de\/kunden\/kundenerfolgsgeschichten\/evn-modernisierung-von-stromnetzen-mit-field-service-management-softwareloesungen\/#breadcrumb\"},\"inLanguage\":\"de-DE\",\"potentialAction\":[{\"@type\":\"ReadAction\",\"target\":[\"https:\/\/www.overit.ai\/de\/kunden\/kundenerfolgsgeschichten\/evn-modernisierung-von-stromnetzen-mit-field-service-management-softwareloesungen\/\"]}]},{\"@type\":\"BreadcrumbList\",\"@id\":\"https:\/\/www.overit.ai\/de\/kunden\/kundenerfolgsgeschichten\/evn-modernisierung-von-stromnetzen-mit-field-service-management-softwareloesungen\/#breadcrumb\",\"itemListElement\":[{\"@type\":\"ListItem\",\"position\":1,\"name\":\"Home\",\"item\":\"https:\/\/www.overit.ai\/de\/\"},{\"@type\":\"ListItem\",\"position\":2,\"name\":\"Kunden\",\"item\":\"https:\/\/www.overit.ai\/de\/kunden\/\"},{\"@type\":\"ListItem\",\"position\":3,\"name\":\"Kundenerfolgsgeschichten\",\"item\":\"https:\/\/www.overit.ai\/de\/kunden\/kundenerfolgsgeschichten\/\"},{\"@type\":\"ListItem\",\"position\":4,\"name\":\"EVN &#8211; Modernisierung von Stromnetzen mit Field Service Management-Softwarel\u00f6sungen\"}]},{\"@type\":\"WebSite\",\"@id\":\"https:\/\/www.overit.ai\/de\/#website\",\"url\":\"https:\/\/www.overit.ai\/de\/\",\"name\":\"OverIT\",\"description\":\"Innovation in Field Service Management\",\"publisher\":{\"@id\":\"https:\/\/www.overit.ai\/de\/#organization\"},\"potentialAction\":[{\"@type\":\"SearchAction\",\"target\":{\"@type\":\"EntryPoint\",\"urlTemplate\":\"https:\/\/www.overit.ai\/de\/?s={search_term_string}\"},\"query-input\":{\"@type\":\"PropertyValueSpecification\",\"valueRequired\":true,\"valueName\":\"search_term_string\"}}],\"inLanguage\":\"de-DE\"},{\"@type\":\"Organization\",\"@id\":\"https:\/\/www.overit.ai\/de\/#organization\",\"name\":\"OverIT\",\"url\":\"https:\/\/www.overit.ai\/de\/\",\"logo\":{\"@type\":\"ImageObject\",\"inLanguage\":\"de-DE\",\"@id\":\"https:\/\/www.overit.ai\/de\/#\/schema\/logo\/image\/\",\"url\":\"https:\/\/www.overit.ai\/app\/uploads\/2021\/10\/OverIT-logo-400.png\",\"contentUrl\":\"https:\/\/www.overit.ai\/app\/uploads\/2021\/10\/OverIT-logo-400.png\",\"width\":400,\"height\":250,\"caption\":\"OverIT\"},\"image\":{\"@id\":\"https:\/\/www.overit.ai\/de\/#\/schema\/logo\/image\/\"}}]}<\/script>\n<!-- \/ Yoast SEO Premium plugin. -->","yoast_head_json":{"title":"Modernisierung von Stromnetzen mit Field Service Management","description":"Wie EVN mit Field-Service-Management-Software von OverIT Wartung, Transparenz und Effizienz in der Energieversorgung verbessert.","robots":{"index":"index","follow":"follow","max-snippet":"max-snippet:-1","max-image-preview":"max-image-preview:large","max-video-preview":"max-video-preview:-1"},"canonical":"https:\/\/www.overit.ai\/de\/kunden\/kundenerfolgsgeschichten\/evn-modernisierung-von-stromnetzen-mit-field-service-management-softwareloesungen\/","og_locale":"de_DE","og_type":"article","og_title":"Modernisierung von Stromnetzen mit Field Service Management","og_description":"Wie EVN mit Field-Service-Management-Software von OverIT die Modernisierung von Stromnetzen sowie Effizienz und Transparenz vorantreibt.","og_url":"https:\/\/www.overit.ai\/de\/kunden\/kundenerfolgsgeschichten\/evn-modernisierung-von-stromnetzen-mit-field-service-management-softwareloesungen\/","og_site_name":"OverIT","article_modified_time":"2026-04-17T13:12:46+00:00","og_image":[{"width":810,"height":500,"url":"https:\/\/www.overit.ai\/app\/uploads\/2026\/02\/EVN-Modernisierung-von-Stromnetzen-mit-Field-Service-Management.jpg","type":"image\/jpeg"}],"twitter_card":"summary_large_image","twitter_title":"Modernisierung von Stromnetzen mit Field Service Management","twitter_description":"Wie EVN mit Field-Service-Management-Software von OverIT die Modernisierung von Stromnetzen sowie Effizienz und Transparenz vorantreibt.","twitter_image":"https:\/\/www.overit.ai\/app\/uploads\/2026\/02\/EVN-Modernisierung-von-Stromnetzen-mit-Field-Service-Management.jpg","twitter_misc":{"Est. reading time":"3 minutes"},"schema":{"@context":"https:\/\/schema.org","@graph":[{"@type":"WebPage","@id":"https:\/\/www.overit.ai\/de\/kunden\/kundenerfolgsgeschichten\/evn-modernisierung-von-stromnetzen-mit-field-service-management-softwareloesungen\/","url":"https:\/\/www.overit.ai\/de\/kunden\/kundenerfolgsgeschichten\/evn-modernisierung-von-stromnetzen-mit-field-service-management-softwareloesungen\/","name":"Modernisierung von Stromnetzen mit Field Service Management","isPartOf":{"@id":"https:\/\/www.overit.ai\/de\/#website"},"datePublished":"2026-02-03T14:39:59+00:00","dateModified":"2026-04-17T13:12:46+00:00","description":"Wie EVN mit Field-Service-Management-Software von OverIT Wartung, Transparenz und Effizienz in der Energieversorgung verbessert.","breadcrumb":{"@id":"https:\/\/www.overit.ai\/de\/kunden\/kundenerfolgsgeschichten\/evn-modernisierung-von-stromnetzen-mit-field-service-management-softwareloesungen\/#breadcrumb"},"inLanguage":"de-DE","potentialAction":[{"@type":"ReadAction","target":["https:\/\/www.overit.ai\/de\/kunden\/kundenerfolgsgeschichten\/evn-modernisierung-von-stromnetzen-mit-field-service-management-softwareloesungen\/"]}]},{"@type":"BreadcrumbList","@id":"https:\/\/www.overit.ai\/de\/kunden\/kundenerfolgsgeschichten\/evn-modernisierung-von-stromnetzen-mit-field-service-management-softwareloesungen\/#breadcrumb","itemListElement":[{"@type":"ListItem","position":1,"name":"Home","item":"https:\/\/www.overit.ai\/de\/"},{"@type":"ListItem","position":2,"name":"Kunden","item":"https:\/\/www.overit.ai\/de\/kunden\/"},{"@type":"ListItem","position":3,"name":"Kundenerfolgsgeschichten","item":"https:\/\/www.overit.ai\/de\/kunden\/kundenerfolgsgeschichten\/"},{"@type":"ListItem","position":4,"name":"EVN &#8211; Modernisierung von Stromnetzen mit Field Service Management-Softwarel\u00f6sungen"}]},{"@type":"WebSite","@id":"https:\/\/www.overit.ai\/de\/#website","url":"https:\/\/www.overit.ai\/de\/","name":"OverIT","description":"Innovation in Field Service Management","publisher":{"@id":"https:\/\/www.overit.ai\/de\/#organization"},"potentialAction":[{"@type":"SearchAction","target":{"@type":"EntryPoint","urlTemplate":"https:\/\/www.overit.ai\/de\/?s={search_term_string}"},"query-input":{"@type":"PropertyValueSpecification","valueRequired":true,"valueName":"search_term_string"}}],"inLanguage":"de-DE"},{"@type":"Organization","@id":"https:\/\/www.overit.ai\/de\/#organization","name":"OverIT","url":"https:\/\/www.overit.ai\/de\/","logo":{"@type":"ImageObject","inLanguage":"de-DE","@id":"https:\/\/www.overit.ai\/de\/#\/schema\/logo\/image\/","url":"https:\/\/www.overit.ai\/app\/uploads\/2021\/10\/OverIT-logo-400.png","contentUrl":"https:\/\/www.overit.ai\/app\/uploads\/2021\/10\/OverIT-logo-400.png","width":400,"height":250,"caption":"OverIT"},"image":{"@id":"https:\/\/www.overit.ai\/de\/#\/schema\/logo\/image\/"}}]}},"_links":{"self":[{"href":"https:\/\/www.overit.ai\/de\/wp-json\/wp\/v2\/pages\/66910","targetHints":{"allow":["GET"]}}],"collection":[{"href":"https:\/\/www.overit.ai\/de\/wp-json\/wp\/v2\/pages"}],"about":[{"href":"https:\/\/www.overit.ai\/de\/wp-json\/wp\/v2\/types\/page"}],"author":[{"embeddable":true,"href":"https:\/\/www.overit.ai\/de\/wp-json\/wp\/v2\/users\/3"}],"replies":[{"embeddable":true,"href":"https:\/\/www.overit.ai\/de\/wp-json\/wp\/v2\/comments?post=66910"}],"version-history":[{"count":11,"href":"https:\/\/www.overit.ai\/de\/wp-json\/wp\/v2\/pages\/66910\/revisions"}],"predecessor-version":[{"id":72449,"href":"https:\/\/www.overit.ai\/de\/wp-json\/wp\/v2\/pages\/66910\/revisions\/72449"}],"up":[{"embeddable":true,"href":"https:\/\/www.overit.ai\/de\/wp-json\/wp\/v2\/pages\/67043"}],"wp:attachment":[{"href":"https:\/\/www.overit.ai\/de\/wp-json\/wp\/v2\/media?parent=66910"}],"wp:term":[{"taxonomy":"case_study_category","embeddable":true,"href":"https:\/\/www.overit.ai\/de\/wp-json\/wp\/v2\/case_study_category?post=66910"}],"curies":[{"name":"wp","href":"https:\/\/api.w.org\/{rel}","templated":true}]}}