{"id":66836,"date":"2026-01-21T11:48:47","date_gmt":"2026-01-21T11:48:47","guid":{"rendered":"https:\/\/www.overit.ai\/?page_id=66836"},"modified":"2026-03-04T11:37:52","modified_gmt":"2026-03-04T11:37:52","slug":"analystenberichte","status":"publish","type":"page","link":"https:\/\/www.overit.ai\/de\/analystenberichte\/","title":{"rendered":"Analystenberichte"},"content":{"rendered":"<div\n  class=\"overit-block overit-block--white overit-radius-full overit-no-margin overit-no-padding \n  overit-block-wide-info-image\"\n        >\n  \n  <div class=\"overit-block-wrapper\">\n\n\n\n\n<div class=\"wii right  \" id=\"\">\n        <div class=\"wii__content\" >\n                  <h1 class=\"wii__section-title\" style=\"\">Analystenberichte<\/h1>\n          \n                      <h2 id=\"wii-title-6a02369070729\" class=\"wii__title\" style=\"  \">OverIT als Leader ausgezeichnet!<\/h2>\n          \n          <div class=\"wii__description\" style=\" \">\n        <p style=\"font-size:1.4rem\">OverIT im \u201eIDC MarketScape for Worldwide Field Service Management Solutions for Utilities 2023-2024\u201c als Leader ausgezeichnet<\/span><\/p>\n\n      <\/div>\n    \n        \n    \n          <div class=\"wii__cta\">\n        <a\n          href=\"https:\/\/www.overit.ai\/de\/analystenberichte\/idc\/idc-marketscape-field-service-management-versorger-2023-2024\/\"\n                    class=\"wii__cta--orange \"\n          aria-describedby=\"wii-title-6a02369070729\"\n        >\n          BERICHT HERUNTERLADEN\n        <\/a>\n      <\/div>\n    \n    \n      <\/div>\n  \n      <div class=\"wii__image\" >\n                        <img decoding=\"async\" src=\"https:\/\/www.overit.ai\/app\/uploads\/2023\/11\/IDC-MarketScape-Field-Service-Management.png\" alt=\"IDC-MarketScape-Field-Service-Management\" width=\"906\" height=\"682\" \/>\n                  <\/div>\n  \n  <\/div>\n\n<\/div><!-- .overit-block-wrapper -->\n<\/div><!-- .overit-block -->\n\n\n<div\n  class=\"overit-block overit-block--white overit-radius-full overit-no-margin overit-padding-medium-top overit-block--fullwidth\n  overit-block-configurable-jumbotron\"\n        >\n  \n  <div class=\"overit-block-wrapper\">\n\n<section class=\"configurable-jumbotron left\" >\n    \n                  <h2  class=\"cj-title medium\">Von globalen Beratungsunternehmen als f\u00fchrender FSM-Anbieter anerkannt<\/h2 >\n          \n                  <div class=\"cj-subtitle medium\"><p>Wir profitieren nun von unseren langj\u00e4hrigen Investitionen in die Entwicklung neuer Technologien und in unsere Mitarbeiter. Die weltweit f\u00fchrenden Forschungs- und Beratungsunternehmen im IT-Sektor, n\u00e4mlich Gartner, Forrester und IDC, erkennen OverIT in ihren Berichten als international f\u00fchrenden Anbieter im Bereich Field Service Management an. Diese wichtigen Erfolge erf\u00fcllen uns voller Stolz und unterstreichen unser Engagement im Bereich innovativer Technologien, um stets den Bed\u00fcrfnissen unserer Kunden gerecht zu werden.<\/p>\n<\/div>\n          \n        <\/section>\n\n<\/div><!-- .overit-block-wrapper -->\n<\/div><!-- .overit-block -->\n\n\n<div\n  class=\"overit-block overit-block--white overit-radius-full overit-no-margin overit-no-padding \n  overit-block-wide-info-image\"\n        >\n  \n  <div class=\"overit-block-wrapper\">\n\n\n\n\n<div class=\"wii left  \" id=\"\">\n        <div class=\"wii__image\" >\n                  <a tabindex=\"-1\"  href=\"\/de\/analystenberichte\/gartner\/\">\n                    <img decoding=\"async\" src=\"https:\/\/www.overit.ai\/app\/uploads\/2021\/11\/gartner-analysts-reports-1.jpg\" alt=\"gartner-analysts'-reports\" width=\"1200\" height=\"826\" \/>\n                    <\/a>\n            <\/div>\n  \n      <div class=\"wii__content\" >\n                  <h3 class=\"wii__section-title\" style=\"\">GARTNER<\/h3>\n          \n        \n          <div class=\"wii__description\" style=\" \">\n        <p>Gartner wurde 1979 gegr\u00fcndet und ist das f\u00fchrende Forschungs- und Beratungsunternehmen, das F\u00fchrungskr\u00e4ften in Unternehmen unverzichtbare Gesch\u00e4ftseinblicke, Ratschl\u00e4ge und Tools zur Verf\u00fcgung stellt, die sie ben\u00f6tigen, um ihre gesch\u00e4ftskritischen Priorit\u00e4ten zu erreichen und die Organisationen von morgen aufzubauen.<br \/>\nGartner<sup>\u00ae<\/sup> ist ein vertrauensw\u00fcrdiger Berater und eine objektive Informationsquelle f\u00fcr mehr als 14.000 Unternehmen in \u00fcber 100 L\u00e4ndern.<\/p>\n\n      <\/div>\n    \n        \n    \n    \n          <a class=\"more-link\" aria-describedby=\"wii-title-6a02369074273\"  href=\"\/de\/analystenberichte\/gartner\/\">BERICHTE VON GARTNER<\/a>\n    \n      <\/div>\n  \n  <\/div>\n\n<\/div><!-- .overit-block-wrapper -->\n<\/div><!-- .overit-block -->\n\n\n<div\n  class=\"overit-block overit-block--white overit-radius-full overit-no-margin overit-no-padding \n  overit-block-wide-info-image\"\n        >\n  \n  <div class=\"overit-block-wrapper\">\n\n\n\n\n<div class=\"wii right  \" id=\"\">\n        <div class=\"wii__content\" >\n                  <h3 class=\"wii__section-title\" style=\"\">IDC &#8211; INTERNATIONAL DATA CORPORATION<\/h3>\n          \n        \n          <div class=\"wii__description\" style=\" \">\n        <p>Die 1964 gegr\u00fcndete International Data Corporation (IDC) ist der weltweit f\u00fchrende Anbieter von Marktinformationen, Beratungsdienstleistungen und Veranstaltungen f\u00fcr die M\u00e4rkte Informationstechnologie, Telekommunikation und Verbrauchertechnologie. Mit mehr als 1.100 Analysten weltweit bietet IDC globale, regionale und lokale Expertise zu Technologie- und Branchenchancen sowie Trends in \u00fcber 110 L\u00e4ndern. Die Analysen und Erkenntnisse von IDC helfen IT-Fachleuten, F\u00fchrungskr\u00e4ften und Investoren, fundierte Technologieentscheidungen zu treffen und ihre wichtigsten Gesch\u00e4ftsziele zu erreichen.<\/p>\n\n      <\/div>\n    \n        \n    \n    \n          <a class=\"more-link\" aria-describedby=\"wii-title-6a02369076b4b\"  href=\"\/de\/analystenberichte\/idc\/\">BERICHTE VON IDC<\/a>\n    \n      <\/div>\n  \n      <div class=\"wii__image\" >\n                  <a tabindex=\"-1\"  href=\"\/de\/analystenberichte\/idc\/\">\n                    <img decoding=\"async\" src=\"https:\/\/www.overit.ai\/app\/uploads\/2021\/11\/idc-reports.jpg\" alt=\"idc-reports\" width=\"1800\" height=\"1239\" \/>\n                    <\/a>\n            <\/div>\n  \n  <\/div>\n\n<\/div><!-- .overit-block-wrapper -->\n<\/div><!-- .overit-block -->\n\n\n<div\n  class=\"overit-block overit-block--white overit-radius-full overit-no-margin overit-no-padding \n  overit-block-wide-info-image\"\n        >\n  \n  <div class=\"overit-block-wrapper\">\n\n\n\n\n<div class=\"wii left  \" id=\"\">\n        <div class=\"wii__image\" >\n                  <a tabindex=\"-1\"  href=\"\/de\/analystenberichte\/forrester\/\">\n                    <img decoding=\"async\" src=\"https:\/\/www.overit.ai\/app\/uploads\/2021\/11\/Forrester-Reports.jpg\" alt=\"Forrester Reports\" width=\"1800\" height=\"1239\" \/>\n                    <\/a>\n            <\/div>\n  \n      <div class=\"wii__content\" >\n                  <h3 class=\"wii__section-title\" style=\"\">FORRESTER<\/h3>\n          \n        \n          <div class=\"wii__description\" style=\" \">\n        <p>Forrester Research Inc. ist ein unabh\u00e4ngiges Forschungsunternehmen, das globale F\u00fchrungskr\u00e4fte aus Wirtschaft und Technologie mit pragmatischen und zukunftsorientierten Ratschl\u00e4gen versorgt. Forrester arbeitet mit Fachleuten in 17 Schl\u00fcsselpositionen bei gro\u00dfen Unternehmen zusammen und bietet ihnen propriet\u00e4re Forschungsergebnisse, Verbrauchererkenntnisse, Beratung, Veranstaltungen und Peer-to-Peer-Programme f\u00fcr F\u00fchrungskr\u00e4fte. Seit mehr als 28 Jahren unterst\u00fctzt Forrester t\u00e4glich F\u00fchrungskr\u00e4fte aus den Bereichen IT, Marketing und Technologie dabei, erfolgreich zu sein.<\/p>\n\n      <\/div>\n    \n        \n    \n    \n          <a class=\"more-link\" aria-describedby=\"wii-title-6a0236907808a\"  href=\"\/de\/analystenberichte\/forrester\/\">BERICHTE VON FORRESTER<\/a>\n    \n      <\/div>\n  \n  <\/div>\n\n<\/div><!-- .overit-block-wrapper -->\n<\/div><!-- .overit-block -->\n\n\n<div\n  class=\"overit-block overit-block--white overit-radius-full overit-no-margin overit-no-padding \n  overit-block-wide-info-image\"\n        >\n  \n  <div class=\"overit-block-wrapper\">\n\n\n\n\n<div class=\"wii right  \" id=\"\">\n        <div class=\"wii__content\" >\n                  <h3 class=\"wii__section-title\" style=\"\">CONSTELLATION RESEARCH<\/h3>\n          \n        \n          <div class=\"wii__description\" style=\" \">\n        <p>Constellation Research ist ein Technologieforschungs- und Beratungsunternehmen mit Sitz im Silicon Valley. Es bietet strategische Beratung f\u00fcr Unternehmen, die ihr Gesch\u00e4ft durch die fr\u00fchzeitige Einf\u00fchrung exponentieller Technologien transformieren m\u00f6chten. Die Analysten des Unternehmens nutzen ihre Erfahrung als Praktiker, um CXOs, die die Gesch\u00e4ftstransformation in ihren Organisationen leiten, pragmatische Ratschl\u00e4ge zu geben. Ihre Mission ist es, Forschung zu exponentiellen Technologien zu betreiben, Trends zu identifizieren und zu validieren und unsere Kunden zu bef\u00e4higen, in der digitalen Wirtschaft erfolgreich zu sein.<\/p>\n\n      <\/div>\n    \n        \n    \n    \n          <a class=\"more-link\" aria-describedby=\"wii-title-6a0236907955e\"  href=\"\/de\/analystenberichte\/constellation-research\/\">BERICHTE VON CONSTELLATION RESEARCH<\/a>\n    \n      <\/div>\n  \n      <div class=\"wii__image\" >\n                  <a tabindex=\"-1\"  href=\"\/de\/analystenberichte\/constellation-research\/\">\n                    <img decoding=\"async\" src=\"https:\/\/www.overit.ai\/app\/uploads\/2021\/11\/constellation-reseatch-reports.jpg\" alt=\"constellation-reseatch-reports\" width=\"1800\" height=\"1239\" \/>\n                    <\/a>\n            <\/div>\n  \n  <\/div>\n\n<\/div><!-- .overit-block-wrapper -->\n<\/div><!-- .overit-block -->\n\n\n<div\n  class=\"overit-block overit-block--white overit-radius-full overit-no-margin overit-no-padding \n  overit-block-wide-info-image\"\n        >\n  \n  <div class=\"overit-block-wrapper\">\n\n\n\n\n<div class=\"wii left  \" id=\"\">\n        <div class=\"wii__image\" >\n                  <a tabindex=\"-1\"  href=\"\/de\/analystenberichte\/verdantix\/\">\n                    <img decoding=\"async\" src=\"https:\/\/www.overit.ai\/app\/uploads\/2025\/02\/verdantix-reports.webp\" alt=\"verdantix-reports\" width=\"1594\" height=\"1080\" \/>\n                    <\/a>\n            <\/div>\n  \n      <div class=\"wii__content\" >\n                  <h3 class=\"wii__section-title\" style=\"\">VERDANTIX<\/h3>\n          \n        \n          <div class=\"wii__description\" style=\" \">\n        <p>Verdantix ist ein Forschungs-, Daten- und Beratungsunternehmen, das als wichtiger Vorreiter f\u00fcr weltverbessernde Innovationen fungiert. Verdantix ist ein vertrauensw\u00fcrdiger Berater f\u00fcr Entscheidungstr\u00e4ger in Unternehmen, F\u00fchrungskr\u00e4fte auf C-Level bei Technologieanbietern und globale Praxisleiter bei Dienstleistungsunternehmen.<\/p>\n\n      <\/div>\n    \n        \n    \n    \n          <a class=\"more-link\" aria-describedby=\"wii-title-6a0236907a9c1\"  href=\"\/de\/analystenberichte\/verdantix\/\">BERICHTE VON VERDANTIX<\/a>\n    \n      <\/div>\n  \n  <\/div>\n\n<\/div><!-- .overit-block-wrapper -->\n<\/div><!-- .overit-block -->\n","protected":false},"excerpt":{"rendered":"","protected":false},"author":3,"featured_media":0,"parent":0,"menu_order":0,"comment_status":"closed","ping_status":"closed","template":"","meta":{"_acf_changed":false,"footnotes":""},"case_study_category":[],"class_list":["post-66836","page","type-page","status-publish","hentry"],"acf":[],"yoast_head":"<!-- This site is optimized with the Yoast SEO Premium plugin v25.6 (Yoast SEO v25.6) - https:\/\/yoast.com\/wordpress\/plugins\/seo\/ -->\n<title>Analystenberichte &amp; Auszeichnungen | OverIT<\/title>\n<meta name=\"description\" content=\"OverIT wird von f\u00fchrenden Analysten wie Gartner, IDC und Forrester als Anbieter f\u00fcr Field Service Management-L\u00f6sungen ausgezeichnet.\" \/>\n<meta name=\"robots\" content=\"index, follow, max-snippet:-1, max-image-preview:large, max-video-preview:-1\" \/>\n<link rel=\"canonical\" href=\"https:\/\/www.overit.ai\/de\/analystenberichte\/\" \/>\n<meta property=\"og:locale\" content=\"de_DE\" \/>\n<meta property=\"og:type\" content=\"article\" \/>\n<meta property=\"og:title\" content=\"Analystenberichte &amp; Auszeichnungen | OverIT\" \/>\n<meta property=\"og:description\" content=\"OverIT wird von f\u00fchrenden Analysten wie Gartner, IDC und Forrester als Anbieter f\u00fcr Field Service Management-L\u00f6sungen ausgezeichnet.\" \/>\n<meta property=\"og:url\" content=\"https:\/\/www.overit.ai\/de\/analystenberichte\/\" \/>\n<meta property=\"og:site_name\" content=\"OverIT\" \/>\n<meta property=\"article:modified_time\" content=\"2026-03-04T11:37:52+00:00\" \/>\n<meta name=\"twitter:card\" content=\"summary_large_image\" \/>\n<meta name=\"twitter:title\" content=\"Analystenberichte &amp; Auszeichnungen | OverIT\" \/>\n<meta name=\"twitter:description\" content=\"OverIT wird von f\u00fchrenden Analysten wie Gartner, IDC und Forrester als Anbieter f\u00fcr Field Service Management-L\u00f6sungen ausgezeichnet.\" \/>\n<meta name=\"twitter:label1\" content=\"Est. reading time\" \/>\n\t<meta name=\"twitter:data1\" content=\"4 minutes\" \/>\n<script type=\"application\/ld+json\" class=\"yoast-schema-graph\">{\"@context\":\"https:\/\/schema.org\",\"@graph\":[{\"@type\":\"WebPage\",\"@id\":\"https:\/\/www.overit.ai\/de\/analystenberichte\/\",\"url\":\"https:\/\/www.overit.ai\/de\/analystenberichte\/\",\"name\":\"Analystenberichte & Auszeichnungen | OverIT\",\"isPartOf\":{\"@id\":\"https:\/\/www.overit.ai\/de\/#website\"},\"datePublished\":\"2026-01-21T11:48:47+00:00\",\"dateModified\":\"2026-03-04T11:37:52+00:00\",\"description\":\"OverIT wird von f\u00fchrenden Analysten wie Gartner, IDC und Forrester als Anbieter f\u00fcr Field Service Management-L\u00f6sungen ausgezeichnet.\",\"breadcrumb\":{\"@id\":\"https:\/\/www.overit.ai\/de\/analystenberichte\/#breadcrumb\"},\"inLanguage\":\"de-DE\",\"potentialAction\":[{\"@type\":\"ReadAction\",\"target\":[\"https:\/\/www.overit.ai\/de\/analystenberichte\/\"]}]},{\"@type\":\"BreadcrumbList\",\"@id\":\"https:\/\/www.overit.ai\/de\/analystenberichte\/#breadcrumb\",\"itemListElement\":[{\"@type\":\"ListItem\",\"position\":1,\"name\":\"Home\",\"item\":\"https:\/\/www.overit.ai\/de\/\"},{\"@type\":\"ListItem\",\"position\":2,\"name\":\"Analystenberichte\"}]},{\"@type\":\"WebSite\",\"@id\":\"https:\/\/www.overit.ai\/de\/#website\",\"url\":\"https:\/\/www.overit.ai\/de\/\",\"name\":\"OverIT\",\"description\":\"Innovation in Field Service Management\",\"publisher\":{\"@id\":\"https:\/\/www.overit.ai\/de\/#organization\"},\"potentialAction\":[{\"@type\":\"SearchAction\",\"target\":{\"@type\":\"EntryPoint\",\"urlTemplate\":\"https:\/\/www.overit.ai\/de\/?s={search_term_string}\"},\"query-input\":{\"@type\":\"PropertyValueSpecification\",\"valueRequired\":true,\"valueName\":\"search_term_string\"}}],\"inLanguage\":\"de-DE\"},{\"@type\":\"Organization\",\"@id\":\"https:\/\/www.overit.ai\/de\/#organization\",\"name\":\"OverIT\",\"url\":\"https:\/\/www.overit.ai\/de\/\",\"logo\":{\"@type\":\"ImageObject\",\"inLanguage\":\"de-DE\",\"@id\":\"https:\/\/www.overit.ai\/de\/#\/schema\/logo\/image\/\",\"url\":\"https:\/\/www.overit.ai\/app\/uploads\/2021\/10\/OverIT-logo-400.png\",\"contentUrl\":\"https:\/\/www.overit.ai\/app\/uploads\/2021\/10\/OverIT-logo-400.png\",\"width\":400,\"height\":250,\"caption\":\"OverIT\"},\"image\":{\"@id\":\"https:\/\/www.overit.ai\/de\/#\/schema\/logo\/image\/\"}}]}<\/script>\n<!-- \/ Yoast SEO Premium plugin. -->","yoast_head_json":{"title":"Analystenberichte & Auszeichnungen | OverIT","description":"OverIT wird von f\u00fchrenden Analysten wie Gartner, IDC und Forrester als Anbieter f\u00fcr Field Service Management-L\u00f6sungen ausgezeichnet.","robots":{"index":"index","follow":"follow","max-snippet":"max-snippet:-1","max-image-preview":"max-image-preview:large","max-video-preview":"max-video-preview:-1"},"canonical":"https:\/\/www.overit.ai\/de\/analystenberichte\/","og_locale":"de_DE","og_type":"article","og_title":"Analystenberichte & Auszeichnungen | OverIT","og_description":"OverIT wird von f\u00fchrenden Analysten wie Gartner, IDC und Forrester als Anbieter f\u00fcr Field Service Management-L\u00f6sungen ausgezeichnet.","og_url":"https:\/\/www.overit.ai\/de\/analystenberichte\/","og_site_name":"OverIT","article_modified_time":"2026-03-04T11:37:52+00:00","twitter_card":"summary_large_image","twitter_title":"Analystenberichte & Auszeichnungen | OverIT","twitter_description":"OverIT wird von f\u00fchrenden Analysten wie Gartner, IDC und Forrester als Anbieter f\u00fcr Field Service Management-L\u00f6sungen ausgezeichnet.","twitter_misc":{"Est. reading time":"4 minutes"},"schema":{"@context":"https:\/\/schema.org","@graph":[{"@type":"WebPage","@id":"https:\/\/www.overit.ai\/de\/analystenberichte\/","url":"https:\/\/www.overit.ai\/de\/analystenberichte\/","name":"Analystenberichte & Auszeichnungen | OverIT","isPartOf":{"@id":"https:\/\/www.overit.ai\/de\/#website"},"datePublished":"2026-01-21T11:48:47+00:00","dateModified":"2026-03-04T11:37:52+00:00","description":"OverIT wird von f\u00fchrenden Analysten wie Gartner, IDC und Forrester als Anbieter f\u00fcr Field Service Management-L\u00f6sungen ausgezeichnet.","breadcrumb":{"@id":"https:\/\/www.overit.ai\/de\/analystenberichte\/#breadcrumb"},"inLanguage":"de-DE","potentialAction":[{"@type":"ReadAction","target":["https:\/\/www.overit.ai\/de\/analystenberichte\/"]}]},{"@type":"BreadcrumbList","@id":"https:\/\/www.overit.ai\/de\/analystenberichte\/#breadcrumb","itemListElement":[{"@type":"ListItem","position":1,"name":"Home","item":"https:\/\/www.overit.ai\/de\/"},{"@type":"ListItem","position":2,"name":"Analystenberichte"}]},{"@type":"WebSite","@id":"https:\/\/www.overit.ai\/de\/#website","url":"https:\/\/www.overit.ai\/de\/","name":"OverIT","description":"Innovation in Field Service Management","publisher":{"@id":"https:\/\/www.overit.ai\/de\/#organization"},"potentialAction":[{"@type":"SearchAction","target":{"@type":"EntryPoint","urlTemplate":"https:\/\/www.overit.ai\/de\/?s={search_term_string}"},"query-input":{"@type":"PropertyValueSpecification","valueRequired":true,"valueName":"search_term_string"}}],"inLanguage":"de-DE"},{"@type":"Organization","@id":"https:\/\/www.overit.ai\/de\/#organization","name":"OverIT","url":"https:\/\/www.overit.ai\/de\/","logo":{"@type":"ImageObject","inLanguage":"de-DE","@id":"https:\/\/www.overit.ai\/de\/#\/schema\/logo\/image\/","url":"https:\/\/www.overit.ai\/app\/uploads\/2021\/10\/OverIT-logo-400.png","contentUrl":"https:\/\/www.overit.ai\/app\/uploads\/2021\/10\/OverIT-logo-400.png","width":400,"height":250,"caption":"OverIT"},"image":{"@id":"https:\/\/www.overit.ai\/de\/#\/schema\/logo\/image\/"}}]}},"_links":{"self":[{"href":"https:\/\/www.overit.ai\/de\/wp-json\/wp\/v2\/pages\/66836","targetHints":{"allow":["GET"]}}],"collection":[{"href":"https:\/\/www.overit.ai\/de\/wp-json\/wp\/v2\/pages"}],"about":[{"href":"https:\/\/www.overit.ai\/de\/wp-json\/wp\/v2\/types\/page"}],"author":[{"embeddable":true,"href":"https:\/\/www.overit.ai\/de\/wp-json\/wp\/v2\/users\/3"}],"replies":[{"embeddable":true,"href":"https:\/\/www.overit.ai\/de\/wp-json\/wp\/v2\/comments?post=66836"}],"version-history":[{"count":9,"href":"https:\/\/www.overit.ai\/de\/wp-json\/wp\/v2\/pages\/66836\/revisions"}],"predecessor-version":[{"id":69365,"href":"https:\/\/www.overit.ai\/de\/wp-json\/wp\/v2\/pages\/66836\/revisions\/69365"}],"wp:attachment":[{"href":"https:\/\/www.overit.ai\/de\/wp-json\/wp\/v2\/media?parent=66836"}],"wp:term":[{"taxonomy":"case_study_category","embeddable":true,"href":"https:\/\/www.overit.ai\/de\/wp-json\/wp\/v2\/case_study_category?post=66836"}],"curies":[{"name":"wp","href":"https:\/\/api.w.org\/{rel}","templated":true}]}}