{"id":66652,"date":"2026-02-24T13:00:41","date_gmt":"2026-02-24T13:00:41","guid":{"rendered":"https:\/\/www.overit.ai\/?page_id=66652"},"modified":"2026-02-24T13:00:43","modified_gmt":"2026-02-24T13:00:43","slug":"rechtliche-hinweise","status":"publish","type":"page","link":"https:\/\/www.overit.ai\/de\/rechtliche-hinweise\/","title":{"rendered":"Rechtliche Hinweise"},"content":{"rendered":"<div\n  class=\"overit-block overit-block--white overit-radius-full overit-margin-small overit-padding-big-top overit-block--fullwidth\n  overit-block-configurable-jumbotron\"\n        >\n  \n  <div class=\"overit-block-wrapper\">\n\n<section class=\"configurable-jumbotron left\" >\n                  <h1 class=\"cj-section-title\">RECHTLICHE HINWEISE<\/h1>\n          \n                  <div class=\"cj-title medium\">Bitte lesen Sie die Bedingungen sorgf\u00e4ltig durch, bevor Sie die Website von OverIT nutzen. Die Nutzung der Website setzt die Zustimmung zu den Nutzungsbedingungen voraus<\/div>\n          \n                  <div class=\"cj-subtitle medium\"><p>Diese Website enth\u00e4lt Informationen \u00fcber OverIT S.p.A. (\u201eOverIT\u201c), seine Produkte und Dienstleistungen.<br \/>\nDie Informationen werden den betroffenen und an OverIT interessierten Personen zur Verf\u00fcgung gestellt.<br \/>\nDas Kopieren, Verwenden und Herunterladen jeglicher Daten von dieser Website setzt voraus, dass der Nutzer die hierin beschriebenen Bedingungen einh\u00e4lt.<br \/>\nOverIT S.p.A.<br \/>\nVia U. Bassi, 81<br \/>\n33080 Fiume Veneto (PN), ITALIEN<br \/>\nHandelsregister von Pordenone, Steuernummer\/USt-IdNr.: IT01391460936<br \/>\nREA-Nummer (Wirtschafts- und Verwaltungsregister) 73366<br \/>\nGrundkapital \u20ac 300.000,00, voll eingezahlt<br \/>\nZertifizierte E-Mail (PEC): legal.affairs@pec.overit.it<\/p>\n<\/div>\n          \n        <\/section>\n\n<\/div><!-- .overit-block-wrapper -->\n<\/div><!-- .overit-block -->\n\n\n<div\n  class=\"overit-block overit-block--white overit-radius-full overit-margin-small overit-no-padding overit-block--fullwidth\n  overit-block-configurable-jumbotron\"\n        >\n  \n  <div class=\"overit-block-wrapper\">\n\n<section class=\"configurable-jumbotron left\" >\n    \n                  <div class=\"cj-title medium\">Urheberrechtshinweis<\/div>\n          \n                  <div class=\"cj-subtitle medium\"><p>Die Inhalte und Materialien auf dieser Website sind Eigentum von OverIT. Alle Rechte vorbehalten. Alle Rechte vorbehalten. Die auf dieser Website genannten Produkte und Handelsnamen sind Marken ihrer jeweiligen Eigent\u00fcmer.<\/p>\n<\/div>\n          \n        <\/section>\n\n<\/div><!-- .overit-block-wrapper -->\n<\/div><!-- .overit-block -->\n\n\n<div\n  class=\"overit-block overit-block--white overit-radius-full overit-margin-small overit-no-padding overit-block--fullwidth\n  overit-block-configurable-jumbotron\"\n        >\n  \n  <div class=\"overit-block-wrapper\">\n\n<section class=\"configurable-jumbotron left\" >\n    \n                  <div class=\"cj-title medium\">Nutzung dieser Website<\/div>\n          \n                  <div class=\"cj-subtitle medium\"><p>OverIT berechtigt das Anzeigen und Herunterladen der Inhalte dieser Website, sofern der Nutzer die folgenden Bedingungen einh\u00e4lt:<\/p>\n<ul>\n<li>Die Nutzung des Materials ist f\u00fcr den pers\u00f6nlichen Gebrauch, d.h. f\u00fcr nicht-kommerzielle Zwecke, gestattet, sofern die Urheberrechtshinweise und andere Eigentumshinweise am Originalmaterial angebracht bleiben;<\/li>\n<li>Es ist nicht gestattet, die Materialien in irgendeiner Weise zu ver\u00e4ndern oder zu modifizieren;<\/li>\n<li>Es ist nicht gestattet, die Materialien zu kopieren oder auf einem Netzwerkcomputer zu ver\u00f6ffentlichen oder in einem Medium zu verbreiten;<\/li>\n<li>Es ist nicht gestattet, die Materialien f\u00fcr \u00f6ffentliche oder kommerzielle Zwecke zu vervielf\u00e4ltigen, \u00f6ffentlich auszustellen oder zu verbreiten;<\/li>\n<li>Es ist nicht gestattet, die Materialien in einer Weise zu verwenden, die den Interessen von OverIT zuwiderl\u00e4uft.<\/li>\n<\/ul>\n<p>Die Einschr\u00e4nkungen betreffen das Design und Layout der Website von OverIT. Kein Logo, Ton oder Bild von der Website von OverIT darf kopiert oder \u00fcbertragen werden, es sei denn, OverIT hat dies ausdr\u00fccklich genehmigt.<br \/>\nAlle Materialien, die von dieser Website kopiert oder heruntergeladen werden, m\u00fcssen eine Kopie dieses rechtlichen Hinweises enthalten.<br \/>\nDie Verwendung f\u00fcr andere Zwecke ist verboten und kann gegen das Urheberrecht, das Markenrecht und andere Gesetze versto\u00dfen. Wenn der Nutzer diese Bedingungen nicht einh\u00e4lt, erlischt die Berechtigung zur Nutzung dieser Website automatisch. Es werden keine Rechte, Eigentumsrechte oder Anspr\u00fcche in Bezug auf die Inhalte und Informationen von OverIT gew\u00e4hrt.<\/p>\n<\/div>\n          \n        <\/section>\n\n<\/div><!-- .overit-block-wrapper -->\n<\/div><!-- .overit-block -->\n\n\n<div\n  class=\"overit-block overit-block--white overit-radius-full overit-margin-small overit-no-padding overit-block--fullwidth\n  overit-block-configurable-jumbotron\"\n        >\n  \n  <div class=\"overit-block-wrapper\">\n\n<section class=\"configurable-jumbotron left\" >\n    \n                  <div class=\"cj-title medium\">Haftungsausschluss<\/div>\n          \n                  <div class=\"cj-subtitle medium\"><p>Die auf dieser Website zur Verf\u00fcgung gestellten Materialien und Dienstleistungen werden im Ist-Zustand ohne jegliche Garantie bereitgestellt, einschlie\u00dflich der Garantie der Marktg\u00e4ngigkeit f\u00fcr einen bestimmten Zweck oder der Nichtverletzung von geistigem Eigentum. OverIT haftet nicht f\u00fcr die Richtigkeit oder Vollst\u00e4ndigkeit der auf dieser Website bereitgestellten Informationen, Dienstleistungen und Materialien. OverIT beh\u00e4lt sich das Recht vor, jederzeit und ohne Vorank\u00fcndigung \u00c4nderungen an diesen Materialien und Dienstleistungen sowie an den hier beschriebenen Produkten vorzunehmen.<\/p>\n<\/div>\n          \n        <\/section>\n\n<\/div><!-- .overit-block-wrapper -->\n<\/div><!-- .overit-block -->\n\n\n<div\n  class=\"overit-block overit-block--white overit-radius-full overit-margin-small overit-no-padding overit-block--fullwidth\n  overit-block-configurable-jumbotron\"\n        >\n  \n  <div class=\"overit-block-wrapper\">\n\n<section class=\"configurable-jumbotron left\" >\n    \n                  <div class=\"cj-title medium\">Haftungsbeschr\u00e4nkung<\/div>\n          \n                  <div class=\"cj-subtitle medium\"><p>In keinem Fall haften OverIT oder seine Zulieferer f\u00fcr Anspr\u00fcche oder Sch\u00e4den jeglicher Art (einschlie\u00dflich, aber nicht beschr\u00e4nkt auf solche, die sich aus entgangenem Gewinn, Betriebsunterbrechung oder Informationsverlust ergeben), die durch die Nutzung, die Unm\u00f6glichkeit der Nutzung oder die Folgen der Nutzung dieser Website und der mit ihr verbundenen Websites, des Materials, der Informationen und der Dienstleistungen entstehen, die durch die Verletzung von Garantien, vertraglichen Bestimmungen, unerlaubten Handlungen oder anderen Rechtsnormen verursacht werden oder darauf beruhen, selbst wenn OverIT auf die M\u00f6glichkeit solcher Sch\u00e4den hingewiesen wurde.<\/p>\n<p>Alle auf dieser Website \u00fcbermittelten oder ver\u00f6ffentlichten R\u00fcckmeldungen werden als nicht vertraulich und nicht urheberrechtlich gesch\u00fctzt betrachtet. OverIT steht es frei, diese Informationen uneingeschr\u00e4nkt zu nutzen.<\/p>\n<p>Alle von dieser Website kopierten oder heruntergeladenen Materialien m\u00fcssen eine Kopie dieses rechtlichen Hinweises enthalten.<\/p>\n<\/div>\n          \n        <\/section>\n\n<\/div><!-- .overit-block-wrapper -->\n<\/div><!-- .overit-block -->\n\n\n<div\n  class=\"overit-block overit-block--white overit-radius-full overit-margin-small overit-no-padding overit-block--fullwidth\n  overit-block-configurable-jumbotron\"\n        >\n  \n  <div class=\"overit-block-wrapper\">\n\n<section class=\"configurable-jumbotron left\" >\n    \n                  <div class=\"cj-title medium\">Links zu anderen Websites<\/div>\n          \n                  <div class=\"cj-subtitle medium\"><p>Wenn diese Links verwendet werden, kann der Nutzer diese Website verlassen. Links zu Websites von Dritten werden auf dieser Website nur als Annehmlichkeit f\u00fcr den Nutzer bereitgestellt.<\/p>\n<p>Wenn diese Links verwendet werden, muss der Nutzer diese Website verlassen.<\/p>\n<p>Die Einbindung von Websites Dritter bedeutet nicht, dass OverIT diese Websites bef\u00fcrwortet. Diese Websites stehen nicht unter der Kontrolle von OverIT, und OverIT ist weder f\u00fcr diese Websites noch f\u00fcr deren Inhalt noch f\u00fcr Webcasting oder andere \u00dcbertragungen von einer verlinkten Website verantwortlich.<\/p>\n<\/div>\n          \n        <\/section>\n\n<\/div><!-- .overit-block-wrapper -->\n<\/div><!-- .overit-block -->\n\n\n<div\n  class=\"overit-block overit-block--white overit-radius-full overit-margin-small overit-padding-medium-bottom overit-block--fullwidth\n  overit-block-configurable-jumbotron\"\n        >\n  \n  <div class=\"overit-block-wrapper\">\n\n<section class=\"configurable-jumbotron left\" >\n    \n                  <div class=\"cj-title medium\">Sonstige Rechte an geistigem Eigentum<\/div>\n          \n                  <div class=\"cj-subtitle medium\"><p>Nichts in diesen rechtlichen Hinweisen ist so auszulegen, dass stillschweigend, durch Rechtsverwirkung oder eine andere Rechtstheorie eine Lizenz oder ein Recht an einem Patent, einer Marke, einem Urheberrecht oder einem anderen Recht an geistigem Eigentum \u00fcbertragen wird, abgesehen von den hier ausdr\u00fccklich genannten. Die auf dieser Website beschriebenen Produkte, Verfahren, Software und anderen Technologien k\u00f6nnen Gegenstand von geistigen Eigentumsrechten sein, die OverIT oder Dritten geh\u00f6ren. Keine Lizenzen werden hiermit gew\u00e4hrt.<\/p>\n<\/div>\n          \n        <\/section>\n\n<\/div><!-- .overit-block-wrapper -->\n<\/div><!-- .overit-block -->\n","protected":false},"excerpt":{"rendered":"","protected":false},"author":3,"featured_media":0,"parent":0,"menu_order":0,"comment_status":"closed","ping_status":"closed","template":"","meta":{"_acf_changed":false,"footnotes":""},"case_study_category":[],"class_list":["post-66652","page","type-page","status-publish","hentry"],"acf":[],"yoast_head":"<!-- This site is optimized with the Yoast SEO Premium plugin v25.6 (Yoast SEO v25.6) - https:\/\/yoast.com\/wordpress\/plugins\/seo\/ -->\n<title>Rechtliche Hinweise | OverIT<\/title>\n<meta name=\"description\" content=\"Rechtliche Hinweise OverIT: Nutzungsbedingungen, Haftungsausschluss, Urheberrecht und Informationen gem\u00e4\u00df geltendem Recht.\" \/>\n<meta name=\"robots\" content=\"index, follow, max-snippet:-1, max-image-preview:large, max-video-preview:-1\" \/>\n<link rel=\"canonical\" href=\"https:\/\/www.overit.ai\/de\/rechtliche-hinweise\/\" \/>\n<meta property=\"og:locale\" content=\"de_DE\" \/>\n<meta property=\"og:type\" content=\"article\" \/>\n<meta property=\"og:title\" content=\"Rechtliche Hinweise\" \/>\n<meta property=\"og:description\" content=\"Rechtliche Hinweise OverIT: Nutzungsbedingungen, Haftungsausschluss, Urheberrecht und Informationen gem\u00e4\u00df geltendem Recht.\" \/>\n<meta property=\"og:url\" content=\"https:\/\/www.overit.ai\/de\/rechtliche-hinweise\/\" \/>\n<meta property=\"og:site_name\" content=\"OverIT\" \/>\n<meta property=\"article:modified_time\" content=\"2026-02-24T13:00:43+00:00\" \/>\n<meta property=\"og:image\" content=\"https:\/\/www.overit.ai\/app\/uploads\/2021\/10\/OverIT-logo-400.png\" \/>\n<meta name=\"twitter:card\" content=\"summary_large_image\" \/>\n<meta name=\"twitter:label1\" content=\"Est. reading time\" \/>\n\t<meta name=\"twitter:data1\" content=\"4 minutes\" \/>\n<script type=\"application\/ld+json\" class=\"yoast-schema-graph\">{\"@context\":\"https:\/\/schema.org\",\"@graph\":[{\"@type\":\"WebPage\",\"@id\":\"https:\/\/www.overit.ai\/de\/rechtliche-hinweise\/\",\"url\":\"https:\/\/www.overit.ai\/de\/rechtliche-hinweise\/\",\"name\":\"Rechtliche Hinweise | OverIT\",\"isPartOf\":{\"@id\":\"https:\/\/www.overit.ai\/de\/#website\"},\"datePublished\":\"2026-02-24T13:00:41+00:00\",\"dateModified\":\"2026-02-24T13:00:43+00:00\",\"description\":\"Rechtliche Hinweise OverIT: Nutzungsbedingungen, Haftungsausschluss, Urheberrecht und Informationen gem\u00e4\u00df geltendem Recht.\",\"breadcrumb\":{\"@id\":\"https:\/\/www.overit.ai\/de\/rechtliche-hinweise\/#breadcrumb\"},\"inLanguage\":\"de-DE\",\"potentialAction\":[{\"@type\":\"ReadAction\",\"target\":[\"https:\/\/www.overit.ai\/de\/rechtliche-hinweise\/\"]}]},{\"@type\":\"BreadcrumbList\",\"@id\":\"https:\/\/www.overit.ai\/de\/rechtliche-hinweise\/#breadcrumb\",\"itemListElement\":[{\"@type\":\"ListItem\",\"position\":1,\"name\":\"Home\",\"item\":\"https:\/\/www.overit.ai\/de\/\"},{\"@type\":\"ListItem\",\"position\":2,\"name\":\"Rechtliche Hinweise\"}]},{\"@type\":\"WebSite\",\"@id\":\"https:\/\/www.overit.ai\/de\/#website\",\"url\":\"https:\/\/www.overit.ai\/de\/\",\"name\":\"OverIT\",\"description\":\"Innovation in Field Service Management\",\"publisher\":{\"@id\":\"https:\/\/www.overit.ai\/de\/#organization\"},\"potentialAction\":[{\"@type\":\"SearchAction\",\"target\":{\"@type\":\"EntryPoint\",\"urlTemplate\":\"https:\/\/www.overit.ai\/de\/?s={search_term_string}\"},\"query-input\":{\"@type\":\"PropertyValueSpecification\",\"valueRequired\":true,\"valueName\":\"search_term_string\"}}],\"inLanguage\":\"de-DE\"},{\"@type\":\"Organization\",\"@id\":\"https:\/\/www.overit.ai\/de\/#organization\",\"name\":\"OverIT\",\"url\":\"https:\/\/www.overit.ai\/de\/\",\"logo\":{\"@type\":\"ImageObject\",\"inLanguage\":\"de-DE\",\"@id\":\"https:\/\/www.overit.ai\/de\/#\/schema\/logo\/image\/\",\"url\":\"https:\/\/www.overit.ai\/app\/uploads\/2021\/10\/OverIT-logo-400.png\",\"contentUrl\":\"https:\/\/www.overit.ai\/app\/uploads\/2021\/10\/OverIT-logo-400.png\",\"width\":400,\"height\":250,\"caption\":\"OverIT\"},\"image\":{\"@id\":\"https:\/\/www.overit.ai\/de\/#\/schema\/logo\/image\/\"}}]}<\/script>\n<!-- \/ Yoast SEO Premium plugin. -->","yoast_head_json":{"title":"Rechtliche Hinweise | OverIT","description":"Rechtliche Hinweise OverIT: Nutzungsbedingungen, Haftungsausschluss, Urheberrecht und Informationen gem\u00e4\u00df geltendem Recht.","robots":{"index":"index","follow":"follow","max-snippet":"max-snippet:-1","max-image-preview":"max-image-preview:large","max-video-preview":"max-video-preview:-1"},"canonical":"https:\/\/www.overit.ai\/de\/rechtliche-hinweise\/","og_locale":"de_DE","og_type":"article","og_title":"Rechtliche Hinweise","og_description":"Rechtliche Hinweise OverIT: Nutzungsbedingungen, Haftungsausschluss, Urheberrecht und Informationen gem\u00e4\u00df geltendem Recht.","og_url":"https:\/\/www.overit.ai\/de\/rechtliche-hinweise\/","og_site_name":"OverIT","article_modified_time":"2026-02-24T13:00:43+00:00","og_image":[{"url":"https:\/\/www.overit.ai\/app\/uploads\/2021\/10\/OverIT-logo-400.png","type":"","width":"","height":""}],"twitter_card":"summary_large_image","twitter_misc":{"Est. reading time":"4 minutes"},"schema":{"@context":"https:\/\/schema.org","@graph":[{"@type":"WebPage","@id":"https:\/\/www.overit.ai\/de\/rechtliche-hinweise\/","url":"https:\/\/www.overit.ai\/de\/rechtliche-hinweise\/","name":"Rechtliche Hinweise | OverIT","isPartOf":{"@id":"https:\/\/www.overit.ai\/de\/#website"},"datePublished":"2026-02-24T13:00:41+00:00","dateModified":"2026-02-24T13:00:43+00:00","description":"Rechtliche Hinweise OverIT: Nutzungsbedingungen, Haftungsausschluss, Urheberrecht und Informationen gem\u00e4\u00df geltendem Recht.","breadcrumb":{"@id":"https:\/\/www.overit.ai\/de\/rechtliche-hinweise\/#breadcrumb"},"inLanguage":"de-DE","potentialAction":[{"@type":"ReadAction","target":["https:\/\/www.overit.ai\/de\/rechtliche-hinweise\/"]}]},{"@type":"BreadcrumbList","@id":"https:\/\/www.overit.ai\/de\/rechtliche-hinweise\/#breadcrumb","itemListElement":[{"@type":"ListItem","position":1,"name":"Home","item":"https:\/\/www.overit.ai\/de\/"},{"@type":"ListItem","position":2,"name":"Rechtliche Hinweise"}]},{"@type":"WebSite","@id":"https:\/\/www.overit.ai\/de\/#website","url":"https:\/\/www.overit.ai\/de\/","name":"OverIT","description":"Innovation in Field Service Management","publisher":{"@id":"https:\/\/www.overit.ai\/de\/#organization"},"potentialAction":[{"@type":"SearchAction","target":{"@type":"EntryPoint","urlTemplate":"https:\/\/www.overit.ai\/de\/?s={search_term_string}"},"query-input":{"@type":"PropertyValueSpecification","valueRequired":true,"valueName":"search_term_string"}}],"inLanguage":"de-DE"},{"@type":"Organization","@id":"https:\/\/www.overit.ai\/de\/#organization","name":"OverIT","url":"https:\/\/www.overit.ai\/de\/","logo":{"@type":"ImageObject","inLanguage":"de-DE","@id":"https:\/\/www.overit.ai\/de\/#\/schema\/logo\/image\/","url":"https:\/\/www.overit.ai\/app\/uploads\/2021\/10\/OverIT-logo-400.png","contentUrl":"https:\/\/www.overit.ai\/app\/uploads\/2021\/10\/OverIT-logo-400.png","width":400,"height":250,"caption":"OverIT"},"image":{"@id":"https:\/\/www.overit.ai\/de\/#\/schema\/logo\/image\/"}}]}},"_links":{"self":[{"href":"https:\/\/www.overit.ai\/de\/wp-json\/wp\/v2\/pages\/66652","targetHints":{"allow":["GET"]}}],"collection":[{"href":"https:\/\/www.overit.ai\/de\/wp-json\/wp\/v2\/pages"}],"about":[{"href":"https:\/\/www.overit.ai\/de\/wp-json\/wp\/v2\/types\/page"}],"author":[{"embeddable":true,"href":"https:\/\/www.overit.ai\/de\/wp-json\/wp\/v2\/users\/3"}],"replies":[{"embeddable":true,"href":"https:\/\/www.overit.ai\/de\/wp-json\/wp\/v2\/comments?post=66652"}],"version-history":[{"count":7,"href":"https:\/\/www.overit.ai\/de\/wp-json\/wp\/v2\/pages\/66652\/revisions"}],"predecessor-version":[{"id":68747,"href":"https:\/\/www.overit.ai\/de\/wp-json\/wp\/v2\/pages\/66652\/revisions\/68747"}],"wp:attachment":[{"href":"https:\/\/www.overit.ai\/de\/wp-json\/wp\/v2\/media?parent=66652"}],"wp:term":[{"taxonomy":"case_study_category","embeddable":true,"href":"https:\/\/www.overit.ai\/de\/wp-json\/wp\/v2\/case_study_category?post=66652"}],"curies":[{"name":"wp","href":"https:\/\/api.w.org\/{rel}","templated":true}]}}