{"id":66573,"date":"2026-02-04T11:16:25","date_gmt":"2026-02-04T11:16:25","guid":{"rendered":"https:\/\/www.overit.ai\/?page_id=66573"},"modified":"2026-03-19T11:32:53","modified_gmt":"2026-03-19T11:32:53","slug":"datenschutzerklaerung","status":"publish","type":"page","link":"https:\/\/www.overit.ai\/de\/datenschutzerklaerung\/","title":{"rendered":"Privacy Policy"},"content":{"rendered":"<div\n  class=\"overit-block overit-block--white overit-radius-full overit-no-margin overit-padding-medium \n  overit-block-post-content\"\n        >\n  \n  <div class=\"overit-block-wrapper\">\n\n<div class=\"overit-post-content\">\n      <h1>Datenschutzerkl\u00e4rung gem\u00e4\u00df EU-Verordnung 679\/2016 Datenschutz-Grundverordnung \u2013 \u201eDSGVO\u201c<\/h1>\n<h3><strong>Einf\u00fchrung<\/strong><\/h3>\n<p>In \u00dcbereinstimmung mit der EU-Verordnung 679\/2016 informiert Sie OverIT S.p.A. \u00fcber die Methoden der Erhebung, Verarbeitung und Speicherung der \u00fcber diese Website erhobenen personenbezogenen Daten, um Sie umfassend \u00fcber Ihre Rechte und deren einfache Aus\u00fcbung zu informieren und die Grunds\u00e4tze der Rechtm\u00e4\u00dfigkeit, Fairness und Transparenz der Verarbeitung einzuhalten.<\/p>\n<h3>Datenverantwortlicher<\/h3>\n<p>OverIT S.p.A., eine nach italienischem Recht gegr\u00fcndete Gesellschaft mit Sitz in Via Ugo Bassi 81, 33080 \u2013 Fiume Veneto (PN), Italien, USt-IdNr: 01391460936<\/p>\n<p>Datenschutzbeauftragter: Avv. Gianluca Rubinato \u2013 dpo@rbb-legal.it<\/p>\n<p>E-Mail-Adresse des Datenschutzbeauftragten: privacy@overit.ai<\/p>\n<h3>Art der erfassten Daten<\/h3>\n<p>Das Surfen auf der Website des f\u00fcr die Verarbeitung Verantwortlichen f\u00fchrt zur Verarbeitung personenbezogener Daten, die eine Kennung wie einen Namen, einen Identifizierungscode oder eine Nummer, eine Online-Kennung, die geeignet ist, die betroffene Person zu identifizieren oder identifizierbar zu machen (im Folgenden \u201e<strong>personenbezogene Daten<\/strong>\u201c), umfassen k\u00f6nnen.<\/p>\n<p><strong>1. Surfen auf der Website<\/strong><\/p>\n<p>Die EDV-Systeme und Software-Verfahren, die f\u00fcr den Betrieb dieser Website eingerichtet und verwendet werden, erfassen im Rahmen ihres normalen Betriebs bestimmte personenbezogene Daten, deren \u00dcbermittlung durch die Verwendung von Internet-Kommunikationsprotokollen implizit ist.<\/p>\n<p>Diese Datenkategorie umfasst unter anderem die IP-Adressen oder Dom\u00e4nennamen der von den Nutzern verwendeten Computer, die URI\/URL-Adressen (Uniform Resource Identifier\/Locator) der angeforderten Ressourcen, den Zeitpunkt der Anfrage, die Methode zur \u00dcbermittlung der Anfrage an den Server, die Herkunft oder den Referrer des Nutzers sowie weitere Parameter in Bezug auf das Betriebssystem und die Computerumgebung des Nutzers.<\/p>\n<p>Die Verwendung von Cookies \u2013 oder anderen Tracking-Tools \u2013 durch diese Website oder durch die Eigent\u00fcmer von Drittanbieterdiensten, die von dieser Website genutzt werden, dient lediglich dazu, den vom Nutzer angeforderten Dienst bereitzustellen, sofern nicht anders angegeben.<\/p>\n<p>Weitere Informationen finden Sie in unserer Cookie-Richtlinie.<\/p>\n<p><strong>2. Von der betroffenen Person freiwillig bereitgestellte Daten<\/strong><\/p>\n<p>Beim Ausf\u00fcllen von Formularen zur Anforderung von Informationen \u00fcber unsere Produkte und Dienstleistungen oder zur Anforderung einer Produktdemonstration werden folgende Daten erfasst: Vorname, Nachname, Firmenname, E-Mail-Adresse, Telefonnummer, Branche, Land.<\/p>\n<p>Der Nutzer ist verantwortlich f\u00fcr alle pers\u00f6nlichen Daten Dritter, die \u00fcber diese Website gesammelt, ver\u00f6ffentlicht oder weitergegeben werden, und garantiert, dass er das Recht hat, diese zu ver\u00f6ffentlichen oder zu verbreiten, und stellt den f\u00fcr die Verarbeitung Verantwortlichen von jeglicher Haftung gegen\u00fcber Dritten frei.<\/p>\n<p><strong>Zusammenfassung der Verarbeitungst\u00e4tigkeiten<\/strong><\/p>\n<table>\n<tbody>\n<tr>\n<td width=\"25\"><\/td>\n<td width=\"202\"><strong>Zwecke<\/strong><\/td>\n<td width=\"197\"><strong>Rechtsgrundlage<\/strong><\/td>\n<td width=\"218\"><strong>Obligatorisch oder optional<\/strong><\/td>\n<\/tr>\n<tr>\n<td width=\"25\">1<\/td>\n<td width=\"202\">Surfen auf unserer Website<\/td>\n<td width=\"197\">Die Verarbeitung basiert auf der Einwilligung der betroffenen Person<\/td>\n<td width=\"218\">Die Erteilung der Zustimmung ist Voraussetzung f\u00fcr die Nutzung der Website<\/td>\n<\/tr>\n<tr>\n<td width=\"25\">2<\/td>\n<td width=\"202\">Versand von Werbe- oder Marketingmitteilungen, einschlie\u00dflich Newslettern, \u00fcber automatisierte Tools (E-Mail)<\/td>\n<td width=\"197\">Die Verarbeitung basiert auf der Einwilligung der betroffenen Person<\/td>\n<td width=\"218\">Die Bereitstellung personenbezogener Daten f\u00fcr diesen Zweck ist optional. Der Widerruf hat keine Konsequenzen.<\/td>\n<\/tr>\n<tr>\n<td width=\"25\">3<\/td>\n<td width=\"202\">Informationsanfrage \u00fcber das Kontaktformular<\/td>\n<td width=\"197\">Die Verarbeitung ist f\u00fcr die Erf\u00fcllung eines Vertrags oder vorvertraglicher Ma\u00dfnahmen erforderlich<\/td>\n<td width=\"218\">Die Bereitstellung personenbezogener Daten ist eine notwendige Voraussetzung daf\u00fcr, dass der Verantwortliche auf die Anfrage antworten kann. Im Falle einer Ablehnung darf der f\u00fcr die Verarbeitung Verantwortliche keine Kontakt- oder Demoanfragen weiterverfolgen.<\/td>\n<\/tr>\n<\/tbody>\n<\/table>\n<p>&nbsp;<\/p>\n<h3>Zwecke und Rechtsgrundlage der Datenverarbeitung<\/h3>\n<p><strong>1. Surfen auf der Website<\/strong><\/p>\n<p>Ein Teil der beim Surfen auf der Website des Verantwortlichen erhobenen Daten ist f\u00fcr die Nutzung der Website erforderlich. Die Rechtsgrundlage f\u00fcr die Verarbeitung ist die Einwilligung der betroffenen Person.<\/p>\n<p>Au\u00dferdem verarbeitet der f\u00fcr die Verarbeitung Verantwortliche die erhobenen Daten f\u00fcr Folgendes:<\/p>\n<ul>\n<li>Erhebung von Statistiken \u00fcber die Nutzung der Dienste (meistbesuchte Seiten, Anzahl der Besucher nach Zeitfenster oder t\u00e4glich, geografische Herkunftsgebiete usw.);<\/li>\n<li>\u00dcberwachung der ordnungsgem\u00e4\u00dfen Funktion der angebotenen Dienste.<\/li>\n<\/ul>\n<p>Die Rechtsgrundlage f\u00fcr die Verarbeitung ist die Einwilligung der betroffenen Person.<\/p>\n<p><strong>2. Marketingmitteilungen und Statistiken<\/strong><\/p>\n<p>Der f\u00fcr die Verarbeitung Verantwortliche kann die in den Kontaktformularen angegebene E-Mail-Adresse verwenden, um Werbematerial zu versenden, kommerzielle Informationen \u00fcber neue Produkte oder Dienstleistungen zu liefern, Veranstaltungen und Initiativen zu f\u00f6rdern, die von der Gesellschaft oder anderen Konzerngesellschaften, unseren Lieferanten oder Kunden, Partnern oder Dritten organisiert werden.<\/p>\n<p>Die Rechtsgrundlage f\u00fcr die Verarbeitung ist die Einwilligung der betroffenen Person.<\/p>\n<p>M\u00f6chte die betroffene Person der Verarbeitung ihrer Daten zu Marketingzwecken, wie sie mit den hierin angegebenen Mitteln erfolgt, widersprechen und die erteilte Einwilligung widerrufen, kann sie dies jederzeit tun, ohne dass die Rechtm\u00e4\u00dfigkeit der aufgrund der Einwilligung bis zum Widerruf erfolgten Verarbeitung ber\u00fchrt wird.<\/p>\n<p><strong>3. Ausf\u00fcllen von Formularen zur Informationsanfrage<\/strong><\/p>\n<p>Beim Ausf\u00fcllen eines Formulars zur Anforderung von Informationen \u00fcber unsere Produkte und Dienstleistungen oder zur Anforderung einer Produktdemo werden die eingegebenen Daten (z. B. Firmenname, E-Mail, Telefon- und Umsatzsteuer-Identifikationsnummer) verarbeitet, um auf diese Anfragen zu reagieren.<\/p>\n<p>In diesem Fall ist die Verarbeitung f\u00fcr die Erf\u00fcllung eines Vertrags oder f\u00fcr die Durchf\u00fchrung von Ma\u00dfnahmen erforderlich, die die betroffene Person vor Abschluss eines Vertrags beantragt hat. Werden die personenbezogenen Daten nicht angegeben, kann der f\u00fcr die Verarbeitung Verantwortliche die Kontaktanfragen nicht weiterverfolgen.<\/p>\n<h3>Datenverarbeitung und Daten\u00fcbermittlung<\/h3>\n<p><strong>Datenverarbeitung<\/strong><\/p>\n<p>Die gesammelten Daten werden von Personen verarbeitet, die vom Inhaber zur Verarbeitung personenbezogener Daten erm\u00e4chtigt sind, je nach ihrer Funktion im Unternehmen, auf Papier und\/oder magnetischen, elektronischen oder telematischen Datentr\u00e4gern und in jedem Fall mit geeigneten Mitteln, die die Sicherheit und Vertraulichkeit der verarbeiteten Daten gew\u00e4hrleisten.<\/p>\n<p>Die Verarbeitung Ihrer Daten erfolgt haupts\u00e4chlich in unserem Unternehmen, obwohl wir auch auf E-Mail-Marketingplattformen Dritter zur\u00fcckgreifen k\u00f6nnen.<\/p>\n<p>Der f\u00fcr die Verarbeitung Verantwortliche hat jedoch geeignete Ma\u00dfnahmen ergriffen, um sicherzustellen, dass seine Dienstleister die in der \u201eDSGVO\u201c festgelegten Sicherheitsstandards vollst\u00e4ndig einhalten.<\/p>\n<p><strong>Empf\u00e4nger<\/strong><\/p>\n<p>Die \u00fcber die Website des f\u00fcr die Verarbeitung Verantwortlichen erhobenen personenbezogenen Daten k\u00f6nnen weitergegeben werden:<\/p>\n<ul>\n<li>Personen, die aufgrund ihrer beruflichen Aufgaben zur Verarbeitung personenbezogener Daten befugt sind (d. h. Mitarbeiter und Systemadministratoren).<\/li>\n<li>Dienstleister, die auf Anweisung des f\u00fcr die Verarbeitung Verantwortlichen als Auftragsverarbeiter t\u00e4tig sind.<\/li>\n<li>Gesch\u00e4ftspartner, die als gemeinsam f\u00fcr die Verarbeitung Verantwortliche oder als unabh\u00e4ngige f\u00fcr die Verarbeitung Verantwortliche handeln.<\/li>\n<li>Personen, Organisationen oder Beh\u00f6rden, f\u00fcr die diese \u00dcbermittlung aufgrund gesetzlicher Bestimmungen oder beh\u00f6rdlicher Anordnungen zwingend erforderlich ist.<\/li>\n<\/ul>\n<p>Die Daten k\u00f6nnen auch den Tochtergesellschaften und angeschlossenen Unternehmen von OverIT zu denselben oben genannten Zwecken sowie zu Verwaltungs- und Buchhaltungszwecken gem\u00e4\u00df Artikel 6 und den Erw\u00e4gungsgr\u00fcnden 47 und 48 der DSGVO zug\u00e4nglich gemacht werden.<\/p>\n<p>Die vollst\u00e4ndige und aktualisierte Liste der Datenempf\u00e4nger kann beim f\u00fcr die Verarbeitung Verantwortlichen unter der oben genannten Adresse angefordert werden.<\/p>\n<p><strong>Daten\u00fcbermittlung au\u00dferhalb der EU<\/strong><\/p>\n<p>OverIT weist darauf hin, dass die \u00dcbermittlung personenbezogener Daten an ein Drittland oder eine internationale Organisation auf der Grundlage der folgenden Bestimmungen erfolgt:<\/p>\n<ul>\n<li>eine Angemessenheitsentscheidung der Kommission;<\/li>\n<li>die Standardvertragsklauseln f\u00fcr die Daten\u00fcbermittlung in Drittl\u00e4nder, die von der Kommission mit dem Durchf\u00fchrungsbeschluss (EU) 2021\/914 vom 4. Juni 2021 genehmigt wurden.<\/li>\n<\/ul>\n<h3>Speicherungsdauer<\/h3>\n<p>Der f\u00fcr die Verarbeitung Verantwortliche beabsichtigt, personenbezogene Daten nicht l\u00e4nger aufzubewahren, als es f\u00fcr die Zwecke, f\u00fcr die sie erhoben und verarbeitet wurden, erforderlich ist. Das ber\u00fchrt nicht die Notwendigkeit, diese Daten zur Feststellung, Aus\u00fcbung oder Verteidigung eines Rechts vor Gericht aufzubewahren. Danach werden die Daten endg\u00fcltig gel\u00f6scht oder anonymisiert. Browsing-Daten d\u00fcrfen nicht l\u00e4nger als 1 Jahr gespeichert werden. Die \u00fcber Kontaktformulare erhobenen Daten werden so lange gespeichert, wie es f\u00fcr die Beantwortung der Anfragen der betroffenen Personen erforderlich ist.<\/p>\n<h3>Rechte der von der Verarbeitung betroffenen Person<\/h3>\n<p>Wir informieren Sie hiermit, dass Sie jederzeit die folgende M\u00f6glichkeiten haben:<\/p>\n<ul>\n<li>Zugang zu Ihren Daten, um Informationen \u00fcber die Verarbeitung zu erhalten (Art. 15);<\/li>\n<li>Berichtigung unrichtiger Daten oder die Erg\u00e4nzung unvollst\u00e4ndiger Daten verlangen (Art. 16);<\/li>\n<li>L\u00f6schung personenbezogener Daten (Art. 17);<\/li>\n<li>Einschr\u00e4nkung der Verwendung von Daten in den definierten F\u00e4llen, gem\u00e4\u00df Art. 18;<\/li>\n<li>Anforderung, dass Ihnen ein Dokument, einschlie\u00dflich solcher in digitaler Form, das Ihre Daten enth\u00e4lt, zum Zwecke der \u00dcbertragbarkeit vorgelegt wird (Art. 20);<\/li>\n<li>Widerruf der Einwilligung zur spezifischen Verarbeitung. Ein solcher Widerruf ber\u00fchrt nicht die Rechtm\u00e4\u00dfigkeit der Verarbeitung aufgrund der Einwilligung vor deren Widerruf;<\/li>\n<li>Einreichung einer Beschwerde bei der zust\u00e4ndigen Aufsichtsbeh\u00f6rde.<\/li>\n<\/ul>\n<p>Im Hinblick auf das Widerspruchsrecht m\u00f6chten wir Sie dar\u00fcber informieren, dass Sie das Recht haben, die Einwilligung zur Verwendung Ihrer personenbezogenen Daten in den in Artikel 21 genannten F\u00e4llen zu verweigern, und insbesondere:<\/p>\n<ul>\n<li>jederzeit aus Gr\u00fcnden, die sich aus Ihrer besonderen Situation ergeben, gegen die Verarbeitung Sie betreffender personenbezogener Daten, die aufgrund von Artikel 6 Absatz 1 Buchstaben e oder f der DSGVO erfolgt, Widerspruch einzulegen; das gilt auch f\u00fcr ein auf diese Bestimmungen gest\u00fctztes Profiling. In diesem Fall verarbeitet der f\u00fcr die Verarbeitung Verantwortliche die personenbezogenen Daten nicht mehr, es sei denn, er kann zwingende schutzw\u00fcrdige Gr\u00fcnde f\u00fcr die Verarbeitung nachweisen, die die Interessen, Rechte und Freiheiten der betroffenen Person \u00fcberwiegen, oder die Verarbeitung dient der Geltendmachung, Aus\u00fcbung oder Verteidigung von Rechtsanspr\u00fcchen;<\/li>\n<li>k\u00f6nnen Sie der Verarbeitung jederzeit widersprechen, sollte sie f\u00fcr Marketingzwecke bestimmt sein. Das gilt auch f\u00fcr ein zu diesem Zweck durchgef\u00fchrtes Profiling.<\/li>\n<\/ul>\n<p>In Bezug auf automatisierte individuelle Entscheidungsprozesse haben Sie das Recht, nicht Entscheidungen unterworfen zu werden, die ausschlie\u00dflich auf einer automatisierten Verarbeitung, einschlie\u00dflich Profiling, beruhen und die Ihnen gegen\u00fcber rechtliche Wirkung entfalten.<\/p>\n<p>Diese Datenschutzerkl\u00e4rung ist eine \u00dcbersetzung. Im Falle von Unstimmigkeiten oder Abweichungen zwischen dieser Version und anderen Sprachversionen dieser Ver\u00f6ffentlichung ist die italienische Sprachversion ma\u00dfgebend.<\/p>\n\n  <\/div>\n\n<\/div><!-- .overit-block-wrapper -->\n<\/div><!-- .overit-block -->\n\n\n<div\n  class=\"overit-block overit-block--white overit-radius-full overit-no-margin overit-padding-medium \n  overit-block-post-content\"\n        >\n  \n  <div class=\"overit-block-wrapper\">\n\n<div class=\"overit-post-content\">\n      <h2>Einzelheiten zur Verarbeitung personenbezogener Daten<\/h2>\n<p>Personenbezogene Daten werden f\u00fcr die folgenden Zwecke und unter Nutzung der folgenden Dienste erhoben:<\/p>\n\n  <\/div>\n\n<\/div><!-- .overit-block-wrapper -->\n<\/div><!-- .overit-block -->\n\n\n<div\n  class=\"overit-block overit-block--white overit-radius-full overit-no-margin overit-padding-medium \n  overit-block-iubenda\"\n        >\n  \n  <div class=\"overit-block-wrapper\">\n\n<div class=\"iubenda-content\" data-iubenda-entry=\"https:\/\/www.iubenda.com\/api\/privacy-policy\/87715526\/section\/data-processing-detailed-info\/no-markup\"><\/div>\n\n<\/div><!-- .overit-block-wrapper -->\n<\/div><!-- .overit-block -->\n\n\n<div\n  class=\"overit-block overit-block--white overit-radius-full overit-no-margin overit-padding-medium-bottom \n  overit-block-configurable-jumbotron\"\n        >\n  \n  <div class=\"overit-block-wrapper\">\n\n<section class=\"configurable-jumbotron center\" >\n    \n    \n                  <div class=\"cj-subtitle small\"><p>Im Falle von Widerspr\u00fcchen oder Unstimmigkeiten zwischen der italienischen Fassung und anderen Sprachfassungen dieser Datenschutzrichtlinie ist die italienische Fassung ma\u00dfgebend.<\/p>\n<\/div>\n          \n        <\/section>\n\n<\/div><!-- .overit-block-wrapper -->\n<\/div><!-- .overit-block -->\n","protected":false},"excerpt":{"rendered":"","protected":false},"author":27,"featured_media":0,"parent":0,"menu_order":0,"comment_status":"closed","ping_status":"open","template":"","meta":{"_acf_changed":false,"footnotes":""},"case_study_category":[],"class_list":["post-66573","page","type-page","status-publish","hentry"],"acf":[],"yoast_head":"<!-- This site is optimized with the Yoast SEO Premium plugin v25.6 (Yoast SEO v25.6) - https:\/\/yoast.com\/wordpress\/plugins\/seo\/ -->\n<title>Datenschutzerkl\u00e4rung | OverIT<\/title>\n<meta name=\"description\" content=\"Diese Datenschutzerkl\u00e4rung informiert \u00fcber die Verarbeitung personenbezogener Daten auf der Website von OverIT gem\u00e4\u00df DSGVO.\" \/>\n<meta name=\"robots\" content=\"index, follow, max-snippet:-1, max-image-preview:large, max-video-preview:-1\" \/>\n<link rel=\"canonical\" href=\"https:\/\/www.overit.ai\/de\/datenschutzerklaerung\/\" \/>\n<meta property=\"og:locale\" content=\"de_DE\" \/>\n<meta property=\"og:type\" content=\"article\" \/>\n<meta property=\"og:title\" content=\"Datenschutzerkl\u00e4rung | OverIT\" \/>\n<meta property=\"og:description\" content=\"Diese Datenschutzerkl\u00e4rung informiert \u00fcber die Verarbeitung personenbezogener Daten auf der Website von OverIT gem\u00e4\u00df DSGVO.\" \/>\n<meta property=\"og:url\" content=\"https:\/\/www.overit.ai\/de\/datenschutzerklaerung\/\" \/>\n<meta property=\"og:site_name\" content=\"OverIT\" \/>\n<meta property=\"article:modified_time\" content=\"2026-03-19T11:32:53+00:00\" \/>\n<meta name=\"twitter:card\" content=\"summary_large_image\" \/>\n<meta name=\"twitter:title\" content=\"Datenschutzerkl\u00e4rung | OverIT\" \/>\n<meta name=\"twitter:description\" content=\"Diese Datenschutzerkl\u00e4rung informiert \u00fcber die Verarbeitung personenbezogener Daten auf der Website von OverIT gem\u00e4\u00df DSGVO.\" \/>\n<meta name=\"twitter:label1\" content=\"Est. reading time\" \/>\n\t<meta name=\"twitter:data1\" content=\"7 minutes\" \/>\n<script type=\"application\/ld+json\" class=\"yoast-schema-graph\">{\"@context\":\"https:\/\/schema.org\",\"@graph\":[{\"@type\":\"WebPage\",\"@id\":\"https:\/\/www.overit.ai\/de\/datenschutzerklaerung\/\",\"url\":\"https:\/\/www.overit.ai\/de\/datenschutzerklaerung\/\",\"name\":\"Datenschutzerkl\u00e4rung | OverIT\",\"isPartOf\":{\"@id\":\"https:\/\/www.overit.ai\/de\/#website\"},\"datePublished\":\"2026-02-04T11:16:25+00:00\",\"dateModified\":\"2026-03-19T11:32:53+00:00\",\"description\":\"Diese Datenschutzerkl\u00e4rung informiert \u00fcber die Verarbeitung personenbezogener Daten auf der Website von OverIT gem\u00e4\u00df DSGVO.\",\"breadcrumb\":{\"@id\":\"https:\/\/www.overit.ai\/de\/datenschutzerklaerung\/#breadcrumb\"},\"inLanguage\":\"de-DE\",\"potentialAction\":[{\"@type\":\"ReadAction\",\"target\":[\"https:\/\/www.overit.ai\/de\/datenschutzerklaerung\/\"]}]},{\"@type\":\"BreadcrumbList\",\"@id\":\"https:\/\/www.overit.ai\/de\/datenschutzerklaerung\/#breadcrumb\",\"itemListElement\":[{\"@type\":\"ListItem\",\"position\":1,\"name\":\"Home\",\"item\":\"https:\/\/www.overit.ai\/de\/\"},{\"@type\":\"ListItem\",\"position\":2,\"name\":\"Privacy Policy\"}]},{\"@type\":\"WebSite\",\"@id\":\"https:\/\/www.overit.ai\/de\/#website\",\"url\":\"https:\/\/www.overit.ai\/de\/\",\"name\":\"OverIT\",\"description\":\"Innovation in Field Service Management\",\"publisher\":{\"@id\":\"https:\/\/www.overit.ai\/de\/#organization\"},\"potentialAction\":[{\"@type\":\"SearchAction\",\"target\":{\"@type\":\"EntryPoint\",\"urlTemplate\":\"https:\/\/www.overit.ai\/de\/?s={search_term_string}\"},\"query-input\":{\"@type\":\"PropertyValueSpecification\",\"valueRequired\":true,\"valueName\":\"search_term_string\"}}],\"inLanguage\":\"de-DE\"},{\"@type\":\"Organization\",\"@id\":\"https:\/\/www.overit.ai\/de\/#organization\",\"name\":\"OverIT\",\"url\":\"https:\/\/www.overit.ai\/de\/\",\"logo\":{\"@type\":\"ImageObject\",\"inLanguage\":\"de-DE\",\"@id\":\"https:\/\/www.overit.ai\/de\/#\/schema\/logo\/image\/\",\"url\":\"https:\/\/www.overit.ai\/app\/uploads\/2021\/10\/OverIT-logo-400.png\",\"contentUrl\":\"https:\/\/www.overit.ai\/app\/uploads\/2021\/10\/OverIT-logo-400.png\",\"width\":400,\"height\":250,\"caption\":\"OverIT\"},\"image\":{\"@id\":\"https:\/\/www.overit.ai\/de\/#\/schema\/logo\/image\/\"}}]}<\/script>\n<!-- \/ Yoast SEO Premium plugin. -->","yoast_head_json":{"title":"Datenschutzerkl\u00e4rung | OverIT","description":"Diese Datenschutzerkl\u00e4rung informiert \u00fcber die Verarbeitung personenbezogener Daten auf der Website von OverIT gem\u00e4\u00df DSGVO.","robots":{"index":"index","follow":"follow","max-snippet":"max-snippet:-1","max-image-preview":"max-image-preview:large","max-video-preview":"max-video-preview:-1"},"canonical":"https:\/\/www.overit.ai\/de\/datenschutzerklaerung\/","og_locale":"de_DE","og_type":"article","og_title":"Datenschutzerkl\u00e4rung | OverIT","og_description":"Diese Datenschutzerkl\u00e4rung informiert \u00fcber die Verarbeitung personenbezogener Daten auf der Website von OverIT gem\u00e4\u00df DSGVO.","og_url":"https:\/\/www.overit.ai\/de\/datenschutzerklaerung\/","og_site_name":"OverIT","article_modified_time":"2026-03-19T11:32:53+00:00","twitter_card":"summary_large_image","twitter_title":"Datenschutzerkl\u00e4rung | OverIT","twitter_description":"Diese Datenschutzerkl\u00e4rung informiert \u00fcber die Verarbeitung personenbezogener Daten auf der Website von OverIT gem\u00e4\u00df DSGVO.","twitter_misc":{"Est. reading time":"7 minutes"},"schema":{"@context":"https:\/\/schema.org","@graph":[{"@type":"WebPage","@id":"https:\/\/www.overit.ai\/de\/datenschutzerklaerung\/","url":"https:\/\/www.overit.ai\/de\/datenschutzerklaerung\/","name":"Datenschutzerkl\u00e4rung | OverIT","isPartOf":{"@id":"https:\/\/www.overit.ai\/de\/#website"},"datePublished":"2026-02-04T11:16:25+00:00","dateModified":"2026-03-19T11:32:53+00:00","description":"Diese Datenschutzerkl\u00e4rung informiert \u00fcber die Verarbeitung personenbezogener Daten auf der Website von OverIT gem\u00e4\u00df DSGVO.","breadcrumb":{"@id":"https:\/\/www.overit.ai\/de\/datenschutzerklaerung\/#breadcrumb"},"inLanguage":"de-DE","potentialAction":[{"@type":"ReadAction","target":["https:\/\/www.overit.ai\/de\/datenschutzerklaerung\/"]}]},{"@type":"BreadcrumbList","@id":"https:\/\/www.overit.ai\/de\/datenschutzerklaerung\/#breadcrumb","itemListElement":[{"@type":"ListItem","position":1,"name":"Home","item":"https:\/\/www.overit.ai\/de\/"},{"@type":"ListItem","position":2,"name":"Privacy Policy"}]},{"@type":"WebSite","@id":"https:\/\/www.overit.ai\/de\/#website","url":"https:\/\/www.overit.ai\/de\/","name":"OverIT","description":"Innovation in Field Service Management","publisher":{"@id":"https:\/\/www.overit.ai\/de\/#organization"},"potentialAction":[{"@type":"SearchAction","target":{"@type":"EntryPoint","urlTemplate":"https:\/\/www.overit.ai\/de\/?s={search_term_string}"},"query-input":{"@type":"PropertyValueSpecification","valueRequired":true,"valueName":"search_term_string"}}],"inLanguage":"de-DE"},{"@type":"Organization","@id":"https:\/\/www.overit.ai\/de\/#organization","name":"OverIT","url":"https:\/\/www.overit.ai\/de\/","logo":{"@type":"ImageObject","inLanguage":"de-DE","@id":"https:\/\/www.overit.ai\/de\/#\/schema\/logo\/image\/","url":"https:\/\/www.overit.ai\/app\/uploads\/2021\/10\/OverIT-logo-400.png","contentUrl":"https:\/\/www.overit.ai\/app\/uploads\/2021\/10\/OverIT-logo-400.png","width":400,"height":250,"caption":"OverIT"},"image":{"@id":"https:\/\/www.overit.ai\/de\/#\/schema\/logo\/image\/"}}]}},"_links":{"self":[{"href":"https:\/\/www.overit.ai\/de\/wp-json\/wp\/v2\/pages\/66573","targetHints":{"allow":["GET"]}}],"collection":[{"href":"https:\/\/www.overit.ai\/de\/wp-json\/wp\/v2\/pages"}],"about":[{"href":"https:\/\/www.overit.ai\/de\/wp-json\/wp\/v2\/types\/page"}],"author":[{"embeddable":true,"href":"https:\/\/www.overit.ai\/de\/wp-json\/wp\/v2\/users\/27"}],"replies":[{"embeddable":true,"href":"https:\/\/www.overit.ai\/de\/wp-json\/wp\/v2\/comments?post=66573"}],"version-history":[{"count":4,"href":"https:\/\/www.overit.ai\/de\/wp-json\/wp\/v2\/pages\/66573\/revisions"}],"predecessor-version":[{"id":70416,"href":"https:\/\/www.overit.ai\/de\/wp-json\/wp\/v2\/pages\/66573\/revisions\/70416"}],"wp:attachment":[{"href":"https:\/\/www.overit.ai\/de\/wp-json\/wp\/v2\/media?parent=66573"}],"wp:term":[{"taxonomy":"case_study_category","embeddable":true,"href":"https:\/\/www.overit.ai\/de\/wp-json\/wp\/v2\/case_study_category?post=66573"}],"curies":[{"name":"wp","href":"https:\/\/api.w.org\/{rel}","templated":true}]}}